{"id":592,"date":"2015-01-22T20:36:06","date_gmt":"2015-01-22T20:36:06","guid":{"rendered":"http:\/\/loule2015.com\/?page_id=592"},"modified":"2015-12-14T16:10:37","modified_gmt":"2015-12-14T16:10:37","slug":"eventos","status":"publish","type":"page","link":"https:\/\/loule2015.com\/?page_id=592","title":{"rendered":"Eventos"},"content":{"rendered":"<h3 style=\"text-align: center;\"><a href=\"http:\/\/loule2015.com\/?page_id=3180\"><img loading=\"lazy\" decoding=\"async\" class=\"aligncenter wp-image-3188 size-full\" src=\"http:\/\/loule2015.com\/wp-content\/uploads\/2015\/01\/banner_cerimonia_encerramento_gala_desporto.png\" alt=\"banner_cerimonia_encerramento_gala_desporto\" width=\"800\" height=\"400\" srcset=\"https:\/\/loule2015.com\/wp-content\/uploads\/2015\/01\/banner_cerimonia_encerramento_gala_desporto.png 800w, https:\/\/loule2015.com\/wp-content\/uploads\/2015\/01\/banner_cerimonia_encerramento_gala_desporto-480x240.png 480w\" sizes=\"auto, (max-width: 800px) 100vw, 800px\" \/><\/a><\/h3>\n<h3 style=\"text-align: center;\"><a href=\"http:\/\/loule2015.com\/?page_id=3186\"><img loading=\"lazy\" decoding=\"async\" class=\"aligncenter wp-image-3189 size-full\" src=\"http:\/\/loule2015.com\/wp-content\/uploads\/2015\/01\/banner.png\" alt=\"banner\" width=\"800\" height=\"400\" srcset=\"https:\/\/loule2015.com\/wp-content\/uploads\/2015\/01\/banner.png 800w, https:\/\/loule2015.com\/wp-content\/uploads\/2015\/01\/banner-480x240.png 480w\" sizes=\"auto, (max-width: 800px) 100vw, 800px\" \/><\/a><\/h3>\n<h3 style=\"text-align: center;\"><a href=\"http:\/\/loule2015.com\/?page_id=2999\"><img loading=\"lazy\" decoding=\"async\" class=\"aligncenter wp-image-3014 size-full\" src=\"http:\/\/loule2015.com\/wp-content\/uploads\/2015\/01\/banner_MMA_TIA.png\" alt=\"banner_MMA_TIA\" width=\"800\" height=\"400\" srcset=\"https:\/\/loule2015.com\/wp-content\/uploads\/2015\/01\/banner_MMA_TIA.png 800w, https:\/\/loule2015.com\/wp-content\/uploads\/2015\/01\/banner_MMA_TIA-480x240.png 480w\" sizes=\"auto, (max-width: 800px) 100vw, 800px\" \/><\/a><\/h3>\n<h3 style=\"text-align: center;\"><a href=\" http:\/\/loule2015.com\/?page_id=2935\"><img loading=\"lazy\" decoding=\"async\" class=\"aligncenter wp-image-2970 size-full\" src=\"http:\/\/loule2015.com\/wp-content\/uploads\/2015\/01\/banner_chancela_Loul\u00e9-World-Cup.png\" alt=\"banner_chancela_Loul\u00e9 World Cup\" width=\"800\" height=\"400\" srcset=\"https:\/\/loule2015.com\/wp-content\/uploads\/2015\/01\/banner_chancela_Loul\u00e9-World-Cup.png 800w, https:\/\/loule2015.com\/wp-content\/uploads\/2015\/01\/banner_chancela_Loul\u00e9-World-Cup-480x240.png 480w\" sizes=\"auto, (max-width: 800px) 100vw, 800px\" \/><\/a><\/h3>\n<h3 style=\"text-align: center;\"><a href=\"http:\/\/loule2015.com\/?page_id=2726\"><img loading=\"lazy\" decoding=\"async\" class=\"aligncenter wp-image-2737 size-full\" src=\"http:\/\/loule2015.com\/wp-content\/uploads\/2015\/01\/banner_chancela_btt_ameixial_2015.png\" alt=\"banner_chancela_btt_ameixial_2015\" width=\"800\" height=\"400\" srcset=\"https:\/\/loule2015.com\/wp-content\/uploads\/2015\/01\/banner_chancela_btt_ameixial_2015.png 800w, https:\/\/loule2015.com\/wp-content\/uploads\/2015\/01\/banner_chancela_btt_ameixial_2015-480x240.png 480w\" sizes=\"auto, (max-width: 800px) 100vw, 800px\" \/><\/a><\/h3>\n<h3 style=\"text-align: center;\"><a href=\"http:\/\/loule2015.com\/?page_id=2753\"><img loading=\"lazy\" decoding=\"async\" class=\"aligncenter wp-image-2755 size-full\" src=\"http:\/\/loule2015.com\/wp-content\/uploads\/2015\/01\/banner_chancela_btt_trail_monte_seco.png\" alt=\"banner_chancela_btt_trail_monte_seco\" width=\"800\" height=\"400\" srcset=\"https:\/\/loule2015.com\/wp-content\/uploads\/2015\/01\/banner_chancela_btt_trail_monte_seco.png 800w, https:\/\/loule2015.com\/wp-content\/uploads\/2015\/01\/banner_chancela_btt_trail_monte_seco-480x240.png 480w\" sizes=\"auto, (max-width: 800px) 100vw, 800px\" \/><\/a><\/h3>\n<h3 style=\"text-align: center;\"><a href=\"http:\/\/loule2015.com\/?page_id=2627\"><img loading=\"lazy\" decoding=\"async\" class=\"aligncenter wp-image-2660 size-full\" src=\"http:\/\/loule2015.com\/wp-content\/uploads\/2015\/01\/banner_chancela_utrp_2015.png\" alt=\"banner_chancela_utrp_2015\" width=\"800\" height=\"400\" srcset=\"https:\/\/loule2015.com\/wp-content\/uploads\/2015\/01\/banner_chancela_utrp_2015.png 800w, https:\/\/loule2015.com\/wp-content\/uploads\/2015\/01\/banner_chancela_utrp_2015-480x240.png 480w\" sizes=\"auto, (max-width: 800px) 100vw, 800px\" \/><\/a><\/h3>\n<h3 style=\"text-align: center;\"><a href=\"http:\/\/loule2015.com\/?page_id=2600\"><img loading=\"lazy\" decoding=\"async\" class=\"aligncenter wp-image-2618 size-full\" src=\"http:\/\/loule2015.com\/wp-content\/uploads\/2015\/01\/banner_chancela_corrida_vertical_aquashow.png\" alt=\"banner_chancela_corrida_vertical_aquashow\" width=\"800\" height=\"400\" srcset=\"https:\/\/loule2015.com\/wp-content\/uploads\/2015\/01\/banner_chancela_corrida_vertical_aquashow.png 800w, https:\/\/loule2015.com\/wp-content\/uploads\/2015\/01\/banner_chancela_corrida_vertical_aquashow-480x240.png 480w\" sizes=\"auto, (max-width: 800px) 100vw, 800px\" \/><\/a><\/h3>\n<h3 style=\"text-align: center;\"><a href=\"http:\/\/loule2015.com\/?page_id=2484\"><img loading=\"lazy\" decoding=\"async\" class=\"aligncenter wp-image-2486 size-full\" src=\"http:\/\/loule2015.com\/wp-content\/uploads\/2015\/01\/banner_loule_o_desporto_sai_rua.png\" alt=\"banner_loule_o_desporto_sai_rua\" width=\"800\" height=\"400\" srcset=\"https:\/\/loule2015.com\/wp-content\/uploads\/2015\/01\/banner_loule_o_desporto_sai_rua.png 800w, https:\/\/loule2015.com\/wp-content\/uploads\/2015\/01\/banner_loule_o_desporto_sai_rua-480x240.png 480w\" sizes=\"auto, (max-width: 800px) 100vw, 800px\" \/><\/a><\/h3>\n<h3 style=\"text-align: center;\"><a href=\"http:\/\/loule2015.com\/?page_id=2488\"><img loading=\"lazy\" decoding=\"async\" class=\"aligncenter wp-image-2493 size-full\" src=\"http:\/\/loule2015.com\/wp-content\/uploads\/2015\/01\/banner_chancela_btt_XCO.png\" alt=\"banner_chancela_btt_XCO\" width=\"800\" height=\"400\" srcset=\"https:\/\/loule2015.com\/wp-content\/uploads\/2015\/01\/banner_chancela_btt_XCO.png 800w, https:\/\/loule2015.com\/wp-content\/uploads\/2015\/01\/banner_chancela_btt_XCO-480x240.png 480w\" sizes=\"auto, (max-width: 800px) 100vw, 800px\" \/><\/a><\/h3>\n<h3 style=\"text-align: center;\"><a href=\"http:\/\/loule2015.com\/?page_id=2385\"><img loading=\"lazy\" decoding=\"async\" class=\"aligncenter wp-image-2387 size-full\" src=\"http:\/\/loule2015.com\/wp-content\/uploads\/2015\/01\/banner_chancela_portugalgym_fest.png\" alt=\"banner_chancela_portugalgym_fest\" width=\"800\" height=\"400\" srcset=\"https:\/\/loule2015.com\/wp-content\/uploads\/2015\/01\/banner_chancela_portugalgym_fest.png 800w, https:\/\/loule2015.com\/wp-content\/uploads\/2015\/01\/banner_chancela_portugalgym_fest-480x240.png 480w\" sizes=\"auto, (max-width: 800px) 100vw, 800px\" \/><\/a><\/h3>\n<h3 style=\"text-align: center;\"><a href=\"http:\/\/loule2015.com\/?page_id=2232&amp;preview=true\"><img loading=\"lazy\" decoding=\"async\" class=\"aligncenter wp-image-2235 size-full\" src=\"http:\/\/loule2015.com\/wp-content\/uploads\/2015\/01\/Final-Sub-16-fem.png\" alt=\"Final Sub 16 fem\" width=\"800\" height=\"400\" srcset=\"https:\/\/loule2015.com\/wp-content\/uploads\/2015\/01\/Final-Sub-16-fem.png 800w, https:\/\/loule2015.com\/wp-content\/uploads\/2015\/01\/Final-Sub-16-fem-480x240.png 480w\" sizes=\"auto, (max-width: 800px) 100vw, 800px\" \/><\/a><\/h3>\n<h3 style=\"text-align: center;\"><a href=\"http:\/\/loule2015.com\/?page_id=2137\"><img loading=\"lazy\" decoding=\"async\" class=\"aligncenter wp-image-2153 size-full\" src=\"http:\/\/loule2015.com\/wp-content\/uploads\/2015\/01\/banner_chancela_baja_ced.png\" alt=\"banner_chancela_baja_ced\" width=\"800\" height=\"400\" srcset=\"https:\/\/loule2015.com\/wp-content\/uploads\/2015\/01\/banner_chancela_baja_ced.png 800w, https:\/\/loule2015.com\/wp-content\/uploads\/2015\/01\/banner_chancela_baja_ced-480x240.png 480w\" sizes=\"auto, (max-width: 800px) 100vw, 800px\" \/><\/a><\/h3>\n<h3 style=\"text-align: center;\"><a href=\"http:\/\/loule2015.com\/?page_id=2053\"><img loading=\"lazy\" decoding=\"async\" class=\"aligncenter wp-image-2323 size-full\" src=\"http:\/\/loule2015.com\/wp-content\/uploads\/2015\/01\/banner_chancela_lll_ori_btt_loule.png\" alt=\"banner_chancela_lll_ori_btt_loule\" width=\"800\" height=\"400\" srcset=\"https:\/\/loule2015.com\/wp-content\/uploads\/2015\/01\/banner_chancela_lll_ori_btt_loule.png 800w, https:\/\/loule2015.com\/wp-content\/uploads\/2015\/01\/banner_chancela_lll_ori_btt_loule-480x240.png 480w\" sizes=\"auto, (max-width: 800px) 100vw, 800px\" \/><\/a><\/h3>\n<p style=\"text-align: center;\"><a href=\"http:\/\/loule2015.com\/?page_id=1887\"><img loading=\"lazy\" decoding=\"async\" class=\"aligncenter wp-image-1896 size-full\" src=\"http:\/\/loule2015.com\/wp-content\/uploads\/2015\/01\/DC_circuito_nacional_skate.png\" alt=\"DC_circuito_nacional_skate\" width=\"800\" height=\"400\" srcset=\"https:\/\/loule2015.com\/wp-content\/uploads\/2015\/01\/DC_circuito_nacional_skate.png 800w, https:\/\/loule2015.com\/wp-content\/uploads\/2015\/01\/DC_circuito_nacional_skate-480x240.png 480w\" sizes=\"auto, (max-width: 800px) 100vw, 800px\" \/><\/a><\/p>\n<p style=\"text-align: center;\"><a href=\"http:\/\/loule2015.com\/?page_id=1811\"><img loading=\"lazy\" decoding=\"async\" class=\"aligncenter wp-image-1849 size-full\" src=\"http:\/\/loule2015.com\/wp-content\/uploads\/2015\/01\/banner_chancela_1o_gp_atletismo_cidade_quarteira.png\" alt=\"banner_chancela_1o_gp_atletismo_cidade_quarteira\" width=\"800\" height=\"400\" srcset=\"https:\/\/loule2015.com\/wp-content\/uploads\/2015\/01\/banner_chancela_1o_gp_atletismo_cidade_quarteira.png 800w, https:\/\/loule2015.com\/wp-content\/uploads\/2015\/01\/banner_chancela_1o_gp_atletismo_cidade_quarteira-480x240.png 480w\" sizes=\"auto, (max-width: 800px) 100vw, 800px\" \/><\/a><\/p>\n<h3 style=\"text-align: center;\"><a href=\" http:\/\/loule2015.com\/?page_id=1717\"><img loading=\"lazy\" decoding=\"async\" class=\"aligncenter wp-image-1733 size-full\" src=\"http:\/\/loule2015.com\/wp-content\/uploads\/2015\/01\/banner_inauguracao_skatepark.png\" alt=\"banner_inauguracao_skatepark\" width=\"800\" height=\"400\" srcset=\"https:\/\/loule2015.com\/wp-content\/uploads\/2015\/01\/banner_inauguracao_skatepark.png 800w, https:\/\/loule2015.com\/wp-content\/uploads\/2015\/01\/banner_inauguracao_skatepark-480x240.png 480w\" sizes=\"auto, (max-width: 800px) 100vw, 800px\" \/><\/a><\/h3>\n<h3 style=\"text-align: center;\"><a href=\"http:\/\/loule2015.com\/?page_id=1552\"><img loading=\"lazy\" decoding=\"async\" class=\"aligncenter wp-image-1558 size-full\" src=\"http:\/\/loule2015.com\/wp-content\/uploads\/2015\/01\/banner_chancela_rugby_festical_2015.png\" alt=\"banner_chancela_rugby_festical_2015\" width=\"800\" height=\"400\" srcset=\"https:\/\/loule2015.com\/wp-content\/uploads\/2015\/01\/banner_chancela_rugby_festical_2015.png 800w, https:\/\/loule2015.com\/wp-content\/uploads\/2015\/01\/banner_chancela_rugby_festical_2015-480x240.png 480w\" sizes=\"auto, (max-width: 800px) 100vw, 800px\" \/><\/a><\/h3>\n<h3 style=\"text-align: center;\"><a href=\"http:\/\/loule2015.com\/?page_id=1528\"><img loading=\"lazy\" decoding=\"async\" class=\"aligncenter wp-image-1530 size-full\" src=\"http:\/\/loule2015.com\/wp-content\/uploads\/2015\/01\/banner_chancela_bmx_taca_portugal.png\" alt=\"banner_chancela_bmx_taca_portugal\" width=\"800\" height=\"400\" srcset=\"https:\/\/loule2015.com\/wp-content\/uploads\/2015\/01\/banner_chancela_bmx_taca_portugal.png 800w, https:\/\/loule2015.com\/wp-content\/uploads\/2015\/01\/banner_chancela_bmx_taca_portugal-480x240.png 480w\" sizes=\"auto, (max-width: 800px) 100vw, 800px\" \/><\/a><\/h3>\n<h3 style=\"text-align: center;\"><a href=\"http:\/\/loule2015.com\/?page_id=1508\"><img loading=\"lazy\" decoding=\"async\" class=\"aligncenter wp-image-1509 size-full\" src=\"http:\/\/loule2015.com\/wp-content\/uploads\/2015\/04\/banner_chancela_btt_alte.jpg\" alt=\"banner_chancela_btt_alte\" width=\"800\" height=\"400\" srcset=\"https:\/\/loule2015.com\/wp-content\/uploads\/2015\/04\/banner_chancela_btt_alte.jpg 800w, https:\/\/loule2015.com\/wp-content\/uploads\/2015\/04\/banner_chancela_btt_alte-480x240.jpg 480w\" sizes=\"auto, (max-width: 800px) 100vw, 800px\" \/><\/a><\/h3>\n<h3 style=\"text-align: center;\"><a href=\"http:\/\/loule2015.com\/?page_id=1097\"><img loading=\"lazy\" decoding=\"async\" class=\"aligncenter wp-image-1363 size-full\" src=\"http:\/\/loule2015.com\/wp-content\/uploads\/2015\/01\/banner_iv_torneio_natacao.jpg\" alt=\"banner_iv_torneio_natacao\" width=\"800\" height=\"400\" srcset=\"https:\/\/loule2015.com\/wp-content\/uploads\/2015\/01\/banner_iv_torneio_natacao.jpg 800w, https:\/\/loule2015.com\/wp-content\/uploads\/2015\/01\/banner_iv_torneio_natacao-480x240.jpg 480w\" sizes=\"auto, (max-width: 800px) 100vw, 800px\" \/><\/a><\/h3>\n<h3 style=\"text-align: center;\"><a href=\"http:\/\/loule2015.com\/?page_id=1294\"><img loading=\"lazy\" decoding=\"async\" class=\"aligncenter wp-image-1327 size-full\" src=\"http:\/\/loule2015.com\/wp-content\/uploads\/2015\/01\/banner_chancela_andebol_final4.jpg\" alt=\"banner_chancela_andebol_final4\" width=\"800\" height=\"400\" srcset=\"https:\/\/loule2015.com\/wp-content\/uploads\/2015\/01\/banner_chancela_andebol_final4.jpg 800w, https:\/\/loule2015.com\/wp-content\/uploads\/2015\/01\/banner_chancela_andebol_final4-480x240.jpg 480w\" sizes=\"auto, (max-width: 800px) 100vw, 800px\" \/><\/a><\/h3>\n<h3 style=\"text-align: center;\"><a href=\"http:\/\/loule2015.com\/?page_id=878\"><img loading=\"lazy\" decoding=\"async\" class=\"aligncenter wp-image-1117 size-full\" src=\"http:\/\/loule2015.com\/wp-content\/uploads\/2015\/01\/triatlo_banner_.png\" alt=\"triatlo_banner_\" width=\"800\" height=\"400\" srcset=\"https:\/\/loule2015.com\/wp-content\/uploads\/2015\/01\/triatlo_banner_.png 800w, https:\/\/loule2015.com\/wp-content\/uploads\/2015\/01\/triatlo_banner_-480x240.png 480w\" sizes=\"auto, (max-width: 800px) 100vw, 800px\" \/><\/a><\/h3>\n<p><a href=\"http:\/\/loule2015.com\/?page_id=927\"><img loading=\"lazy\" decoding=\"async\" class=\"aligncenter wp-image-939 size-full\" src=\"http:\/\/loule2015.com\/wp-content\/uploads\/2015\/03\/atlantic_tour.png\" alt=\"atlantic_tour\" width=\"800\" height=\"400\" srcset=\"https:\/\/loule2015.com\/wp-content\/uploads\/2015\/03\/atlantic_tour.png 800w, https:\/\/loule2015.com\/wp-content\/uploads\/2015\/03\/atlantic_tour-480x240.png 480w\" sizes=\"auto, (max-width: 800px) 100vw, 800px\" \/><\/a><\/p>\n<p><a href=\"http:\/\/loule2015.com\/?page_id=931\"><img loading=\"lazy\" decoding=\"async\" class=\"aligncenter wp-image-937 size-full\" src=\"http:\/\/loule2015.com\/wp-content\/uploads\/2015\/03\/loule_futures_3_banner_.png\" alt=\"loule_futures_3_banner_\" width=\"800\" height=\"400\" srcset=\"https:\/\/loule2015.com\/wp-content\/uploads\/2015\/03\/loule_futures_3_banner_.png 800w, https:\/\/loule2015.com\/wp-content\/uploads\/2015\/03\/loule_futures_3_banner_-480x240.png 480w\" sizes=\"auto, (max-width: 800px) 100vw, 800px\" \/><\/a><\/p>\n<p><a href=\"http:\/\/loule2015.com\/?page_id=887\"><img loading=\"lazy\" decoding=\"async\" class=\"aligncenter size-full wp-image-889\" src=\"http:\/\/loule2015.com\/wp-content\/uploads\/2015\/02\/boccia_banner_.png\" alt=\"boccia_banner_\" width=\"800\" height=\"400\" srcset=\"https:\/\/loule2015.com\/wp-content\/uploads\/2015\/02\/boccia_banner_.png 800w, https:\/\/loule2015.com\/wp-content\/uploads\/2015\/02\/boccia_banner_-480x240.png 480w\" sizes=\"auto, (max-width: 800px) 100vw, 800px\" \/><\/a><\/p>\n<p><a href=\"http:\/\/loule2015.com\/?page_id=585 \"><img loading=\"lazy\" decoding=\"async\" class=\"aligncenter wp-image-632 size-full\" src=\"http:\/\/loule2015.com\/wp-content\/uploads\/2015\/01\/cerim\u00f3nia_de_abertura.png\" alt=\"\" width=\"800\" height=\"400\" srcset=\"https:\/\/loule2015.com\/wp-content\/uploads\/2015\/01\/cerim\u00f3nia_de_abertura.png 800w, https:\/\/loule2015.com\/wp-content\/uploads\/2015\/01\/cerim\u00f3nia_de_abertura-480x240.png 480w\" sizes=\"auto, (max-width: 800px) 100vw, 800px\" \/><\/a><\/p>\n<p><a href=\"http:\/\/loule2015.com\/?page_id=458\"><img loading=\"lazy\" decoding=\"async\" class=\"aligncenter wp-image-993 size-full\" src=\"http:\/\/loule2015.com\/wp-content\/uploads\/2015\/01\/corta_mato_banner_.png\" alt=\"corta_mato_banner_\" width=\"800\" height=\"400\" srcset=\"https:\/\/loule2015.com\/wp-content\/uploads\/2015\/01\/corta_mato_banner_.png 800w, https:\/\/loule2015.com\/wp-content\/uploads\/2015\/01\/corta_mato_banner_-480x240.png 480w\" sizes=\"auto, (max-width: 800px) 100vw, 800px\" \/><\/a><\/p>\n<p><a href=\"http:\/\/loule2015.com\/?page_id=652\"><img loading=\"lazy\" decoding=\"async\" class=\"aligncenter wp-image-654 size-full\" src=\"http:\/\/loule2015.com\/wp-content\/uploads\/2015\/01\/banner_800x400_cerimonia_abertura.png\" alt=\"banner_800x400_cerimonia_abertura\" width=\"800\" height=\"400\" srcset=\"https:\/\/loule2015.com\/wp-content\/uploads\/2015\/01\/banner_800x400_cerimonia_abertura.png 800w, https:\/\/loule2015.com\/wp-content\/uploads\/2015\/01\/banner_800x400_cerimonia_abertura-480x240.png 480w\" sizes=\"auto, (max-width: 800px) 100vw, 800px\" \/><\/a><\/p>\n<p>&nbsp;<\/p>\n","protected":false},"excerpt":{"rendered":"<p>&nbsp;<\/p>\n","protected":false},"author":1,"featured_media":0,"parent":0,"menu_order":0,"comment_status":"open","ping_status":"open","template":"","meta":{"footnotes":""},"class_list":["post-592","page","type-page","status-publish","hentry"],"yoast_head":"<!-- This site is optimized with the Yoast SEO plugin v27.5 - https:\/\/yoast.com\/product\/yoast-seo-wordpress\/ -->\n<title>Cidade Europeia do Desporto Loul\u00e9<\/title>\n<meta name=\"description\" content=\"Desporto, Cidade Europeia, Eventos Desportivos, Algarve, Portugal, Europa, Loul\u00e9, Conhecimento, Bem Estar, Sa\u00fade, Atividade F\u00edsica, Voluntario,\" \/>\n<meta name=\"robots\" content=\"index, follow, max-snippet:-1, max-image-preview:large, max-video-preview:-1\" \/>\n<link rel=\"canonical\" href=\"http:\/\/loule2015.com\/?page_id=592\" \/>\n<meta property=\"og:locale\" content=\"en_US\" \/>\n<meta property=\"og:type\" content=\"article\" \/>\n<meta property=\"og:title\" content=\"Cidade Europeia do Desporto Loul\u00e9\" \/>\n<meta property=\"og:description\" content=\"Desporto, Cidade Europeia, Eventos Desportivos, Algarve, Portugal, Europa, Loul\u00e9, Conhecimento, Bem Estar, Sa\u00fade, Atividade F\u00edsica, Voluntario,\" \/>\n<meta property=\"og:url\" content=\"http:\/\/loule2015.com\/?page_id=592\" \/>\n<meta property=\"og:site_name\" content=\"Loul\u00e9 2015\" \/>\n<meta property=\"article:publisher\" content=\"https:\/\/www.facebook.com\/louleced2015?ref=hl\" \/>\n<meta property=\"article:modified_time\" content=\"2015-12-14T16:10:37+00:00\" \/>\n<meta property=\"og:image\" content=\"http:\/\/loule2015.com\/wp-content\/uploads\/2015\/01\/banner_cerimonia_encerramento_gala_desporto.png\" \/>\n<meta name=\"twitter:card\" content=\"summary_large_image\" \/>\n<script type=\"application\/ld+json\" class=\"yoast-schema-graph\">{\"@context\":\"https:\\\/\\\/schema.org\",\"@graph\":[{\"@type\":\"WebPage\",\"@id\":\"http:\\\/\\\/loule2015.com\\\/?page_id=592\",\"url\":\"http:\\\/\\\/loule2015.com\\\/?page_id=592\",\"name\":\"Cidade Europeia do Desporto Loul\u00e9\",\"isPartOf\":{\"@id\":\"https:\\\/\\\/loule2015.com\\\/#website\"},\"primaryImageOfPage\":{\"@id\":\"http:\\\/\\\/loule2015.com\\\/?page_id=592#primaryimage\"},\"image\":{\"@id\":\"http:\\\/\\\/loule2015.com\\\/?page_id=592#primaryimage\"},\"thumbnailUrl\":\"http:\\\/\\\/loule2015.com\\\/wp-content\\\/uploads\\\/2015\\\/01\\\/banner_cerimonia_encerramento_gala_desporto.png\",\"datePublished\":\"2015-01-22T20:36:06+00:00\",\"dateModified\":\"2015-12-14T16:10:37+00:00\",\"description\":\"Desporto, Cidade Europeia, Eventos Desportivos, Algarve, Portugal, Europa, Loul\u00e9, Conhecimento, Bem Estar, Sa\u00fade, Atividade F\u00edsica, Voluntario,\",\"breadcrumb\":{\"@id\":\"http:\\\/\\\/loule2015.com\\\/?page_id=592#breadcrumb\"},\"inLanguage\":\"en-US\",\"potentialAction\":[{\"@type\":\"ReadAction\",\"target\":[\"http:\\\/\\\/loule2015.com\\\/?page_id=592\"]}]},{\"@type\":\"ImageObject\",\"inLanguage\":\"en-US\",\"@id\":\"http:\\\/\\\/loule2015.com\\\/?page_id=592#primaryimage\",\"url\":\"https:\\\/\\\/loule2015.com\\\/wp-content\\\/uploads\\\/2015\\\/01\\\/banner_cerimonia_encerramento_gala_desporto.png\",\"contentUrl\":\"https:\\\/\\\/loule2015.com\\\/wp-content\\\/uploads\\\/2015\\\/01\\\/banner_cerimonia_encerramento_gala_desporto.png\",\"width\":800,\"height\":400},{\"@type\":\"BreadcrumbList\",\"@id\":\"http:\\\/\\\/loule2015.com\\\/?page_id=592#breadcrumb\",\"itemListElement\":[{\"@type\":\"ListItem\",\"position\":1,\"name\":\"Home\",\"item\":\"https:\\\/\\\/loule2015.com\\\/\"},{\"@type\":\"ListItem\",\"position\":2,\"name\":\"Eventos\"}]},{\"@type\":\"WebSite\",\"@id\":\"https:\\\/\\\/loule2015.com\\\/#website\",\"url\":\"https:\\\/\\\/loule2015.com\\\/\",\"name\":\"Loul\u00e9 2015\",\"description\":\"Cidade Europeia do Desporto\",\"potentialAction\":[{\"@type\":\"SearchAction\",\"target\":{\"@type\":\"EntryPoint\",\"urlTemplate\":\"https:\\\/\\\/loule2015.com\\\/?s={search_term_string}\"},\"query-input\":{\"@type\":\"PropertyValueSpecification\",\"valueRequired\":true,\"valueName\":\"search_term_string\"}}],\"inLanguage\":\"en-US\"}]}<\/script>\n<!-- \/ Yoast SEO plugin. -->","yoast_head_json":{"title":"Cidade Europeia do Desporto Loul\u00e9","description":"Desporto, Cidade Europeia, Eventos Desportivos, Algarve, Portugal, Europa, Loul\u00e9, Conhecimento, Bem Estar, Sa\u00fade, Atividade F\u00edsica, Voluntario,","robots":{"index":"index","follow":"follow","max-snippet":"max-snippet:-1","max-image-preview":"max-image-preview:large","max-video-preview":"max-video-preview:-1"},"canonical":"http:\/\/loule2015.com\/?page_id=592","og_locale":"en_US","og_type":"article","og_title":"Cidade Europeia do Desporto Loul\u00e9","og_description":"Desporto, Cidade Europeia, Eventos Desportivos, Algarve, Portugal, Europa, Loul\u00e9, Conhecimento, Bem Estar, Sa\u00fade, Atividade F\u00edsica, Voluntario,","og_url":"http:\/\/loule2015.com\/?page_id=592","og_site_name":"Loul\u00e9 2015","article_publisher":"https:\/\/www.facebook.com\/louleced2015?ref=hl","article_modified_time":"2015-12-14T16:10:37+00:00","og_image":[{"url":"http:\/\/loule2015.com\/wp-content\/uploads\/2015\/01\/banner_cerimonia_encerramento_gala_desporto.png","type":"","width":"","height":""}],"twitter_card":"summary_large_image","schema":{"@context":"https:\/\/schema.org","@graph":[{"@type":"WebPage","@id":"http:\/\/loule2015.com\/?page_id=592","url":"http:\/\/loule2015.com\/?page_id=592","name":"Cidade Europeia do Desporto Loul\u00e9","isPartOf":{"@id":"https:\/\/loule2015.com\/#website"},"primaryImageOfPage":{"@id":"http:\/\/loule2015.com\/?page_id=592#primaryimage"},"image":{"@id":"http:\/\/loule2015.com\/?page_id=592#primaryimage"},"thumbnailUrl":"http:\/\/loule2015.com\/wp-content\/uploads\/2015\/01\/banner_cerimonia_encerramento_gala_desporto.png","datePublished":"2015-01-22T20:36:06+00:00","dateModified":"2015-12-14T16:10:37+00:00","description":"Desporto, Cidade Europeia, Eventos Desportivos, Algarve, Portugal, Europa, Loul\u00e9, Conhecimento, Bem Estar, Sa\u00fade, Atividade F\u00edsica, Voluntario,","breadcrumb":{"@id":"http:\/\/loule2015.com\/?page_id=592#breadcrumb"},"inLanguage":"en-US","potentialAction":[{"@type":"ReadAction","target":["http:\/\/loule2015.com\/?page_id=592"]}]},{"@type":"ImageObject","inLanguage":"en-US","@id":"http:\/\/loule2015.com\/?page_id=592#primaryimage","url":"https:\/\/loule2015.com\/wp-content\/uploads\/2015\/01\/banner_cerimonia_encerramento_gala_desporto.png","contentUrl":"https:\/\/loule2015.com\/wp-content\/uploads\/2015\/01\/banner_cerimonia_encerramento_gala_desporto.png","width":800,"height":400},{"@type":"BreadcrumbList","@id":"http:\/\/loule2015.com\/?page_id=592#breadcrumb","itemListElement":[{"@type":"ListItem","position":1,"name":"Home","item":"https:\/\/loule2015.com\/"},{"@type":"ListItem","position":2,"name":"Eventos"}]},{"@type":"WebSite","@id":"https:\/\/loule2015.com\/#website","url":"https:\/\/loule2015.com\/","name":"Loul\u00e9 2015","description":"Cidade Europeia do Desporto","potentialAction":[{"@type":"SearchAction","target":{"@type":"EntryPoint","urlTemplate":"https:\/\/loule2015.com\/?s={search_term_string}"},"query-input":{"@type":"PropertyValueSpecification","valueRequired":true,"valueName":"search_term_string"}}],"inLanguage":"en-US"}]}},"_links":{"self":[{"href":"https:\/\/loule2015.com\/index.php?rest_route=\/wp\/v2\/pages\/592","targetHints":{"allow":["GET"]}}],"collection":[{"href":"https:\/\/loule2015.com\/index.php?rest_route=\/wp\/v2\/pages"}],"about":[{"href":"https:\/\/loule2015.com\/index.php?rest_route=\/wp\/v2\/types\/page"}],"author":[{"embeddable":true,"href":"https:\/\/loule2015.com\/index.php?rest_route=\/wp\/v2\/users\/1"}],"replies":[{"embeddable":true,"href":"https:\/\/loule2015.com\/index.php?rest_route=%2Fwp%2Fv2%2Fcomments&post=592"}],"version-history":[{"count":54,"href":"https:\/\/loule2015.com\/index.php?rest_route=\/wp\/v2\/pages\/592\/revisions"}],"predecessor-version":[{"id":3300,"href":"https:\/\/loule2015.com\/index.php?rest_route=\/wp\/v2\/pages\/592\/revisions\/3300"}],"wp:attachment":[{"href":"https:\/\/loule2015.com\/index.php?rest_route=%2Fwp%2Fv2%2Fmedia&parent=592"}],"curies":[{"name":"wp","href":"https:\/\/api.w.org\/{rel}","templated":true}]}}