{"id":927,"date":"2015-03-03T14:43:42","date_gmt":"2015-03-03T14:43:42","guid":{"rendered":"http:\/\/loule2015.com\/?page_id=927"},"modified":"2015-09-06T14:48:41","modified_gmt":"2015-09-06T14:48:41","slug":"atlantic-tour","status":"publish","type":"page","link":"http:\/\/loule2015.com\/?page_id=927","title":{"rendered":"Atlantic Tour"},"content":{"rendered":"<div class=\"gtranslate_wrapper\" id=\"gt-wrapper-38175073\"><\/div>\n<p>No ano em que Loul\u00e9 \u00e9 Cidade Europeia do Desporto, Vilamoura volta a receber um dos maiores eventos equestre a n\u00edvel europeu e o maior do pa\u00eds. De 17 de fevereiro a 5 de abril, mais de 1000 cavalos e 300 cavaleiros (profissionais e amadores) de 33 nacionalidades diferentes marcam presen\u00e7a no Vilamoura Atlantic Tour 2015, no Centro H\u00edpico Vilamoura, estimando-se um retorno financeiro na ordem dos 21 milh\u00f5es de euros com a edi\u00e7\u00e3o deste ano.<\/p>\n<p style=\"text-align: justify;\">\u00a0Organizado pelo Clube H\u00edpico de Vilamoura, este evento integra 21 provas que contam para o ranking Longines FEI \u2013 Federa\u00e7\u00e3o Equestre Internacional e dois dos Grandes Pr\u00e9mios s\u00e3o qualificativos para os Jogos Ol\u00edmpicos de 2016, no Brasil. A competi\u00e7\u00e3o tem um prize money de 825 mil euros.<\/p>\n<p style=\"text-align: justify;\">No dia 8 de Mar\u00e7o\u00a0ser\u00e1 realizada a prova &#8220;Grande Pr\u00e9mio Loul\u00e9 Cidade Europeia do Desporto&#8221;\u00a0das 14h30 \u00e0s 17h30.<\/p>\n<h3 style=\"text-align: center;\"><\/h3>\n<h3 style=\"text-align: center;\">&#8211; Resumo fotogr\u00e1fico &#8211;<\/h3>\n<div class=\"fcbkbttn_buttons_block\" id=\"fcbkbttn_left\"><div class=\"fcbkbttn_like fcbkbttn_large_button\"><fb:like href=\"http:\/\/loule2015.com\/?page_id=927\" action=\"like\" colorscheme=\"light\" layout=\"button_count\"  size=\"large\"><\/fb:like><\/div><\/div>\n\n\t\t<style type=\"text\/css\">\n\t\t\t#gallery-1 {\n\t\t\t\tmargin: auto;\n\t\t\t}\n\t\t\t#gallery-1 .gallery-item {\n\t\t\t\tfloat: left;\n\t\t\t\tmargin-top: 10px;\n\t\t\t\ttext-align: center;\n\t\t\t\twidth: 33%;\n\t\t\t}\n\t\t\t#gallery-1 img {\n\t\t\t\tborder: 2px solid #cfcfcf;\n\t\t\t}\n\t\t\t#gallery-1 .gallery-caption {\n\t\t\t\tmargin-left: 0;\n\t\t\t}\n\t\t\t\/* see gallery_shortcode() in wp-includes\/media.php *\/\n\t\t<\/style>\n\t\t<div id='gallery-1' class='gallery galleryid-927 gallery-columns-3 gallery-size-thumbnail'><dl class='gallery-item'>\n\t\t\t<dt class='gallery-icon landscape'>\n\t\t\t\t<a href='http:\/\/loule2015.com\/?attachment_id=1070#main'><img loading=\"lazy\" decoding=\"async\" width=\"480\" height=\"321\" src=\"http:\/\/loule2015.com\/wp-content\/uploads\/2015\/03\/DSC_4568-480x321.jpg\" class=\"attachment-thumbnail size-thumbnail\" alt=\"\" srcset=\"http:\/\/loule2015.com\/wp-content\/uploads\/2015\/03\/DSC_4568-480x321.jpg 480w, http:\/\/loule2015.com\/wp-content\/uploads\/2015\/03\/DSC_4568.jpg 800w\" sizes=\"auto, (max-width: 480px) 100vw, 480px\" \/><\/a>\n\t\t\t<\/dt><\/dl><dl class='gallery-item'>\n\t\t\t<dt class='gallery-icon landscape'>\n\t\t\t\t<a href='http:\/\/loule2015.com\/?attachment_id=1056#main'><img loading=\"lazy\" decoding=\"async\" width=\"480\" height=\"321\" src=\"http:\/\/loule2015.com\/wp-content\/uploads\/2015\/03\/DSC_4376-480x321.jpg\" class=\"attachment-thumbnail size-thumbnail\" alt=\"\" srcset=\"http:\/\/loule2015.com\/wp-content\/uploads\/2015\/03\/DSC_4376-480x321.jpg 480w, http:\/\/loule2015.com\/wp-content\/uploads\/2015\/03\/DSC_4376.jpg 800w\" sizes=\"auto, (max-width: 480px) 100vw, 480px\" \/><\/a>\n\t\t\t<\/dt><\/dl><dl class='gallery-item'>\n\t\t\t<dt class='gallery-icon landscape'>\n\t\t\t\t<a href='http:\/\/loule2015.com\/?attachment_id=1057#main'><img loading=\"lazy\" decoding=\"async\" width=\"480\" height=\"321\" src=\"http:\/\/loule2015.com\/wp-content\/uploads\/2015\/03\/DSC_4396-480x321.jpg\" class=\"attachment-thumbnail size-thumbnail\" alt=\"\" srcset=\"http:\/\/loule2015.com\/wp-content\/uploads\/2015\/03\/DSC_4396-480x321.jpg 480w, http:\/\/loule2015.com\/wp-content\/uploads\/2015\/03\/DSC_4396.jpg 800w\" sizes=\"auto, (max-width: 480px) 100vw, 480px\" \/><\/a>\n\t\t\t<\/dt><\/dl><br style=\"clear: both\" \/><dl class='gallery-item'>\n\t\t\t<dt class='gallery-icon landscape'>\n\t\t\t\t<a href='http:\/\/loule2015.com\/?attachment_id=1058#main'><img loading=\"lazy\" decoding=\"async\" width=\"480\" height=\"321\" src=\"http:\/\/loule2015.com\/wp-content\/uploads\/2015\/03\/DSC_4444-480x321.jpg\" class=\"attachment-thumbnail size-thumbnail\" alt=\"\" srcset=\"http:\/\/loule2015.com\/wp-content\/uploads\/2015\/03\/DSC_4444-480x321.jpg 480w, http:\/\/loule2015.com\/wp-content\/uploads\/2015\/03\/DSC_4444.jpg 800w\" sizes=\"auto, (max-width: 480px) 100vw, 480px\" \/><\/a>\n\t\t\t<\/dt><\/dl><dl class='gallery-item'>\n\t\t\t<dt class='gallery-icon landscape'>\n\t\t\t\t<a href='http:\/\/loule2015.com\/?attachment_id=1059#main'><img loading=\"lazy\" decoding=\"async\" width=\"480\" height=\"321\" src=\"http:\/\/loule2015.com\/wp-content\/uploads\/2015\/03\/DSC_4448-480x321.jpg\" class=\"attachment-thumbnail size-thumbnail\" alt=\"\" srcset=\"http:\/\/loule2015.com\/wp-content\/uploads\/2015\/03\/DSC_4448-480x321.jpg 480w, http:\/\/loule2015.com\/wp-content\/uploads\/2015\/03\/DSC_4448.jpg 800w\" sizes=\"auto, (max-width: 480px) 100vw, 480px\" \/><\/a>\n\t\t\t<\/dt><\/dl><dl class='gallery-item'>\n\t\t\t<dt class='gallery-icon landscape'>\n\t\t\t\t<a href='http:\/\/loule2015.com\/?attachment_id=1060#main'><img loading=\"lazy\" decoding=\"async\" width=\"480\" height=\"321\" src=\"http:\/\/loule2015.com\/wp-content\/uploads\/2015\/03\/DSC_4453-480x321.jpg\" class=\"attachment-thumbnail size-thumbnail\" alt=\"\" srcset=\"http:\/\/loule2015.com\/wp-content\/uploads\/2015\/03\/DSC_4453-480x321.jpg 480w, http:\/\/loule2015.com\/wp-content\/uploads\/2015\/03\/DSC_4453.jpg 800w\" sizes=\"auto, (max-width: 480px) 100vw, 480px\" \/><\/a>\n\t\t\t<\/dt><\/dl><br style=\"clear: both\" \/><dl class='gallery-item'>\n\t\t\t<dt class='gallery-icon landscape'>\n\t\t\t\t<a href='http:\/\/loule2015.com\/?attachment_id=1061#main'><img loading=\"lazy\" decoding=\"async\" width=\"480\" height=\"321\" src=\"http:\/\/loule2015.com\/wp-content\/uploads\/2015\/03\/DSC_4481-480x321.jpg\" class=\"attachment-thumbnail size-thumbnail\" alt=\"\" srcset=\"http:\/\/loule2015.com\/wp-content\/uploads\/2015\/03\/DSC_4481-480x321.jpg 480w, http:\/\/loule2015.com\/wp-content\/uploads\/2015\/03\/DSC_4481.jpg 800w\" sizes=\"auto, (max-width: 480px) 100vw, 480px\" \/><\/a>\n\t\t\t<\/dt><\/dl><dl class='gallery-item'>\n\t\t\t<dt class='gallery-icon landscape'>\n\t\t\t\t<a href='http:\/\/loule2015.com\/?attachment_id=1062#main'><img loading=\"lazy\" decoding=\"async\" width=\"480\" height=\"321\" src=\"http:\/\/loule2015.com\/wp-content\/uploads\/2015\/03\/DSC_4514-480x321.jpg\" class=\"attachment-thumbnail size-thumbnail\" alt=\"\" srcset=\"http:\/\/loule2015.com\/wp-content\/uploads\/2015\/03\/DSC_4514-480x321.jpg 480w, http:\/\/loule2015.com\/wp-content\/uploads\/2015\/03\/DSC_4514.jpg 800w\" sizes=\"auto, (max-width: 480px) 100vw, 480px\" \/><\/a>\n\t\t\t<\/dt><\/dl><dl class='gallery-item'>\n\t\t\t<dt class='gallery-icon landscape'>\n\t\t\t\t<a href='http:\/\/loule2015.com\/?attachment_id=1063#main'><img loading=\"lazy\" decoding=\"async\" width=\"480\" height=\"321\" src=\"http:\/\/loule2015.com\/wp-content\/uploads\/2015\/03\/DSC_4516-480x321.jpg\" class=\"attachment-thumbnail size-thumbnail\" alt=\"\" srcset=\"http:\/\/loule2015.com\/wp-content\/uploads\/2015\/03\/DSC_4516-480x321.jpg 480w, http:\/\/loule2015.com\/wp-content\/uploads\/2015\/03\/DSC_4516.jpg 800w\" sizes=\"auto, (max-width: 480px) 100vw, 480px\" \/><\/a>\n\t\t\t<\/dt><\/dl><br style=\"clear: both\" \/><dl class='gallery-item'>\n\t\t\t<dt class='gallery-icon landscape'>\n\t\t\t\t<a href='http:\/\/loule2015.com\/?attachment_id=1064#main'><img loading=\"lazy\" decoding=\"async\" width=\"480\" height=\"321\" src=\"http:\/\/loule2015.com\/wp-content\/uploads\/2015\/03\/DSC_4530-480x321.jpg\" class=\"attachment-thumbnail size-thumbnail\" alt=\"\" srcset=\"http:\/\/loule2015.com\/wp-content\/uploads\/2015\/03\/DSC_4530-480x321.jpg 480w, http:\/\/loule2015.com\/wp-content\/uploads\/2015\/03\/DSC_4530.jpg 800w\" sizes=\"auto, (max-width: 480px) 100vw, 480px\" \/><\/a>\n\t\t\t<\/dt><\/dl><dl class='gallery-item'>\n\t\t\t<dt class='gallery-icon landscape'>\n\t\t\t\t<a href='http:\/\/loule2015.com\/?attachment_id=1065#main'><img loading=\"lazy\" decoding=\"async\" width=\"480\" height=\"321\" src=\"http:\/\/loule2015.com\/wp-content\/uploads\/2015\/03\/DSC_4548-480x321.jpg\" class=\"attachment-thumbnail size-thumbnail\" alt=\"\" srcset=\"http:\/\/loule2015.com\/wp-content\/uploads\/2015\/03\/DSC_4548-480x321.jpg 480w, http:\/\/loule2015.com\/wp-content\/uploads\/2015\/03\/DSC_4548.jpg 800w\" sizes=\"auto, (max-width: 480px) 100vw, 480px\" \/><\/a>\n\t\t\t<\/dt><\/dl><dl class='gallery-item'>\n\t\t\t<dt class='gallery-icon landscape'>\n\t\t\t\t<a href='http:\/\/loule2015.com\/?attachment_id=1067#main'><img loading=\"lazy\" decoding=\"async\" width=\"480\" height=\"321\" src=\"http:\/\/loule2015.com\/wp-content\/uploads\/2015\/03\/DSC_4571-480x321.jpg\" class=\"attachment-thumbnail size-thumbnail\" alt=\"\" srcset=\"http:\/\/loule2015.com\/wp-content\/uploads\/2015\/03\/DSC_4571-480x321.jpg 480w, http:\/\/loule2015.com\/wp-content\/uploads\/2015\/03\/DSC_4571.jpg 800w\" sizes=\"auto, (max-width: 480px) 100vw, 480px\" \/><\/a>\n\t\t\t<\/dt><\/dl><br style=\"clear: both\" \/>\n\t\t<\/div>\n\n<p><iframe loading=\"lazy\" src=\"\/\/player.vimeo.com\/video\/124515358\" width=\"980\" height=\"400\" frameborder=\"0\" allowfullscreen=\"allowfullscreen\">&nbsp;<\/p>\n<p><\/iframe><\/p>\n","protected":false},"excerpt":{"rendered":"<p>No ano em que Loul\u00e9 \u00e9 Cidade Europeia do Desporto, Vilamoura volta a receber um dos maiores eventos equestre a n\u00edvel europeu e o maior do pa\u00eds. De 17 de fevereiro a 5 de abril, mais de 1000 cavalos e 300 cavaleiros (profissionais e amadores) de 33 nacionalidades diferentes marcam presen\u00e7a no Vilamoura Atlantic Tour [&hellip;]<\/p>\n","protected":false},"author":1,"featured_media":0,"parent":0,"menu_order":0,"comment_status":"open","ping_status":"open","template":"","meta":{"footnotes":""},"class_list":["post-927","page","type-page","status-publish","hentry"],"yoast_head":"<!-- This site is optimized with the Yoast SEO plugin v27.5 - https:\/\/yoast.com\/product\/yoast-seo-wordpress\/ -->\n<title>Cidade Europeia do Desporto Loul\u00e9<\/title>\n<meta name=\"description\" content=\"Desporto, Cidade Europeia, Eventos Desportivos, Algarve, Portugal, Europa, Loul\u00e9, Conhecimento, Bem Estar, Sa\u00fade, Atividade F\u00edsica, Voluntario,\" \/>\n<meta name=\"robots\" content=\"index, follow, max-snippet:-1, max-image-preview:large, max-video-preview:-1\" \/>\n<link rel=\"canonical\" href=\"http:\/\/loule2015.com\/?page_id=927\" \/>\n<meta property=\"og:locale\" content=\"en_US\" \/>\n<meta property=\"og:type\" content=\"article\" \/>\n<meta property=\"og:title\" content=\"Cidade Europeia do Desporto Loul\u00e9\" \/>\n<meta property=\"og:description\" content=\"Desporto, Cidade Europeia, Eventos Desportivos, Algarve, Portugal, Europa, Loul\u00e9, Conhecimento, Bem Estar, Sa\u00fade, Atividade F\u00edsica, Voluntario,\" \/>\n<meta property=\"og:url\" content=\"http:\/\/loule2015.com\/?page_id=927\" \/>\n<meta property=\"og:site_name\" content=\"Loul\u00e9 2015\" \/>\n<meta property=\"article:publisher\" content=\"https:\/\/www.facebook.com\/louleced2015?ref=hl\" \/>\n<meta property=\"article:modified_time\" content=\"2015-09-06T14:48:41+00:00\" \/>\n<meta property=\"og:image\" content=\"http:\/\/loule2015.com\/wp-content\/uploads\/2015\/03\/DSC_4568-480x321.jpg\" \/>\n<meta name=\"twitter:card\" content=\"summary_large_image\" \/>\n<meta name=\"twitter:label1\" content=\"Est. reading time\" \/>\n\t<meta name=\"twitter:data1\" content=\"1 minute\" \/>\n<script type=\"application\/ld+json\" class=\"yoast-schema-graph\">{\"@context\":\"https:\\\/\\\/schema.org\",\"@graph\":[{\"@type\":\"WebPage\",\"@id\":\"http:\\\/\\\/loule2015.com\\\/?page_id=927\",\"url\":\"http:\\\/\\\/loule2015.com\\\/?page_id=927\",\"name\":\"Cidade Europeia do Desporto Loul\u00e9\",\"isPartOf\":{\"@id\":\"https:\\\/\\\/loule2015.com\\\/#website\"},\"datePublished\":\"2015-03-03T14:43:42+00:00\",\"dateModified\":\"2015-09-06T14:48:41+00:00\",\"description\":\"Desporto, Cidade Europeia, Eventos Desportivos, Algarve, Portugal, Europa, Loul\u00e9, Conhecimento, Bem Estar, Sa\u00fade, Atividade F\u00edsica, Voluntario,\",\"breadcrumb\":{\"@id\":\"http:\\\/\\\/loule2015.com\\\/?page_id=927#breadcrumb\"},\"inLanguage\":\"en-US\",\"potentialAction\":[{\"@type\":\"ReadAction\",\"target\":[\"http:\\\/\\\/loule2015.com\\\/?page_id=927\"]}]},{\"@type\":\"BreadcrumbList\",\"@id\":\"http:\\\/\\\/loule2015.com\\\/?page_id=927#breadcrumb\",\"itemListElement\":[{\"@type\":\"ListItem\",\"position\":1,\"name\":\"Home\",\"item\":\"https:\\\/\\\/loule2015.com\\\/\"},{\"@type\":\"ListItem\",\"position\":2,\"name\":\"Atlantic Tour\"}]},{\"@type\":\"WebSite\",\"@id\":\"https:\\\/\\\/loule2015.com\\\/#website\",\"url\":\"https:\\\/\\\/loule2015.com\\\/\",\"name\":\"Loul\u00e9 2015\",\"description\":\"Cidade Europeia do Desporto\",\"potentialAction\":[{\"@type\":\"SearchAction\",\"target\":{\"@type\":\"EntryPoint\",\"urlTemplate\":\"https:\\\/\\\/loule2015.com\\\/?s={search_term_string}\"},\"query-input\":{\"@type\":\"PropertyValueSpecification\",\"valueRequired\":true,\"valueName\":\"search_term_string\"}}],\"inLanguage\":\"en-US\"}]}<\/script>\n<!-- \/ Yoast SEO plugin. -->","yoast_head_json":{"title":"Cidade Europeia do Desporto Loul\u00e9","description":"Desporto, Cidade Europeia, Eventos Desportivos, Algarve, Portugal, Europa, Loul\u00e9, Conhecimento, Bem Estar, Sa\u00fade, Atividade F\u00edsica, Voluntario,","robots":{"index":"index","follow":"follow","max-snippet":"max-snippet:-1","max-image-preview":"max-image-preview:large","max-video-preview":"max-video-preview:-1"},"canonical":"http:\/\/loule2015.com\/?page_id=927","og_locale":"en_US","og_type":"article","og_title":"Cidade Europeia do Desporto Loul\u00e9","og_description":"Desporto, Cidade Europeia, Eventos Desportivos, Algarve, Portugal, Europa, Loul\u00e9, Conhecimento, Bem Estar, Sa\u00fade, Atividade F\u00edsica, Voluntario,","og_url":"http:\/\/loule2015.com\/?page_id=927","og_site_name":"Loul\u00e9 2015","article_publisher":"https:\/\/www.facebook.com\/louleced2015?ref=hl","article_modified_time":"2015-09-06T14:48:41+00:00","og_image":[{"url":"http:\/\/loule2015.com\/wp-content\/uploads\/2015\/03\/DSC_4568-480x321.jpg","type":"","width":"","height":""}],"twitter_card":"summary_large_image","twitter_misc":{"Est. reading time":"1 minute"},"schema":{"@context":"https:\/\/schema.org","@graph":[{"@type":"WebPage","@id":"http:\/\/loule2015.com\/?page_id=927","url":"http:\/\/loule2015.com\/?page_id=927","name":"Cidade Europeia do Desporto Loul\u00e9","isPartOf":{"@id":"https:\/\/loule2015.com\/#website"},"datePublished":"2015-03-03T14:43:42+00:00","dateModified":"2015-09-06T14:48:41+00:00","description":"Desporto, Cidade Europeia, Eventos Desportivos, Algarve, Portugal, Europa, Loul\u00e9, Conhecimento, Bem Estar, Sa\u00fade, Atividade F\u00edsica, Voluntario,","breadcrumb":{"@id":"http:\/\/loule2015.com\/?page_id=927#breadcrumb"},"inLanguage":"en-US","potentialAction":[{"@type":"ReadAction","target":["http:\/\/loule2015.com\/?page_id=927"]}]},{"@type":"BreadcrumbList","@id":"http:\/\/loule2015.com\/?page_id=927#breadcrumb","itemListElement":[{"@type":"ListItem","position":1,"name":"Home","item":"https:\/\/loule2015.com\/"},{"@type":"ListItem","position":2,"name":"Atlantic Tour"}]},{"@type":"WebSite","@id":"https:\/\/loule2015.com\/#website","url":"https:\/\/loule2015.com\/","name":"Loul\u00e9 2015","description":"Cidade Europeia do Desporto","potentialAction":[{"@type":"SearchAction","target":{"@type":"EntryPoint","urlTemplate":"https:\/\/loule2015.com\/?s={search_term_string}"},"query-input":{"@type":"PropertyValueSpecification","valueRequired":true,"valueName":"search_term_string"}}],"inLanguage":"en-US"}]}},"_links":{"self":[{"href":"http:\/\/loule2015.com\/index.php?rest_route=\/wp\/v2\/pages\/927","targetHints":{"allow":["GET"]}}],"collection":[{"href":"http:\/\/loule2015.com\/index.php?rest_route=\/wp\/v2\/pages"}],"about":[{"href":"http:\/\/loule2015.com\/index.php?rest_route=\/wp\/v2\/types\/page"}],"author":[{"embeddable":true,"href":"http:\/\/loule2015.com\/index.php?rest_route=\/wp\/v2\/users\/1"}],"replies":[{"embeddable":true,"href":"http:\/\/loule2015.com\/index.php?rest_route=%2Fwp%2Fv2%2Fcomments&post=927"}],"version-history":[{"count":16,"href":"http:\/\/loule2015.com\/index.php?rest_route=\/wp\/v2\/pages\/927\/revisions"}],"predecessor-version":[{"id":2761,"href":"http:\/\/loule2015.com\/index.php?rest_route=\/wp\/v2\/pages\/927\/revisions\/2761"}],"wp:attachment":[{"href":"http:\/\/loule2015.com\/index.php?rest_route=%2Fwp%2Fv2%2Fmedia&parent=927"}],"curies":[{"name":"wp","href":"https:\/\/api.w.org\/{rel}","templated":true}]}}