{"id":887,"date":"2015-02-26T14:34:34","date_gmt":"2015-02-26T14:34:34","guid":{"rendered":"http:\/\/loule2015.com\/?page_id=887"},"modified":"2016-01-11T14:50:28","modified_gmt":"2016-01-11T14:50:28","slug":"boccia","status":"publish","type":"page","link":"http:\/\/loule2015.com\/?page_id=887","title":{"rendered":"Boccia"},"content":{"rendered":"<h4 style=\"text-align: left;\"><div class=\"gtranslate_wrapper\" id=\"gt-wrapper-72236066\"><\/div><\/h4>\n<h4 style=\"text-align: left;\"><div class=\"fcbkbttn_buttons_block\" id=\"fcbkbttn_left\"><div class=\"fcbkbttn_like fcbkbttn_large_button\"><fb:like href=\"http:\/\/loule2015.com\/?page_id=887\" action=\"like\" colorscheme=\"light\" layout=\"button_count\"  size=\"large\"><\/fb:like><\/div><\/div><\/h4>\n<p><span style=\"color: #ffffff;\">_<\/span><\/p>\n<h4 style=\"text-align: center;\">Descri\u00e7\u00e3o<\/h4>\n<p style=\"text-align: justify;\">O Boccia \u00e9 uma modalidade de cariz universal, descendente de um jogo da antiga Gr\u00e9cia, que progrediu atrav\u00e9s do Imp\u00e9rio Romano, tendo vindo a dar origem a uma vasta gama de jogos, dos quais destacamos o bowling e a petanca.<\/p>\n<p style=\"text-align: justify;\">Foi introduzido em Portugal em 1983, durante um curso organizado pela APPC (Associa\u00e7\u00e3o Portuguesa de Paralisia Cerebral), em estreita colabora\u00e7\u00e3o com a CP-ISRA (Associa\u00e7\u00e3o Internacional de Desporto e Recrea\u00e7\u00e3o para a Paralisia Cerebral).<\/p>\n<p style=\"text-align: justify;\">As vertentes do jogo v\u00e3o do lazer e recrea\u00e7\u00e3o ao mais alto n\u00edvel de competi\u00e7\u00e3o e \u00e9 reconhecido neste \u00e2mbito pelas entidades oficiais a n\u00edvel mundial, tendo sido eleito como modalidade Paral\u00edmpica.<\/p>\n<p style=\"text-align: justify;\">O objectivo deste magn\u00edfico desporto \u00e9 colocar as bolas de cor (seis azuis contra seis vermelhas) o mais perto poss\u00edvel de uma bola alvo (bola branca), que \u00e9 lan\u00e7ada estrategicamente por um primeiro jogador, para dentro do recinto de jogo (Campo de Boccia).<\/p>\n<p style=\"text-align: justify;\">N\u00e3o h\u00e1 limite de idade para a pr\u00e1tica da modalidade, \u00e9 um jogo misto e pode ser jogado por pessoas portadoras ou n\u00e3o de dificuldades f\u00edsicas ou motoras. Os recursos materiais, assim como as Regras de Boccia foram adaptados(as), de forma a possibilitar a pr\u00e1tica a pessoas que tenham dificuldades motoras.<\/p>\n<p style=\"text-align: justify;\">A habilidade, agilidade e intelig\u00eancia tornam-se fundamentais no desenvolvimento das jogadas, assistindo-se muitas vezes a um verdadeiro espect\u00e1culo de altern\u00e2ncia da vantagem, atrav\u00e9s da aplica\u00e7\u00e3o de t\u00e9cnicas e t\u00e1cticas adequadas a cada circunst\u00e2ncia.<\/p>\n<p style=\"text-align: justify;\">A n\u00edvel nacional contamos com v\u00e1rios atletas de reconhecido m\u00e9rito e valor internacional, e fruto disso mesmo \u00e9 a presen\u00e7a nos tops dos Rankings Mundiais da modalidade.<\/p>\n<p>&nbsp;<\/p>\n<h4 style=\"line-height: 15pt; margin: 0cm 0cm 7.5pt; text-align: center; background: white;\">Evento<\/h4>\n<p><img loading=\"lazy\" decoding=\"async\" class=\"aligncenter size-full wp-image-905\" src=\"http:\/\/loule2015.com\/wp-content\/uploads\/2015\/02\/cartaz_boccia_.png\" alt=\"cartaz_boccia_\" width=\"800\" height=\"1138\" srcset=\"http:\/\/loule2015.com\/wp-content\/uploads\/2015\/02\/cartaz_boccia_.png 800w, http:\/\/loule2015.com\/wp-content\/uploads\/2015\/02\/cartaz_boccia_-449x640.png 449w\" sizes=\"auto, (max-width: 800px) 100vw, 800px\" \/><\/p>\n<h3 style=\"text-align: center;\">Programa do Evento<\/h3>\n<p style=\"text-align: center;\"><strong>S\u00e1bado, dia 14 de Mar\u00e7o<\/strong><br \/>\nIn\u00edcio da Competi\u00e7\u00e3o: 10h<br \/>\nFinal da Competi\u00e7\u00e3o: 13h00<\/p>\n<p style=\"text-align: center;\">Retoma da Competi\u00e7\u00e3o: 14h30<br \/>\nFinal do 1\u00ba Dia de Competi\u00e7\u00e3o: 18h00<\/p>\n<p style=\"text-align: center;\"><strong>Domingo, dia 15 de Mar\u00e7o<\/strong><br \/>\nInicio da\u00a0\u00a0competi\u00e7\u00e3o: 10h00<br \/>\nFinais: 11h00<\/p>\n<p style=\"text-align: center;\"><strong>Torneio de Boccia S\u00e9nior<\/strong>: 10h00 \u00e0s 13h00<br \/>\nCerim\u00f3nia de Encerramento e de entrega de medalhas<\/p>\n<h3 style=\"text-align: center;\">\u00a0Reportagem<\/h3>\n<p style=\"text-align: justify;\"><iframe loading=\"lazy\" src=\"\/\/player.vimeo.com\/video\/125681975\" width=\"1200\" height=\"281\" frameborder=\"0\" allowfullscreen=\"allowfullscreen\"><\/iframe><\/p>\n<h3 style=\"text-align: center;\">Resumo fotogr\u00e1fico<\/h3>\n\n\t\t<style type=\"text\/css\">\n\t\t\t#gallery-1 {\n\t\t\t\tmargin: auto;\n\t\t\t}\n\t\t\t#gallery-1 .gallery-item {\n\t\t\t\tfloat: left;\n\t\t\t\tmargin-top: 10px;\n\t\t\t\ttext-align: center;\n\t\t\t\twidth: 33%;\n\t\t\t}\n\t\t\t#gallery-1 img {\n\t\t\t\tborder: 2px solid #cfcfcf;\n\t\t\t}\n\t\t\t#gallery-1 .gallery-caption {\n\t\t\t\tmargin-left: 0;\n\t\t\t}\n\t\t\t\/* see gallery_shortcode() in wp-includes\/media.php *\/\n\t\t<\/style>\n\t\t<div id='gallery-1' class='gallery galleryid-887 gallery-columns-3 gallery-size-thumbnail'><dl class='gallery-item'>\n\t\t\t<dt class='gallery-icon landscape'>\n\t\t\t\t<a href='http:\/\/loule2015.com\/?attachment_id=1131#main'><img loading=\"lazy\" decoding=\"async\" width=\"480\" height=\"321\" src=\"http:\/\/loule2015.com\/wp-content\/uploads\/2015\/02\/DSC_4607-480x321.jpg\" class=\"attachment-thumbnail size-thumbnail\" alt=\"\" srcset=\"http:\/\/loule2015.com\/wp-content\/uploads\/2015\/02\/DSC_4607-480x321.jpg 480w, http:\/\/loule2015.com\/wp-content\/uploads\/2015\/02\/DSC_4607.jpg 800w\" sizes=\"auto, (max-width: 480px) 100vw, 480px\" \/><\/a>\n\t\t\t<\/dt><\/dl><dl class='gallery-item'>\n\t\t\t<dt class='gallery-icon landscape'>\n\t\t\t\t<a href='http:\/\/loule2015.com\/?attachment_id=1132#main'><img loading=\"lazy\" decoding=\"async\" width=\"480\" height=\"321\" src=\"http:\/\/loule2015.com\/wp-content\/uploads\/2015\/02\/DSC_4645-480x321.jpg\" class=\"attachment-thumbnail size-thumbnail\" alt=\"\" srcset=\"http:\/\/loule2015.com\/wp-content\/uploads\/2015\/02\/DSC_4645-480x321.jpg 480w, http:\/\/loule2015.com\/wp-content\/uploads\/2015\/02\/DSC_4645.jpg 800w\" sizes=\"auto, (max-width: 480px) 100vw, 480px\" \/><\/a>\n\t\t\t<\/dt><\/dl><dl class='gallery-item'>\n\t\t\t<dt class='gallery-icon landscape'>\n\t\t\t\t<a href='http:\/\/loule2015.com\/?attachment_id=1133#main'><img loading=\"lazy\" decoding=\"async\" width=\"480\" height=\"321\" src=\"http:\/\/loule2015.com\/wp-content\/uploads\/2015\/02\/DSC_4687-480x321.jpg\" class=\"attachment-thumbnail size-thumbnail\" alt=\"\" srcset=\"http:\/\/loule2015.com\/wp-content\/uploads\/2015\/02\/DSC_4687-480x321.jpg 480w, http:\/\/loule2015.com\/wp-content\/uploads\/2015\/02\/DSC_4687.jpg 800w\" sizes=\"auto, (max-width: 480px) 100vw, 480px\" \/><\/a>\n\t\t\t<\/dt><\/dl><br style=\"clear: both\" \/><dl class='gallery-item'>\n\t\t\t<dt class='gallery-icon landscape'>\n\t\t\t\t<a href='http:\/\/loule2015.com\/?attachment_id=1134#main'><img loading=\"lazy\" decoding=\"async\" width=\"480\" height=\"321\" src=\"http:\/\/loule2015.com\/wp-content\/uploads\/2015\/02\/DSC_4707-480x321.jpg\" class=\"attachment-thumbnail size-thumbnail\" alt=\"\" srcset=\"http:\/\/loule2015.com\/wp-content\/uploads\/2015\/02\/DSC_4707-480x321.jpg 480w, http:\/\/loule2015.com\/wp-content\/uploads\/2015\/02\/DSC_4707.jpg 800w\" sizes=\"auto, (max-width: 480px) 100vw, 480px\" \/><\/a>\n\t\t\t<\/dt><\/dl><dl class='gallery-item'>\n\t\t\t<dt class='gallery-icon landscape'>\n\t\t\t\t<a href='http:\/\/loule2015.com\/?attachment_id=1135#main'><img loading=\"lazy\" decoding=\"async\" width=\"480\" height=\"321\" src=\"http:\/\/loule2015.com\/wp-content\/uploads\/2015\/02\/DSC_4712-480x321.jpg\" class=\"attachment-thumbnail size-thumbnail\" alt=\"\" srcset=\"http:\/\/loule2015.com\/wp-content\/uploads\/2015\/02\/DSC_4712-480x321.jpg 480w, http:\/\/loule2015.com\/wp-content\/uploads\/2015\/02\/DSC_4712.jpg 800w\" sizes=\"auto, (max-width: 480px) 100vw, 480px\" \/><\/a>\n\t\t\t<\/dt><\/dl><dl class='gallery-item'>\n\t\t\t<dt class='gallery-icon landscape'>\n\t\t\t\t<a href='http:\/\/loule2015.com\/?attachment_id=1136#main'><img loading=\"lazy\" decoding=\"async\" width=\"480\" height=\"321\" src=\"http:\/\/loule2015.com\/wp-content\/uploads\/2015\/02\/DSC_4719-480x321.jpg\" class=\"attachment-thumbnail size-thumbnail\" alt=\"\" srcset=\"http:\/\/loule2015.com\/wp-content\/uploads\/2015\/02\/DSC_4719-480x321.jpg 480w, http:\/\/loule2015.com\/wp-content\/uploads\/2015\/02\/DSC_4719.jpg 800w\" sizes=\"auto, (max-width: 480px) 100vw, 480px\" \/><\/a>\n\t\t\t<\/dt><\/dl><br style=\"clear: both\" \/><dl class='gallery-item'>\n\t\t\t<dt class='gallery-icon landscape'>\n\t\t\t\t<a href='http:\/\/loule2015.com\/?attachment_id=1137#main'><img loading=\"lazy\" decoding=\"async\" width=\"480\" height=\"321\" src=\"http:\/\/loule2015.com\/wp-content\/uploads\/2015\/02\/DSC_4727-480x321.jpg\" class=\"attachment-thumbnail size-thumbnail\" alt=\"\" srcset=\"http:\/\/loule2015.com\/wp-content\/uploads\/2015\/02\/DSC_4727-480x321.jpg 480w, http:\/\/loule2015.com\/wp-content\/uploads\/2015\/02\/DSC_4727.jpg 800w\" sizes=\"auto, (max-width: 480px) 100vw, 480px\" \/><\/a>\n\t\t\t<\/dt><\/dl><dl class='gallery-item'>\n\t\t\t<dt class='gallery-icon landscape'>\n\t\t\t\t<a href='http:\/\/loule2015.com\/?attachment_id=1138#main'><img loading=\"lazy\" decoding=\"async\" width=\"480\" height=\"321\" src=\"http:\/\/loule2015.com\/wp-content\/uploads\/2015\/02\/DSC_4742-480x321.jpg\" class=\"attachment-thumbnail size-thumbnail\" alt=\"\" srcset=\"http:\/\/loule2015.com\/wp-content\/uploads\/2015\/02\/DSC_4742-480x321.jpg 480w, http:\/\/loule2015.com\/wp-content\/uploads\/2015\/02\/DSC_4742.jpg 800w\" sizes=\"auto, (max-width: 480px) 100vw, 480px\" \/><\/a>\n\t\t\t<\/dt><\/dl><dl class='gallery-item'>\n\t\t\t<dt class='gallery-icon landscape'>\n\t\t\t\t<a href='http:\/\/loule2015.com\/?attachment_id=1139#main'><img loading=\"lazy\" decoding=\"async\" width=\"480\" height=\"321\" src=\"http:\/\/loule2015.com\/wp-content\/uploads\/2015\/02\/DSC_4754-480x321.jpg\" class=\"attachment-thumbnail size-thumbnail\" alt=\"\" srcset=\"http:\/\/loule2015.com\/wp-content\/uploads\/2015\/02\/DSC_4754-480x321.jpg 480w, http:\/\/loule2015.com\/wp-content\/uploads\/2015\/02\/DSC_4754.jpg 800w\" sizes=\"auto, (max-width: 480px) 100vw, 480px\" \/><\/a>\n\t\t\t<\/dt><\/dl><br style=\"clear: both\" \/><dl class='gallery-item'>\n\t\t\t<dt class='gallery-icon landscape'>\n\t\t\t\t<a href='http:\/\/loule2015.com\/?attachment_id=1140#main'><img loading=\"lazy\" decoding=\"async\" width=\"480\" height=\"321\" src=\"http:\/\/loule2015.com\/wp-content\/uploads\/2015\/02\/DSC_4764-480x321.jpg\" class=\"attachment-thumbnail size-thumbnail\" alt=\"\" srcset=\"http:\/\/loule2015.com\/wp-content\/uploads\/2015\/02\/DSC_4764-480x321.jpg 480w, http:\/\/loule2015.com\/wp-content\/uploads\/2015\/02\/DSC_4764.jpg 800w\" sizes=\"auto, (max-width: 480px) 100vw, 480px\" \/><\/a>\n\t\t\t<\/dt><\/dl><dl class='gallery-item'>\n\t\t\t<dt class='gallery-icon landscape'>\n\t\t\t\t<a href='http:\/\/loule2015.com\/?attachment_id=1141#main'><img loading=\"lazy\" decoding=\"async\" width=\"480\" height=\"321\" src=\"http:\/\/loule2015.com\/wp-content\/uploads\/2015\/02\/DSC_4778-480x321.jpg\" class=\"attachment-thumbnail size-thumbnail\" alt=\"\" srcset=\"http:\/\/loule2015.com\/wp-content\/uploads\/2015\/02\/DSC_4778-480x321.jpg 480w, http:\/\/loule2015.com\/wp-content\/uploads\/2015\/02\/DSC_4778.jpg 800w\" sizes=\"auto, (max-width: 480px) 100vw, 480px\" \/><\/a>\n\t\t\t<\/dt><\/dl><dl class='gallery-item'>\n\t\t\t<dt class='gallery-icon landscape'>\n\t\t\t\t<a href='http:\/\/loule2015.com\/?attachment_id=1142#main'><img loading=\"lazy\" decoding=\"async\" width=\"480\" height=\"321\" src=\"http:\/\/loule2015.com\/wp-content\/uploads\/2015\/02\/DSC_4784-480x321.jpg\" class=\"attachment-thumbnail size-thumbnail\" alt=\"\" srcset=\"http:\/\/loule2015.com\/wp-content\/uploads\/2015\/02\/DSC_4784-480x321.jpg 480w, http:\/\/loule2015.com\/wp-content\/uploads\/2015\/02\/DSC_4784.jpg 800w\" sizes=\"auto, (max-width: 480px) 100vw, 480px\" \/><\/a>\n\t\t\t<\/dt><\/dl><br style=\"clear: both\" \/>\n\t\t<\/div>\n\n<p>&nbsp;<\/p>\n<h4 style=\"line-height: 15pt; margin: 0cm 0cm 7.5pt; text-align: center; background: white;\"><\/h4>\n","protected":false},"excerpt":{"rendered":"<p>_ Descri\u00e7\u00e3o O Boccia \u00e9 uma modalidade de cariz universal, descendente de um jogo da antiga Gr\u00e9cia, que progrediu atrav\u00e9s do Imp\u00e9rio Romano, tendo vindo a dar origem a uma vasta gama de jogos, dos quais destacamos o bowling e a petanca. Foi introduzido em Portugal em 1983, durante um curso organizado pela APPC (Associa\u00e7\u00e3o [&hellip;]<\/p>\n","protected":false},"author":1,"featured_media":0,"parent":0,"menu_order":0,"comment_status":"open","ping_status":"open","template":"","meta":{"footnotes":""},"class_list":["post-887","page","type-page","status-publish","hentry"],"yoast_head":"<!-- This site is optimized with the Yoast SEO plugin v26.2 - https:\/\/yoast.com\/wordpress\/plugins\/seo\/ -->\n<title>Cidade Europeia do Desporto Loul\u00e9<\/title>\n<meta name=\"description\" content=\"Desporto, Cidade Europeia, Eventos Desportivos, Algarve, Portugal, Europa, Loul\u00e9, Conhecimento, Bem Estar, Sa\u00fade, Atividade F\u00edsica, Voluntario,\" \/>\n<meta name=\"robots\" content=\"index, follow, max-snippet:-1, max-image-preview:large, max-video-preview:-1\" \/>\n<link rel=\"canonical\" href=\"http:\/\/loule2015.com\/?page_id=887\" \/>\n<meta property=\"og:locale\" content=\"en_US\" \/>\n<meta property=\"og:type\" content=\"article\" \/>\n<meta property=\"og:title\" content=\"Cidade Europeia do Desporto Loul\u00e9\" \/>\n<meta property=\"og:description\" content=\"Desporto, Cidade Europeia, Eventos Desportivos, Algarve, Portugal, Europa, Loul\u00e9, Conhecimento, Bem Estar, Sa\u00fade, Atividade F\u00edsica, Voluntario,\" \/>\n<meta property=\"og:url\" content=\"http:\/\/loule2015.com\/?page_id=887\" \/>\n<meta property=\"og:site_name\" content=\"Loul\u00e9 2015\" \/>\n<meta property=\"article:publisher\" content=\"https:\/\/www.facebook.com\/louleced2015?ref=hl\" \/>\n<meta property=\"article:modified_time\" content=\"2016-01-11T14:50:28+00:00\" \/>\n<meta property=\"og:image\" content=\"http:\/\/loule2015.com\/wp-content\/uploads\/2015\/02\/DSC_4607-480x321.jpg\" \/>\n<meta name=\"twitter:card\" content=\"summary_large_image\" \/>\n<meta name=\"twitter:label1\" content=\"Est. reading time\" \/>\n\t<meta name=\"twitter:data1\" content=\"2 minutes\" \/>\n<script type=\"application\/ld+json\" class=\"yoast-schema-graph\">{\"@context\":\"https:\/\/schema.org\",\"@graph\":[{\"@type\":\"WebPage\",\"@id\":\"http:\/\/loule2015.com\/?page_id=887\",\"url\":\"http:\/\/loule2015.com\/?page_id=887\",\"name\":\"Cidade Europeia do Desporto Loul\u00e9\",\"isPartOf\":{\"@id\":\"http:\/\/loule2015.com\/#website\"},\"primaryImageOfPage\":{\"@id\":\"http:\/\/loule2015.com\/?page_id=887#primaryimage\"},\"image\":{\"@id\":\"http:\/\/loule2015.com\/?page_id=887#primaryimage\"},\"thumbnailUrl\":\"http:\/\/loule2015.com\/wp-content\/uploads\/2015\/02\/cartaz_boccia_.png\",\"datePublished\":\"2015-02-26T14:34:34+00:00\",\"dateModified\":\"2016-01-11T14:50:28+00:00\",\"description\":\"Desporto, Cidade Europeia, Eventos Desportivos, Algarve, Portugal, Europa, Loul\u00e9, Conhecimento, Bem Estar, Sa\u00fade, Atividade F\u00edsica, Voluntario,\",\"breadcrumb\":{\"@id\":\"http:\/\/loule2015.com\/?page_id=887#breadcrumb\"},\"inLanguage\":\"en-US\",\"potentialAction\":[{\"@type\":\"ReadAction\",\"target\":[\"http:\/\/loule2015.com\/?page_id=887\"]}]},{\"@type\":\"ImageObject\",\"inLanguage\":\"en-US\",\"@id\":\"http:\/\/loule2015.com\/?page_id=887#primaryimage\",\"url\":\"http:\/\/loule2015.com\/wp-content\/uploads\/2015\/02\/cartaz_boccia_.png\",\"contentUrl\":\"http:\/\/loule2015.com\/wp-content\/uploads\/2015\/02\/cartaz_boccia_.png\",\"width\":800,\"height\":1138},{\"@type\":\"BreadcrumbList\",\"@id\":\"http:\/\/loule2015.com\/?page_id=887#breadcrumb\",\"itemListElement\":[{\"@type\":\"ListItem\",\"position\":1,\"name\":\"Home\",\"item\":\"http:\/\/loule2015.com\/\"},{\"@type\":\"ListItem\",\"position\":2,\"name\":\"Boccia\"}]},{\"@type\":\"WebSite\",\"@id\":\"http:\/\/loule2015.com\/#website\",\"url\":\"http:\/\/loule2015.com\/\",\"name\":\"Loul\u00e9 2015\",\"description\":\"Cidade Europeia do Desporto\",\"potentialAction\":[{\"@type\":\"SearchAction\",\"target\":{\"@type\":\"EntryPoint\",\"urlTemplate\":\"http:\/\/loule2015.com\/?s={search_term_string}\"},\"query-input\":{\"@type\":\"PropertyValueSpecification\",\"valueRequired\":true,\"valueName\":\"search_term_string\"}}],\"inLanguage\":\"en-US\"}]}<\/script>\n<!-- \/ Yoast SEO plugin. -->","yoast_head_json":{"title":"Cidade Europeia do Desporto Loul\u00e9","description":"Desporto, Cidade Europeia, Eventos Desportivos, Algarve, Portugal, Europa, Loul\u00e9, Conhecimento, Bem Estar, Sa\u00fade, Atividade F\u00edsica, Voluntario,","robots":{"index":"index","follow":"follow","max-snippet":"max-snippet:-1","max-image-preview":"max-image-preview:large","max-video-preview":"max-video-preview:-1"},"canonical":"http:\/\/loule2015.com\/?page_id=887","og_locale":"en_US","og_type":"article","og_title":"Cidade Europeia do Desporto Loul\u00e9","og_description":"Desporto, Cidade Europeia, Eventos Desportivos, Algarve, Portugal, Europa, Loul\u00e9, Conhecimento, Bem Estar, Sa\u00fade, Atividade F\u00edsica, Voluntario,","og_url":"http:\/\/loule2015.com\/?page_id=887","og_site_name":"Loul\u00e9 2015","article_publisher":"https:\/\/www.facebook.com\/louleced2015?ref=hl","article_modified_time":"2016-01-11T14:50:28+00:00","og_image":[{"url":"http:\/\/loule2015.com\/wp-content\/uploads\/2015\/02\/DSC_4607-480x321.jpg","type":"","width":"","height":""}],"twitter_card":"summary_large_image","twitter_misc":{"Est. reading time":"2 minutes"},"schema":{"@context":"https:\/\/schema.org","@graph":[{"@type":"WebPage","@id":"http:\/\/loule2015.com\/?page_id=887","url":"http:\/\/loule2015.com\/?page_id=887","name":"Cidade Europeia do Desporto Loul\u00e9","isPartOf":{"@id":"http:\/\/loule2015.com\/#website"},"primaryImageOfPage":{"@id":"http:\/\/loule2015.com\/?page_id=887#primaryimage"},"image":{"@id":"http:\/\/loule2015.com\/?page_id=887#primaryimage"},"thumbnailUrl":"http:\/\/loule2015.com\/wp-content\/uploads\/2015\/02\/cartaz_boccia_.png","datePublished":"2015-02-26T14:34:34+00:00","dateModified":"2016-01-11T14:50:28+00:00","description":"Desporto, Cidade Europeia, Eventos Desportivos, Algarve, Portugal, Europa, Loul\u00e9, Conhecimento, Bem Estar, Sa\u00fade, Atividade F\u00edsica, Voluntario,","breadcrumb":{"@id":"http:\/\/loule2015.com\/?page_id=887#breadcrumb"},"inLanguage":"en-US","potentialAction":[{"@type":"ReadAction","target":["http:\/\/loule2015.com\/?page_id=887"]}]},{"@type":"ImageObject","inLanguage":"en-US","@id":"http:\/\/loule2015.com\/?page_id=887#primaryimage","url":"http:\/\/loule2015.com\/wp-content\/uploads\/2015\/02\/cartaz_boccia_.png","contentUrl":"http:\/\/loule2015.com\/wp-content\/uploads\/2015\/02\/cartaz_boccia_.png","width":800,"height":1138},{"@type":"BreadcrumbList","@id":"http:\/\/loule2015.com\/?page_id=887#breadcrumb","itemListElement":[{"@type":"ListItem","position":1,"name":"Home","item":"http:\/\/loule2015.com\/"},{"@type":"ListItem","position":2,"name":"Boccia"}]},{"@type":"WebSite","@id":"http:\/\/loule2015.com\/#website","url":"http:\/\/loule2015.com\/","name":"Loul\u00e9 2015","description":"Cidade Europeia do Desporto","potentialAction":[{"@type":"SearchAction","target":{"@type":"EntryPoint","urlTemplate":"http:\/\/loule2015.com\/?s={search_term_string}"},"query-input":{"@type":"PropertyValueSpecification","valueRequired":true,"valueName":"search_term_string"}}],"inLanguage":"en-US"}]}},"_links":{"self":[{"href":"http:\/\/loule2015.com\/index.php?rest_route=\/wp\/v2\/pages\/887","targetHints":{"allow":["GET"]}}],"collection":[{"href":"http:\/\/loule2015.com\/index.php?rest_route=\/wp\/v2\/pages"}],"about":[{"href":"http:\/\/loule2015.com\/index.php?rest_route=\/wp\/v2\/types\/page"}],"author":[{"embeddable":true,"href":"http:\/\/loule2015.com\/index.php?rest_route=\/wp\/v2\/users\/1"}],"replies":[{"embeddable":true,"href":"http:\/\/loule2015.com\/index.php?rest_route=%2Fwp%2Fv2%2Fcomments&post=887"}],"version-history":[{"count":22,"href":"http:\/\/loule2015.com\/index.php?rest_route=\/wp\/v2\/pages\/887\/revisions"}],"predecessor-version":[{"id":3239,"href":"http:\/\/loule2015.com\/index.php?rest_route=\/wp\/v2\/pages\/887\/revisions\/3239"}],"wp:attachment":[{"href":"http:\/\/loule2015.com\/index.php?rest_route=%2Fwp%2Fv2%2Fmedia&parent=887"}],"curies":[{"name":"wp","href":"https:\/\/api.w.org\/{rel}","templated":true}]}}