{"id":687,"date":"2015-02-03T21:31:42","date_gmt":"2015-02-03T21:31:42","guid":{"rendered":"http:\/\/loule2015.com\/?page_id=687"},"modified":"2016-01-11T15:13:53","modified_gmt":"2016-01-11T15:13:53","slug":"embaixadores-na-escola","status":"publish","type":"page","link":"http:\/\/loule2015.com\/?page_id=687","title":{"rendered":"Embaixadores na Escola"},"content":{"rendered":"<p style=\"text-align: justify;\"><div class=\"gtranslate_wrapper\" id=\"gt-wrapper-58796945\"><\/div><\/p>\n<h4 style=\"text-align: left;\"><div class=\"fcbkbttn_buttons_block\" id=\"fcbkbttn_left\"><div class=\"fcbkbttn_like fcbkbttn_large_button\"><fb:like href=\"http:\/\/loule2015.com\/?page_id=687\" action=\"like\" colorscheme=\"light\" layout=\"button_count\"  size=\"large\"><\/fb:like><\/div><\/div><\/h4>\n<p><span style=\"color: #ffffff;\">_<\/span><\/p>\n<p style=\"text-align: justify;\">O projecto \u201cEmbaixadores na Escola\u201d, \u00e0 semelhan\u00e7a de \u201cIndividualidades na Escola\u201d, trata-se de um projecto de cariz te\u00f3rico-pr\u00e1tico, criado pela Divis\u00e3o de Desporto e Sa\u00fade da C\u00e2mara Municipal de Loul\u00e9 em colabora\u00e7\u00e3o com os Agrupamentos de Escolas do concelho.<\/p>\n<p style=\"text-align: justify;\">O objectivo principal passa por levar os embaixadores de \u201cLoul\u00e9 Cidade Europeia do Desporto 2015\u201d a visitar as escolas do 1\u00ba, 2\u00ba e 3\u00ba ciclo do concelho, promovendo as modalidades mais representativas do concelho e onde os <strong><a title=\"Embaixadores \" href=\"http:\/\/loule2015.com\/?p=46 \" target=\"_blank\">embaixadores<\/a><\/strong> se destacam desportivamente, interagindo com os alunos e abordando algumas das caracter\u00edsticas e especificidades das modalidades abordadas.<\/p>\n<p style=\"text-align: center;\">FOTOS<\/p>\n\n\t\t<style type=\"text\/css\">\n\t\t\t#gallery-1 {\n\t\t\t\tmargin: auto;\n\t\t\t}\n\t\t\t#gallery-1 .gallery-item {\n\t\t\t\tfloat: left;\n\t\t\t\tmargin-top: 10px;\n\t\t\t\ttext-align: center;\n\t\t\t\twidth: 33%;\n\t\t\t}\n\t\t\t#gallery-1 img {\n\t\t\t\tborder: 2px solid #cfcfcf;\n\t\t\t}\n\t\t\t#gallery-1 .gallery-caption {\n\t\t\t\tmargin-left: 0;\n\t\t\t}\n\t\t\t\/* see gallery_shortcode() in wp-includes\/media.php *\/\n\t\t<\/style>\n\t\t<div id='gallery-1' class='gallery galleryid-687 gallery-columns-3 gallery-size-thumbnail'><dl class='gallery-item'>\n\t\t\t<dt class='gallery-icon landscape'>\n\t\t\t\t<a href='http:\/\/loule2015.com\/wp-content\/uploads\/2015\/02\/Embaixadores-3.jpg'><img loading=\"lazy\" decoding=\"async\" width=\"480\" height=\"318\" src=\"http:\/\/loule2015.com\/wp-content\/uploads\/2015\/02\/Embaixadores-3-480x318.jpg\" class=\"attachment-thumbnail size-thumbnail\" alt=\"\" srcset=\"http:\/\/loule2015.com\/wp-content\/uploads\/2015\/02\/Embaixadores-3-480x318.jpg 480w, http:\/\/loule2015.com\/wp-content\/uploads\/2015\/02\/Embaixadores-3.jpg 800w\" sizes=\"auto, (max-width: 480px) 100vw, 480px\" \/><\/a>\n\t\t\t<\/dt><\/dl><dl class='gallery-item'>\n\t\t\t<dt class='gallery-icon landscape'>\n\t\t\t\t<a href='http:\/\/loule2015.com\/wp-content\/uploads\/2015\/02\/Embaixadores-1.jpg'><img loading=\"lazy\" decoding=\"async\" width=\"480\" height=\"318\" src=\"http:\/\/loule2015.com\/wp-content\/uploads\/2015\/02\/Embaixadores-1-480x318.jpg\" class=\"attachment-thumbnail size-thumbnail\" alt=\"\" srcset=\"http:\/\/loule2015.com\/wp-content\/uploads\/2015\/02\/Embaixadores-1-480x318.jpg 480w, http:\/\/loule2015.com\/wp-content\/uploads\/2015\/02\/Embaixadores-1.jpg 800w\" sizes=\"auto, (max-width: 480px) 100vw, 480px\" \/><\/a>\n\t\t\t<\/dt><\/dl><dl class='gallery-item'>\n\t\t\t<dt class='gallery-icon landscape'>\n\t\t\t\t<a href='http:\/\/loule2015.com\/wp-content\/uploads\/2015\/02\/Embaixadores-4.jpg'><img loading=\"lazy\" decoding=\"async\" width=\"480\" height=\"318\" src=\"http:\/\/loule2015.com\/wp-content\/uploads\/2015\/02\/Embaixadores-4-480x318.jpg\" class=\"attachment-thumbnail size-thumbnail\" alt=\"\" srcset=\"http:\/\/loule2015.com\/wp-content\/uploads\/2015\/02\/Embaixadores-4-480x318.jpg 480w, http:\/\/loule2015.com\/wp-content\/uploads\/2015\/02\/Embaixadores-4.jpg 800w\" sizes=\"auto, (max-width: 480px) 100vw, 480px\" \/><\/a>\n\t\t\t<\/dt><\/dl><br style=\"clear: both\" \/><dl class='gallery-item'>\n\t\t\t<dt class='gallery-icon landscape'>\n\t\t\t\t<a href='http:\/\/loule2015.com\/wp-content\/uploads\/2015\/02\/Embaixadores-2.jpg'><img loading=\"lazy\" decoding=\"async\" width=\"480\" height=\"318\" src=\"http:\/\/loule2015.com\/wp-content\/uploads\/2015\/02\/Embaixadores-2-480x318.jpg\" class=\"attachment-thumbnail size-thumbnail\" alt=\"\" srcset=\"http:\/\/loule2015.com\/wp-content\/uploads\/2015\/02\/Embaixadores-2-480x318.jpg 480w, http:\/\/loule2015.com\/wp-content\/uploads\/2015\/02\/Embaixadores-2.jpg 800w\" sizes=\"auto, (max-width: 480px) 100vw, 480px\" \/><\/a>\n\t\t\t<\/dt><\/dl>\n\t\t\t<br style='clear: both' \/>\n\t\t<\/div>\n\n<p style=\"text-align: center;\"><a href=\"https:\/\/drive.google.com\/folderview?id=0BxHiSkmww2Q1flVJdll1dUhwT3oyVUNVel81QUh6S0FHRklSNG13QVdVQVRVYlh5RFZMa0U&amp;usp=sharing\" target=\"_blank\"><img loading=\"lazy\" decoding=\"async\" class=\"aligncenter wp-image-1307 size-full\" src=\"http:\/\/loule2015.com\/wp-content\/uploads\/2014\/12\/ver_todas.jpg\" alt=\"ver_todas\" width=\"801\" height=\"201\" srcset=\"http:\/\/loule2015.com\/wp-content\/uploads\/2014\/12\/ver_todas.jpg 801w, http:\/\/loule2015.com\/wp-content\/uploads\/2014\/12\/ver_todas-480x120.jpg 480w, http:\/\/loule2015.com\/wp-content\/uploads\/2014\/12\/ver_todas-800x200.jpg 800w\" sizes=\"auto, (max-width: 801px) 100vw, 801px\" \/><\/a><\/p>\n","protected":false},"excerpt":{"rendered":"<p>_ O projecto \u201cEmbaixadores na Escola\u201d, \u00e0 semelhan\u00e7a de \u201cIndividualidades na Escola\u201d, trata-se de um projecto de cariz te\u00f3rico-pr\u00e1tico, criado pela Divis\u00e3o de Desporto e Sa\u00fade da C\u00e2mara Municipal de Loul\u00e9 em colabora\u00e7\u00e3o com os Agrupamentos de Escolas do concelho. O objectivo principal passa por levar os embaixadores de \u201cLoul\u00e9 Cidade Europeia do Desporto 2015\u201d [&hellip;]<\/p>\n","protected":false},"author":1,"featured_media":0,"parent":0,"menu_order":0,"comment_status":"open","ping_status":"open","template":"","meta":{"footnotes":""},"class_list":["post-687","page","type-page","status-publish","hentry"],"yoast_head":"<!-- This site is optimized with the Yoast SEO plugin v26.2 - https:\/\/yoast.com\/wordpress\/plugins\/seo\/ -->\n<title>Cidade Europeia do Desporto Loul\u00e9<\/title>\n<meta name=\"description\" content=\"Desporto, Cidade Europeia, Eventos Desportivos, Algarve, Portugal, Europa, Loul\u00e9, Conhecimento, Bem Estar, Sa\u00fade, Atividade F\u00edsica, Voluntario,\" \/>\n<meta name=\"robots\" content=\"index, follow, max-snippet:-1, max-image-preview:large, max-video-preview:-1\" \/>\n<link rel=\"canonical\" href=\"http:\/\/loule2015.com\/?page_id=687\" \/>\n<meta property=\"og:locale\" content=\"en_US\" \/>\n<meta property=\"og:type\" content=\"article\" \/>\n<meta property=\"og:title\" content=\"Cidade Europeia do Desporto Loul\u00e9\" \/>\n<meta property=\"og:description\" content=\"Desporto, Cidade Europeia, Eventos Desportivos, Algarve, Portugal, Europa, Loul\u00e9, Conhecimento, Bem Estar, Sa\u00fade, Atividade F\u00edsica, Voluntario,\" \/>\n<meta property=\"og:url\" content=\"http:\/\/loule2015.com\/?page_id=687\" \/>\n<meta property=\"og:site_name\" content=\"Loul\u00e9 2015\" \/>\n<meta property=\"article:publisher\" content=\"https:\/\/www.facebook.com\/louleced2015?ref=hl\" \/>\n<meta property=\"article:modified_time\" content=\"2016-01-11T15:13:53+00:00\" \/>\n<meta property=\"og:image\" content=\"http:\/\/loule2015.com\/wp-content\/uploads\/2015\/02\/Embaixadores-3-480x318.jpg\" \/>\n<meta name=\"twitter:card\" content=\"summary_large_image\" \/>\n<meta name=\"twitter:label1\" content=\"Est. reading time\" \/>\n\t<meta name=\"twitter:data1\" content=\"1 minute\" \/>\n<script type=\"application\/ld+json\" class=\"yoast-schema-graph\">{\"@context\":\"https:\/\/schema.org\",\"@graph\":[{\"@type\":\"WebPage\",\"@id\":\"http:\/\/loule2015.com\/?page_id=687\",\"url\":\"http:\/\/loule2015.com\/?page_id=687\",\"name\":\"Cidade Europeia do Desporto Loul\u00e9\",\"isPartOf\":{\"@id\":\"http:\/\/loule2015.com\/#website\"},\"primaryImageOfPage\":{\"@id\":\"http:\/\/loule2015.com\/?page_id=687#primaryimage\"},\"image\":{\"@id\":\"http:\/\/loule2015.com\/?page_id=687#primaryimage\"},\"thumbnailUrl\":\"http:\/\/loule2015.com\/wp-content\/uploads\/2014\/12\/ver_todas.jpg\",\"datePublished\":\"2015-02-03T21:31:42+00:00\",\"dateModified\":\"2016-01-11T15:13:53+00:00\",\"description\":\"Desporto, Cidade Europeia, Eventos Desportivos, Algarve, Portugal, Europa, Loul\u00e9, Conhecimento, Bem Estar, Sa\u00fade, Atividade F\u00edsica, Voluntario,\",\"breadcrumb\":{\"@id\":\"http:\/\/loule2015.com\/?page_id=687#breadcrumb\"},\"inLanguage\":\"en-US\",\"potentialAction\":[{\"@type\":\"ReadAction\",\"target\":[\"http:\/\/loule2015.com\/?page_id=687\"]}]},{\"@type\":\"ImageObject\",\"inLanguage\":\"en-US\",\"@id\":\"http:\/\/loule2015.com\/?page_id=687#primaryimage\",\"url\":\"http:\/\/loule2015.com\/wp-content\/uploads\/2014\/12\/ver_todas.jpg\",\"contentUrl\":\"http:\/\/loule2015.com\/wp-content\/uploads\/2014\/12\/ver_todas.jpg\",\"width\":801,\"height\":201},{\"@type\":\"BreadcrumbList\",\"@id\":\"http:\/\/loule2015.com\/?page_id=687#breadcrumb\",\"itemListElement\":[{\"@type\":\"ListItem\",\"position\":1,\"name\":\"Home\",\"item\":\"http:\/\/loule2015.com\/\"},{\"@type\":\"ListItem\",\"position\":2,\"name\":\"Embaixadores na Escola\"}]},{\"@type\":\"WebSite\",\"@id\":\"http:\/\/loule2015.com\/#website\",\"url\":\"http:\/\/loule2015.com\/\",\"name\":\"Loul\u00e9 2015\",\"description\":\"Cidade Europeia do Desporto\",\"potentialAction\":[{\"@type\":\"SearchAction\",\"target\":{\"@type\":\"EntryPoint\",\"urlTemplate\":\"http:\/\/loule2015.com\/?s={search_term_string}\"},\"query-input\":{\"@type\":\"PropertyValueSpecification\",\"valueRequired\":true,\"valueName\":\"search_term_string\"}}],\"inLanguage\":\"en-US\"}]}<\/script>\n<!-- \/ Yoast SEO plugin. -->","yoast_head_json":{"title":"Cidade Europeia do Desporto Loul\u00e9","description":"Desporto, Cidade Europeia, Eventos Desportivos, Algarve, Portugal, Europa, Loul\u00e9, Conhecimento, Bem Estar, Sa\u00fade, Atividade F\u00edsica, Voluntario,","robots":{"index":"index","follow":"follow","max-snippet":"max-snippet:-1","max-image-preview":"max-image-preview:large","max-video-preview":"max-video-preview:-1"},"canonical":"http:\/\/loule2015.com\/?page_id=687","og_locale":"en_US","og_type":"article","og_title":"Cidade Europeia do Desporto Loul\u00e9","og_description":"Desporto, Cidade Europeia, Eventos Desportivos, Algarve, Portugal, Europa, Loul\u00e9, Conhecimento, Bem Estar, Sa\u00fade, Atividade F\u00edsica, Voluntario,","og_url":"http:\/\/loule2015.com\/?page_id=687","og_site_name":"Loul\u00e9 2015","article_publisher":"https:\/\/www.facebook.com\/louleced2015?ref=hl","article_modified_time":"2016-01-11T15:13:53+00:00","og_image":[{"url":"http:\/\/loule2015.com\/wp-content\/uploads\/2015\/02\/Embaixadores-3-480x318.jpg","type":"","width":"","height":""}],"twitter_card":"summary_large_image","twitter_misc":{"Est. reading time":"1 minute"},"schema":{"@context":"https:\/\/schema.org","@graph":[{"@type":"WebPage","@id":"http:\/\/loule2015.com\/?page_id=687","url":"http:\/\/loule2015.com\/?page_id=687","name":"Cidade Europeia do Desporto Loul\u00e9","isPartOf":{"@id":"http:\/\/loule2015.com\/#website"},"primaryImageOfPage":{"@id":"http:\/\/loule2015.com\/?page_id=687#primaryimage"},"image":{"@id":"http:\/\/loule2015.com\/?page_id=687#primaryimage"},"thumbnailUrl":"http:\/\/loule2015.com\/wp-content\/uploads\/2014\/12\/ver_todas.jpg","datePublished":"2015-02-03T21:31:42+00:00","dateModified":"2016-01-11T15:13:53+00:00","description":"Desporto, Cidade Europeia, Eventos Desportivos, Algarve, Portugal, Europa, Loul\u00e9, Conhecimento, Bem Estar, Sa\u00fade, Atividade F\u00edsica, Voluntario,","breadcrumb":{"@id":"http:\/\/loule2015.com\/?page_id=687#breadcrumb"},"inLanguage":"en-US","potentialAction":[{"@type":"ReadAction","target":["http:\/\/loule2015.com\/?page_id=687"]}]},{"@type":"ImageObject","inLanguage":"en-US","@id":"http:\/\/loule2015.com\/?page_id=687#primaryimage","url":"http:\/\/loule2015.com\/wp-content\/uploads\/2014\/12\/ver_todas.jpg","contentUrl":"http:\/\/loule2015.com\/wp-content\/uploads\/2014\/12\/ver_todas.jpg","width":801,"height":201},{"@type":"BreadcrumbList","@id":"http:\/\/loule2015.com\/?page_id=687#breadcrumb","itemListElement":[{"@type":"ListItem","position":1,"name":"Home","item":"http:\/\/loule2015.com\/"},{"@type":"ListItem","position":2,"name":"Embaixadores na Escola"}]},{"@type":"WebSite","@id":"http:\/\/loule2015.com\/#website","url":"http:\/\/loule2015.com\/","name":"Loul\u00e9 2015","description":"Cidade Europeia do Desporto","potentialAction":[{"@type":"SearchAction","target":{"@type":"EntryPoint","urlTemplate":"http:\/\/loule2015.com\/?s={search_term_string}"},"query-input":{"@type":"PropertyValueSpecification","valueRequired":true,"valueName":"search_term_string"}}],"inLanguage":"en-US"}]}},"_links":{"self":[{"href":"http:\/\/loule2015.com\/index.php?rest_route=\/wp\/v2\/pages\/687","targetHints":{"allow":["GET"]}}],"collection":[{"href":"http:\/\/loule2015.com\/index.php?rest_route=\/wp\/v2\/pages"}],"about":[{"href":"http:\/\/loule2015.com\/index.php?rest_route=\/wp\/v2\/types\/page"}],"author":[{"embeddable":true,"href":"http:\/\/loule2015.com\/index.php?rest_route=\/wp\/v2\/users\/1"}],"replies":[{"embeddable":true,"href":"http:\/\/loule2015.com\/index.php?rest_route=%2Fwp%2Fv2%2Fcomments&post=687"}],"version-history":[{"count":26,"href":"http:\/\/loule2015.com\/index.php?rest_route=\/wp\/v2\/pages\/687\/revisions"}],"predecessor-version":[{"id":3251,"href":"http:\/\/loule2015.com\/index.php?rest_route=\/wp\/v2\/pages\/687\/revisions\/3251"}],"wp:attachment":[{"href":"http:\/\/loule2015.com\/index.php?rest_route=%2Fwp%2Fv2%2Fmedia&parent=687"}],"curies":[{"name":"wp","href":"https:\/\/api.w.org\/{rel}","templated":true}]}}