{"id":605,"date":"2015-01-22T20:52:56","date_gmt":"2015-01-22T20:52:56","guid":{"rendered":"http:\/\/loule2015.com\/?page_id=605"},"modified":"2019-11-04T15:57:32","modified_gmt":"2019-11-04T15:57:32","slug":"actividades-fisicas","status":"publish","type":"page","link":"http:\/\/loule2015.com\/?page_id=605","title":{"rendered":"Atividades fisicas"},"content":{"rendered":"<p><a href=\"http:\/\/loule2015.com\/?page_id=3171\"><img loading=\"lazy\" decoding=\"async\" class=\"aligncenter wp-image-3178 size-full\" src=\"http:\/\/loule2015.com\/wp-content\/uploads\/2015\/01\/banner_marcha_natal2015.png\" alt=\"banner_marcha_natal2015\" width=\"800\" height=\"400\" srcset=\"http:\/\/loule2015.com\/wp-content\/uploads\/2015\/01\/banner_marcha_natal2015.png 800w, http:\/\/loule2015.com\/wp-content\/uploads\/2015\/01\/banner_marcha_natal2015-480x240.png 480w\" sizes=\"auto, (max-width: 800px) 100vw, 800px\" \/><\/a><\/p>\n<p><a href=\"http:\/\/loule2015.com\/?page_id=2937\"><img loading=\"lazy\" decoding=\"async\" class=\"aligncenter wp-image-2939 size-full\" src=\"http:\/\/loule2015.com\/wp-content\/uploads\/2015\/01\/corrida.png\" alt=\"corrida\" width=\"800\" height=\"400\" srcset=\"http:\/\/loule2015.com\/wp-content\/uploads\/2015\/01\/corrida.png 800w, http:\/\/loule2015.com\/wp-content\/uploads\/2015\/01\/corrida-480x240.png 480w\" sizes=\"auto, (max-width: 800px) 100vw, 800px\" \/><\/a><\/p>\n<p><a href=\"http:\/\/loule2015.com\/?page_id=2901\"><img loading=\"lazy\" decoding=\"async\" class=\"aligncenter wp-image-2908 size-full\" src=\"http:\/\/loule2015.com\/wp-content\/uploads\/2015\/01\/header_V_fitness_challenge.png\" alt=\"header_V_fitness_challenge\" width=\"800\" height=\"296\" srcset=\"http:\/\/loule2015.com\/wp-content\/uploads\/2015\/01\/header_V_fitness_challenge.png 800w, http:\/\/loule2015.com\/wp-content\/uploads\/2015\/01\/header_V_fitness_challenge-480x178.png 480w\" sizes=\"auto, (max-width: 800px) 100vw, 800px\" \/><\/a><\/p>\n<p><a href=\"http:\/\/loule2015.com\/?page_id=2857\"><img loading=\"lazy\" decoding=\"async\" class=\"aligncenter wp-image-2861 size-medium\" src=\"http:\/\/loule2015.com\/wp-content\/uploads\/2015\/09\/banner_chancela_marcha_corrida_trilhos_colinas_vale_judeu-800x400.png\" alt=\"banner_chancela_marcha_corrida_trilhos_colinas_vale_judeu\" width=\"800\" height=\"400\" srcset=\"http:\/\/loule2015.com\/wp-content\/uploads\/2015\/09\/banner_chancela_marcha_corrida_trilhos_colinas_vale_judeu.png 800w, http:\/\/loule2015.com\/wp-content\/uploads\/2015\/09\/banner_chancela_marcha_corrida_trilhos_colinas_vale_judeu-480x240.png 480w\" sizes=\"auto, (max-width: 800px) 100vw, 800px\" \/><\/a><\/p>\n<p><a href=\"http:\/\/loule2015.com\/?page_id=2703\"><img loading=\"lazy\" decoding=\"async\" class=\"aligncenter wp-image-2707 size-full\" src=\"http:\/\/loule2015.com\/wp-content\/uploads\/2015\/01\/banner_chancela_2o_btt_nocturno_urbano_quarteira.png\" alt=\"banner_chancela_2o_btt_nocturno_urbano_quarteira\" width=\"800\" height=\"400\" srcset=\"http:\/\/loule2015.com\/wp-content\/uploads\/2015\/01\/banner_chancela_2o_btt_nocturno_urbano_quarteira.png 800w, http:\/\/loule2015.com\/wp-content\/uploads\/2015\/01\/banner_chancela_2o_btt_nocturno_urbano_quarteira-480x240.png 480w\" sizes=\"auto, (max-width: 800px) 100vw, 800px\" \/><\/a><\/p>\n<p><a href=\"http:\/\/loule2015.com\/?page_id=2677\"><img loading=\"lazy\" decoding=\"async\" class=\"aligncenter wp-image-2692 size-full\" src=\"http:\/\/loule2015.com\/wp-content\/uploads\/2015\/01\/banner_24h_pure_bike1.png\" alt=\"banner_24h_pure_bike\" width=\"800\" height=\"400\" srcset=\"http:\/\/loule2015.com\/wp-content\/uploads\/2015\/01\/banner_24h_pure_bike1.png 800w, http:\/\/loule2015.com\/wp-content\/uploads\/2015\/01\/banner_24h_pure_bike1-480x240.png 480w\" sizes=\"auto, (max-width: 800px) 100vw, 800px\" \/><\/a><\/p>\n<p><a href=\"http:\/\/loule2015.com\/?page_id=2344\"><img loading=\"lazy\" decoding=\"async\" class=\"aligncenter wp-image-2616 size-full\" src=\"http:\/\/loule2015.com\/wp-content\/uploads\/2015\/01\/11822430_938142079564897_4526786109331378928_n.png\" alt=\"11822430_938142079564897_4526786109331378928_n\" width=\"800\" height=\"400\" srcset=\"http:\/\/loule2015.com\/wp-content\/uploads\/2015\/01\/11822430_938142079564897_4526786109331378928_n.png 800w, http:\/\/loule2015.com\/wp-content\/uploads\/2015\/01\/11822430_938142079564897_4526786109331378928_n-480x240.png 480w\" sizes=\"auto, (max-width: 800px) 100vw, 800px\" \/><\/a><\/p>\n<p><a href=\"http:\/\/loule2015.com\/?page_id=2455\"><img loading=\"lazy\" decoding=\"async\" class=\"aligncenter wp-image-2479 size-full\" src=\"http:\/\/loule2015.com\/wp-content\/uploads\/2015\/01\/banner_festival_natacao.png\" alt=\"banner_festival_natacao\" width=\"800\" height=\"400\" srcset=\"http:\/\/loule2015.com\/wp-content\/uploads\/2015\/01\/banner_festival_natacao.png 800w, http:\/\/loule2015.com\/wp-content\/uploads\/2015\/01\/banner_festival_natacao-480x240.png 480w\" sizes=\"auto, (max-width: 800px) 100vw, 800px\" \/><\/a><\/p>\n<p><a href=\"http:\/\/loule2015.com\/?page_id=2349\"><img loading=\"lazy\" decoding=\"async\" class=\"aligncenter wp-image-2419 size-full\" src=\"http:\/\/loule2015.com\/wp-content\/uploads\/2015\/06\/banner_2a_marcha_corrida_nocturna_cidade_quarteira.png\" alt=\"banner_2a_marcha_corrida_nocturna_cidade_quarteira\" width=\"800\" height=\"400\" srcset=\"http:\/\/loule2015.com\/wp-content\/uploads\/2015\/06\/banner_2a_marcha_corrida_nocturna_cidade_quarteira.png 800w, http:\/\/loule2015.com\/wp-content\/uploads\/2015\/06\/banner_2a_marcha_corrida_nocturna_cidade_quarteira-480x240.png 480w\" sizes=\"auto, (max-width: 800px) 100vw, 800px\" \/><\/a><\/p>\n<p><a href=\"http:\/\/loule2015.com\/?page_id=2273\"><img loading=\"lazy\" decoding=\"async\" class=\"aligncenter wp-image-2305 size-full\" src=\"http:\/\/loule2015.com\/wp-content\/uploads\/2015\/06\/banner_chancela_marcha_final_loule.png\" alt=\"banner_chancela_marcha_final_loule\" width=\"800\" height=\"400\" srcset=\"http:\/\/loule2015.com\/wp-content\/uploads\/2015\/06\/banner_chancela_marcha_final_loule.png 800w, http:\/\/loule2015.com\/wp-content\/uploads\/2015\/06\/banner_chancela_marcha_final_loule-480x240.png 480w\" sizes=\"auto, (max-width: 800px) 100vw, 800px\" \/><\/a><\/p>\n<p><a href=\"http:\/\/loule2015.com\/?page_id=2341\"><img loading=\"lazy\" decoding=\"async\" class=\"aligncenter wp-image-2423 size-full\" src=\"http:\/\/loule2015.com\/wp-content\/uploads\/2015\/01\/banner_chancela_cicloturismo_reis_eusebio.png\" alt=\"banner_chancela_cicloturismo_reis_eusebio\" width=\"800\" height=\"400\" srcset=\"http:\/\/loule2015.com\/wp-content\/uploads\/2015\/01\/banner_chancela_cicloturismo_reis_eusebio.png 800w, http:\/\/loule2015.com\/wp-content\/uploads\/2015\/01\/banner_chancela_cicloturismo_reis_eusebio-480x240.png 480w\" sizes=\"auto, (max-width: 800px) 100vw, 800px\" \/><\/a><\/p>\n<p><a href=\"http:\/\/loule2015.com\/?page_id=2141\"><img loading=\"lazy\" decoding=\"async\" class=\"aligncenter wp-image-2316 size-full\" src=\"http:\/\/loule2015.com\/wp-content\/uploads\/2015\/05\/banner_2a_marcha_nocturna_concelho_loule.png\" alt=\"banner_2a_marcha_nocturna_concelho_loule\" width=\"800\" height=\"400\" srcset=\"http:\/\/loule2015.com\/wp-content\/uploads\/2015\/05\/banner_2a_marcha_nocturna_concelho_loule.png 800w, http:\/\/loule2015.com\/wp-content\/uploads\/2015\/05\/banner_2a_marcha_nocturna_concelho_loule-480x240.png 480w\" sizes=\"auto, (max-width: 800px) 100vw, 800px\" \/><\/a><\/p>\n<p><a href=\"http:\/\/loule2015.com\/?page_id=1866\"><img loading=\"lazy\" decoding=\"async\" class=\"aligncenter wp-image-2126 size-full\" src=\"http:\/\/loule2015.com\/wp-content\/uploads\/2015\/04\/banner_1o_loule_tenis_classic.png\" alt=\"banner_1o_loule_tenis_classic\" width=\"800\" height=\"400\" srcset=\"http:\/\/loule2015.com\/wp-content\/uploads\/2015\/04\/banner_1o_loule_tenis_classic.png 800w, http:\/\/loule2015.com\/wp-content\/uploads\/2015\/04\/banner_1o_loule_tenis_classic-480x240.png 480w\" sizes=\"auto, (max-width: 800px) 100vw, 800px\" \/><\/a><\/p>\n<p><a href=\"http:\/\/loule2015.com\/?page_id=1817\"><img loading=\"lazy\" decoding=\"async\" class=\"aligncenter wp-image-1847 size-full\" src=\"http:\/\/loule2015.com\/wp-content\/uploads\/2015\/01\/banner_marcha_corrida_cp_infancia.png\" alt=\"banner_marcha_corrida_cp_infancia\" width=\"800\" height=\"400\" srcset=\"http:\/\/loule2015.com\/wp-content\/uploads\/2015\/01\/banner_marcha_corrida_cp_infancia.png 800w, http:\/\/loule2015.com\/wp-content\/uploads\/2015\/01\/banner_marcha_corrida_cp_infancia-480x240.png 480w\" sizes=\"auto, (max-width: 800px) 100vw, 800px\" \/><\/a><\/p>\n<p><a href=\"http:\/\/loule2015.com\/?page_id=1694\"><img loading=\"lazy\" decoding=\"async\" class=\"aligncenter wp-image-1807 size-full\" src=\"http:\/\/loule2015.com\/wp-content\/uploads\/2015\/01\/banner_european_cycling_challenge1.png\" alt=\"banner_european_cycling_challenge\" width=\"800\" height=\"400\" srcset=\"http:\/\/loule2015.com\/wp-content\/uploads\/2015\/01\/banner_european_cycling_challenge1.png 800w, http:\/\/loule2015.com\/wp-content\/uploads\/2015\/01\/banner_european_cycling_challenge1-480x240.png 480w\" sizes=\"auto, (max-width: 800px) 100vw, 800px\" \/><\/a><\/p>\n<h3 style=\"text-align: center;\"><a href=\"http:\/\/loule2015.com\/?page_id=1668\"><img loading=\"lazy\" decoding=\"async\" class=\"aligncenter wp-image-1691 size-full\" src=\"http:\/\/loule2015.com\/wp-content\/uploads\/2015\/01\/banner_chancela_walking_festival.png\" alt=\"banner_chancela_walking_festival\" width=\"800\" height=\"400\" srcset=\"http:\/\/loule2015.com\/wp-content\/uploads\/2015\/01\/banner_chancela_walking_festival.png 800w, http:\/\/loule2015.com\/wp-content\/uploads\/2015\/01\/banner_chancela_walking_festival-480x240.png 480w\" sizes=\"auto, (max-width: 800px) 100vw, 800px\" \/><\/a><\/h3>\n<p><a href=\"http:\/\/loule2015.com\/?page_id=1608\"><img loading=\"lazy\" decoding=\"async\" class=\"aligncenter wp-image-1651 size-full\" src=\"http:\/\/loule2015.com\/wp-content\/uploads\/2015\/01\/headder_EVENTO_4.jpg\" alt=\"headder_EVENTO_4\" width=\"800\" height=\"296\" srcset=\"http:\/\/loule2015.com\/wp-content\/uploads\/2015\/01\/headder_EVENTO_4.jpg 800w, http:\/\/loule2015.com\/wp-content\/uploads\/2015\/01\/headder_EVENTO_4-480x177.jpg 480w\" sizes=\"auto, (max-width: 800px) 100vw, 800px\" \/><\/a><\/p>\n<p><a href=\"http:\/\/loule2015.com\/?page_id=1517\"><img loading=\"lazy\" decoding=\"async\" class=\"aligncenter wp-image-1518 size-full\" src=\"http:\/\/loule2015.com\/wp-content\/uploads\/2015\/04\/banner_chancela_btt_subida_mae_soberana.png\" alt=\"banner_chancela_btt_subida_mae_soberana\" width=\"800\" height=\"400\" srcset=\"http:\/\/loule2015.com\/wp-content\/uploads\/2015\/04\/banner_chancela_btt_subida_mae_soberana.png 800w, http:\/\/loule2015.com\/wp-content\/uploads\/2015\/04\/banner_chancela_btt_subida_mae_soberana-480x240.png 480w\" sizes=\"auto, (max-width: 800px) 100vw, 800px\" \/><\/a><\/p>\n<p><a href=\"http:\/\/loule2015.com\/?page_id=696\"><img loading=\"lazy\" decoding=\"async\" class=\"aligncenter wp-image-726 size-full\" src=\"http:\/\/loule2015.com\/wp-content\/uploads\/2015\/01\/banner_800x400.png\" alt=\"banner_800x400\" width=\"800\" height=\"400\" srcset=\"http:\/\/loule2015.com\/wp-content\/uploads\/2015\/01\/banner_800x400.png 800w, http:\/\/loule2015.com\/wp-content\/uploads\/2015\/01\/banner_800x400-480x240.png 480w\" sizes=\"auto, (max-width: 800px) 100vw, 800px\" \/><\/a><\/p>\n<p><a href=\"http:\/\/loule2015.com\/?page_id=598\"><img loading=\"lazy\" decoding=\"async\" class=\"aligncenter wp-image-485 size-full\" src=\"http:\/\/loule2015.com\/wp-content\/uploads\/2014\/08\/II_Fitness_Challenge.png\" alt=\"II_Fitness_Challenge\" width=\"852\" height=\"316\" srcset=\"http:\/\/loule2015.com\/wp-content\/uploads\/2014\/08\/II_Fitness_Challenge.png 852w, http:\/\/loule2015.com\/wp-content\/uploads\/2014\/08\/II_Fitness_Challenge-480x178.png 480w, http:\/\/loule2015.com\/wp-content\/uploads\/2014\/08\/II_Fitness_Challenge-800x296.png 800w\" sizes=\"auto, (max-width: 852px) 100vw, 852px\" \/><\/a><\/p>\n","protected":false},"excerpt":{"rendered":"","protected":false},"author":1,"featured_media":0,"parent":0,"menu_order":0,"comment_status":"open","ping_status":"open","template":"","meta":{"footnotes":""},"class_list":["post-605","page","type-page","status-publish","hentry"],"yoast_head":"<!-- This site is optimized with the Yoast SEO plugin v26.2 - https:\/\/yoast.com\/wordpress\/plugins\/seo\/ -->\n<title>Cidade Europeia do Desporto Loul\u00e9<\/title>\n<meta name=\"description\" content=\"Desporto, Cidade Europeia, Eventos Desportivos, Algarve, Portugal, Europa, Loul\u00e9, Conhecimento, Bem Estar, Sa\u00fade, Atividade F\u00edsica, Voluntario,\" \/>\n<meta name=\"robots\" content=\"index, follow, max-snippet:-1, max-image-preview:large, max-video-preview:-1\" \/>\n<link rel=\"canonical\" href=\"http:\/\/loule2015.com\/?page_id=605\" \/>\n<meta property=\"og:locale\" content=\"en_US\" \/>\n<meta property=\"og:type\" content=\"article\" \/>\n<meta property=\"og:title\" content=\"Cidade Europeia do Desporto Loul\u00e9\" \/>\n<meta property=\"og:description\" content=\"Desporto, Cidade Europeia, Eventos Desportivos, Algarve, Portugal, Europa, Loul\u00e9, Conhecimento, Bem Estar, Sa\u00fade, Atividade F\u00edsica, Voluntario,\" \/>\n<meta property=\"og:url\" content=\"http:\/\/loule2015.com\/?page_id=605\" \/>\n<meta property=\"og:site_name\" content=\"Loul\u00e9 2015\" \/>\n<meta property=\"article:publisher\" content=\"https:\/\/www.facebook.com\/louleced2015?ref=hl\" \/>\n<meta property=\"article:modified_time\" content=\"2019-11-04T15:57:32+00:00\" \/>\n<meta property=\"og:image\" content=\"http:\/\/loule2015.com\/wp-content\/uploads\/2015\/01\/banner_marcha_natal2015.png\" \/>\n<meta name=\"twitter:card\" content=\"summary_large_image\" \/>\n<script type=\"application\/ld+json\" class=\"yoast-schema-graph\">{\"@context\":\"https:\/\/schema.org\",\"@graph\":[{\"@type\":\"WebPage\",\"@id\":\"http:\/\/loule2015.com\/?page_id=605\",\"url\":\"http:\/\/loule2015.com\/?page_id=605\",\"name\":\"Cidade Europeia do Desporto Loul\u00e9\",\"isPartOf\":{\"@id\":\"http:\/\/loule2015.com\/#website\"},\"primaryImageOfPage\":{\"@id\":\"http:\/\/loule2015.com\/?page_id=605#primaryimage\"},\"image\":{\"@id\":\"http:\/\/loule2015.com\/?page_id=605#primaryimage\"},\"thumbnailUrl\":\"http:\/\/loule2015.com\/wp-content\/uploads\/2015\/01\/banner_marcha_natal2015.png\",\"datePublished\":\"2015-01-22T20:52:56+00:00\",\"dateModified\":\"2019-11-04T15:57:32+00:00\",\"description\":\"Desporto, Cidade Europeia, Eventos Desportivos, Algarve, Portugal, Europa, Loul\u00e9, Conhecimento, Bem Estar, Sa\u00fade, Atividade F\u00edsica, Voluntario,\",\"breadcrumb\":{\"@id\":\"http:\/\/loule2015.com\/?page_id=605#breadcrumb\"},\"inLanguage\":\"en-US\",\"potentialAction\":[{\"@type\":\"ReadAction\",\"target\":[\"http:\/\/loule2015.com\/?page_id=605\"]}]},{\"@type\":\"ImageObject\",\"inLanguage\":\"en-US\",\"@id\":\"http:\/\/loule2015.com\/?page_id=605#primaryimage\",\"url\":\"http:\/\/loule2015.com\/wp-content\/uploads\/2015\/01\/banner_marcha_natal2015.png\",\"contentUrl\":\"http:\/\/loule2015.com\/wp-content\/uploads\/2015\/01\/banner_marcha_natal2015.png\",\"width\":800,\"height\":400},{\"@type\":\"BreadcrumbList\",\"@id\":\"http:\/\/loule2015.com\/?page_id=605#breadcrumb\",\"itemListElement\":[{\"@type\":\"ListItem\",\"position\":1,\"name\":\"Home\",\"item\":\"http:\/\/loule2015.com\/\"},{\"@type\":\"ListItem\",\"position\":2,\"name\":\"Atividades fisicas\"}]},{\"@type\":\"WebSite\",\"@id\":\"http:\/\/loule2015.com\/#website\",\"url\":\"http:\/\/loule2015.com\/\",\"name\":\"Loul\u00e9 2015\",\"description\":\"Cidade Europeia do Desporto\",\"potentialAction\":[{\"@type\":\"SearchAction\",\"target\":{\"@type\":\"EntryPoint\",\"urlTemplate\":\"http:\/\/loule2015.com\/?s={search_term_string}\"},\"query-input\":{\"@type\":\"PropertyValueSpecification\",\"valueRequired\":true,\"valueName\":\"search_term_string\"}}],\"inLanguage\":\"en-US\"}]}<\/script>\n<!-- \/ Yoast SEO plugin. -->","yoast_head_json":{"title":"Cidade Europeia do Desporto Loul\u00e9","description":"Desporto, Cidade Europeia, Eventos Desportivos, Algarve, Portugal, Europa, Loul\u00e9, Conhecimento, Bem Estar, Sa\u00fade, Atividade F\u00edsica, Voluntario,","robots":{"index":"index","follow":"follow","max-snippet":"max-snippet:-1","max-image-preview":"max-image-preview:large","max-video-preview":"max-video-preview:-1"},"canonical":"http:\/\/loule2015.com\/?page_id=605","og_locale":"en_US","og_type":"article","og_title":"Cidade Europeia do Desporto Loul\u00e9","og_description":"Desporto, Cidade Europeia, Eventos Desportivos, Algarve, Portugal, Europa, Loul\u00e9, Conhecimento, Bem Estar, Sa\u00fade, Atividade F\u00edsica, Voluntario,","og_url":"http:\/\/loule2015.com\/?page_id=605","og_site_name":"Loul\u00e9 2015","article_publisher":"https:\/\/www.facebook.com\/louleced2015?ref=hl","article_modified_time":"2019-11-04T15:57:32+00:00","og_image":[{"url":"http:\/\/loule2015.com\/wp-content\/uploads\/2015\/01\/banner_marcha_natal2015.png","type":"","width":"","height":""}],"twitter_card":"summary_large_image","schema":{"@context":"https:\/\/schema.org","@graph":[{"@type":"WebPage","@id":"http:\/\/loule2015.com\/?page_id=605","url":"http:\/\/loule2015.com\/?page_id=605","name":"Cidade Europeia do Desporto Loul\u00e9","isPartOf":{"@id":"http:\/\/loule2015.com\/#website"},"primaryImageOfPage":{"@id":"http:\/\/loule2015.com\/?page_id=605#primaryimage"},"image":{"@id":"http:\/\/loule2015.com\/?page_id=605#primaryimage"},"thumbnailUrl":"http:\/\/loule2015.com\/wp-content\/uploads\/2015\/01\/banner_marcha_natal2015.png","datePublished":"2015-01-22T20:52:56+00:00","dateModified":"2019-11-04T15:57:32+00:00","description":"Desporto, Cidade Europeia, Eventos Desportivos, Algarve, Portugal, Europa, Loul\u00e9, Conhecimento, Bem Estar, Sa\u00fade, Atividade F\u00edsica, Voluntario,","breadcrumb":{"@id":"http:\/\/loule2015.com\/?page_id=605#breadcrumb"},"inLanguage":"en-US","potentialAction":[{"@type":"ReadAction","target":["http:\/\/loule2015.com\/?page_id=605"]}]},{"@type":"ImageObject","inLanguage":"en-US","@id":"http:\/\/loule2015.com\/?page_id=605#primaryimage","url":"http:\/\/loule2015.com\/wp-content\/uploads\/2015\/01\/banner_marcha_natal2015.png","contentUrl":"http:\/\/loule2015.com\/wp-content\/uploads\/2015\/01\/banner_marcha_natal2015.png","width":800,"height":400},{"@type":"BreadcrumbList","@id":"http:\/\/loule2015.com\/?page_id=605#breadcrumb","itemListElement":[{"@type":"ListItem","position":1,"name":"Home","item":"http:\/\/loule2015.com\/"},{"@type":"ListItem","position":2,"name":"Atividades fisicas"}]},{"@type":"WebSite","@id":"http:\/\/loule2015.com\/#website","url":"http:\/\/loule2015.com\/","name":"Loul\u00e9 2015","description":"Cidade Europeia do Desporto","potentialAction":[{"@type":"SearchAction","target":{"@type":"EntryPoint","urlTemplate":"http:\/\/loule2015.com\/?s={search_term_string}"},"query-input":{"@type":"PropertyValueSpecification","valueRequired":true,"valueName":"search_term_string"}}],"inLanguage":"en-US"}]}},"_links":{"self":[{"href":"http:\/\/loule2015.com\/index.php?rest_route=\/wp\/v2\/pages\/605","targetHints":{"allow":["GET"]}}],"collection":[{"href":"http:\/\/loule2015.com\/index.php?rest_route=\/wp\/v2\/pages"}],"about":[{"href":"http:\/\/loule2015.com\/index.php?rest_route=\/wp\/v2\/types\/page"}],"author":[{"embeddable":true,"href":"http:\/\/loule2015.com\/index.php?rest_route=\/wp\/v2\/users\/1"}],"replies":[{"embeddable":true,"href":"http:\/\/loule2015.com\/index.php?rest_route=%2Fwp%2Fv2%2Fcomments&post=605"}],"version-history":[{"count":38,"href":"http:\/\/loule2015.com\/index.php?rest_route=\/wp\/v2\/pages\/605\/revisions"}],"predecessor-version":[{"id":3285,"href":"http:\/\/loule2015.com\/index.php?rest_route=\/wp\/v2\/pages\/605\/revisions\/3285"}],"wp:attachment":[{"href":"http:\/\/loule2015.com\/index.php?rest_route=%2Fwp%2Fv2%2Fmedia&parent=605"}],"curies":[{"name":"wp","href":"https:\/\/api.w.org\/{rel}","templated":true}]}}