{"id":3171,"date":"2015-12-10T10:52:23","date_gmt":"2015-12-10T10:52:23","guid":{"rendered":"http:\/\/loule2015.com\/?page_id=3171"},"modified":"2015-12-10T14:20:18","modified_gmt":"2015-12-10T14:20:18","slug":"marcha-corrida-de-natal","status":"publish","type":"page","link":"http:\/\/loule2015.com\/?page_id=3171","title":{"rendered":"Marcha Corrida de Natal"},"content":{"rendered":"<p style=\"text-align: justify;\"><div class=\"gtranslate_wrapper\" id=\"gt-wrapper-79432495\"><\/div><\/p>\n<p style=\"text-align: justify;\"><div class=\"fcbkbttn_buttons_block\" id=\"fcbkbttn_left\"><div class=\"fcbkbttn_like fcbkbttn_large_button\"><fb:like href=\"http:\/\/loule2015.com\/?page_id=3171\" action=\"like\" colorscheme=\"light\" layout=\"button_count\"  size=\"large\"><\/fb:like><\/div><\/div><\/p>\n<p style=\"text-align: justify;\">Pelo segundo ano consecutivo, a C\u00e2mara Municipal de Loul\u00e9 volta a apostar no Programa de Anima\u00e7\u00e3o de Natal do Concelho de Loul\u00e9. Neste \u00e2mbito realiza-se pelo segundo ano consecutivo a Marcha \u2013 Corrida de Natal no dia 18 de Dezembro, pelas 20h30.<br \/>\nA actividade tem partida e chegada junto \u00e0 \u201cAldeia dos Sonhos\u201d, na Cerca do Convento. O desafio ser\u00e1 percorrer uma dist\u00e2ncia de 5,5 km ou 11,5 Km, dependendo da escolha e da condi\u00e7\u00e3o f\u00edsica dos participantes.<br \/>\n\u00c0 semelhan\u00e7a do ano anterior, pretende-se muita anima\u00e7\u00e3o nas ruas de Loul\u00e9 com as cores e o esp\u00edrito de Natal.<br \/>\nA prova \u00e9 organizada pela C\u00e2mara Municipal de Loul\u00e9 e conta com o apoio do Grupo Corridas \u00e0 6\u00aa Feira. Trata-se de um evento solid\u00e1rio, onde se pretende apoiar a organiza\u00e7\u00e3o sem fundos lucrativos \u201cCora\u00e7\u00e3o Sem Dono\u201d.<br \/>\nAs inscri\u00e7\u00f5es s\u00e3o gratuitas e podem ser enviadas para o e-mail: <a href=\"mailto:afisicaced2015@cm-loule.pt\" target=\"_blank\">afisicaced2015@cm-loule.pt<\/a> ou atrav\u00e9s do telefone: 289 400 888 at\u00e9 ao dia 17 de Dezembro. Deve indicar o nome completo e data de nascimento.<\/p>\n","protected":false},"excerpt":{"rendered":"<p>Pelo segundo ano consecutivo, a C\u00e2mara Municipal de Loul\u00e9 volta a apostar no Programa de Anima\u00e7\u00e3o de Natal do Concelho de Loul\u00e9. Neste \u00e2mbito realiza-se pelo segundo ano consecutivo a Marcha \u2013 Corrida de Natal no dia 18 de Dezembro, pelas 20h30. A actividade tem partida e chegada junto \u00e0 \u201cAldeia dos Sonhos\u201d, na Cerca [&hellip;]<\/p>\n","protected":false},"author":1,"featured_media":0,"parent":0,"menu_order":0,"comment_status":"open","ping_status":"open","template":"","meta":{"footnotes":""},"class_list":["post-3171","page","type-page","status-publish","hentry"],"yoast_head":"<!-- This site is optimized with the Yoast SEO plugin v26.2 - https:\/\/yoast.com\/wordpress\/plugins\/seo\/ -->\n<title>Cidade Europeia do Desporto Loul\u00e9<\/title>\n<meta name=\"description\" content=\"Desporto, Cidade Europeia, Eventos Desportivos, Algarve, Portugal, Europa, Loul\u00e9, Conhecimento, Bem Estar, Sa\u00fade, Atividade F\u00edsica, Voluntario,\" \/>\n<meta name=\"robots\" content=\"index, follow, max-snippet:-1, max-image-preview:large, max-video-preview:-1\" \/>\n<link rel=\"canonical\" href=\"http:\/\/loule2015.com\/?page_id=3171\" \/>\n<meta property=\"og:locale\" content=\"en_US\" \/>\n<meta property=\"og:type\" content=\"article\" \/>\n<meta property=\"og:title\" content=\"Cidade Europeia do Desporto Loul\u00e9\" \/>\n<meta property=\"og:description\" content=\"Desporto, Cidade Europeia, Eventos Desportivos, Algarve, Portugal, Europa, Loul\u00e9, Conhecimento, Bem Estar, Sa\u00fade, Atividade F\u00edsica, Voluntario,\" \/>\n<meta property=\"og:url\" content=\"http:\/\/loule2015.com\/?page_id=3171\" \/>\n<meta property=\"og:site_name\" content=\"Loul\u00e9 2015\" \/>\n<meta property=\"article:publisher\" content=\"https:\/\/www.facebook.com\/louleced2015?ref=hl\" \/>\n<meta property=\"article:modified_time\" content=\"2015-12-10T14:20:18+00:00\" \/>\n<meta property=\"og:image\" content=\"http:\/\/loule2015.com\/wp-content\/uploads\/2015\/03\/Loul\u00e9_CED.png\" \/>\n\t<meta property=\"og:image:width\" content=\"400\" \/>\n\t<meta property=\"og:image:height\" content=\"400\" \/>\n\t<meta property=\"og:image:type\" content=\"image\/png\" \/>\n<meta name=\"twitter:card\" content=\"summary_large_image\" \/>\n<meta name=\"twitter:label1\" content=\"Est. reading time\" \/>\n\t<meta name=\"twitter:data1\" content=\"1 minute\" \/>\n<script type=\"application\/ld+json\" class=\"yoast-schema-graph\">{\"@context\":\"https:\/\/schema.org\",\"@graph\":[{\"@type\":\"WebPage\",\"@id\":\"http:\/\/loule2015.com\/?page_id=3171\",\"url\":\"http:\/\/loule2015.com\/?page_id=3171\",\"name\":\"Cidade Europeia do Desporto Loul\u00e9\",\"isPartOf\":{\"@id\":\"http:\/\/loule2015.com\/#website\"},\"datePublished\":\"2015-12-10T10:52:23+00:00\",\"dateModified\":\"2015-12-10T14:20:18+00:00\",\"description\":\"Desporto, Cidade Europeia, Eventos Desportivos, Algarve, Portugal, Europa, Loul\u00e9, Conhecimento, Bem Estar, Sa\u00fade, Atividade F\u00edsica, Voluntario,\",\"breadcrumb\":{\"@id\":\"http:\/\/loule2015.com\/?page_id=3171#breadcrumb\"},\"inLanguage\":\"en-US\",\"potentialAction\":[{\"@type\":\"ReadAction\",\"target\":[\"http:\/\/loule2015.com\/?page_id=3171\"]}]},{\"@type\":\"BreadcrumbList\",\"@id\":\"http:\/\/loule2015.com\/?page_id=3171#breadcrumb\",\"itemListElement\":[{\"@type\":\"ListItem\",\"position\":1,\"name\":\"Home\",\"item\":\"http:\/\/loule2015.com\/\"},{\"@type\":\"ListItem\",\"position\":2,\"name\":\"Marcha Corrida de Natal\"}]},{\"@type\":\"WebSite\",\"@id\":\"http:\/\/loule2015.com\/#website\",\"url\":\"http:\/\/loule2015.com\/\",\"name\":\"Loul\u00e9 2015\",\"description\":\"Cidade Europeia do Desporto\",\"potentialAction\":[{\"@type\":\"SearchAction\",\"target\":{\"@type\":\"EntryPoint\",\"urlTemplate\":\"http:\/\/loule2015.com\/?s={search_term_string}\"},\"query-input\":{\"@type\":\"PropertyValueSpecification\",\"valueRequired\":true,\"valueName\":\"search_term_string\"}}],\"inLanguage\":\"en-US\"}]}<\/script>\n<!-- \/ Yoast SEO plugin. -->","yoast_head_json":{"title":"Cidade Europeia do Desporto Loul\u00e9","description":"Desporto, Cidade Europeia, Eventos Desportivos, Algarve, Portugal, Europa, Loul\u00e9, Conhecimento, Bem Estar, Sa\u00fade, Atividade F\u00edsica, Voluntario,","robots":{"index":"index","follow":"follow","max-snippet":"max-snippet:-1","max-image-preview":"max-image-preview:large","max-video-preview":"max-video-preview:-1"},"canonical":"http:\/\/loule2015.com\/?page_id=3171","og_locale":"en_US","og_type":"article","og_title":"Cidade Europeia do Desporto Loul\u00e9","og_description":"Desporto, Cidade Europeia, Eventos Desportivos, Algarve, Portugal, Europa, Loul\u00e9, Conhecimento, Bem Estar, Sa\u00fade, Atividade F\u00edsica, Voluntario,","og_url":"http:\/\/loule2015.com\/?page_id=3171","og_site_name":"Loul\u00e9 2015","article_publisher":"https:\/\/www.facebook.com\/louleced2015?ref=hl","article_modified_time":"2015-12-10T14:20:18+00:00","og_image":[{"width":400,"height":400,"url":"http:\/\/loule2015.com\/wp-content\/uploads\/2015\/03\/Loul\u00e9_CED.png","type":"image\/png"}],"twitter_card":"summary_large_image","twitter_misc":{"Est. reading time":"1 minute"},"schema":{"@context":"https:\/\/schema.org","@graph":[{"@type":"WebPage","@id":"http:\/\/loule2015.com\/?page_id=3171","url":"http:\/\/loule2015.com\/?page_id=3171","name":"Cidade Europeia do Desporto Loul\u00e9","isPartOf":{"@id":"http:\/\/loule2015.com\/#website"},"datePublished":"2015-12-10T10:52:23+00:00","dateModified":"2015-12-10T14:20:18+00:00","description":"Desporto, Cidade Europeia, Eventos Desportivos, Algarve, Portugal, Europa, Loul\u00e9, Conhecimento, Bem Estar, Sa\u00fade, Atividade F\u00edsica, Voluntario,","breadcrumb":{"@id":"http:\/\/loule2015.com\/?page_id=3171#breadcrumb"},"inLanguage":"en-US","potentialAction":[{"@type":"ReadAction","target":["http:\/\/loule2015.com\/?page_id=3171"]}]},{"@type":"BreadcrumbList","@id":"http:\/\/loule2015.com\/?page_id=3171#breadcrumb","itemListElement":[{"@type":"ListItem","position":1,"name":"Home","item":"http:\/\/loule2015.com\/"},{"@type":"ListItem","position":2,"name":"Marcha Corrida de Natal"}]},{"@type":"WebSite","@id":"http:\/\/loule2015.com\/#website","url":"http:\/\/loule2015.com\/","name":"Loul\u00e9 2015","description":"Cidade Europeia do Desporto","potentialAction":[{"@type":"SearchAction","target":{"@type":"EntryPoint","urlTemplate":"http:\/\/loule2015.com\/?s={search_term_string}"},"query-input":{"@type":"PropertyValueSpecification","valueRequired":true,"valueName":"search_term_string"}}],"inLanguage":"en-US"}]}},"_links":{"self":[{"href":"http:\/\/loule2015.com\/index.php?rest_route=\/wp\/v2\/pages\/3171","targetHints":{"allow":["GET"]}}],"collection":[{"href":"http:\/\/loule2015.com\/index.php?rest_route=\/wp\/v2\/pages"}],"about":[{"href":"http:\/\/loule2015.com\/index.php?rest_route=\/wp\/v2\/types\/page"}],"author":[{"embeddable":true,"href":"http:\/\/loule2015.com\/index.php?rest_route=\/wp\/v2\/users\/1"}],"replies":[{"embeddable":true,"href":"http:\/\/loule2015.com\/index.php?rest_route=%2Fwp%2Fv2%2Fcomments&post=3171"}],"version-history":[{"count":5,"href":"http:\/\/loule2015.com\/index.php?rest_route=\/wp\/v2\/pages\/3171\/revisions"}],"predecessor-version":[{"id":3177,"href":"http:\/\/loule2015.com\/index.php?rest_route=\/wp\/v2\/pages\/3171\/revisions\/3177"}],"wp:attachment":[{"href":"http:\/\/loule2015.com\/index.php?rest_route=%2Fwp%2Fv2%2Fmedia&parent=3171"}],"curies":[{"name":"wp","href":"https:\/\/api.w.org\/{rel}","templated":true}]}}