{"id":2935,"date":"2015-10-23T15:41:35","date_gmt":"2015-10-23T15:41:35","guid":{"rendered":"http:\/\/loule2015.com\/?page_id=2935"},"modified":"2015-11-02T14:03:14","modified_gmt":"2015-11-02T14:03:14","slug":"loule-world-cup","status":"publish","type":"page","link":"http:\/\/loule2015.com\/?page_id=2935","title":{"rendered":"Loul\u00e9 World Cup"},"content":{"rendered":"<p style=\"text-align: justify;\"><div class=\"gtranslate_wrapper\" id=\"gt-wrapper-72016039\"><\/div><\/p>\n<div class=\"fcbkbttn_buttons_block\" id=\"fcbkbttn_left\"><div class=\"fcbkbttn_like fcbkbttn_large_button\"><fb:like href=\"http:\/\/loule2015.com\/?page_id=2935\" action=\"like\" colorscheme=\"light\" layout=\"button_count\"  size=\"large\"><\/fb:like><\/div><\/div>\n<p style=\"text-align: justify;\"><span style=\"color: #ffffff;\">_<\/span><\/p>\n<p style=\"text-align: justify;\">Realiza-se, no Pavilh\u00e3o Municipal de Loul\u00e9, nos pr\u00f3ximos dias 29, 30 e 31 de outubro, a 6\u00aa edi\u00e7\u00e3o da Loul\u00e9 World Cup, prova da Ta\u00e7a do Mundo em Trampolins. A competi\u00e7\u00e3o \u00e9 organizada pela Associa\u00e7\u00e3o de Pais e Amigos da Gin\u00e1stica de Loul\u00e9 (APAGL) e pela Federa\u00e7\u00e3o de Gin\u00e1stica de Portugal, com o apoio da C\u00e2mara Municipal de Loul\u00e9 e com o alto patroc\u00ednio da Federa\u00e7\u00e3o Internacional de Gin\u00e1stica.<br \/>\nParalelamente, realiza-se a 10\u00aa edi\u00e7\u00e3o da Competi\u00e7\u00e3o Internacional Loul\u00e9 Cup, nas modalidades de trampolim, duplo mini-trampolim e tumbling.<br \/>\nIntegradas nos eventos desportivos da &#8220;Loul\u00e9 Capital Europeia do Desporto 2015&#8221;, as competi\u00e7\u00f5es contam com cerca de 550 ginastas de 30 pa\u00edses.<br \/>\nNa competi\u00e7\u00e3o Loul\u00e9 World Cup 2015, teremos a participa\u00e7\u00e3o de cerca de 150 ginastas de 26 pa\u00edses, Portugal, B\u00e9lgica, Gr\u00e3-Bretanha, R\u00fassia, It\u00e1lia, Espanha, Arg\u00e9lia, Jap\u00e3o, Canad\u00e1, Brasil, Egito, Dinamarca, Su\u00e9cia, Gr\u00e9cia, Ge\u00f3rgia, Irlanda, Alemanha, Bielor\u00fassia, Austr\u00e1lia, Nova Zel\u00e2ndia, Azerbeij\u00e3o, Fran\u00e7a, Su\u00ed\u00e7a, Holanda, Rep\u00fablica Checa e Turquia.<br \/>\nA Loul\u00e9 World Cup \u00e9 \u00faltima prova internacional que antecede o Campeonato Mundial de Trampolins a realizar no final do pr\u00f3ximo m\u00eas de novembro em Odense \u2013 Dinamarca. Nesse sentido, teremos na cidade de Loul\u00e9 muitos dos melhores ginastas do mundo nas modalidades de trampolim e tumbling.<br \/>\nIgualmente a 10\u00aa edi\u00e7\u00e3o da competi\u00e7\u00e3o internacional Loul\u00e9 Cup, vai permitir que os ginastas mais jovens possam participar numa competi\u00e7\u00e3o de alto n\u00edvel como prepara\u00e7\u00e3o para os Campeonatos do Mundo por Idades que se realizar\u00e1 em novembro na cidade de Odense, Dinamarca. Participam na Loul\u00e9 Cup, cerca de 400 ginastas, de 20 pa\u00edses, Portugal, Espanha, Gr\u00e3-Bretanha, Fran\u00e7a, EUA, Cazaquist\u00e3o, B\u00e9lgica, Holanda, Dinamarca, Su\u00e9cia, Arg\u00e9lia, Azerbeij\u00e3o, It\u00e1lia, Austr\u00e1lia, R\u00fassia, Jap\u00e3o, Canad\u00e1, Gr\u00e9cia, Irlanda, Georgia. A cidade de Loul\u00e9 vai ser, mais uma vez, a capital mundial de trampolins.<br \/>\nMais informa\u00e7\u00f5es sobre as competi\u00e7\u00f5es em <a href=\"http:\/\/www.apagl.pt\" target=\"_blank\">www.apagl.pt<\/a> ou na p\u00e1gina do <a href=\"https:\/\/www.facebook.com\/direccao.apagl?fref=ts\" target=\"_blank\">facebook<\/a>, incluindo o Programa para os dias da competi\u00e7\u00e3o.<\/p>\n<p style=\"text-align: center;\"><strong>resumo fotogr\u00e1fico<\/strong><\/p>\n\n\t\t<style type=\"text\/css\">\n\t\t\t#gallery-1 {\n\t\t\t\tmargin: auto;\n\t\t\t}\n\t\t\t#gallery-1 .gallery-item {\n\t\t\t\tfloat: left;\n\t\t\t\tmargin-top: 10px;\n\t\t\t\ttext-align: center;\n\t\t\t\twidth: 33%;\n\t\t\t}\n\t\t\t#gallery-1 img {\n\t\t\t\tborder: 2px solid #cfcfcf;\n\t\t\t}\n\t\t\t#gallery-1 .gallery-caption {\n\t\t\t\tmargin-left: 0;\n\t\t\t}\n\t\t\t\/* see gallery_shortcode() in wp-includes\/media.php *\/\n\t\t<\/style>\n\t\t<div id='gallery-1' class='gallery galleryid-2935 gallery-columns-3 gallery-size-thumbnail'><dl class='gallery-item'>\n\t\t\t<dt class='gallery-icon landscape'>\n\t\t\t\t<a href='http:\/\/loule2015.com\/?attachment_id=2984#main'><img loading=\"lazy\" decoding=\"async\" width=\"480\" height=\"321\" src=\"http:\/\/loule2015.com\/wp-content\/uploads\/2015\/10\/DSC_2556-480x321.jpg\" class=\"attachment-thumbnail size-thumbnail\" alt=\"\" srcset=\"http:\/\/loule2015.com\/wp-content\/uploads\/2015\/10\/DSC_2556-480x321.jpg 480w, http:\/\/loule2015.com\/wp-content\/uploads\/2015\/10\/DSC_2556.jpg 800w\" sizes=\"auto, (max-width: 480px) 100vw, 480px\" \/><\/a>\n\t\t\t<\/dt><\/dl><dl class='gallery-item'>\n\t\t\t<dt class='gallery-icon landscape'>\n\t\t\t\t<a href='http:\/\/loule2015.com\/?attachment_id=2973#main'><img loading=\"lazy\" decoding=\"async\" width=\"480\" height=\"321\" src=\"http:\/\/loule2015.com\/wp-content\/uploads\/2015\/10\/DSC_2600-480x321.jpg\" class=\"attachment-thumbnail size-thumbnail\" alt=\"\" srcset=\"http:\/\/loule2015.com\/wp-content\/uploads\/2015\/10\/DSC_2600-480x321.jpg 480w, http:\/\/loule2015.com\/wp-content\/uploads\/2015\/10\/DSC_2600.jpg 800w\" sizes=\"auto, (max-width: 480px) 100vw, 480px\" \/><\/a>\n\t\t\t<\/dt><\/dl><dl class='gallery-item'>\n\t\t\t<dt class='gallery-icon landscape'>\n\t\t\t\t<a href='http:\/\/loule2015.com\/?attachment_id=2980#main'><img loading=\"lazy\" decoding=\"async\" width=\"480\" height=\"321\" src=\"http:\/\/loule2015.com\/wp-content\/uploads\/2015\/10\/DSC_2428-480x321.jpg\" class=\"attachment-thumbnail size-thumbnail\" alt=\"\" srcset=\"http:\/\/loule2015.com\/wp-content\/uploads\/2015\/10\/DSC_2428-480x321.jpg 480w, http:\/\/loule2015.com\/wp-content\/uploads\/2015\/10\/DSC_2428.jpg 800w\" sizes=\"auto, (max-width: 480px) 100vw, 480px\" \/><\/a>\n\t\t\t<\/dt><\/dl><br style=\"clear: both\" \/><dl class='gallery-item'>\n\t\t\t<dt class='gallery-icon landscape'>\n\t\t\t\t<a href='http:\/\/loule2015.com\/?attachment_id=2978#main'><img loading=\"lazy\" decoding=\"async\" width=\"480\" height=\"321\" src=\"http:\/\/loule2015.com\/wp-content\/uploads\/2015\/10\/DSC_2413-480x321.jpg\" class=\"attachment-thumbnail size-thumbnail\" alt=\"\" srcset=\"http:\/\/loule2015.com\/wp-content\/uploads\/2015\/10\/DSC_2413-480x321.jpg 480w, http:\/\/loule2015.com\/wp-content\/uploads\/2015\/10\/DSC_2413.jpg 800w\" sizes=\"auto, (max-width: 480px) 100vw, 480px\" \/><\/a>\n\t\t\t<\/dt><\/dl><dl class='gallery-item'>\n\t\t\t<dt class='gallery-icon landscape'>\n\t\t\t\t<a href='http:\/\/loule2015.com\/?attachment_id=2974#main'><img loading=\"lazy\" decoding=\"async\" width=\"480\" height=\"321\" src=\"http:\/\/loule2015.com\/wp-content\/uploads\/2015\/10\/DSC_2246-480x321.jpg\" class=\"attachment-thumbnail size-thumbnail\" alt=\"\" srcset=\"http:\/\/loule2015.com\/wp-content\/uploads\/2015\/10\/DSC_2246-480x321.jpg 480w, http:\/\/loule2015.com\/wp-content\/uploads\/2015\/10\/DSC_2246.jpg 800w\" sizes=\"auto, (max-width: 480px) 100vw, 480px\" \/><\/a>\n\t\t\t<\/dt><\/dl><dl class='gallery-item'>\n\t\t\t<dt class='gallery-icon landscape'>\n\t\t\t\t<a href='http:\/\/loule2015.com\/?attachment_id=2975#main'><img loading=\"lazy\" decoding=\"async\" width=\"480\" height=\"321\" src=\"http:\/\/loule2015.com\/wp-content\/uploads\/2015\/10\/DSC_2309-480x321.jpg\" class=\"attachment-thumbnail size-thumbnail\" alt=\"\" srcset=\"http:\/\/loule2015.com\/wp-content\/uploads\/2015\/10\/DSC_2309-480x321.jpg 480w, http:\/\/loule2015.com\/wp-content\/uploads\/2015\/10\/DSC_2309.jpg 800w\" sizes=\"auto, (max-width: 480px) 100vw, 480px\" \/><\/a>\n\t\t\t<\/dt><\/dl><br style=\"clear: both\" \/><dl class='gallery-item'>\n\t\t\t<dt class='gallery-icon landscape'>\n\t\t\t\t<a href='http:\/\/loule2015.com\/?attachment_id=2976#main'><img loading=\"lazy\" decoding=\"async\" width=\"480\" height=\"321\" src=\"http:\/\/loule2015.com\/wp-content\/uploads\/2015\/10\/DSC_2316-480x321.jpg\" class=\"attachment-thumbnail size-thumbnail\" alt=\"\" srcset=\"http:\/\/loule2015.com\/wp-content\/uploads\/2015\/10\/DSC_2316-480x321.jpg 480w, http:\/\/loule2015.com\/wp-content\/uploads\/2015\/10\/DSC_2316.jpg 800w\" sizes=\"auto, (max-width: 480px) 100vw, 480px\" \/><\/a>\n\t\t\t<\/dt><\/dl><dl class='gallery-item'>\n\t\t\t<dt class='gallery-icon landscape'>\n\t\t\t\t<a href='http:\/\/loule2015.com\/?attachment_id=2979#main'><img loading=\"lazy\" decoding=\"async\" width=\"480\" height=\"321\" src=\"http:\/\/loule2015.com\/wp-content\/uploads\/2015\/10\/DSC_2415-480x321.jpg\" class=\"attachment-thumbnail size-thumbnail\" alt=\"\" srcset=\"http:\/\/loule2015.com\/wp-content\/uploads\/2015\/10\/DSC_2415-480x321.jpg 480w, http:\/\/loule2015.com\/wp-content\/uploads\/2015\/10\/DSC_2415.jpg 800w\" sizes=\"auto, (max-width: 480px) 100vw, 480px\" \/><\/a>\n\t\t\t<\/dt><\/dl><dl class='gallery-item'>\n\t\t\t<dt class='gallery-icon landscape'>\n\t\t\t\t<a href='http:\/\/loule2015.com\/?attachment_id=2977#main'><img loading=\"lazy\" decoding=\"async\" width=\"480\" height=\"321\" src=\"http:\/\/loule2015.com\/wp-content\/uploads\/2015\/10\/DSC_2324-480x321.jpg\" class=\"attachment-thumbnail size-thumbnail\" alt=\"\" srcset=\"http:\/\/loule2015.com\/wp-content\/uploads\/2015\/10\/DSC_2324-480x321.jpg 480w, http:\/\/loule2015.com\/wp-content\/uploads\/2015\/10\/DSC_2324.jpg 800w\" sizes=\"auto, (max-width: 480px) 100vw, 480px\" \/><\/a>\n\t\t\t<\/dt><\/dl><br style=\"clear: both\" \/><dl class='gallery-item'>\n\t\t\t<dt class='gallery-icon landscape'>\n\t\t\t\t<a href='http:\/\/loule2015.com\/?attachment_id=2983#main'><img loading=\"lazy\" decoding=\"async\" width=\"480\" height=\"321\" src=\"http:\/\/loule2015.com\/wp-content\/uploads\/2015\/10\/DSC_2511-480x321.jpg\" class=\"attachment-thumbnail size-thumbnail\" alt=\"\" srcset=\"http:\/\/loule2015.com\/wp-content\/uploads\/2015\/10\/DSC_2511-480x321.jpg 480w, http:\/\/loule2015.com\/wp-content\/uploads\/2015\/10\/DSC_2511.jpg 800w\" sizes=\"auto, (max-width: 480px) 100vw, 480px\" \/><\/a>\n\t\t\t<\/dt><\/dl><dl class='gallery-item'>\n\t\t\t<dt class='gallery-icon landscape'>\n\t\t\t\t<a href='http:\/\/loule2015.com\/?attachment_id=2982#main'><img loading=\"lazy\" decoding=\"async\" width=\"480\" height=\"321\" src=\"http:\/\/loule2015.com\/wp-content\/uploads\/2015\/10\/DSC_2493-480x321.jpg\" class=\"attachment-thumbnail size-thumbnail\" alt=\"\" srcset=\"http:\/\/loule2015.com\/wp-content\/uploads\/2015\/10\/DSC_2493-480x321.jpg 480w, http:\/\/loule2015.com\/wp-content\/uploads\/2015\/10\/DSC_2493.jpg 800w\" sizes=\"auto, (max-width: 480px) 100vw, 480px\" \/><\/a>\n\t\t\t<\/dt><\/dl><dl class='gallery-item'>\n\t\t\t<dt class='gallery-icon landscape'>\n\t\t\t\t<a href='http:\/\/loule2015.com\/?attachment_id=2981#main'><img loading=\"lazy\" decoding=\"async\" width=\"480\" height=\"321\" src=\"http:\/\/loule2015.com\/wp-content\/uploads\/2015\/10\/DSC_2489-480x321.jpg\" class=\"attachment-thumbnail size-thumbnail\" alt=\"\" srcset=\"http:\/\/loule2015.com\/wp-content\/uploads\/2015\/10\/DSC_2489-480x321.jpg 480w, http:\/\/loule2015.com\/wp-content\/uploads\/2015\/10\/DSC_2489.jpg 800w\" sizes=\"auto, (max-width: 480px) 100vw, 480px\" \/><\/a>\n\t\t\t<\/dt><\/dl><br style=\"clear: both\" \/>\n\t\t<\/div>\n\n<p><a href=\"http:\/\/bit.ly\/6\u00aaTa\u00e7a_do_Mundo\" target=\"_blank\"><img loading=\"lazy\" decoding=\"async\" class=\"aligncenter wp-image-1265 size-full\" src=\"http:\/\/loule2015.com\/wp-content\/uploads\/2015\/03\/ver_todas.jpg\" alt=\"ver_todas\" width=\"801\" height=\"201\" srcset=\"http:\/\/loule2015.com\/wp-content\/uploads\/2015\/03\/ver_todas.jpg 801w, http:\/\/loule2015.com\/wp-content\/uploads\/2015\/03\/ver_todas-480x120.jpg 480w, http:\/\/loule2015.com\/wp-content\/uploads\/2015\/03\/ver_todas-800x200.jpg 800w\" sizes=\"auto, (max-width: 801px) 100vw, 801px\" \/><\/a><\/p>\n","protected":false},"excerpt":{"rendered":"<p>_ Realiza-se, no Pavilh\u00e3o Municipal de Loul\u00e9, nos pr\u00f3ximos dias 29, 30 e 31 de outubro, a 6\u00aa edi\u00e7\u00e3o da Loul\u00e9 World Cup, prova da Ta\u00e7a do Mundo em Trampolins. A competi\u00e7\u00e3o \u00e9 organizada pela Associa\u00e7\u00e3o de Pais e Amigos da Gin\u00e1stica de Loul\u00e9 (APAGL) e pela Federa\u00e7\u00e3o de Gin\u00e1stica de Portugal, com o apoio [&hellip;]<\/p>\n","protected":false},"author":1,"featured_media":0,"parent":0,"menu_order":0,"comment_status":"open","ping_status":"open","template":"","meta":{"footnotes":""},"class_list":["post-2935","page","type-page","status-publish","hentry"],"yoast_head":"<!-- This site is optimized with the Yoast SEO plugin v27.5 - https:\/\/yoast.com\/product\/yoast-seo-wordpress\/ -->\n<title>Cidade Europeia do Desporto Loul\u00e9<\/title>\n<meta name=\"description\" content=\"Desporto, Cidade Europeia, Eventos Desportivos, Algarve, Portugal, Europa, Loul\u00e9, Conhecimento, Bem Estar, Sa\u00fade, Atividade F\u00edsica, Voluntario,\" \/>\n<meta name=\"robots\" content=\"index, follow, max-snippet:-1, max-image-preview:large, max-video-preview:-1\" \/>\n<link rel=\"canonical\" href=\"http:\/\/loule2015.com\/?page_id=2935\" \/>\n<meta property=\"og:locale\" content=\"en_US\" \/>\n<meta property=\"og:type\" content=\"article\" \/>\n<meta property=\"og:title\" content=\"Cidade Europeia do Desporto Loul\u00e9\" \/>\n<meta property=\"og:description\" content=\"Desporto, Cidade Europeia, Eventos Desportivos, Algarve, Portugal, Europa, Loul\u00e9, Conhecimento, Bem Estar, Sa\u00fade, Atividade F\u00edsica, Voluntario,\" \/>\n<meta property=\"og:url\" content=\"http:\/\/loule2015.com\/?page_id=2935\" \/>\n<meta property=\"og:site_name\" content=\"Loul\u00e9 2015\" \/>\n<meta property=\"article:publisher\" content=\"https:\/\/www.facebook.com\/louleced2015?ref=hl\" \/>\n<meta property=\"article:modified_time\" content=\"2015-11-02T14:03:14+00:00\" \/>\n<meta property=\"og:image\" content=\"http:\/\/loule2015.com\/wp-content\/uploads\/2015\/10\/DSC_2556-480x321.jpg\" \/>\n<meta name=\"twitter:card\" content=\"summary_large_image\" \/>\n<meta name=\"twitter:label1\" content=\"Est. reading time\" \/>\n\t<meta name=\"twitter:data1\" content=\"2 minutes\" \/>\n<script type=\"application\/ld+json\" class=\"yoast-schema-graph\">{\"@context\":\"https:\\\/\\\/schema.org\",\"@graph\":[{\"@type\":\"WebPage\",\"@id\":\"http:\\\/\\\/loule2015.com\\\/?page_id=2935\",\"url\":\"http:\\\/\\\/loule2015.com\\\/?page_id=2935\",\"name\":\"Cidade Europeia do Desporto Loul\u00e9\",\"isPartOf\":{\"@id\":\"https:\\\/\\\/loule2015.com\\\/#website\"},\"primaryImageOfPage\":{\"@id\":\"http:\\\/\\\/loule2015.com\\\/?page_id=2935#primaryimage\"},\"image\":{\"@id\":\"http:\\\/\\\/loule2015.com\\\/?page_id=2935#primaryimage\"},\"thumbnailUrl\":\"http:\\\/\\\/loule2015.com\\\/wp-content\\\/uploads\\\/2015\\\/03\\\/ver_todas.jpg\",\"datePublished\":\"2015-10-23T15:41:35+00:00\",\"dateModified\":\"2015-11-02T14:03:14+00:00\",\"description\":\"Desporto, Cidade Europeia, Eventos Desportivos, Algarve, Portugal, Europa, Loul\u00e9, Conhecimento, Bem Estar, Sa\u00fade, Atividade F\u00edsica, Voluntario,\",\"breadcrumb\":{\"@id\":\"http:\\\/\\\/loule2015.com\\\/?page_id=2935#breadcrumb\"},\"inLanguage\":\"en-US\",\"potentialAction\":[{\"@type\":\"ReadAction\",\"target\":[\"http:\\\/\\\/loule2015.com\\\/?page_id=2935\"]}]},{\"@type\":\"ImageObject\",\"inLanguage\":\"en-US\",\"@id\":\"http:\\\/\\\/loule2015.com\\\/?page_id=2935#primaryimage\",\"url\":\"http:\\\/\\\/loule2015.com\\\/wp-content\\\/uploads\\\/2015\\\/03\\\/ver_todas.jpg\",\"contentUrl\":\"http:\\\/\\\/loule2015.com\\\/wp-content\\\/uploads\\\/2015\\\/03\\\/ver_todas.jpg\",\"width\":801,\"height\":201},{\"@type\":\"BreadcrumbList\",\"@id\":\"http:\\\/\\\/loule2015.com\\\/?page_id=2935#breadcrumb\",\"itemListElement\":[{\"@type\":\"ListItem\",\"position\":1,\"name\":\"Home\",\"item\":\"https:\\\/\\\/loule2015.com\\\/\"},{\"@type\":\"ListItem\",\"position\":2,\"name\":\"Loul\u00e9 World Cup\"}]},{\"@type\":\"WebSite\",\"@id\":\"https:\\\/\\\/loule2015.com\\\/#website\",\"url\":\"https:\\\/\\\/loule2015.com\\\/\",\"name\":\"Loul\u00e9 2015\",\"description\":\"Cidade Europeia do Desporto\",\"potentialAction\":[{\"@type\":\"SearchAction\",\"target\":{\"@type\":\"EntryPoint\",\"urlTemplate\":\"https:\\\/\\\/loule2015.com\\\/?s={search_term_string}\"},\"query-input\":{\"@type\":\"PropertyValueSpecification\",\"valueRequired\":true,\"valueName\":\"search_term_string\"}}],\"inLanguage\":\"en-US\"}]}<\/script>\n<!-- \/ Yoast SEO plugin. -->","yoast_head_json":{"title":"Cidade Europeia do Desporto Loul\u00e9","description":"Desporto, Cidade Europeia, Eventos Desportivos, Algarve, Portugal, Europa, Loul\u00e9, Conhecimento, Bem Estar, Sa\u00fade, Atividade F\u00edsica, Voluntario,","robots":{"index":"index","follow":"follow","max-snippet":"max-snippet:-1","max-image-preview":"max-image-preview:large","max-video-preview":"max-video-preview:-1"},"canonical":"http:\/\/loule2015.com\/?page_id=2935","og_locale":"en_US","og_type":"article","og_title":"Cidade Europeia do Desporto Loul\u00e9","og_description":"Desporto, Cidade Europeia, Eventos Desportivos, Algarve, Portugal, Europa, Loul\u00e9, Conhecimento, Bem Estar, Sa\u00fade, Atividade F\u00edsica, Voluntario,","og_url":"http:\/\/loule2015.com\/?page_id=2935","og_site_name":"Loul\u00e9 2015","article_publisher":"https:\/\/www.facebook.com\/louleced2015?ref=hl","article_modified_time":"2015-11-02T14:03:14+00:00","og_image":[{"url":"http:\/\/loule2015.com\/wp-content\/uploads\/2015\/10\/DSC_2556-480x321.jpg","type":"","width":"","height":""}],"twitter_card":"summary_large_image","twitter_misc":{"Est. reading time":"2 minutes"},"schema":{"@context":"https:\/\/schema.org","@graph":[{"@type":"WebPage","@id":"http:\/\/loule2015.com\/?page_id=2935","url":"http:\/\/loule2015.com\/?page_id=2935","name":"Cidade Europeia do Desporto Loul\u00e9","isPartOf":{"@id":"https:\/\/loule2015.com\/#website"},"primaryImageOfPage":{"@id":"http:\/\/loule2015.com\/?page_id=2935#primaryimage"},"image":{"@id":"http:\/\/loule2015.com\/?page_id=2935#primaryimage"},"thumbnailUrl":"http:\/\/loule2015.com\/wp-content\/uploads\/2015\/03\/ver_todas.jpg","datePublished":"2015-10-23T15:41:35+00:00","dateModified":"2015-11-02T14:03:14+00:00","description":"Desporto, Cidade Europeia, Eventos Desportivos, Algarve, Portugal, Europa, Loul\u00e9, Conhecimento, Bem Estar, Sa\u00fade, Atividade F\u00edsica, Voluntario,","breadcrumb":{"@id":"http:\/\/loule2015.com\/?page_id=2935#breadcrumb"},"inLanguage":"en-US","potentialAction":[{"@type":"ReadAction","target":["http:\/\/loule2015.com\/?page_id=2935"]}]},{"@type":"ImageObject","inLanguage":"en-US","@id":"http:\/\/loule2015.com\/?page_id=2935#primaryimage","url":"http:\/\/loule2015.com\/wp-content\/uploads\/2015\/03\/ver_todas.jpg","contentUrl":"http:\/\/loule2015.com\/wp-content\/uploads\/2015\/03\/ver_todas.jpg","width":801,"height":201},{"@type":"BreadcrumbList","@id":"http:\/\/loule2015.com\/?page_id=2935#breadcrumb","itemListElement":[{"@type":"ListItem","position":1,"name":"Home","item":"https:\/\/loule2015.com\/"},{"@type":"ListItem","position":2,"name":"Loul\u00e9 World Cup"}]},{"@type":"WebSite","@id":"https:\/\/loule2015.com\/#website","url":"https:\/\/loule2015.com\/","name":"Loul\u00e9 2015","description":"Cidade Europeia do Desporto","potentialAction":[{"@type":"SearchAction","target":{"@type":"EntryPoint","urlTemplate":"https:\/\/loule2015.com\/?s={search_term_string}"},"query-input":{"@type":"PropertyValueSpecification","valueRequired":true,"valueName":"search_term_string"}}],"inLanguage":"en-US"}]}},"_links":{"self":[{"href":"http:\/\/loule2015.com\/index.php?rest_route=\/wp\/v2\/pages\/2935","targetHints":{"allow":["GET"]}}],"collection":[{"href":"http:\/\/loule2015.com\/index.php?rest_route=\/wp\/v2\/pages"}],"about":[{"href":"http:\/\/loule2015.com\/index.php?rest_route=\/wp\/v2\/types\/page"}],"author":[{"embeddable":true,"href":"http:\/\/loule2015.com\/index.php?rest_route=\/wp\/v2\/users\/1"}],"replies":[{"embeddable":true,"href":"http:\/\/loule2015.com\/index.php?rest_route=%2Fwp%2Fv2%2Fcomments&post=2935"}],"version-history":[{"count":5,"href":"http:\/\/loule2015.com\/index.php?rest_route=\/wp\/v2\/pages\/2935\/revisions"}],"predecessor-version":[{"id":2987,"href":"http:\/\/loule2015.com\/index.php?rest_route=\/wp\/v2\/pages\/2935\/revisions\/2987"}],"wp:attachment":[{"href":"http:\/\/loule2015.com\/index.php?rest_route=%2Fwp%2Fv2%2Fmedia&parent=2935"}],"curies":[{"name":"wp","href":"https:\/\/api.w.org\/{rel}","templated":true}]}}