{"id":2901,"date":"2015-10-20T10:11:16","date_gmt":"2015-10-20T10:11:16","guid":{"rendered":"http:\/\/loule2015.com\/?page_id=2901"},"modified":"2015-11-16T22:12:25","modified_gmt":"2015-11-16T22:12:25","slug":"v-loule-fitness-challenge-14-e-15-de-novembro","status":"publish","type":"page","link":"http:\/\/loule2015.com\/?page_id=2901","title":{"rendered":"V Loul\u00e9 Fitness Challenge &#8211; 14 e 15 de Novembro"},"content":{"rendered":"<p><img loading=\"lazy\" decoding=\"async\" class=\"aligncenter size-large wp-image-2912\" src=\"http:\/\/loule2015.com\/wp-content\/uploads\/2015\/10\/V_Fitness_Challenge_cartaz_web-1024x1448.png\" alt=\"V_Fitness_Challenge_cartaz_web\" width=\"640\" height=\"905\" srcset=\"http:\/\/loule2015.com\/wp-content\/uploads\/2015\/10\/V_Fitness_Challenge_cartaz_web-1024x1448.png 1024w, http:\/\/loule2015.com\/wp-content\/uploads\/2015\/10\/V_Fitness_Challenge_cartaz_web-453x640.png 453w, http:\/\/loule2015.com\/wp-content\/uploads\/2015\/10\/V_Fitness_Challenge_cartaz_web-800x1131.png 800w, http:\/\/loule2015.com\/wp-content\/uploads\/2015\/10\/V_Fitness_Challenge_cartaz_web.png 1200w\" sizes=\"auto, (max-width: 640px) 100vw, 640px\" \/><\/p>\n<div class=\"gtranslate_wrapper\" id=\"gt-wrapper-80577114\"><\/div>\n<div class=\"fcbkbttn_buttons_block\" id=\"fcbkbttn_left\"><div class=\"fcbkbttn_like fcbkbttn_large_button\"><fb:like href=\"http:\/\/loule2015.com\/?page_id=2901\" action=\"like\" colorscheme=\"light\" layout=\"button_count\"  size=\"large\"><\/fb:like><\/div><\/div>\n<p><span style=\"color: #ffffff;\">_<\/span><\/p>\n<p style=\"text-align: justify;\">Depois do sucesso que foi o IV evento que teve como pano de fundo a bonita praia de Quarteira na qual atingimos record de participantes numa aula de TRX Outdoor, o Munic\u00edpio de Loul\u00e9 quer voltar a proporcionar momentos de divers\u00e3o durante a pr\u00e1tica da atividade f\u00edsica e desta vez com mais novidades durante dois preenchidos dias no Pavilh\u00e3o Desportivo Municipal de Loul\u00e9 j\u00e1 nos pr\u00f3ximos dias 14 e 15 de Novembro.<br \/>\nA C\u00e2mara Municipal de Loul\u00e9 continua a contar com a parceria dos agentes Artbody Gym, Fitness 24-7, NutriLoul\u00e9 e Jivana que t\u00eam dinamizado v\u00e1rias aulas nos eventos anteriores mas para este as novidades tamb\u00e9m chegam com Bela Pereira, Rita Batista e Cl\u00e1udio Alegre.<br \/>\nAs novidades s\u00e3o\u2026. Piloxing, Burlesque, Ritmos Africanos, Elasticos Extreme +8.<br \/>\nPrepar\u00e1mos ainda uma tarde muito especial para as crian\u00e7as entre os 6 e os 14 anos, Hip Hop, Zumba Kids e Fit Kids para poderem se inscrever e se divertir.<br \/>\nSe em Maio a estrutura de TRX era grande prepare-se para uma aula de TRX desta vez com capacidade para coloca\u00e7\u00e3o de 100TRX e realiza\u00e7\u00e3o de uma mega aula para 200 atletas.<br \/>\nPara al\u00e9m dos parceiros fitness o evento continua a contar com os parceiros na \u00e1rea do bem-estar, a Terapeuta Olga Maria vai continuar a cuidar das dezenas de atletas que beneficiaram das suas massagens em 4 edi\u00e7\u00f5es e a Nutriloul\u00e9 ter\u00e1 ao dispor bebida para hidratar durante o evento.<\/p>\n<p>Pretende-se que seja um evento solid\u00e1rio, sendo nosso objectivo apoiar o Centro de Acolhimento Tempor\u00e1rio \u201cOs mi\u00fados\u201d. Inaugurado no dia 6 de Maio de 1999, \u00e9 uma val\u00eancia da Casa da Primeira Inf\u00e2ncia, uma Institui\u00e7\u00e3o Particular de Solidariedade Social, de utilidade p\u00fablica.<br \/>\nPara contribu\u00edrem basta entregar um bem (de acordo com a lista de necessidades em anexo) para a institui\u00e7\u00e3o no ato da inscri\u00e7\u00e3o.<br \/>\nPode consultar a lista completa de produtos <a href=\"http:\/\/loule2015.com\/wp-content\/uploads\/2015\/10\/Lista-necessidades-do-CAT-Bens-alimentares-e-higiene-2015.pdf\" target=\"_blank\">aqui<\/a>.<\/p>\n<p style=\"text-align: center;\">As inscri\u00e7\u00f5es s\u00e3o gratuitas e podem ser efectuadas online at\u00e9 dia 12 de Novembro<\/p>\n<p><a href=\"https:\/\/docs.google.com\/forms\/d\/18aUCBqfQ4pHMpl3An6W7wuYXWy9pioB8Xmwrzj5-Lmg\/viewform\" target=\"_blank\"><img loading=\"lazy\" decoding=\"async\" class=\"aligncenter wp-image-698 size-full\" src=\"http:\/\/loule2015.com\/wp-content\/uploads\/2015\/02\/inscri\u00e7\u00e3o_a_fisica.png\" alt=\"inscri\u00e7\u00e3o_a_fisica\" width=\"801\" height=\"201\" srcset=\"http:\/\/loule2015.com\/wp-content\/uploads\/2015\/02\/inscri\u00e7\u00e3o_a_fisica.png 801w, http:\/\/loule2015.com\/wp-content\/uploads\/2015\/02\/inscri\u00e7\u00e3o_a_fisica-480x120.png 480w, http:\/\/loule2015.com\/wp-content\/uploads\/2015\/02\/inscri\u00e7\u00e3o_a_fisica-800x200.png 800w\" sizes=\"auto, (max-width: 801px) 100vw, 801px\" \/><\/a><\/p>\n<p style=\"text-align: center;\">Download Cartaz<\/p>\n<p style=\"text-align: center;\">[download]http:\/\/loule2015.com\/wp-content\/uploads\/2015\/10\/V_Fitness_Challenge_cartaz_web.png[\/download]<\/p>\n<p style=\"text-align: center;\"><strong>Resumo Fotografico<\/strong><\/p>\n\n\t\t<style type=\"text\/css\">\n\t\t\t#gallery-1 {\n\t\t\t\tmargin: auto;\n\t\t\t}\n\t\t\t#gallery-1 .gallery-item {\n\t\t\t\tfloat: left;\n\t\t\t\tmargin-top: 10px;\n\t\t\t\ttext-align: center;\n\t\t\t\twidth: 33%;\n\t\t\t}\n\t\t\t#gallery-1 img {\n\t\t\t\tborder: 2px solid #cfcfcf;\n\t\t\t}\n\t\t\t#gallery-1 .gallery-caption {\n\t\t\t\tmargin-left: 0;\n\t\t\t}\n\t\t\t\/* see gallery_shortcode() in wp-includes\/media.php *\/\n\t\t<\/style>\n\t\t<div id='gallery-1' class='gallery galleryid-2901 gallery-columns-3 gallery-size-thumbnail'><dl class='gallery-item'>\n\t\t\t<dt class='gallery-icon landscape'>\n\t\t\t\t<a href='http:\/\/loule2015.com\/?attachment_id=3102#main'><img loading=\"lazy\" decoding=\"async\" width=\"480\" height=\"321\" src=\"http:\/\/loule2015.com\/wp-content\/uploads\/2015\/10\/DSC_3260-480x321.jpg\" class=\"attachment-thumbnail size-thumbnail\" alt=\"\" srcset=\"http:\/\/loule2015.com\/wp-content\/uploads\/2015\/10\/DSC_3260-480x321.jpg 480w, http:\/\/loule2015.com\/wp-content\/uploads\/2015\/10\/DSC_3260.jpg 800w\" sizes=\"auto, (max-width: 480px) 100vw, 480px\" \/><\/a>\n\t\t\t<\/dt><\/dl><dl class='gallery-item'>\n\t\t\t<dt class='gallery-icon landscape'>\n\t\t\t\t<a href='http:\/\/loule2015.com\/?attachment_id=3103#main'><img loading=\"lazy\" decoding=\"async\" width=\"480\" height=\"321\" src=\"http:\/\/loule2015.com\/wp-content\/uploads\/2015\/10\/DSC_3279-480x321.jpg\" class=\"attachment-thumbnail size-thumbnail\" alt=\"\" srcset=\"http:\/\/loule2015.com\/wp-content\/uploads\/2015\/10\/DSC_3279-480x321.jpg 480w, http:\/\/loule2015.com\/wp-content\/uploads\/2015\/10\/DSC_3279.jpg 800w\" sizes=\"auto, (max-width: 480px) 100vw, 480px\" \/><\/a>\n\t\t\t<\/dt><\/dl><dl class='gallery-item'>\n\t\t\t<dt class='gallery-icon landscape'>\n\t\t\t\t<a href='http:\/\/loule2015.com\/?attachment_id=3104#main'><img loading=\"lazy\" decoding=\"async\" width=\"480\" height=\"321\" src=\"http:\/\/loule2015.com\/wp-content\/uploads\/2015\/10\/DSC_3284-480x321.jpg\" class=\"attachment-thumbnail size-thumbnail\" alt=\"\" srcset=\"http:\/\/loule2015.com\/wp-content\/uploads\/2015\/10\/DSC_3284-480x321.jpg 480w, http:\/\/loule2015.com\/wp-content\/uploads\/2015\/10\/DSC_3284.jpg 800w\" sizes=\"auto, (max-width: 480px) 100vw, 480px\" \/><\/a>\n\t\t\t<\/dt><\/dl><br style=\"clear: both\" \/><dl class='gallery-item'>\n\t\t\t<dt class='gallery-icon landscape'>\n\t\t\t\t<a href='http:\/\/loule2015.com\/?attachment_id=3105#main'><img loading=\"lazy\" decoding=\"async\" width=\"480\" height=\"321\" src=\"http:\/\/loule2015.com\/wp-content\/uploads\/2015\/10\/DSC_3289-480x321.jpg\" class=\"attachment-thumbnail size-thumbnail\" alt=\"\" srcset=\"http:\/\/loule2015.com\/wp-content\/uploads\/2015\/10\/DSC_3289-480x321.jpg 480w, http:\/\/loule2015.com\/wp-content\/uploads\/2015\/10\/DSC_3289.jpg 800w\" sizes=\"auto, (max-width: 480px) 100vw, 480px\" \/><\/a>\n\t\t\t<\/dt><\/dl><dl class='gallery-item'>\n\t\t\t<dt class='gallery-icon landscape'>\n\t\t\t\t<a href='http:\/\/loule2015.com\/?attachment_id=3106#main'><img loading=\"lazy\" decoding=\"async\" width=\"480\" height=\"321\" src=\"http:\/\/loule2015.com\/wp-content\/uploads\/2015\/10\/DSC_3301-480x321.jpg\" class=\"attachment-thumbnail size-thumbnail\" alt=\"\" srcset=\"http:\/\/loule2015.com\/wp-content\/uploads\/2015\/10\/DSC_3301-480x321.jpg 480w, http:\/\/loule2015.com\/wp-content\/uploads\/2015\/10\/DSC_3301.jpg 800w\" sizes=\"auto, (max-width: 480px) 100vw, 480px\" \/><\/a>\n\t\t\t<\/dt><\/dl><dl class='gallery-item'>\n\t\t\t<dt class='gallery-icon landscape'>\n\t\t\t\t<a href='http:\/\/loule2015.com\/?attachment_id=3107#main'><img loading=\"lazy\" decoding=\"async\" width=\"480\" height=\"321\" src=\"http:\/\/loule2015.com\/wp-content\/uploads\/2015\/10\/DSC_3302-480x321.jpg\" class=\"attachment-thumbnail size-thumbnail\" alt=\"\" srcset=\"http:\/\/loule2015.com\/wp-content\/uploads\/2015\/10\/DSC_3302-480x321.jpg 480w, http:\/\/loule2015.com\/wp-content\/uploads\/2015\/10\/DSC_3302.jpg 800w\" sizes=\"auto, (max-width: 480px) 100vw, 480px\" \/><\/a>\n\t\t\t<\/dt><\/dl><br style=\"clear: both\" \/><dl class='gallery-item'>\n\t\t\t<dt class='gallery-icon landscape'>\n\t\t\t\t<a href='http:\/\/loule2015.com\/?attachment_id=3108#main'><img loading=\"lazy\" decoding=\"async\" width=\"480\" height=\"321\" src=\"http:\/\/loule2015.com\/wp-content\/uploads\/2015\/10\/DSC_3334-480x321.jpg\" class=\"attachment-thumbnail size-thumbnail\" alt=\"\" srcset=\"http:\/\/loule2015.com\/wp-content\/uploads\/2015\/10\/DSC_3334-480x321.jpg 480w, http:\/\/loule2015.com\/wp-content\/uploads\/2015\/10\/DSC_3334.jpg 800w\" sizes=\"auto, (max-width: 480px) 100vw, 480px\" \/><\/a>\n\t\t\t<\/dt><\/dl><dl class='gallery-item'>\n\t\t\t<dt class='gallery-icon landscape'>\n\t\t\t\t<a href='http:\/\/loule2015.com\/?attachment_id=3109#main'><img loading=\"lazy\" decoding=\"async\" width=\"480\" height=\"321\" src=\"http:\/\/loule2015.com\/wp-content\/uploads\/2015\/10\/DSC_3337-480x321.jpg\" class=\"attachment-thumbnail size-thumbnail\" alt=\"\" srcset=\"http:\/\/loule2015.com\/wp-content\/uploads\/2015\/10\/DSC_3337-480x321.jpg 480w, http:\/\/loule2015.com\/wp-content\/uploads\/2015\/10\/DSC_3337.jpg 800w\" sizes=\"auto, (max-width: 480px) 100vw, 480px\" \/><\/a>\n\t\t\t<\/dt><\/dl><dl class='gallery-item'>\n\t\t\t<dt class='gallery-icon landscape'>\n\t\t\t\t<a href='http:\/\/loule2015.com\/?attachment_id=3110#main'><img loading=\"lazy\" decoding=\"async\" width=\"480\" height=\"321\" src=\"http:\/\/loule2015.com\/wp-content\/uploads\/2015\/10\/DSC_3341-480x321.jpg\" class=\"attachment-thumbnail size-thumbnail\" alt=\"\" srcset=\"http:\/\/loule2015.com\/wp-content\/uploads\/2015\/10\/DSC_3341-480x321.jpg 480w, http:\/\/loule2015.com\/wp-content\/uploads\/2015\/10\/DSC_3341.jpg 800w\" sizes=\"auto, (max-width: 480px) 100vw, 480px\" \/><\/a>\n\t\t\t<\/dt><\/dl><br style=\"clear: both\" \/><dl class='gallery-item'>\n\t\t\t<dt class='gallery-icon landscape'>\n\t\t\t\t<a href='http:\/\/loule2015.com\/?attachment_id=3111#main'><img loading=\"lazy\" decoding=\"async\" width=\"480\" height=\"321\" src=\"http:\/\/loule2015.com\/wp-content\/uploads\/2015\/10\/DSC_3342-480x321.jpg\" class=\"attachment-thumbnail size-thumbnail\" alt=\"\" srcset=\"http:\/\/loule2015.com\/wp-content\/uploads\/2015\/10\/DSC_3342-480x321.jpg 480w, http:\/\/loule2015.com\/wp-content\/uploads\/2015\/10\/DSC_3342.jpg 800w\" sizes=\"auto, (max-width: 480px) 100vw, 480px\" \/><\/a>\n\t\t\t<\/dt><\/dl><dl class='gallery-item'>\n\t\t\t<dt class='gallery-icon landscape'>\n\t\t\t\t<a href='http:\/\/loule2015.com\/?attachment_id=3112#main'><img loading=\"lazy\" decoding=\"async\" width=\"480\" height=\"321\" src=\"http:\/\/loule2015.com\/wp-content\/uploads\/2015\/10\/DSC_3345-480x321.jpg\" class=\"attachment-thumbnail size-thumbnail\" alt=\"\" srcset=\"http:\/\/loule2015.com\/wp-content\/uploads\/2015\/10\/DSC_3345-480x321.jpg 480w, http:\/\/loule2015.com\/wp-content\/uploads\/2015\/10\/DSC_3345.jpg 800w\" sizes=\"auto, (max-width: 480px) 100vw, 480px\" \/><\/a>\n\t\t\t<\/dt><\/dl><dl class='gallery-item'>\n\t\t\t<dt class='gallery-icon landscape'>\n\t\t\t\t<a href='http:\/\/loule2015.com\/?attachment_id=3113#main'><img loading=\"lazy\" decoding=\"async\" width=\"480\" height=\"321\" src=\"http:\/\/loule2015.com\/wp-content\/uploads\/2015\/10\/DSC_3258-480x321.jpg\" class=\"attachment-thumbnail size-thumbnail\" alt=\"\" srcset=\"http:\/\/loule2015.com\/wp-content\/uploads\/2015\/10\/DSC_3258-480x321.jpg 480w, http:\/\/loule2015.com\/wp-content\/uploads\/2015\/10\/DSC_3258.jpg 800w\" sizes=\"auto, (max-width: 480px) 100vw, 480px\" \/><\/a>\n\t\t\t<\/dt><\/dl><br style=\"clear: both\" \/>\n\t\t<\/div>\n\n<p><a href=\"https:\/\/drive.google.com\/folderview?id=0B7f_Pnxw95UlSGtoakxyaWNLcmc&amp;usp=sharing\" target=\"_blank\"><img loading=\"lazy\" decoding=\"async\" class=\"aligncenter wp-image-1307 size-full\" src=\"http:\/\/loule2015.com\/wp-content\/uploads\/2014\/12\/ver_todas.jpg\" alt=\"ver_todas\" width=\"801\" height=\"201\" srcset=\"http:\/\/loule2015.com\/wp-content\/uploads\/2014\/12\/ver_todas.jpg 801w, http:\/\/loule2015.com\/wp-content\/uploads\/2014\/12\/ver_todas-480x120.jpg 480w, http:\/\/loule2015.com\/wp-content\/uploads\/2014\/12\/ver_todas-800x200.jpg 800w\" sizes=\"auto, (max-width: 801px) 100vw, 801px\" \/><\/a><\/p>\n","protected":false},"excerpt":{"rendered":"<p>_ Depois do sucesso que foi o IV evento que teve como pano de fundo a bonita praia de Quarteira na qual atingimos record de participantes numa aula de TRX Outdoor, o Munic\u00edpio de Loul\u00e9 quer voltar a proporcionar momentos de divers\u00e3o durante a pr\u00e1tica da atividade f\u00edsica e desta vez com mais novidades durante [&hellip;]<\/p>\n","protected":false},"author":1,"featured_media":0,"parent":0,"menu_order":0,"comment_status":"open","ping_status":"open","template":"","meta":{"footnotes":""},"class_list":["post-2901","page","type-page","status-publish","hentry"],"yoast_head":"<!-- This site is optimized with the Yoast SEO plugin v26.2 - https:\/\/yoast.com\/wordpress\/plugins\/seo\/ -->\n<title>Cidade Europeia do Desporto Loul\u00e9<\/title>\n<meta name=\"description\" content=\"Desporto, Cidade Europeia, Eventos Desportivos, Algarve, Portugal, Europa, Loul\u00e9, Conhecimento, Bem Estar, Sa\u00fade, Atividade F\u00edsica, Voluntario,\" \/>\n<meta name=\"robots\" content=\"index, follow, max-snippet:-1, max-image-preview:large, max-video-preview:-1\" \/>\n<link rel=\"canonical\" href=\"http:\/\/loule2015.com\/?page_id=2901\" \/>\n<meta property=\"og:locale\" content=\"en_US\" \/>\n<meta property=\"og:type\" content=\"article\" \/>\n<meta property=\"og:title\" content=\"Cidade Europeia do Desporto Loul\u00e9\" \/>\n<meta property=\"og:description\" content=\"Desporto, Cidade Europeia, Eventos Desportivos, Algarve, Portugal, Europa, Loul\u00e9, Conhecimento, Bem Estar, Sa\u00fade, Atividade F\u00edsica, Voluntario,\" \/>\n<meta property=\"og:url\" content=\"http:\/\/loule2015.com\/?page_id=2901\" \/>\n<meta property=\"og:site_name\" content=\"Loul\u00e9 2015\" \/>\n<meta property=\"article:publisher\" content=\"https:\/\/www.facebook.com\/louleced2015?ref=hl\" \/>\n<meta property=\"article:modified_time\" content=\"2015-11-16T22:12:25+00:00\" \/>\n<meta property=\"og:image\" content=\"http:\/\/loule2015.com\/wp-content\/uploads\/2015\/10\/DSC_3260-480x321.jpg\" \/>\n<meta name=\"twitter:card\" content=\"summary_large_image\" \/>\n<meta name=\"twitter:label1\" content=\"Est. reading time\" \/>\n\t<meta name=\"twitter:data1\" content=\"2 minutes\" \/>\n<script type=\"application\/ld+json\" class=\"yoast-schema-graph\">{\"@context\":\"https:\/\/schema.org\",\"@graph\":[{\"@type\":\"WebPage\",\"@id\":\"http:\/\/loule2015.com\/?page_id=2901\",\"url\":\"http:\/\/loule2015.com\/?page_id=2901\",\"name\":\"Cidade Europeia do Desporto Loul\u00e9\",\"isPartOf\":{\"@id\":\"http:\/\/loule2015.com\/#website\"},\"primaryImageOfPage\":{\"@id\":\"http:\/\/loule2015.com\/?page_id=2901#primaryimage\"},\"image\":{\"@id\":\"http:\/\/loule2015.com\/?page_id=2901#primaryimage\"},\"thumbnailUrl\":\"http:\/\/loule2015.com\/wp-content\/uploads\/2015\/10\/V_Fitness_Challenge_cartaz_web-1024x1448.png\",\"datePublished\":\"2015-10-20T10:11:16+00:00\",\"dateModified\":\"2015-11-16T22:12:25+00:00\",\"description\":\"Desporto, Cidade Europeia, Eventos Desportivos, Algarve, Portugal, Europa, Loul\u00e9, Conhecimento, Bem Estar, Sa\u00fade, Atividade F\u00edsica, Voluntario,\",\"breadcrumb\":{\"@id\":\"http:\/\/loule2015.com\/?page_id=2901#breadcrumb\"},\"inLanguage\":\"en-US\",\"potentialAction\":[{\"@type\":\"ReadAction\",\"target\":[\"http:\/\/loule2015.com\/?page_id=2901\"]}]},{\"@type\":\"ImageObject\",\"inLanguage\":\"en-US\",\"@id\":\"http:\/\/loule2015.com\/?page_id=2901#primaryimage\",\"url\":\"http:\/\/loule2015.com\/wp-content\/uploads\/2015\/10\/V_Fitness_Challenge_cartaz_web.png\",\"contentUrl\":\"http:\/\/loule2015.com\/wp-content\/uploads\/2015\/10\/V_Fitness_Challenge_cartaz_web.png\",\"width\":1200,\"height\":1697},{\"@type\":\"BreadcrumbList\",\"@id\":\"http:\/\/loule2015.com\/?page_id=2901#breadcrumb\",\"itemListElement\":[{\"@type\":\"ListItem\",\"position\":1,\"name\":\"Home\",\"item\":\"http:\/\/loule2015.com\/\"},{\"@type\":\"ListItem\",\"position\":2,\"name\":\"V Loul\u00e9 Fitness Challenge &#8211; 14 e 15 de Novembro\"}]},{\"@type\":\"WebSite\",\"@id\":\"http:\/\/loule2015.com\/#website\",\"url\":\"http:\/\/loule2015.com\/\",\"name\":\"Loul\u00e9 2015\",\"description\":\"Cidade Europeia do Desporto\",\"potentialAction\":[{\"@type\":\"SearchAction\",\"target\":{\"@type\":\"EntryPoint\",\"urlTemplate\":\"http:\/\/loule2015.com\/?s={search_term_string}\"},\"query-input\":{\"@type\":\"PropertyValueSpecification\",\"valueRequired\":true,\"valueName\":\"search_term_string\"}}],\"inLanguage\":\"en-US\"}]}<\/script>\n<!-- \/ Yoast SEO plugin. -->","yoast_head_json":{"title":"Cidade Europeia do Desporto Loul\u00e9","description":"Desporto, Cidade Europeia, Eventos Desportivos, Algarve, Portugal, Europa, Loul\u00e9, Conhecimento, Bem Estar, Sa\u00fade, Atividade F\u00edsica, Voluntario,","robots":{"index":"index","follow":"follow","max-snippet":"max-snippet:-1","max-image-preview":"max-image-preview:large","max-video-preview":"max-video-preview:-1"},"canonical":"http:\/\/loule2015.com\/?page_id=2901","og_locale":"en_US","og_type":"article","og_title":"Cidade Europeia do Desporto Loul\u00e9","og_description":"Desporto, Cidade Europeia, Eventos Desportivos, Algarve, Portugal, Europa, Loul\u00e9, Conhecimento, Bem Estar, Sa\u00fade, Atividade F\u00edsica, Voluntario,","og_url":"http:\/\/loule2015.com\/?page_id=2901","og_site_name":"Loul\u00e9 2015","article_publisher":"https:\/\/www.facebook.com\/louleced2015?ref=hl","article_modified_time":"2015-11-16T22:12:25+00:00","og_image":[{"url":"http:\/\/loule2015.com\/wp-content\/uploads\/2015\/10\/DSC_3260-480x321.jpg","type":"","width":"","height":""}],"twitter_card":"summary_large_image","twitter_misc":{"Est. reading time":"2 minutes"},"schema":{"@context":"https:\/\/schema.org","@graph":[{"@type":"WebPage","@id":"http:\/\/loule2015.com\/?page_id=2901","url":"http:\/\/loule2015.com\/?page_id=2901","name":"Cidade Europeia do Desporto Loul\u00e9","isPartOf":{"@id":"http:\/\/loule2015.com\/#website"},"primaryImageOfPage":{"@id":"http:\/\/loule2015.com\/?page_id=2901#primaryimage"},"image":{"@id":"http:\/\/loule2015.com\/?page_id=2901#primaryimage"},"thumbnailUrl":"http:\/\/loule2015.com\/wp-content\/uploads\/2015\/10\/V_Fitness_Challenge_cartaz_web-1024x1448.png","datePublished":"2015-10-20T10:11:16+00:00","dateModified":"2015-11-16T22:12:25+00:00","description":"Desporto, Cidade Europeia, Eventos Desportivos, Algarve, Portugal, Europa, Loul\u00e9, Conhecimento, Bem Estar, Sa\u00fade, Atividade F\u00edsica, Voluntario,","breadcrumb":{"@id":"http:\/\/loule2015.com\/?page_id=2901#breadcrumb"},"inLanguage":"en-US","potentialAction":[{"@type":"ReadAction","target":["http:\/\/loule2015.com\/?page_id=2901"]}]},{"@type":"ImageObject","inLanguage":"en-US","@id":"http:\/\/loule2015.com\/?page_id=2901#primaryimage","url":"http:\/\/loule2015.com\/wp-content\/uploads\/2015\/10\/V_Fitness_Challenge_cartaz_web.png","contentUrl":"http:\/\/loule2015.com\/wp-content\/uploads\/2015\/10\/V_Fitness_Challenge_cartaz_web.png","width":1200,"height":1697},{"@type":"BreadcrumbList","@id":"http:\/\/loule2015.com\/?page_id=2901#breadcrumb","itemListElement":[{"@type":"ListItem","position":1,"name":"Home","item":"http:\/\/loule2015.com\/"},{"@type":"ListItem","position":2,"name":"V Loul\u00e9 Fitness Challenge &#8211; 14 e 15 de Novembro"}]},{"@type":"WebSite","@id":"http:\/\/loule2015.com\/#website","url":"http:\/\/loule2015.com\/","name":"Loul\u00e9 2015","description":"Cidade Europeia do Desporto","potentialAction":[{"@type":"SearchAction","target":{"@type":"EntryPoint","urlTemplate":"http:\/\/loule2015.com\/?s={search_term_string}"},"query-input":{"@type":"PropertyValueSpecification","valueRequired":true,"valueName":"search_term_string"}}],"inLanguage":"en-US"}]}},"_links":{"self":[{"href":"http:\/\/loule2015.com\/index.php?rest_route=\/wp\/v2\/pages\/2901","targetHints":{"allow":["GET"]}}],"collection":[{"href":"http:\/\/loule2015.com\/index.php?rest_route=\/wp\/v2\/pages"}],"about":[{"href":"http:\/\/loule2015.com\/index.php?rest_route=\/wp\/v2\/types\/page"}],"author":[{"embeddable":true,"href":"http:\/\/loule2015.com\/index.php?rest_route=\/wp\/v2\/users\/1"}],"replies":[{"embeddable":true,"href":"http:\/\/loule2015.com\/index.php?rest_route=%2Fwp%2Fv2%2Fcomments&post=2901"}],"version-history":[{"count":15,"href":"http:\/\/loule2015.com\/index.php?rest_route=\/wp\/v2\/pages\/2901\/revisions"}],"predecessor-version":[{"id":3115,"href":"http:\/\/loule2015.com\/index.php?rest_route=\/wp\/v2\/pages\/2901\/revisions\/3115"}],"wp:attachment":[{"href":"http:\/\/loule2015.com\/index.php?rest_route=%2Fwp%2Fv2%2Fmedia&parent=2901"}],"curies":[{"name":"wp","href":"https:\/\/api.w.org\/{rel}","templated":true}]}}