{"id":2890,"date":"2015-10-12T10:47:36","date_gmt":"2015-10-12T10:47:36","guid":{"rendered":"http:\/\/loule2015.com\/?page_id=2890"},"modified":"2015-11-25T16:47:18","modified_gmt":"2015-11-25T16:47:18","slug":"iiia-edicao-liderar-no-desporto","status":"publish","type":"page","link":"http:\/\/loule2015.com\/?page_id=2890","title":{"rendered":"III\u00aa Edi\u00e7\u00e3o Liderar no Desporto"},"content":{"rendered":"<div class=\"gtranslate_wrapper\" id=\"gt-wrapper-78775222\"><\/div>\n<div class=\"fcbkbttn_buttons_block\" id=\"fcbkbttn_left\"><div class=\"fcbkbttn_like fcbkbttn_large_button\"><fb:like href=\"http:\/\/loule2015.com\/?page_id=2890\" action=\"like\" colorscheme=\"light\" layout=\"button_count\"  size=\"large\"><\/fb:like><\/div><\/div>\n<p><span style=\"color: #ffffff;\">_<\/span><\/p>\n<p>Forma\u00e7\u00e3o reconhecida pelo &#8211; Instituto Portugu\u00eas do Desporto e Juventude<\/p>\n<p>N.\u00ba de Unidades de Cr\u00e9dito atribu\u00eddas: 2.0<\/p>\n<p>Forma\u00e7\u00e3o para T\u00e9cnicos de Exerc\u00edcio e Diretores<\/p>\n<p>Ap\u00f3s o sucesso alcan\u00e7ado nas primeiras edi\u00e7\u00f5es da a\u00e7\u00e3o de Forma\u00e7\u00e3o Liderar no Desporto, surge a III\u00aa Edi\u00e7\u00e3o do referido evento, com o prop\u00f3sito de uma vez mais abordar a tem\u00e1tica da Lideran\u00e7a em contexto desportivo. Consubstanciado nos alicerces das primeiras edi\u00e7\u00f5es, num novo formato, volta-se a preconizar o contributo de especialistas nacionais e internacionais em psicologia do Desporto, de reconhecida experiencia na explora\u00e7\u00e3o de processos de Lideran\u00e7a, bem como, o contributo de Lideres Desportivos de refer\u00eancia nas suas modalidades, os quais, s\u00e3o considerados casos pr\u00e1ticos de sucesso.<\/p>\n<p>O evento Liderar no Desporto caracteriza-se por ser pioneiro, n\u00e3o se vislumbrando em Portugal eventos espec\u00edficos desta tem\u00e1tica em contexto desportivo, com a profundidade com que a mesma \u00e9 abordada e debatida nesta proposta. Tendo em conta que o tema suscita muito interesse cient\u00edfico, e \u00e9 pertinente em termos de interven\u00e7\u00e3o pr\u00e1tica no terreno, a reflex\u00e3o e estudo possibilita um amplo leque de abordagens, sendo a resposta obtida sobre esta mat\u00e9ria, plural, criativa e inovadora, requerendo um constante estudo sobre a mesma.<\/p>\n<p>Assim, no contexto desportivo atual, caracterizado pela procura de obten\u00e7\u00e3o de rendimento, visando o concretizar de objetivos de grau de exig\u00eancia elevado, o processo de Lideran\u00e7a adquire um relevo e impacto \u00fanico.<\/p>\n<p>O processo de Lideran\u00e7a, levado a cabo pelo corpo t\u00e9cnico, constitui a \u201cponte\u201d para a otimiza\u00e7\u00e3o do rendimento do atleta. \u00c9 atrav\u00e9s das ac\u00e7\u00f5es\/comportamentos do Treinador, que este efetiva a sua vis\u00e3o e direcciona o atleta\/equipa no sentido de atingir os objetivos pretendidos.<\/p>\n<p>Um processo de Lideran\u00e7a ajustado e adequado, resultar\u00e1 numa vantagem emergente, ou por outro lado, poder\u00e1 originar o defraudar de expectativas dos v\u00e1rios agentes envolvidos no contexto desportivo.<\/p>\n<p>A Lideran\u00e7a constitui assim, o caminho privilegiado para o atleta, para potenciar as suas capacidades e em \u00faltima an\u00e1lise, o seu rendimento.<\/p>\n<p>Est\u00e3o assim lan\u00e7adas as bases para uma explora\u00e7\u00e3o da tem\u00e1tica em quest\u00e3o, quer dum ponto de vista cient\u00edfico, quer experiencial. Relativamente ao leque de preletores que comp\u00f5em o elenco da III\u00aa Edi\u00e7\u00e3o, privilegia-se a continuidade (Professor Doutor Pedro Almeida, Professor Doutor Alejandro Garcia-M\u00e1s, Professor Tomaz Morais e Professor Jos\u00e9 Machado) e introdu\u00e7\u00e3o de novos preletores, como \u00e9 o caso do Prof. Doutor Jos\u00e9 Maria Buceta, com experi\u00eancia de campo no Real Madrid F.C., os Selecionadores Nacionais de T\u00e9nis e Golfe, Nuno Marques e Nuno Campino, respectivamente.<\/p>\n<p>&nbsp;<\/p>\n<p><strong>ORGANIZA\u00c7\u00c3O<\/strong><\/p>\n<p>A presente a\u00e7\u00e3o de Forma\u00e7\u00e3o \u00e9 uma Organiza\u00e7\u00e3o da Divis\u00e3o de Desporto e Sa\u00fade da C\u00e2mara Municipal de Loul\u00e9.<\/p>\n<p>Organiza\u00e7\u00e3o<\/p>\n<p>Gon\u00e7alo Castanho: Coordenador<\/p>\n<p>&nbsp;<\/p>\n<p><strong>COORDENA\u00c7\u00c3O CIENTIFICA<\/strong><\/p>\n<p>A coordena\u00e7\u00e3o Cientifica \u00e9 da responsabilidade da Divis\u00e3o de Desporto e Sa\u00fade da C\u00e2mara Municipal de Loul\u00e9.<\/p>\n<p>&nbsp;<\/p>\n<p>Comiss\u00e3o Cientifica<\/p>\n<p>Mestre Gon\u00e7alo Castanho: Coordenador<\/p>\n<p>Professor Doutor Pedro Almeida<\/p>\n<p>Professor Doutor Alejandro Garcia-M\u00e1s<\/p>\n<p>Professor Doutor Jos\u00e9 Maria Buceta<\/p>\n<p>&nbsp;<\/p>\n<p><strong>DESTINAT\u00c1RIOS<\/strong><\/p>\n<p>A presente a\u00e7\u00e3o de forma\u00e7\u00e3o destina-se a Treinadores desportivos que colaborem em Clubes ou Associa\u00e7\u00f5es Desportivas na regi\u00e3o do Algarve.<\/p>\n<p><strong>\u00a0<\/strong><\/p>\n<p><strong>PROGRAMA FORMATIVO<\/strong><\/p>\n<p>Compreens\u00e3o do papel do treinador enquanto l\u00edder, e seu impacto no desempenho da equipa\/atleta.<\/p>\n<ul>\n<li>Actualiza\u00e7\u00e3o de conhecimentos sobre modelos e pr\u00e1ticas emergentes de lideran\u00e7a sobre atletas e equipas.<\/li>\n<\/ul>\n<ul>\n<li>Promo\u00e7\u00e3o de consci\u00eancia sobre as compet\u00eancias de lideran\u00e7a dos intervenientes, e da possibilidade de melhoria das mesmas.<\/li>\n<\/ul>\n<ul>\n<li>Compreens\u00e3o da import\u00e2ncia da Auto-Regula\u00e7\u00e3o do Treinador do ponto de vista Psicol\u00f3gico e Emocional. O Treinador enquanto Atleta.<\/li>\n<\/ul>\n<ul>\n<li>Desenvolvimento de Equipas de rendimento, a partir do Treinador.<\/li>\n<\/ul>\n<ul>\n<li>O Treinador\/L\u00edder e o desenvolvimento de compet\u00eancias psicol\u00f3gicas nos seus atletas.<\/li>\n<\/ul>\n<ul>\n<li>Explora\u00e7\u00e3o de casos e modelos pessoais de Lideran\u00e7a em diferentes contextos desportivos<\/li>\n<\/ul>\n<p>&nbsp;<\/p>\n<p><strong>ESTRUTURA DA AC\u00c7\u00c3O<\/strong><\/p>\n<p>Ser\u00e3o realizadas 3 ciclos de Palestras que decorrem em 3 dias. A ac\u00e7\u00e3o decorre em Novembro. As sess\u00f5es decorrem no Centro Aut\u00e1rquico de Quarteira.<\/p>\n<p>&nbsp;<\/p>\n<table>\n<tbody>\n<tr>\n<td colspan=\"5\" width=\"576\"><strong>\u00a0<\/strong><strong>Calendariza\u00e7\u00e3o da Forma\u00e7\u00e3o<\/strong><strong>\u00a0<\/strong><\/td>\n<\/tr>\n<tr>\n<td width=\"84\"><strong>DATA<\/strong><\/td>\n<td width=\"84\"><strong>HOR\u00c1RIO<\/strong><\/td>\n<td width=\"192\"><strong>TEMA<\/strong><\/td>\n<td width=\"132\"><strong>PRELETOR<\/strong><\/td>\n<td width=\"84\"><strong>LOCAL<\/strong><\/td>\n<\/tr>\n<tr>\n<td rowspan=\"3\" width=\"84\"><strong>19 de Novembro<\/strong><\/td>\n<td rowspan=\"3\" width=\"84\">14.30 \u00e0s 21.00<\/td>\n<td width=\"192\">Import\u00e2ncia, Impacto eAuto-regula\u00e7\u00e3o do treinador<\/td>\n<td width=\"132\">Jos\u00e9 Maria Buceta (UNED)<\/td>\n<td rowspan=\"7\" width=\"84\">Centro Aut\u00e1rquico de Quarteira<\/td>\n<\/tr>\n<tr>\n<td width=\"192\">Desenvolvimento de Equipas em Contexto de Desempenho<\/td>\n<td width=\"132\">Pedro Almeida (ISPA\/SLB)<\/td>\n<\/tr>\n<tr>\n<td width=\"192\">Gest\u00e3o de Factores Psicol\u00f3gicos em Atletas e Equipas<\/td>\n<td width=\"132\">Alejandro Garcia-M\u00e1s (UIB)<\/td>\n<\/tr>\n<tr>\n<td rowspan=\"2\" width=\"84\"><strong>27 de Novembro<\/strong><\/td>\n<td rowspan=\"2\" width=\"84\">19.00 \u00e0s 22.00<\/td>\n<td width=\"192\">Modelo pessoal de Lideran\u00e7a no T\u00e9nis<\/td>\n<td width=\"132\">Nuno Marques(F.P. T\u00e9nis)<\/td>\n<\/tr>\n<tr>\n<td width=\"192\">Modelo pessoal de Lideran\u00e7a no Rugby<\/td>\n<td width=\"132\">Tomaz Morais (Lus\u00f3fona)<\/td>\n<\/tr>\n<tr>\n<td rowspan=\"2\" width=\"84\"><strong>3 de Dezembro<\/strong><\/td>\n<td rowspan=\"2\" width=\"84\">19.00 \u00e0s 22.00<\/td>\n<td width=\"192\">Modelo pessoal de Lideran\u00e7a no Golfe<\/td>\n<td width=\"132\">Nuno Campino(F.P. Golfe)<\/td>\n<\/tr>\n<tr>\n<td width=\"192\">Modelo pessoal de Lideran\u00e7a na Nata\u00e7\u00e3o<\/td>\n<td width=\"132\">Jos\u00e9 Machado(F.P. Nata\u00e7\u00e3o)<\/td>\n<\/tr>\n<\/tbody>\n<\/table>\n<p><strong>\u00a0<\/strong><\/p>\n<p><strong>PROCESSO DE INSCRI\u00c7\u00d5ES<\/strong><\/p>\n<p>Para proceder ao processo de Inscri\u00e7\u00e3o basta enviar um e-mail para <a href=\"mailto:gidesportiva@cm-loule.pt\">gidesportiva@cm-loule.pt<\/a> com o nome Completo, mencionando os dias para os quais se inscreve.<\/p>\n<p>&nbsp;<\/p>\n","protected":false},"excerpt":{"rendered":"<p>_ Forma\u00e7\u00e3o reconhecida pelo &#8211; Instituto Portugu\u00eas do Desporto e Juventude N.\u00ba de Unidades de Cr\u00e9dito atribu\u00eddas: 2.0 Forma\u00e7\u00e3o para T\u00e9cnicos de Exerc\u00edcio e Diretores Ap\u00f3s o sucesso alcan\u00e7ado nas primeiras edi\u00e7\u00f5es da a\u00e7\u00e3o de Forma\u00e7\u00e3o Liderar no Desporto, surge a III\u00aa Edi\u00e7\u00e3o do referido evento, com o prop\u00f3sito de uma vez mais abordar a [&hellip;]<\/p>\n","protected":false},"author":1,"featured_media":0,"parent":0,"menu_order":0,"comment_status":"open","ping_status":"open","template":"","meta":{"footnotes":""},"class_list":["post-2890","page","type-page","status-publish","hentry"],"yoast_head":"<!-- This site is optimized with the Yoast SEO plugin v26.2 - https:\/\/yoast.com\/wordpress\/plugins\/seo\/ -->\n<title>Cidade Europeia do Desporto Loul\u00e9<\/title>\n<meta name=\"description\" content=\"Desporto, Cidade Europeia, Eventos Desportivos, Algarve, Portugal, Europa, Loul\u00e9, Conhecimento, Bem Estar, Sa\u00fade, Atividade F\u00edsica, Voluntario,\" \/>\n<meta name=\"robots\" content=\"index, follow, max-snippet:-1, max-image-preview:large, max-video-preview:-1\" \/>\n<link rel=\"canonical\" href=\"http:\/\/loule2015.com\/?page_id=2890\" \/>\n<meta property=\"og:locale\" content=\"en_US\" \/>\n<meta property=\"og:type\" content=\"article\" \/>\n<meta property=\"og:title\" content=\"Cidade Europeia do Desporto Loul\u00e9\" \/>\n<meta property=\"og:description\" content=\"Desporto, Cidade Europeia, Eventos Desportivos, Algarve, Portugal, Europa, Loul\u00e9, Conhecimento, Bem Estar, Sa\u00fade, Atividade F\u00edsica, Voluntario,\" \/>\n<meta property=\"og:url\" content=\"http:\/\/loule2015.com\/?page_id=2890\" \/>\n<meta property=\"og:site_name\" content=\"Loul\u00e9 2015\" \/>\n<meta property=\"article:publisher\" content=\"https:\/\/www.facebook.com\/louleced2015?ref=hl\" \/>\n<meta property=\"article:modified_time\" content=\"2015-11-25T16:47:18+00:00\" \/>\n<meta property=\"og:image\" content=\"http:\/\/loule2015.com\/wp-content\/uploads\/2015\/03\/Loul\u00e9_CED.png\" \/>\n\t<meta property=\"og:image:width\" content=\"400\" \/>\n\t<meta property=\"og:image:height\" content=\"400\" \/>\n\t<meta property=\"og:image:type\" content=\"image\/png\" \/>\n<meta name=\"twitter:card\" content=\"summary_large_image\" \/>\n<meta name=\"twitter:label1\" content=\"Est. reading time\" \/>\n\t<meta name=\"twitter:data1\" content=\"4 minutes\" \/>\n<script type=\"application\/ld+json\" class=\"yoast-schema-graph\">{\"@context\":\"https:\/\/schema.org\",\"@graph\":[{\"@type\":\"WebPage\",\"@id\":\"http:\/\/loule2015.com\/?page_id=2890\",\"url\":\"http:\/\/loule2015.com\/?page_id=2890\",\"name\":\"Cidade Europeia do Desporto Loul\u00e9\",\"isPartOf\":{\"@id\":\"http:\/\/loule2015.com\/#website\"},\"datePublished\":\"2015-10-12T10:47:36+00:00\",\"dateModified\":\"2015-11-25T16:47:18+00:00\",\"description\":\"Desporto, Cidade Europeia, Eventos Desportivos, Algarve, Portugal, Europa, Loul\u00e9, Conhecimento, Bem Estar, Sa\u00fade, Atividade F\u00edsica, Voluntario,\",\"breadcrumb\":{\"@id\":\"http:\/\/loule2015.com\/?page_id=2890#breadcrumb\"},\"inLanguage\":\"en-US\",\"potentialAction\":[{\"@type\":\"ReadAction\",\"target\":[\"http:\/\/loule2015.com\/?page_id=2890\"]}]},{\"@type\":\"BreadcrumbList\",\"@id\":\"http:\/\/loule2015.com\/?page_id=2890#breadcrumb\",\"itemListElement\":[{\"@type\":\"ListItem\",\"position\":1,\"name\":\"Home\",\"item\":\"http:\/\/loule2015.com\/\"},{\"@type\":\"ListItem\",\"position\":2,\"name\":\"III\u00aa Edi\u00e7\u00e3o Liderar no Desporto\"}]},{\"@type\":\"WebSite\",\"@id\":\"http:\/\/loule2015.com\/#website\",\"url\":\"http:\/\/loule2015.com\/\",\"name\":\"Loul\u00e9 2015\",\"description\":\"Cidade Europeia do Desporto\",\"potentialAction\":[{\"@type\":\"SearchAction\",\"target\":{\"@type\":\"EntryPoint\",\"urlTemplate\":\"http:\/\/loule2015.com\/?s={search_term_string}\"},\"query-input\":{\"@type\":\"PropertyValueSpecification\",\"valueRequired\":true,\"valueName\":\"search_term_string\"}}],\"inLanguage\":\"en-US\"}]}<\/script>\n<!-- \/ Yoast SEO plugin. -->","yoast_head_json":{"title":"Cidade Europeia do Desporto Loul\u00e9","description":"Desporto, Cidade Europeia, Eventos Desportivos, Algarve, Portugal, Europa, Loul\u00e9, Conhecimento, Bem Estar, Sa\u00fade, Atividade F\u00edsica, Voluntario,","robots":{"index":"index","follow":"follow","max-snippet":"max-snippet:-1","max-image-preview":"max-image-preview:large","max-video-preview":"max-video-preview:-1"},"canonical":"http:\/\/loule2015.com\/?page_id=2890","og_locale":"en_US","og_type":"article","og_title":"Cidade Europeia do Desporto Loul\u00e9","og_description":"Desporto, Cidade Europeia, Eventos Desportivos, Algarve, Portugal, Europa, Loul\u00e9, Conhecimento, Bem Estar, Sa\u00fade, Atividade F\u00edsica, Voluntario,","og_url":"http:\/\/loule2015.com\/?page_id=2890","og_site_name":"Loul\u00e9 2015","article_publisher":"https:\/\/www.facebook.com\/louleced2015?ref=hl","article_modified_time":"2015-11-25T16:47:18+00:00","og_image":[{"width":400,"height":400,"url":"http:\/\/loule2015.com\/wp-content\/uploads\/2015\/03\/Loul\u00e9_CED.png","type":"image\/png"}],"twitter_card":"summary_large_image","twitter_misc":{"Est. reading time":"4 minutes"},"schema":{"@context":"https:\/\/schema.org","@graph":[{"@type":"WebPage","@id":"http:\/\/loule2015.com\/?page_id=2890","url":"http:\/\/loule2015.com\/?page_id=2890","name":"Cidade Europeia do Desporto Loul\u00e9","isPartOf":{"@id":"http:\/\/loule2015.com\/#website"},"datePublished":"2015-10-12T10:47:36+00:00","dateModified":"2015-11-25T16:47:18+00:00","description":"Desporto, Cidade Europeia, Eventos Desportivos, Algarve, Portugal, Europa, Loul\u00e9, Conhecimento, Bem Estar, Sa\u00fade, Atividade F\u00edsica, Voluntario,","breadcrumb":{"@id":"http:\/\/loule2015.com\/?page_id=2890#breadcrumb"},"inLanguage":"en-US","potentialAction":[{"@type":"ReadAction","target":["http:\/\/loule2015.com\/?page_id=2890"]}]},{"@type":"BreadcrumbList","@id":"http:\/\/loule2015.com\/?page_id=2890#breadcrumb","itemListElement":[{"@type":"ListItem","position":1,"name":"Home","item":"http:\/\/loule2015.com\/"},{"@type":"ListItem","position":2,"name":"III\u00aa Edi\u00e7\u00e3o Liderar no Desporto"}]},{"@type":"WebSite","@id":"http:\/\/loule2015.com\/#website","url":"http:\/\/loule2015.com\/","name":"Loul\u00e9 2015","description":"Cidade Europeia do Desporto","potentialAction":[{"@type":"SearchAction","target":{"@type":"EntryPoint","urlTemplate":"http:\/\/loule2015.com\/?s={search_term_string}"},"query-input":{"@type":"PropertyValueSpecification","valueRequired":true,"valueName":"search_term_string"}}],"inLanguage":"en-US"}]}},"_links":{"self":[{"href":"http:\/\/loule2015.com\/index.php?rest_route=\/wp\/v2\/pages\/2890","targetHints":{"allow":["GET"]}}],"collection":[{"href":"http:\/\/loule2015.com\/index.php?rest_route=\/wp\/v2\/pages"}],"about":[{"href":"http:\/\/loule2015.com\/index.php?rest_route=\/wp\/v2\/types\/page"}],"author":[{"embeddable":true,"href":"http:\/\/loule2015.com\/index.php?rest_route=\/wp\/v2\/users\/1"}],"replies":[{"embeddable":true,"href":"http:\/\/loule2015.com\/index.php?rest_route=%2Fwp%2Fv2%2Fcomments&post=2890"}],"version-history":[{"count":9,"href":"http:\/\/loule2015.com\/index.php?rest_route=\/wp\/v2\/pages\/2890\/revisions"}],"predecessor-version":[{"id":3131,"href":"http:\/\/loule2015.com\/index.php?rest_route=\/wp\/v2\/pages\/2890\/revisions\/3131"}],"wp:attachment":[{"href":"http:\/\/loule2015.com\/index.php?rest_route=%2Fwp%2Fv2%2Fmedia&parent=2890"}],"curies":[{"name":"wp","href":"https:\/\/api.w.org\/{rel}","templated":true}]}}