{"id":2677,"date":"2015-08-26T15:22:37","date_gmt":"2015-08-26T15:22:37","guid":{"rendered":"http:\/\/loule2015.com\/?page_id=2677"},"modified":"2015-09-27T13:20:46","modified_gmt":"2015-09-27T13:20:46","slug":"2677-2","status":"publish","type":"page","link":"http:\/\/loule2015.com\/?page_id=2677","title":{"rendered":"24H Pure \u00aeBike"},"content":{"rendered":"<p><img loading=\"lazy\" decoding=\"async\" class=\"aligncenter size-full wp-image-2685\" src=\"http:\/\/loule2015.com\/wp-content\/uploads\/2015\/08\/cartaz_24h_pure_bike.png\" alt=\"cartaz_24h_pure_bike\" width=\"1000\" height=\"1423\" srcset=\"http:\/\/loule2015.com\/wp-content\/uploads\/2015\/08\/cartaz_24h_pure_bike.png 1000w, http:\/\/loule2015.com\/wp-content\/uploads\/2015\/08\/cartaz_24h_pure_bike-450x640.png 450w, http:\/\/loule2015.com\/wp-content\/uploads\/2015\/08\/cartaz_24h_pure_bike-800x1138.png 800w\" sizes=\"auto, (max-width: 1000px) 100vw, 1000px\" \/><\/p>\n<div class=\"gtranslate_wrapper\" id=\"gt-wrapper-80624440\"><\/div>\n<div class=\"fcbkbttn_buttons_block\" id=\"fcbkbttn_left\"><div class=\"fcbkbttn_like fcbkbttn_large_button\"><fb:like href=\"http:\/\/loule2015.com\/?page_id=2677\" action=\"like\" colorscheme=\"light\" layout=\"button_count\"  size=\"large\"><\/fb:like><\/div><\/div>\n<p><span style=\"color: #ffffff;\">_<\/span><\/p>\n<p><span style=\"color: #ffffff;\">_<\/span>24H Pure \u00aeBike : Organiza\u00e7\u00e3o conjunta da Camara Municipal de Loul\u00e9 e TUiN\u00f3s\u00ae By SRCVJ, 24h Pure Bike \u00e9 uma prova desportiva de Indoor Cycling, inserida no \u00c2mbito do programa Loul\u00e9 cidade europeia de desporto 2015.<br \/>\nLocal : Avenida 25 de Abril, Monumento em mem\u00f3ria de Duarte Pacheco, local idilico cujo autor foi o arquitecto Professor Lu\u00eds Cristino da Silva, dez escultores, um empreiteiro de obras e um respons\u00e1vel pela instala\u00e7\u00e3o el\u00e9ctrica e efeitos de luz, o monumento tem um fuste de coluna com 5 metros de di\u00e2metro e 17 metros de altura, com grava\u00e7\u00e3o de 18 grandes baixos-relevos, 18 metros representando o seu vasto programa de ac\u00e7\u00e3o no sector das Obras P\u00fablicas. Na base voltada para a pra\u00e7a situa-se um plinto, com 4 metros de altura, com a \u00e9fige de Duarte Pacheco em bronze, tem 30 metros de di\u00e2metro, enquadrados por um muro de suporte semicircular com 4 metros de altura. Nesse muro encontra-se gravada uma frase de Salazar \u00abUma vida velozmente vivida e inteiramente consagrada\u00bb<\/p>\n<p>Iremos assim neste local fant\u00e1stico, realizar a 3\u00aa edi\u00e7\u00e3o da Maratona 24H Pure \u00aeBike nos dias 25 de Setembro com inicio \u00e1s 21Horas at\u00e9 ao dia 26 de Setembro \u00e0s 21 horas. A entrega de pr\u00e9mios e uma mega party com Dj marcar\u00e1 o final do evento cuja entrada ser\u00e1 livre e aberta ao p\u00fablico.<br \/>\nEsta prova nunca realizada no nosso concelho, tem como objetivo juntar gin\u00e1sios locais e regionais, que durante 24 Horas estar\u00e3o na referida pra\u00e7a, com os seus equipamentos e instrutores de Indoor cycling e que durante 24 horas seguidas promover\u00e3o aulas dessa modalidade, que muito embora seja j\u00e1 muito praticada, ainda n\u00e3o \u00e9 totalmente conhecida por todos.Prova desportiva com m\u00fasica, aonde o esp\u00edrito de competi\u00e7\u00e3o, camaradagem,adrenalina e puro divertimento n\u00e3o faltam como foi provado nas 2 edi\u00e7\u00f5es j\u00e1 realizadas. 24H de presen\u00e7a no local, dos nossos concorrentes, instrutores, gin\u00e1sios, fam\u00edlias e p\u00fablico em geral.<br \/>\nOs desportistas ter\u00e3o de formar equipas no m\u00e1ximo de 4 elementos, qualquer pessoa fisicamente apta pode participar, fazendo previamente a sua inscri\u00e7\u00e3o atrav\u00e9s do site www.tuinos.pt.<\/p>\n<p>A prova \u00e9 feita em duas fases, sendo a primeira de 24horas de aulas consecutivas realizadas por todos os membros da equipa que se v\u00e3o revezando e a segunda de um sprint que \u00e9 debatido por um membro da equipa a escolha. O objetivo \u00e9 que os concorrentes consigam seguir as aulas, com a disponibilidade e cadencia exigida pelo instrutor, sem nunca abandonar as bicicletas. Os concorrentes ter\u00e3o um local para acampamento e todas as comodidades, como balne\u00e1rios, casas de banho, locais de alimenta\u00e7\u00e3o abertos durante tempo que decorre o evento.Tamb\u00e9m contar\u00e3o com o apoio de massagista que gratuitamente estar\u00e3o presentes para dar conforto f\u00edsico aos concorrentes.<br \/>\nEste evento n\u00e3o \u00e9 realizado com o intuito lucrativo e o valor referente as inscri\u00e7\u00f5es reverte como pr\u00e9mio para os concorrentes, e o excedente entregue a uma institui\u00e7\u00e3o sem fins lucrativos \u00e0 escolha da equipa ganhante.<\/p>\n<p>Os Bares de apoio estar\u00e3o entregues a Sociedade Recreativa e Cultural de Vale Judeu, sociedade sem fins lucrativos e para quem reverter\u00e1 todo o valor apurado com a mesma explora\u00e7\u00e3o para melhoramento das suas instala\u00e7\u00f5es e condi\u00e7\u00f5es.<\/p>\n<p>Pode v\u00ear o regulamento e fazer a sua inscri\u00e7\u00e3o em <a href=\"http:\/\/www.tuinos.pt.\" target=\"_blank\">www.tuinos.pt.<\/a><\/p>\n<p style=\"text-align: center;\"><strong>\u00a0resumo fotogr\u00e1fico<\/strong><\/p>\n\n\t\t<style type=\"text\/css\">\n\t\t\t#gallery-1 {\n\t\t\t\tmargin: auto;\n\t\t\t}\n\t\t\t#gallery-1 .gallery-item {\n\t\t\t\tfloat: left;\n\t\t\t\tmargin-top: 10px;\n\t\t\t\ttext-align: center;\n\t\t\t\twidth: 33%;\n\t\t\t}\n\t\t\t#gallery-1 img {\n\t\t\t\tborder: 2px solid #cfcfcf;\n\t\t\t}\n\t\t\t#gallery-1 .gallery-caption {\n\t\t\t\tmargin-left: 0;\n\t\t\t}\n\t\t\t\/* see gallery_shortcode() in wp-includes\/media.php *\/\n\t\t<\/style>\n\t\t<div id='gallery-1' class='gallery galleryid-2677 gallery-columns-3 gallery-size-thumbnail'><dl class='gallery-item'>\n\t\t\t<dt class='gallery-icon landscape'>\n\t\t\t\t<a href='http:\/\/loule2015.com\/?attachment_id=2839#main'><img loading=\"lazy\" decoding=\"async\" width=\"480\" height=\"321\" src=\"http:\/\/loule2015.com\/wp-content\/uploads\/2015\/08\/DSC_1892-480x321.jpg\" class=\"attachment-thumbnail size-thumbnail\" alt=\"\" srcset=\"http:\/\/loule2015.com\/wp-content\/uploads\/2015\/08\/DSC_1892-480x321.jpg 480w, http:\/\/loule2015.com\/wp-content\/uploads\/2015\/08\/DSC_1892.jpg 800w\" sizes=\"auto, (max-width: 480px) 100vw, 480px\" \/><\/a>\n\t\t\t<\/dt><\/dl><dl class='gallery-item'>\n\t\t\t<dt class='gallery-icon landscape'>\n\t\t\t\t<a href='http:\/\/loule2015.com\/?attachment_id=2845#main'><img loading=\"lazy\" decoding=\"async\" width=\"480\" height=\"321\" src=\"http:\/\/loule2015.com\/wp-content\/uploads\/2015\/08\/DSC_1672-480x321.jpg\" class=\"attachment-thumbnail size-thumbnail\" alt=\"\" srcset=\"http:\/\/loule2015.com\/wp-content\/uploads\/2015\/08\/DSC_1672-480x321.jpg 480w, http:\/\/loule2015.com\/wp-content\/uploads\/2015\/08\/DSC_1672.jpg 800w\" sizes=\"auto, (max-width: 480px) 100vw, 480px\" \/><\/a>\n\t\t\t<\/dt><\/dl><dl class='gallery-item'>\n\t\t\t<dt class='gallery-icon landscape'>\n\t\t\t\t<a href='http:\/\/loule2015.com\/?attachment_id=2847#main'><img loading=\"lazy\" decoding=\"async\" width=\"480\" height=\"321\" src=\"http:\/\/loule2015.com\/wp-content\/uploads\/2015\/08\/DSC_1706-480x321.jpg\" class=\"attachment-thumbnail size-thumbnail\" alt=\"\" srcset=\"http:\/\/loule2015.com\/wp-content\/uploads\/2015\/08\/DSC_1706-480x321.jpg 480w, http:\/\/loule2015.com\/wp-content\/uploads\/2015\/08\/DSC_1706.jpg 800w\" sizes=\"auto, (max-width: 480px) 100vw, 480px\" \/><\/a>\n\t\t\t<\/dt><\/dl><br style=\"clear: both\" \/><dl class='gallery-item'>\n\t\t\t<dt class='gallery-icon landscape'>\n\t\t\t\t<a href='http:\/\/loule2015.com\/?attachment_id=2841#main'><img loading=\"lazy\" decoding=\"async\" width=\"480\" height=\"321\" src=\"http:\/\/loule2015.com\/wp-content\/uploads\/2015\/08\/DSC_1784-480x321.jpg\" class=\"attachment-thumbnail size-thumbnail\" alt=\"\" srcset=\"http:\/\/loule2015.com\/wp-content\/uploads\/2015\/08\/DSC_1784-480x321.jpg 480w, http:\/\/loule2015.com\/wp-content\/uploads\/2015\/08\/DSC_1784.jpg 800w\" sizes=\"auto, (max-width: 480px) 100vw, 480px\" \/><\/a>\n\t\t\t<\/dt><\/dl><dl class='gallery-item'>\n\t\t\t<dt class='gallery-icon landscape'>\n\t\t\t\t<a href='http:\/\/loule2015.com\/?attachment_id=2844#main'><img loading=\"lazy\" decoding=\"async\" width=\"480\" height=\"321\" src=\"http:\/\/loule2015.com\/wp-content\/uploads\/2015\/08\/DSC_1873-480x321.jpg\" class=\"attachment-thumbnail size-thumbnail\" alt=\"\" srcset=\"http:\/\/loule2015.com\/wp-content\/uploads\/2015\/08\/DSC_1873-480x321.jpg 480w, http:\/\/loule2015.com\/wp-content\/uploads\/2015\/08\/DSC_1873.jpg 800w\" sizes=\"auto, (max-width: 480px) 100vw, 480px\" \/><\/a>\n\t\t\t<\/dt><\/dl><dl class='gallery-item'>\n\t\t\t<dt class='gallery-icon landscape'>\n\t\t\t\t<a href='http:\/\/loule2015.com\/?attachment_id=2840#main'><img loading=\"lazy\" decoding=\"async\" width=\"480\" height=\"321\" src=\"http:\/\/loule2015.com\/wp-content\/uploads\/2015\/08\/DSC_1757-480x321.jpg\" class=\"attachment-thumbnail size-thumbnail\" alt=\"\" srcset=\"http:\/\/loule2015.com\/wp-content\/uploads\/2015\/08\/DSC_1757-480x321.jpg 480w, http:\/\/loule2015.com\/wp-content\/uploads\/2015\/08\/DSC_1757.jpg 800w\" sizes=\"auto, (max-width: 480px) 100vw, 480px\" \/><\/a>\n\t\t\t<\/dt><\/dl><br style=\"clear: both\" \/><dl class='gallery-item'>\n\t\t\t<dt class='gallery-icon landscape'>\n\t\t\t\t<a href='http:\/\/loule2015.com\/?attachment_id=2851#main'><img loading=\"lazy\" decoding=\"async\" width=\"480\" height=\"321\" src=\"http:\/\/loule2015.com\/wp-content\/uploads\/2015\/08\/DSC_1876-480x321.jpg\" class=\"attachment-thumbnail size-thumbnail\" alt=\"\" srcset=\"http:\/\/loule2015.com\/wp-content\/uploads\/2015\/08\/DSC_1876-480x321.jpg 480w, http:\/\/loule2015.com\/wp-content\/uploads\/2015\/08\/DSC_1876.jpg 800w\" sizes=\"auto, (max-width: 480px) 100vw, 480px\" \/><\/a>\n\t\t\t<\/dt><\/dl><dl class='gallery-item'>\n\t\t\t<dt class='gallery-icon landscape'>\n\t\t\t\t<a href='http:\/\/loule2015.com\/?attachment_id=2850#main'><img loading=\"lazy\" decoding=\"async\" width=\"480\" height=\"321\" src=\"http:\/\/loule2015.com\/wp-content\/uploads\/2015\/08\/DSC_1842-480x321.jpg\" class=\"attachment-thumbnail size-thumbnail\" alt=\"\" srcset=\"http:\/\/loule2015.com\/wp-content\/uploads\/2015\/08\/DSC_1842-480x321.jpg 480w, http:\/\/loule2015.com\/wp-content\/uploads\/2015\/08\/DSC_1842.jpg 800w\" sizes=\"auto, (max-width: 480px) 100vw, 480px\" \/><\/a>\n\t\t\t<\/dt><\/dl><dl class='gallery-item'>\n\t\t\t<dt class='gallery-icon landscape'>\n\t\t\t\t<a href='http:\/\/loule2015.com\/?attachment_id=2842#main'><img loading=\"lazy\" decoding=\"async\" width=\"480\" height=\"321\" src=\"http:\/\/loule2015.com\/wp-content\/uploads\/2015\/08\/DSC_1833-480x321.jpg\" class=\"attachment-thumbnail size-thumbnail\" alt=\"\" srcset=\"http:\/\/loule2015.com\/wp-content\/uploads\/2015\/08\/DSC_1833-480x321.jpg 480w, http:\/\/loule2015.com\/wp-content\/uploads\/2015\/08\/DSC_1833.jpg 800w\" sizes=\"auto, (max-width: 480px) 100vw, 480px\" \/><\/a>\n\t\t\t<\/dt><\/dl><br style=\"clear: both\" \/><dl class='gallery-item'>\n\t\t\t<dt class='gallery-icon landscape'>\n\t\t\t\t<a href='http:\/\/loule2015.com\/?attachment_id=2848#main'><img loading=\"lazy\" decoding=\"async\" width=\"480\" height=\"321\" src=\"http:\/\/loule2015.com\/wp-content\/uploads\/2015\/08\/DSC_1724-480x321.jpg\" class=\"attachment-thumbnail size-thumbnail\" alt=\"\" srcset=\"http:\/\/loule2015.com\/wp-content\/uploads\/2015\/08\/DSC_1724-480x321.jpg 480w, http:\/\/loule2015.com\/wp-content\/uploads\/2015\/08\/DSC_1724.jpg 800w\" sizes=\"auto, (max-width: 480px) 100vw, 480px\" \/><\/a>\n\t\t\t<\/dt><\/dl><dl class='gallery-item'>\n\t\t\t<dt class='gallery-icon landscape'>\n\t\t\t\t<a href='http:\/\/loule2015.com\/?attachment_id=2846#main'><img loading=\"lazy\" decoding=\"async\" width=\"480\" height=\"321\" src=\"http:\/\/loule2015.com\/wp-content\/uploads\/2015\/08\/DSC_1744-480x321.jpg\" class=\"attachment-thumbnail size-thumbnail\" alt=\"\" srcset=\"http:\/\/loule2015.com\/wp-content\/uploads\/2015\/08\/DSC_1744-480x321.jpg 480w, http:\/\/loule2015.com\/wp-content\/uploads\/2015\/08\/DSC_1744.jpg 800w\" sizes=\"auto, (max-width: 480px) 100vw, 480px\" \/><\/a>\n\t\t\t<\/dt><\/dl><dl class='gallery-item'>\n\t\t\t<dt class='gallery-icon landscape'>\n\t\t\t\t<a href='http:\/\/loule2015.com\/?attachment_id=2849#main'><img loading=\"lazy\" decoding=\"async\" width=\"480\" height=\"321\" src=\"http:\/\/loule2015.com\/wp-content\/uploads\/2015\/08\/DSC_1804-480x321.jpg\" class=\"attachment-thumbnail size-thumbnail\" alt=\"\" srcset=\"http:\/\/loule2015.com\/wp-content\/uploads\/2015\/08\/DSC_1804-480x321.jpg 480w, http:\/\/loule2015.com\/wp-content\/uploads\/2015\/08\/DSC_1804.jpg 800w\" sizes=\"auto, (max-width: 480px) 100vw, 480px\" \/><\/a>\n\t\t\t<\/dt><\/dl><br style=\"clear: both\" \/>\n\t\t<\/div>\n\n<p><a href=\"http:\/\/j.mp\/purebike24h\" target=\"_blank\"><img loading=\"lazy\" decoding=\"async\" class=\"aligncenter wp-image-1307 size-full\" src=\"http:\/\/loule2015.com\/wp-content\/uploads\/2014\/12\/ver_todas.jpg\" alt=\"ver_todas\" width=\"801\" height=\"201\" srcset=\"http:\/\/loule2015.com\/wp-content\/uploads\/2014\/12\/ver_todas.jpg 801w, http:\/\/loule2015.com\/wp-content\/uploads\/2014\/12\/ver_todas-480x120.jpg 480w, http:\/\/loule2015.com\/wp-content\/uploads\/2014\/12\/ver_todas-800x200.jpg 800w\" sizes=\"auto, (max-width: 801px) 100vw, 801px\" \/><\/a><\/p>\n<p>Gin\u00e1sio Fit 8 <a href=\"https:\/\/www.facebook.com\/Fit8Estudio\" target=\"_blank\">https:\/\/www.facebook.com\/Fit8Estudio<\/a><\/p>\n<p>Klaudio francisco <a href=\"https:\/\/www.facebook.com\/klaudio.francisco.5?fref=ts\" target=\"_blank\">https:\/\/www.facebook.com\/klaudio.francisco.5?fref=ts<\/a><\/p>\n<p>ArtBody Gym Gin\u00e1sio<\/p>\n<p><a href=\"https:\/\/www.facebook.com\/artbody.brito?fref=ts\" target=\"_blank\">https:\/\/www.facebook.com\/artbody.brito?fref=ts<\/a><\/p>\n<p>Valdemar Cardoso <a href=\"https:\/\/www.facebook.com\/valdemar.cardoso.5?fref=ts\" target=\"_blank\">https:\/\/www.facebook.com\/valdemar.cardoso.5?fref=ts<\/a><\/p>\n<p>Joana aleixo https:\/\/www.facebook.com\/joana.aleixospa?fref=ts<\/p>\n<p>Pedro Gema <a href=\"https:\/\/www.facebook.com\/pedro.gema.3?fref=ts\" target=\"_blank\">https:\/\/www.facebook.com\/pedro.gema.3?fref=ts<\/a><\/p>\n<p>Lu\u00eds Guerreiro <a href=\"https:\/\/www.facebook.com\/luis.guerreiro.313?fref=ts\" target=\"_blank\">https:\/\/www.facebook.com\/luis.guerreiro.313?fref=ts<\/a><\/p>\n<p>The Wellness Place Gym Gin\u00e1sio<\/p>\n<p><a href=\"https:\/\/www.facebook.com\/pages\/The-Wellness-Place-Gym\/267141480001265?fref=ts\" target=\"_blank\">https:\/\/www.facebook.com\/pages\/The-Wellness-Place-Gym\/267141480001265?fref=ts<\/a><\/p>\n<p>Vera Santos <a href=\"https:\/\/www.facebook.com\/vera.santos.9237?ref=ts&amp;fref=ts&amp;__mref=message_bubble\" target=\"_blank\">https:\/\/www.facebook.com\/vera.santos.9237?ref=ts&amp;fref=ts&amp;__mref=message_bubble<\/a><\/p>\n<p>Corporeus Gin\u00e1sio <a href=\"https:\/\/www.facebook.com\/corporeus.hc?fref=ts\" target=\"_blank\">https:\/\/www.facebook.com\/corporeus.hc?fref=ts<\/a><\/p>\n<p>Instrutores<\/p>\n<p>Francisco Encarna\u00e7\u00e3o <a href=\"https:\/\/www.facebook.com\/fencarnacao?fref=ts&amp;pnref=story\" target=\"_blank\">https:\/\/www.facebook.com\/fencarnacao?fref=ts&amp;pnref=story<\/a><\/p>\n<p>Ricardo Dias <a href=\"https:\/\/www.facebook.com\/ricardo.dias.96930?fref=ts\" target=\"_blank\">https:\/\/www.facebook.com\/ricardo.dias.96930?fref=ts<\/a><\/p>\n<p>Paulo oliveira <a href=\"https:\/\/www.facebook.com\/paulo.oliveira.376?fref=ts\" target=\"_blank\">https:\/\/www.facebook.com\/paulo.oliveira.376?fref=ts<\/a><\/p>\n<p>Manuel Ricardo <a href=\"https:\/\/www.facebook.com\/manuel.ricardo.7?fref=ts\" target=\"_blank\">https:\/\/www.facebook.com\/manuel.ricardo.7?fref=ts<\/a><\/p>\n<p>Fitness center Quarteira <a href=\"https:\/\/www.facebook.com\/fitnesscenter.jv.5?fref=ts\" target=\"_blank\">https:\/\/www.facebook.com\/fitnesscenter.jv.5?fref=ts<\/a><\/p>\n<p>Elton Mota <a href=\"https:\/\/www.facebook.com\/elton.mota3?pnref=story\" target=\"_blank\">https:\/\/www.facebook.com\/elton.mota3?pnref=story<\/a><\/p>\n<p><em>(os links aqui disponibilizados do evento\u00a0 foram cedidos pela organiza\u00e7\u00e3o do mesmo e n\u00e3o s\u00e3o da responsabilidade da C\u00e2mara Municipal de Loul\u00e9 )<\/em><\/p>\n<p>&nbsp;<\/p>\n<p style=\"text-align: center;\"><strong>\u00a0<\/strong><\/p>\n","protected":false},"excerpt":{"rendered":"<p>_ _24H Pure \u00aeBike : Organiza\u00e7\u00e3o conjunta da Camara Municipal de Loul\u00e9 e TUiN\u00f3s\u00ae By SRCVJ, 24h Pure Bike \u00e9 uma prova desportiva de Indoor Cycling, inserida no \u00c2mbito do programa Loul\u00e9 cidade europeia de desporto 2015. Local : Avenida 25 de Abril, Monumento em mem\u00f3ria de Duarte Pacheco, local idilico cujo autor foi o [&hellip;]<\/p>\n","protected":false},"author":1,"featured_media":0,"parent":0,"menu_order":0,"comment_status":"open","ping_status":"open","template":"","meta":{"footnotes":""},"class_list":["post-2677","page","type-page","status-publish","hentry"],"yoast_head":"<!-- This site is optimized with the Yoast SEO plugin v26.2 - https:\/\/yoast.com\/wordpress\/plugins\/seo\/ -->\n<title>Cidade Europeia do Desporto Loul\u00e9<\/title>\n<meta name=\"description\" content=\"Desporto, Cidade Europeia, Eventos Desportivos, Algarve, Portugal, Europa, Loul\u00e9, Conhecimento, Bem Estar, Sa\u00fade, Atividade F\u00edsica, Voluntario,\" \/>\n<meta name=\"robots\" content=\"index, follow, max-snippet:-1, max-image-preview:large, max-video-preview:-1\" \/>\n<link rel=\"canonical\" href=\"http:\/\/loule2015.com\/?page_id=2677\" \/>\n<meta property=\"og:locale\" content=\"en_US\" \/>\n<meta property=\"og:type\" content=\"article\" \/>\n<meta property=\"og:title\" content=\"Cidade Europeia do Desporto Loul\u00e9\" \/>\n<meta property=\"og:description\" content=\"Desporto, Cidade Europeia, Eventos Desportivos, Algarve, Portugal, Europa, Loul\u00e9, Conhecimento, Bem Estar, Sa\u00fade, Atividade F\u00edsica, Voluntario,\" \/>\n<meta property=\"og:url\" content=\"http:\/\/loule2015.com\/?page_id=2677\" \/>\n<meta property=\"og:site_name\" content=\"Loul\u00e9 2015\" \/>\n<meta property=\"article:publisher\" content=\"https:\/\/www.facebook.com\/louleced2015?ref=hl\" \/>\n<meta property=\"article:modified_time\" content=\"2015-09-27T13:20:46+00:00\" \/>\n<meta property=\"og:image\" content=\"http:\/\/loule2015.com\/wp-content\/uploads\/2015\/08\/DSC_1876-480x321.jpg\" \/>\n<meta name=\"twitter:card\" content=\"summary_large_image\" \/>\n<meta name=\"twitter:label1\" content=\"Est. reading time\" \/>\n\t<meta name=\"twitter:data1\" content=\"4 minutes\" \/>\n<script type=\"application\/ld+json\" class=\"yoast-schema-graph\">{\"@context\":\"https:\/\/schema.org\",\"@graph\":[{\"@type\":\"WebPage\",\"@id\":\"http:\/\/loule2015.com\/?page_id=2677\",\"url\":\"http:\/\/loule2015.com\/?page_id=2677\",\"name\":\"Cidade Europeia do Desporto Loul\u00e9\",\"isPartOf\":{\"@id\":\"http:\/\/loule2015.com\/#website\"},\"primaryImageOfPage\":{\"@id\":\"http:\/\/loule2015.com\/?page_id=2677#primaryimage\"},\"image\":{\"@id\":\"http:\/\/loule2015.com\/?page_id=2677#primaryimage\"},\"thumbnailUrl\":\"http:\/\/loule2015.com\/wp-content\/uploads\/2015\/08\/cartaz_24h_pure_bike.png\",\"datePublished\":\"2015-08-26T15:22:37+00:00\",\"dateModified\":\"2015-09-27T13:20:46+00:00\",\"description\":\"Desporto, Cidade Europeia, Eventos Desportivos, Algarve, Portugal, Europa, Loul\u00e9, Conhecimento, Bem Estar, Sa\u00fade, Atividade F\u00edsica, Voluntario,\",\"breadcrumb\":{\"@id\":\"http:\/\/loule2015.com\/?page_id=2677#breadcrumb\"},\"inLanguage\":\"en-US\",\"potentialAction\":[{\"@type\":\"ReadAction\",\"target\":[\"http:\/\/loule2015.com\/?page_id=2677\"]}]},{\"@type\":\"ImageObject\",\"inLanguage\":\"en-US\",\"@id\":\"http:\/\/loule2015.com\/?page_id=2677#primaryimage\",\"url\":\"http:\/\/loule2015.com\/wp-content\/uploads\/2015\/08\/cartaz_24h_pure_bike.png\",\"contentUrl\":\"http:\/\/loule2015.com\/wp-content\/uploads\/2015\/08\/cartaz_24h_pure_bike.png\",\"width\":1000,\"height\":1423},{\"@type\":\"BreadcrumbList\",\"@id\":\"http:\/\/loule2015.com\/?page_id=2677#breadcrumb\",\"itemListElement\":[{\"@type\":\"ListItem\",\"position\":1,\"name\":\"Home\",\"item\":\"http:\/\/loule2015.com\/\"},{\"@type\":\"ListItem\",\"position\":2,\"name\":\"24H Pure \u00aeBike\"}]},{\"@type\":\"WebSite\",\"@id\":\"http:\/\/loule2015.com\/#website\",\"url\":\"http:\/\/loule2015.com\/\",\"name\":\"Loul\u00e9 2015\",\"description\":\"Cidade Europeia do Desporto\",\"potentialAction\":[{\"@type\":\"SearchAction\",\"target\":{\"@type\":\"EntryPoint\",\"urlTemplate\":\"http:\/\/loule2015.com\/?s={search_term_string}\"},\"query-input\":{\"@type\":\"PropertyValueSpecification\",\"valueRequired\":true,\"valueName\":\"search_term_string\"}}],\"inLanguage\":\"en-US\"}]}<\/script>\n<!-- \/ Yoast SEO plugin. -->","yoast_head_json":{"title":"Cidade Europeia do Desporto Loul\u00e9","description":"Desporto, Cidade Europeia, Eventos Desportivos, Algarve, Portugal, Europa, Loul\u00e9, Conhecimento, Bem Estar, Sa\u00fade, Atividade F\u00edsica, Voluntario,","robots":{"index":"index","follow":"follow","max-snippet":"max-snippet:-1","max-image-preview":"max-image-preview:large","max-video-preview":"max-video-preview:-1"},"canonical":"http:\/\/loule2015.com\/?page_id=2677","og_locale":"en_US","og_type":"article","og_title":"Cidade Europeia do Desporto Loul\u00e9","og_description":"Desporto, Cidade Europeia, Eventos Desportivos, Algarve, Portugal, Europa, Loul\u00e9, Conhecimento, Bem Estar, Sa\u00fade, Atividade F\u00edsica, Voluntario,","og_url":"http:\/\/loule2015.com\/?page_id=2677","og_site_name":"Loul\u00e9 2015","article_publisher":"https:\/\/www.facebook.com\/louleced2015?ref=hl","article_modified_time":"2015-09-27T13:20:46+00:00","og_image":[{"url":"http:\/\/loule2015.com\/wp-content\/uploads\/2015\/08\/DSC_1876-480x321.jpg","type":"","width":"","height":""}],"twitter_card":"summary_large_image","twitter_misc":{"Est. reading time":"4 minutes"},"schema":{"@context":"https:\/\/schema.org","@graph":[{"@type":"WebPage","@id":"http:\/\/loule2015.com\/?page_id=2677","url":"http:\/\/loule2015.com\/?page_id=2677","name":"Cidade Europeia do Desporto Loul\u00e9","isPartOf":{"@id":"http:\/\/loule2015.com\/#website"},"primaryImageOfPage":{"@id":"http:\/\/loule2015.com\/?page_id=2677#primaryimage"},"image":{"@id":"http:\/\/loule2015.com\/?page_id=2677#primaryimage"},"thumbnailUrl":"http:\/\/loule2015.com\/wp-content\/uploads\/2015\/08\/cartaz_24h_pure_bike.png","datePublished":"2015-08-26T15:22:37+00:00","dateModified":"2015-09-27T13:20:46+00:00","description":"Desporto, Cidade Europeia, Eventos Desportivos, Algarve, Portugal, Europa, Loul\u00e9, Conhecimento, Bem Estar, Sa\u00fade, Atividade F\u00edsica, Voluntario,","breadcrumb":{"@id":"http:\/\/loule2015.com\/?page_id=2677#breadcrumb"},"inLanguage":"en-US","potentialAction":[{"@type":"ReadAction","target":["http:\/\/loule2015.com\/?page_id=2677"]}]},{"@type":"ImageObject","inLanguage":"en-US","@id":"http:\/\/loule2015.com\/?page_id=2677#primaryimage","url":"http:\/\/loule2015.com\/wp-content\/uploads\/2015\/08\/cartaz_24h_pure_bike.png","contentUrl":"http:\/\/loule2015.com\/wp-content\/uploads\/2015\/08\/cartaz_24h_pure_bike.png","width":1000,"height":1423},{"@type":"BreadcrumbList","@id":"http:\/\/loule2015.com\/?page_id=2677#breadcrumb","itemListElement":[{"@type":"ListItem","position":1,"name":"Home","item":"http:\/\/loule2015.com\/"},{"@type":"ListItem","position":2,"name":"24H Pure \u00aeBike"}]},{"@type":"WebSite","@id":"http:\/\/loule2015.com\/#website","url":"http:\/\/loule2015.com\/","name":"Loul\u00e9 2015","description":"Cidade Europeia do Desporto","potentialAction":[{"@type":"SearchAction","target":{"@type":"EntryPoint","urlTemplate":"http:\/\/loule2015.com\/?s={search_term_string}"},"query-input":{"@type":"PropertyValueSpecification","valueRequired":true,"valueName":"search_term_string"}}],"inLanguage":"en-US"}]}},"_links":{"self":[{"href":"http:\/\/loule2015.com\/index.php?rest_route=\/wp\/v2\/pages\/2677","targetHints":{"allow":["GET"]}}],"collection":[{"href":"http:\/\/loule2015.com\/index.php?rest_route=\/wp\/v2\/pages"}],"about":[{"href":"http:\/\/loule2015.com\/index.php?rest_route=\/wp\/v2\/types\/page"}],"author":[{"embeddable":true,"href":"http:\/\/loule2015.com\/index.php?rest_route=\/wp\/v2\/users\/1"}],"replies":[{"embeddable":true,"href":"http:\/\/loule2015.com\/index.php?rest_route=%2Fwp%2Fv2%2Fcomments&post=2677"}],"version-history":[{"count":22,"href":"http:\/\/loule2015.com\/index.php?rest_route=\/wp\/v2\/pages\/2677\/revisions"}],"predecessor-version":[{"id":2852,"href":"http:\/\/loule2015.com\/index.php?rest_route=\/wp\/v2\/pages\/2677\/revisions\/2852"}],"wp:attachment":[{"href":"http:\/\/loule2015.com\/index.php?rest_route=%2Fwp%2Fv2%2Fmedia&parent=2677"}],"curies":[{"name":"wp","href":"https:\/\/api.w.org\/{rel}","templated":true}]}}