{"id":2669,"date":"2015-08-20T09:23:28","date_gmt":"2015-08-20T09:23:28","guid":{"rendered":"http:\/\/loule2015.com\/?page_id=2669"},"modified":"2015-09-02T16:02:12","modified_gmt":"2015-09-02T16:02:12","slug":"ii-encontro-de-medicina-desportiva-performance-e-saude-no-jovem-atleta","status":"publish","type":"page","link":"http:\/\/loule2015.com\/?page_id=2669","title":{"rendered":"II Encontro de Medicina Desportiva &#8211; &#8220;Performance e Sa\u00fade no Jovem Atleta&#8221;"},"content":{"rendered":"<p>Este ano o Encontro de Medicina Desportiva do Grupo HPA Sa\u00fade \u00e9 realizado no dia 5 de Setembro, em parceria com o munic\u00edpio de Loul\u00e9, estando o programa vocacionado para a avalia\u00e7\u00e3o e interven\u00e7\u00e3o no jovem atleta, amador ou profissional.<\/p>\n<p>Acreditamos que este desafio se constituir\u00e1 como um momento cient\u00edfico importante para toda a regi\u00e3o, valorizando o empenho e a responsabilidade de ambas as institui\u00e7\u00f5es nas comemora\u00e7\u00f5es de Loul\u00e9, Cidade Europeia do Desporto 2015, mas igualmente na promo\u00e7\u00e3o do desporto jovem, estruturado em alicerces de boas pr\u00e1ticas desportivas e de sa\u00fade biopsicossocial.<\/p>\n<p><strong>Programa:<\/strong><\/p>\n<p><strong>8:30<\/strong> &#8211; ABERTURA DO SECRETARIADO<\/p>\n<p><strong>9:00<\/strong> &#8211; SESS\u00c3O DE ABERTURA &#8211; LOUL\u00c9 CIDADE EUROPEIA DO DESPORTO 2015<\/p>\n<p><strong>\u00a0<\/strong><\/p>\n<p><strong>SESS\u00c3O 1 &#8211; <\/strong>Moderadores: Prof. Jos\u00e9 Soares, Dr. Jo\u00e3o Vide, Dr. Rui Sales Marques<\/p>\n<p><strong>\u00a0<\/strong><\/p>\n<p><strong>9:15<\/strong> &#8211; FISIOLOGIA E ANATOMIA DO JOVEM ATLETA \u2013 Particularidades<\/p>\n<p>Dra. Maria Miguel Carvalho \u2013 Ortopedia e Medicina Desportiva CHA e Grupo HPA Sa\u00fade<\/p>\n<p><strong>9:30<\/strong> &#8211; A IMPORT\u00c2NCIA DO ALONGAMENTO &#8211; Como e quando fazer?<\/p>\n<p>FT Lu\u00eds Gomes \u2013 Fisioterapeuta do Grupo do HPA Sa\u00fade<\/p>\n<p><strong>9:45 &#8211; <\/strong>FACTORES PSICOSOCIAIS &#8211; A press\u00e3o emocional do jovem atleta<\/p>\n<p>Dr. Miguel Coutinho \u2013 Neuropsic\u00f3logo do Grupo HPA Sa\u00fade<\/p>\n<p><strong>10:00<\/strong> &#8211; NUTRI\u00c7\u00c3O E SUPLEMENTA\u00c7\u00c3O &#8211; Conceitos \u00fateis<\/p>\n<p>Prof. V\u00edtor Hugo Teixeira \u2013 Nutricionista da Equipa de Futebol S\u00e9nior do Futebol Clube do Porto<\/p>\n<p><strong>10:20<\/strong> &#8211; DISCUSS\u00c3O<\/p>\n<p><strong>10:30<\/strong> &#8211; COFFEE-BREAK<\/p>\n<p>&nbsp;<\/p>\n<p><strong>SESS\u00c3O 2<\/strong> &#8211; Moderadores: Dr. Lu\u00eds Malaia, Dr. Ac\u00e1cio Ramos, Dr. Ricardo Gra\u00e7a<\/p>\n<p>&nbsp;<\/p>\n<p><strong>10:45<\/strong> &#8211; LES\u00d5ES TENDINOSAS &#8211; Parar ou diminuir o treino?<\/p>\n<p>Dr. Miguel Costa \u2013 Medicina Desportiva e Interven\u00e7\u00e3o M\u00fasculo-Esquel\u00e9tica CHA e Grupo HPA Sa\u00fade<\/p>\n<p><strong>11:00<\/strong> &#8211; LES\u00d5ES MUSCULARES &#8211; Como gerir o esfor\u00e7o?<\/p>\n<p>Dr. Rui Sales Marques \u2013 Medicina Desportiva e Interven\u00e7\u00e3o M\u00fasculo-Esquel\u00e9tica CHA e Grupo HPA Sa\u00fade<\/p>\n<p><strong>11:15<\/strong> &#8211; ESTABILIDADE P\u00c9LVICA &#8211; A import\u00e2ncia na alta competi\u00e7\u00e3o<\/p>\n<p>Dr. Jo\u00e3o Moreira \u2013 M\u00e9dico Especialista em Medicina F\u00edsica e de Reabilita\u00e7\u00e3o<\/p>\n<p><strong>11:30<\/strong> &#8211; TREINO DE FOR\u00c7A &#8211; A realidade em Portugal<\/p>\n<p>Prof. Jos\u00e9 Soares \u2013 Professor Catedr\u00e1tico de Fisiologia na Faculdade de Desporto da Universidade do Porto<\/p>\n<p><strong>11:50<\/strong> &#8211; DISCUSS\u00c3O<\/p>\n<p>&nbsp;<\/p>\n<p><strong>SESS\u00c3O 3<\/strong> &#8211; Moderadores: Dr. Jo\u00e3o Paulo Sousa, Dr. Miguel Costa, Prof. Vitor Hugo Teixeira<\/p>\n<p>&nbsp;<\/p>\n<p><strong>12:00<\/strong> &#8211; DESPORTO NAS DOEN\u00c7AS ORTOP\u00c9DICAS DO JOVEM ATLETA -Problema ou Solu\u00e7\u00e3o?<\/p>\n<p>Dr. Jo\u00e3o Vide \u2013 Ortopedia e Medicina Desportiva CHA e Grupo HPA Sa\u00fade<\/p>\n<p><strong>12:15<\/strong> &#8211; FRATURAS E LES\u00d5ES DE STRESS &#8211; Avalia\u00e7\u00e3o imagiol\u00f3gica<\/p>\n<p>Dr. Miguel Oliveira e Castro \u2013 Imagiologia e Interven\u00e7\u00e3o M\u00fasculo-esquel\u00e9tica CHA e Grupo HPA Sa\u00fade<\/p>\n<p><strong>12:30<\/strong> &#8211; O FUTURO DA MEDICINA DESPORTIVA &#8211; Investiga\u00e7\u00e3o e utiliza\u00e7\u00e3o de novas terap\u00eauticas Emilio Lopez Vidriero \u2013 Diretor da International Sports Medicine Clinic &#8211; ISMEC Sevilha<\/p>\n<p><strong>12:50<\/strong> &#8211; DISCUSS\u00c3O<\/p>\n<p><strong>14:30 &#8211; 15:30<\/strong> \u2013 WORKSHOPS: CL\u00cdNICA PARTICULAR DE VILAMOURA<\/p>\n<p>As inscri\u00e7\u00f5es ser\u00e3o efetuadas junto do secretariado no dia evento, e ser\u00e3o limitadas a 10 participantes por workshop<\/p>\n<p>&nbsp;<\/p>\n<p>Para informa\u00e7\u00f5es adicionais \/ inscri\u00e7\u00e3o: <a href=\"http:\/\/www.grupohpa.com\/pt\/destaques\/ii-encontro-de-medicina-desportiva\" target=\"_blank\">http:\/\/www.grupohpa.com\/pt\/destaques\/ii-encontro-de-medicina-desportiva<\/a><\/p>\n<p><em>(os links aqui disponibilizados do evento\u00a0 foram cedidos pela organiza\u00e7\u00e3o do mesmo e n\u00e3o s\u00e3o da responsabilidade da C\u00e2mara Municipal de Loul\u00e9 )<\/em><\/p>\n","protected":false},"excerpt":{"rendered":"<p>Este ano o Encontro de Medicina Desportiva do Grupo HPA Sa\u00fade \u00e9 realizado no dia 5 de Setembro, em parceria com o munic\u00edpio de Loul\u00e9, estando o programa vocacionado para a avalia\u00e7\u00e3o e interven\u00e7\u00e3o no jovem atleta, amador ou profissional. Acreditamos que este desafio se constituir\u00e1 como um momento cient\u00edfico importante para toda a regi\u00e3o, [&hellip;]<\/p>\n","protected":false},"author":1,"featured_media":0,"parent":0,"menu_order":0,"comment_status":"open","ping_status":"open","template":"","meta":{"footnotes":""},"class_list":["post-2669","page","type-page","status-publish","hentry"],"yoast_head":"<!-- This site is optimized with the Yoast SEO plugin v26.2 - https:\/\/yoast.com\/wordpress\/plugins\/seo\/ -->\n<title>Cidade Europeia do Desporto Loul\u00e9<\/title>\n<meta name=\"description\" content=\"Desporto, Cidade Europeia, Eventos Desportivos, Algarve, Portugal, Europa, Loul\u00e9, Conhecimento, Bem Estar, Sa\u00fade, Atividade F\u00edsica, Voluntario,\" \/>\n<meta name=\"robots\" content=\"index, follow, max-snippet:-1, max-image-preview:large, max-video-preview:-1\" \/>\n<link rel=\"canonical\" href=\"http:\/\/loule2015.com\/?page_id=2669\" \/>\n<meta property=\"og:locale\" content=\"en_US\" \/>\n<meta property=\"og:type\" content=\"article\" \/>\n<meta property=\"og:title\" content=\"Cidade Europeia do Desporto Loul\u00e9\" \/>\n<meta property=\"og:description\" content=\"Desporto, Cidade Europeia, Eventos Desportivos, Algarve, Portugal, Europa, Loul\u00e9, Conhecimento, Bem Estar, Sa\u00fade, Atividade F\u00edsica, Voluntario,\" \/>\n<meta property=\"og:url\" content=\"http:\/\/loule2015.com\/?page_id=2669\" \/>\n<meta property=\"og:site_name\" content=\"Loul\u00e9 2015\" \/>\n<meta property=\"article:publisher\" content=\"https:\/\/www.facebook.com\/louleced2015?ref=hl\" \/>\n<meta property=\"article:modified_time\" content=\"2015-09-02T16:02:12+00:00\" \/>\n<meta property=\"og:image\" content=\"http:\/\/loule2015.com\/wp-content\/uploads\/2015\/03\/Loul\u00e9_CED.png\" \/>\n\t<meta property=\"og:image:width\" content=\"400\" \/>\n\t<meta property=\"og:image:height\" content=\"400\" \/>\n\t<meta property=\"og:image:type\" content=\"image\/png\" \/>\n<meta name=\"twitter:card\" content=\"summary_large_image\" \/>\n<meta name=\"twitter:label1\" content=\"Est. reading time\" \/>\n\t<meta name=\"twitter:data1\" content=\"3 minutes\" \/>\n<script type=\"application\/ld+json\" class=\"yoast-schema-graph\">{\"@context\":\"https:\/\/schema.org\",\"@graph\":[{\"@type\":\"WebPage\",\"@id\":\"http:\/\/loule2015.com\/?page_id=2669\",\"url\":\"http:\/\/loule2015.com\/?page_id=2669\",\"name\":\"Cidade Europeia do Desporto Loul\u00e9\",\"isPartOf\":{\"@id\":\"http:\/\/loule2015.com\/#website\"},\"datePublished\":\"2015-08-20T09:23:28+00:00\",\"dateModified\":\"2015-09-02T16:02:12+00:00\",\"description\":\"Desporto, Cidade Europeia, Eventos Desportivos, Algarve, Portugal, Europa, Loul\u00e9, Conhecimento, Bem Estar, Sa\u00fade, Atividade F\u00edsica, Voluntario,\",\"breadcrumb\":{\"@id\":\"http:\/\/loule2015.com\/?page_id=2669#breadcrumb\"},\"inLanguage\":\"en-US\",\"potentialAction\":[{\"@type\":\"ReadAction\",\"target\":[\"http:\/\/loule2015.com\/?page_id=2669\"]}]},{\"@type\":\"BreadcrumbList\",\"@id\":\"http:\/\/loule2015.com\/?page_id=2669#breadcrumb\",\"itemListElement\":[{\"@type\":\"ListItem\",\"position\":1,\"name\":\"Home\",\"item\":\"http:\/\/loule2015.com\/\"},{\"@type\":\"ListItem\",\"position\":2,\"name\":\"II Encontro de Medicina Desportiva &#8211; &#8220;Performance e Sa\u00fade no Jovem Atleta&#8221;\"}]},{\"@type\":\"WebSite\",\"@id\":\"http:\/\/loule2015.com\/#website\",\"url\":\"http:\/\/loule2015.com\/\",\"name\":\"Loul\u00e9 2015\",\"description\":\"Cidade Europeia do Desporto\",\"potentialAction\":[{\"@type\":\"SearchAction\",\"target\":{\"@type\":\"EntryPoint\",\"urlTemplate\":\"http:\/\/loule2015.com\/?s={search_term_string}\"},\"query-input\":{\"@type\":\"PropertyValueSpecification\",\"valueRequired\":true,\"valueName\":\"search_term_string\"}}],\"inLanguage\":\"en-US\"}]}<\/script>\n<!-- \/ Yoast SEO plugin. -->","yoast_head_json":{"title":"Cidade Europeia do Desporto Loul\u00e9","description":"Desporto, Cidade Europeia, Eventos Desportivos, Algarve, Portugal, Europa, Loul\u00e9, Conhecimento, Bem Estar, Sa\u00fade, Atividade F\u00edsica, Voluntario,","robots":{"index":"index","follow":"follow","max-snippet":"max-snippet:-1","max-image-preview":"max-image-preview:large","max-video-preview":"max-video-preview:-1"},"canonical":"http:\/\/loule2015.com\/?page_id=2669","og_locale":"en_US","og_type":"article","og_title":"Cidade Europeia do Desporto Loul\u00e9","og_description":"Desporto, Cidade Europeia, Eventos Desportivos, Algarve, Portugal, Europa, Loul\u00e9, Conhecimento, Bem Estar, Sa\u00fade, Atividade F\u00edsica, Voluntario,","og_url":"http:\/\/loule2015.com\/?page_id=2669","og_site_name":"Loul\u00e9 2015","article_publisher":"https:\/\/www.facebook.com\/louleced2015?ref=hl","article_modified_time":"2015-09-02T16:02:12+00:00","og_image":[{"width":400,"height":400,"url":"http:\/\/loule2015.com\/wp-content\/uploads\/2015\/03\/Loul\u00e9_CED.png","type":"image\/png"}],"twitter_card":"summary_large_image","twitter_misc":{"Est. reading time":"3 minutes"},"schema":{"@context":"https:\/\/schema.org","@graph":[{"@type":"WebPage","@id":"http:\/\/loule2015.com\/?page_id=2669","url":"http:\/\/loule2015.com\/?page_id=2669","name":"Cidade Europeia do Desporto Loul\u00e9","isPartOf":{"@id":"http:\/\/loule2015.com\/#website"},"datePublished":"2015-08-20T09:23:28+00:00","dateModified":"2015-09-02T16:02:12+00:00","description":"Desporto, Cidade Europeia, Eventos Desportivos, Algarve, Portugal, Europa, Loul\u00e9, Conhecimento, Bem Estar, Sa\u00fade, Atividade F\u00edsica, Voluntario,","breadcrumb":{"@id":"http:\/\/loule2015.com\/?page_id=2669#breadcrumb"},"inLanguage":"en-US","potentialAction":[{"@type":"ReadAction","target":["http:\/\/loule2015.com\/?page_id=2669"]}]},{"@type":"BreadcrumbList","@id":"http:\/\/loule2015.com\/?page_id=2669#breadcrumb","itemListElement":[{"@type":"ListItem","position":1,"name":"Home","item":"http:\/\/loule2015.com\/"},{"@type":"ListItem","position":2,"name":"II Encontro de Medicina Desportiva &#8211; &#8220;Performance e Sa\u00fade no Jovem Atleta&#8221;"}]},{"@type":"WebSite","@id":"http:\/\/loule2015.com\/#website","url":"http:\/\/loule2015.com\/","name":"Loul\u00e9 2015","description":"Cidade Europeia do Desporto","potentialAction":[{"@type":"SearchAction","target":{"@type":"EntryPoint","urlTemplate":"http:\/\/loule2015.com\/?s={search_term_string}"},"query-input":{"@type":"PropertyValueSpecification","valueRequired":true,"valueName":"search_term_string"}}],"inLanguage":"en-US"}]}},"_links":{"self":[{"href":"http:\/\/loule2015.com\/index.php?rest_route=\/wp\/v2\/pages\/2669","targetHints":{"allow":["GET"]}}],"collection":[{"href":"http:\/\/loule2015.com\/index.php?rest_route=\/wp\/v2\/pages"}],"about":[{"href":"http:\/\/loule2015.com\/index.php?rest_route=\/wp\/v2\/types\/page"}],"author":[{"embeddable":true,"href":"http:\/\/loule2015.com\/index.php?rest_route=\/wp\/v2\/users\/1"}],"replies":[{"embeddable":true,"href":"http:\/\/loule2015.com\/index.php?rest_route=%2Fwp%2Fv2%2Fcomments&post=2669"}],"version-history":[{"count":3,"href":"http:\/\/loule2015.com\/index.php?rest_route=\/wp\/v2\/pages\/2669\/revisions"}],"predecessor-version":[{"id":2743,"href":"http:\/\/loule2015.com\/index.php?rest_route=\/wp\/v2\/pages\/2669\/revisions\/2743"}],"wp:attachment":[{"href":"http:\/\/loule2015.com\/index.php?rest_route=%2Fwp%2Fv2%2Fmedia&parent=2669"}],"curies":[{"name":"wp","href":"https:\/\/api.w.org\/{rel}","templated":true}]}}