{"id":2600,"date":"2015-07-28T09:09:27","date_gmt":"2015-07-28T09:09:27","guid":{"rendered":"http:\/\/loule2015.com\/?page_id=2600"},"modified":"2015-08-28T13:00:52","modified_gmt":"2015-08-28T13:00:52","slug":"corrida-vertical","status":"publish","type":"page","link":"http:\/\/loule2015.com\/?page_id=2600","title":{"rendered":"Corrida Vertical"},"content":{"rendered":"<p style=\"text-align: justify;\"><div class=\"fcbkbttn_buttons_block\" id=\"fcbkbttn_left\"><div class=\"fcbkbttn_like fcbkbttn_large_button\"><fb:like href=\"http:\/\/loule2015.com\/?page_id=2600\" action=\"like\" colorscheme=\"light\" layout=\"button_count\"  size=\"large\"><\/fb:like><\/div><\/div><\/p>\n<p style=\"text-align: justify;\">Quarteira prepara-se para ficar na hist\u00f3ria do espet\u00e1culo desportivo em Portugal com a realiza\u00e7\u00e3o da Corrida Vertical Aquashow, no pr\u00f3ximo dia 1 de agosto, a partir das 22 horas.<br \/>\nTrata-se de um desafio in\u00e9dito no pa\u00eds e ter\u00e1 como cen\u00e1rio as escadas da \u201cFree Fall\u201d, uma estrutura com 32 metros de altura e que \u00e9 a mais recente atra\u00e7\u00e3o do Parque Aqu\u00e1tico Aquashow.<br \/>\nA corrida ser\u00e1 dividida em provas individuais de contra-rel\u00f3gio, em categorias masculinas e femininas. Cada atleta dever\u00e1 subir duas vezes as escadas e os seis primeiros classificados disputar\u00e3o a \u00faltima e derradeira prova que ir\u00e1 coroar o rei e a rainha da Corrida Vertical Aquashow.<br \/>\nA Corrida Vertical assume-se como uma nova modalidade desportiva que consiste em subir<br \/>\num determinado n\u00famero de degraus no menor tempo poss\u00edvel. Enquanto prova espet\u00e1culo, tem suscitado o interesse do p\u00fablico e dos media internacionais, sobretudo com a realiza\u00e7\u00e3o de provas em alguns dos arranha c\u00e9us mais famosos do mundo, como o Empire State Building em Nova Iorque ou o edif\u00edcio Taipei na China.<br \/>\nNesta primeira edi\u00e7\u00e3o em solo portugu\u00eas, a participa\u00e7\u00e3o ser\u00e1 limitada a cinquenta inscri\u00e7\u00f5es e dever\u00e1 contar com alguns atletas de renome nacional como convidados.<br \/>\nDurante esta noite, o Aquashow ter\u00e1 entrada livre para todos os que quiserem assistir \u00e0 corrida, ao mesmo tempo que poder\u00e3o aproveitar a piscina de ondas e desfrutar da anima\u00e7\u00e3o musical com o DJ Christian F, ao longo de todo o evento.<br \/>\nA Corrida Vertical Aquashow resulta de uma organiza\u00e7\u00e3o do Algarve Trail Running e Corrida Vertical com o apoio Quarteira Night Runners, em co-parceria com a C\u00e2mara Municipal de Loul\u00e9, com a chancela de \u201cLoul\u00e9 Cidade Europeia do Desporto 2015\u201d.<br \/>\nA distin\u00e7\u00e3o \u201cLoul\u00e9 Cidade Europeia do Desporto 2015\u201d foi atribu\u00edda pela Associa\u00e7\u00e3o das Capitais Europeias do Desporto (ACES) e marcar\u00e1 toda a atividade desportiva no concelho em 2015.<\/p>\n<p style=\"text-align: center;\"><strong>reportagem<\/strong><\/p>\n<p style=\"text-align: center;\"><iframe loading=\"lazy\" src=\"\/\/player.vimeo.com\/video\/137598126\" width=\"980\" height=\"281\" frameborder=\"0\" allowfullscreen=\"allowfullscreen\"><\/iframe><\/p>\n","protected":false},"excerpt":{"rendered":"<p>Quarteira prepara-se para ficar na hist\u00f3ria do espet\u00e1culo desportivo em Portugal com a realiza\u00e7\u00e3o da Corrida Vertical Aquashow, no pr\u00f3ximo dia 1 de agosto, a partir das 22 horas. Trata-se de um desafio in\u00e9dito no pa\u00eds e ter\u00e1 como cen\u00e1rio as escadas da \u201cFree Fall\u201d, uma estrutura com 32 metros de altura e que \u00e9 [&hellip;]<\/p>\n","protected":false},"author":1,"featured_media":0,"parent":0,"menu_order":0,"comment_status":"open","ping_status":"open","template":"","meta":{"footnotes":""},"class_list":["post-2600","page","type-page","status-publish","hentry"],"yoast_head":"<!-- This site is optimized with the Yoast SEO plugin v27.5 - https:\/\/yoast.com\/product\/yoast-seo-wordpress\/ -->\n<title>Cidade Europeia do Desporto Loul\u00e9<\/title>\n<meta name=\"description\" content=\"Desporto, Cidade Europeia, Eventos Desportivos, Algarve, Portugal, Europa, Loul\u00e9, Conhecimento, Bem Estar, Sa\u00fade, Atividade F\u00edsica, Voluntario,\" \/>\n<meta name=\"robots\" content=\"index, follow, max-snippet:-1, max-image-preview:large, max-video-preview:-1\" \/>\n<link rel=\"canonical\" href=\"http:\/\/loule2015.com\/?page_id=2600\" \/>\n<meta property=\"og:locale\" content=\"en_US\" \/>\n<meta property=\"og:type\" content=\"article\" \/>\n<meta property=\"og:title\" content=\"Cidade Europeia do Desporto Loul\u00e9\" \/>\n<meta property=\"og:description\" content=\"Desporto, Cidade Europeia, Eventos Desportivos, Algarve, Portugal, Europa, Loul\u00e9, Conhecimento, Bem Estar, Sa\u00fade, Atividade F\u00edsica, Voluntario,\" \/>\n<meta property=\"og:url\" content=\"http:\/\/loule2015.com\/?page_id=2600\" \/>\n<meta property=\"og:site_name\" content=\"Loul\u00e9 2015\" \/>\n<meta property=\"article:publisher\" content=\"https:\/\/www.facebook.com\/louleced2015?ref=hl\" \/>\n<meta property=\"article:modified_time\" content=\"2015-08-28T13:00:52+00:00\" \/>\n<meta property=\"og:image\" content=\"http:\/\/loule2015.com\/wp-content\/uploads\/2015\/03\/Loul\u00e9_CED.png\" \/>\n\t<meta property=\"og:image:width\" content=\"400\" \/>\n\t<meta property=\"og:image:height\" content=\"400\" \/>\n\t<meta property=\"og:image:type\" content=\"image\/png\" \/>\n<meta name=\"twitter:card\" content=\"summary_large_image\" \/>\n<meta name=\"twitter:label1\" content=\"Est. reading time\" \/>\n\t<meta name=\"twitter:data1\" content=\"2 minutes\" \/>\n<script type=\"application\/ld+json\" class=\"yoast-schema-graph\">{\"@context\":\"https:\\\/\\\/schema.org\",\"@graph\":[{\"@type\":\"WebPage\",\"@id\":\"http:\\\/\\\/loule2015.com\\\/?page_id=2600\",\"url\":\"http:\\\/\\\/loule2015.com\\\/?page_id=2600\",\"name\":\"Cidade Europeia do Desporto Loul\u00e9\",\"isPartOf\":{\"@id\":\"https:\\\/\\\/loule2015.com\\\/#website\"},\"datePublished\":\"2015-07-28T09:09:27+00:00\",\"dateModified\":\"2015-08-28T13:00:52+00:00\",\"description\":\"Desporto, Cidade Europeia, Eventos Desportivos, Algarve, Portugal, Europa, Loul\u00e9, Conhecimento, Bem Estar, Sa\u00fade, Atividade F\u00edsica, Voluntario,\",\"breadcrumb\":{\"@id\":\"http:\\\/\\\/loule2015.com\\\/?page_id=2600#breadcrumb\"},\"inLanguage\":\"en-US\",\"potentialAction\":[{\"@type\":\"ReadAction\",\"target\":[\"http:\\\/\\\/loule2015.com\\\/?page_id=2600\"]}]},{\"@type\":\"BreadcrumbList\",\"@id\":\"http:\\\/\\\/loule2015.com\\\/?page_id=2600#breadcrumb\",\"itemListElement\":[{\"@type\":\"ListItem\",\"position\":1,\"name\":\"Home\",\"item\":\"https:\\\/\\\/loule2015.com\\\/\"},{\"@type\":\"ListItem\",\"position\":2,\"name\":\"Corrida Vertical\"}]},{\"@type\":\"WebSite\",\"@id\":\"https:\\\/\\\/loule2015.com\\\/#website\",\"url\":\"https:\\\/\\\/loule2015.com\\\/\",\"name\":\"Loul\u00e9 2015\",\"description\":\"Cidade Europeia do Desporto\",\"potentialAction\":[{\"@type\":\"SearchAction\",\"target\":{\"@type\":\"EntryPoint\",\"urlTemplate\":\"https:\\\/\\\/loule2015.com\\\/?s={search_term_string}\"},\"query-input\":{\"@type\":\"PropertyValueSpecification\",\"valueRequired\":true,\"valueName\":\"search_term_string\"}}],\"inLanguage\":\"en-US\"}]}<\/script>\n<!-- \/ Yoast SEO plugin. -->","yoast_head_json":{"title":"Cidade Europeia do Desporto Loul\u00e9","description":"Desporto, Cidade Europeia, Eventos Desportivos, Algarve, Portugal, Europa, Loul\u00e9, Conhecimento, Bem Estar, Sa\u00fade, Atividade F\u00edsica, Voluntario,","robots":{"index":"index","follow":"follow","max-snippet":"max-snippet:-1","max-image-preview":"max-image-preview:large","max-video-preview":"max-video-preview:-1"},"canonical":"http:\/\/loule2015.com\/?page_id=2600","og_locale":"en_US","og_type":"article","og_title":"Cidade Europeia do Desporto Loul\u00e9","og_description":"Desporto, Cidade Europeia, Eventos Desportivos, Algarve, Portugal, Europa, Loul\u00e9, Conhecimento, Bem Estar, Sa\u00fade, Atividade F\u00edsica, Voluntario,","og_url":"http:\/\/loule2015.com\/?page_id=2600","og_site_name":"Loul\u00e9 2015","article_publisher":"https:\/\/www.facebook.com\/louleced2015?ref=hl","article_modified_time":"2015-08-28T13:00:52+00:00","og_image":[{"width":400,"height":400,"url":"http:\/\/loule2015.com\/wp-content\/uploads\/2015\/03\/Loul\u00e9_CED.png","type":"image\/png"}],"twitter_card":"summary_large_image","twitter_misc":{"Est. reading time":"2 minutes"},"schema":{"@context":"https:\/\/schema.org","@graph":[{"@type":"WebPage","@id":"http:\/\/loule2015.com\/?page_id=2600","url":"http:\/\/loule2015.com\/?page_id=2600","name":"Cidade Europeia do Desporto Loul\u00e9","isPartOf":{"@id":"https:\/\/loule2015.com\/#website"},"datePublished":"2015-07-28T09:09:27+00:00","dateModified":"2015-08-28T13:00:52+00:00","description":"Desporto, Cidade Europeia, Eventos Desportivos, Algarve, Portugal, Europa, Loul\u00e9, Conhecimento, Bem Estar, Sa\u00fade, Atividade F\u00edsica, Voluntario,","breadcrumb":{"@id":"http:\/\/loule2015.com\/?page_id=2600#breadcrumb"},"inLanguage":"en-US","potentialAction":[{"@type":"ReadAction","target":["http:\/\/loule2015.com\/?page_id=2600"]}]},{"@type":"BreadcrumbList","@id":"http:\/\/loule2015.com\/?page_id=2600#breadcrumb","itemListElement":[{"@type":"ListItem","position":1,"name":"Home","item":"https:\/\/loule2015.com\/"},{"@type":"ListItem","position":2,"name":"Corrida Vertical"}]},{"@type":"WebSite","@id":"https:\/\/loule2015.com\/#website","url":"https:\/\/loule2015.com\/","name":"Loul\u00e9 2015","description":"Cidade Europeia do Desporto","potentialAction":[{"@type":"SearchAction","target":{"@type":"EntryPoint","urlTemplate":"https:\/\/loule2015.com\/?s={search_term_string}"},"query-input":{"@type":"PropertyValueSpecification","valueRequired":true,"valueName":"search_term_string"}}],"inLanguage":"en-US"}]}},"_links":{"self":[{"href":"http:\/\/loule2015.com\/index.php?rest_route=\/wp\/v2\/pages\/2600","targetHints":{"allow":["GET"]}}],"collection":[{"href":"http:\/\/loule2015.com\/index.php?rest_route=\/wp\/v2\/pages"}],"about":[{"href":"http:\/\/loule2015.com\/index.php?rest_route=\/wp\/v2\/types\/page"}],"author":[{"embeddable":true,"href":"http:\/\/loule2015.com\/index.php?rest_route=\/wp\/v2\/users\/1"}],"replies":[{"embeddable":true,"href":"http:\/\/loule2015.com\/index.php?rest_route=%2Fwp%2Fv2%2Fcomments&post=2600"}],"version-history":[{"count":5,"href":"http:\/\/loule2015.com\/index.php?rest_route=\/wp\/v2\/pages\/2600\/revisions"}],"predecessor-version":[{"id":2700,"href":"http:\/\/loule2015.com\/index.php?rest_route=\/wp\/v2\/pages\/2600\/revisions\/2700"}],"wp:attachment":[{"href":"http:\/\/loule2015.com\/index.php?rest_route=%2Fwp%2Fv2%2Fmedia&parent=2600"}],"curies":[{"name":"wp","href":"https:\/\/api.w.org\/{rel}","templated":true}]}}