{"id":2586,"date":"2015-07-22T09:17:45","date_gmt":"2015-07-22T09:17:45","guid":{"rendered":"http:\/\/loule2015.com\/?page_id=2586"},"modified":"2015-09-07T15:16:59","modified_gmt":"2015-09-07T15:16:59","slug":"certificacao-g-functional","status":"publish","type":"page","link":"http:\/\/loule2015.com\/?page_id=2586","title":{"rendered":"Certifica\u00e7\u00e3o G-FUNCTIONAL"},"content":{"rendered":"<p>Pela primeira vez no ALGARVE e no \u00e2mbito de \u201cLoul\u00e9 Cidade Europeia do Desporto\u201915\u201d, dia 3 e 4 de outubro em Quarteira, ir\u00e1 decorrem em dois 4 workshops integrados na Certifica\u00e7\u00e3o G-FUNCTIONAL organizada pela GIMNICA!<\/p>\n<p>Cada participante pode participar em dois workshops (1 na tarde de dia 03 de outubro outros na manha de dia 04 de outubro) e ainda terminar em grande na MasterClass Top GUN.<\/p>\n<p>Esta forma\u00e7\u00e3o \u00e9 creditada pelo IPDJ sendo que o n\u00famero de cr\u00e9ditos est\u00e1 neste momento em fase de decis\u00e3o por parte do referido organismo.\u00a0Os workshops permitem a todos os participantes usarem, testarem e sentirem no pr\u00f3prio corpo todas as ferramentas de treino abordadas durante a forma\u00e7\u00e3o.\u00a0O conhecimento ligado \u00e0 pr\u00e1tica \u00e9 fundamental para que o investimento do participante no workshop se reflita de imediato no seu trabalho, podendo ainda usufruir de 25% desconto na compra dos materiais utilizados nos v\u00e1rios workshops! Por cada cinco inscri\u00e7\u00f5es recebem um free pass.<\/p>\n<p><strong>\u00a0<\/strong><\/p>\n<p><strong>WORKSHOPS:<\/strong><\/p>\n<p><strong>\u00a0<\/strong><\/p>\n<p><strong>TRX\u00ae MIX &#8211; TRX Mobility &amp; TRX Advanced Suspention Training<\/strong><\/p>\n<p><strong>Formador: Team TRX Portugal<\/strong><\/p>\n<p>Cada vez mais na \u00e1rea do exerc\u00edcio, os profissionais procuram padr\u00f5es de movimento eficientes. A import\u00e2ncia da mobilidade \u00e9 fundamental para evitar desequil\u00edbrios musculares na cadeia cin\u00e9tica.\u00a0Aprender a ci\u00eancia e as progress\u00f5es corretas de diversos movimentos numa prespetiva multiplanar \u00e9 fundamental. Na segunda parte deste workshop ser\u00e1 apresentado o n\u00edvel avan\u00e7ado de programa\u00e7\u00e3o, com novos e exigentes circuitos de treino que envolvem um conjunto alargado de exerc\u00edcios de diversos padr\u00f5es funcionais: &#8220;PULL&#8221; &#8211; &#8220;SQUAT&#8221; &#8211; &#8220;PRESS&#8221; &#8211; &#8220;LUNGE&#8221; &#8211; &#8220;STEP&#8221; &#8211; &#8220;HINGE&#8221; e &#8220;ROTATE&#8221;<\/p>\n<p>&nbsp;<\/p>\n<p><strong>Trigger Point Performance<\/strong><\/p>\n<p><strong>Formador: Filipe Videira<\/strong><\/p>\n<p>Neste Workshop, os participantes ir\u00e3o aprender a implementar a T\u00e9cnica de Compress\u00e3o Miofascial &#8211; SMR (liberta\u00e7\u00e3o miofascial auto-induzida) na rotina do treino di\u00e1rio dos alunos com especial incid\u00eancia para as modalidades: corrida, golf e crossfit.\u00a0Este workshop d\u00e1 enfase \u00e0s \u00e1reas do corpo que, acreditamos terem mais impacto na sua biomec\u00e2nica, permitindo aos participantes adquirir experi\u00eancia &#8220;hands-on&#8221; no coaching e na prescri\u00e7\u00e3o dos exerc\u00edcios &#8211; chave do &#8220;Foam Rolling&#8221; e que podem aplicar no imediato e no per\u00edodo pr\u00e9 e p\u00f3s treino a todos os seus clientes, utilizando o GRID, O STK e o NANO.<\/p>\n<p>&nbsp;<\/p>\n<p><strong>BOSU 3D EXTREME<\/strong><\/p>\n<p><strong>Formador: Carla Gon\u00e7alves<\/strong><\/p>\n<p>Treino de alta intensidade onde o condicionamento total do corpo \u00e9 integrado com um c\u00e1rdio explosivo. A classe ser\u00e1 dividida em 3 grupos, que competem entre eles e que trabalham alternadamente o core, a for\u00e7a e a endurance &#8211; \u00c9 o desafio perfeito para quem procura algo inovador!\u00a0Um dos grandes objectivos desta forma\u00e7\u00e3o \u00e9 aprender a incorporar exerc\u00edcios utilizando o peso do corpo, o BOSU e outras ferramentas (FitBalls, Bolas Funcionais, PowerStax, etc) num treino em circuito, bem como usar os pilares do treino de resist\u00eancia, for\u00e7a, agilidade, estabilidade e equil\u00edbrio que permitem criar novas sess\u00f5es de treino para PT, &#8220;Small Groups&#8221; ou mesmo aulas de grupo din\u00e2micas e desafiantes para os alunos\/clientes.<\/p>\n<p>&nbsp;<\/p>\n<p><strong>Bootcamp HIIT<\/strong><\/p>\n<p><strong>Formador: Team Fitness 24-7<\/strong><\/p>\n<p>\u00c0 medida que o mundo do fitness evolui, torna-se fundamental encontrar novas formas originais para desafiar os alunos\/clientes.\u00a0Neste workshop poder\u00e1 conhecer e aprofundar metodologias, aprendendo e aplicando os fundamentos que suportam o HIIT.\u00a0Exerc\u00edcios calist\u00e9nicos, com ou sem equipamentos de treino. Os participantes ir\u00e3o tamb\u00e9m adaptar e aplicar o m\u00e9todo de treino HIIT em v\u00e1rios contextos poss\u00edveis e distintos: em formato aula de grupo, em PT, em Performance Desportiva, etc., desenvolvendo compet\u00eancias no dom\u00ednio e na aplica\u00e7\u00e3o pr\u00e1tica desta metodologia de treino em qualquer local ou circunst\u00e2ncia.<\/p>\n<p>&nbsp;<\/p>\n<p><strong>Master Classe &#8220;TOP GUN&#8221;<\/strong><\/p>\n<p>Aceite o desafio! Venha participar nesta Master Class, super divertida com 4 &#8220;Top Guns&#8221; do Team G-FUNCTIONAL.\u00a0Venha disfrutar da oportunidade de treinar com diferentes equipamentos (TRX, BOSU, Battle Ropes, Escadas de Agilidade, El\u00e1sticos, Bolas Medicinais), num formato de treino intervalado e v\u00e1 para casa com mais exerc\u00edcios, mais habilidades e mais jogos do que poder\u00e1 imaginar. A n\u00e3o perder.<\/p>\n<p><strong>Para informa\u00e7\u00f5es sobre a forma\u00e7\u00e3o (hor\u00e1rio e inscri\u00e7\u00e3o): <\/strong><\/p>\n<p><a href=\"http:\/\/www.gimnica.pt\/conte.php?a=274\">http:\/\/www.gimnica.pt\/conte.php?a=274<\/a><\/p>\n<p><em>(os links aqui disponibilizados do evento\u00a0 foram cedidos pela organiza\u00e7\u00e3o do mesmo e n\u00e3o s\u00e3o da responsabilidade da C\u00e2mara Municipal de Loul\u00e9 )<\/em><\/p>\n","protected":false},"excerpt":{"rendered":"<p>Pela primeira vez no ALGARVE e no \u00e2mbito de \u201cLoul\u00e9 Cidade Europeia do Desporto\u201915\u201d, dia 3 e 4 de outubro em Quarteira, ir\u00e1 decorrem em dois 4 workshops integrados na Certifica\u00e7\u00e3o G-FUNCTIONAL organizada pela GIMNICA! Cada participante pode participar em dois workshops (1 na tarde de dia 03 de outubro outros na manha de dia [&hellip;]<\/p>\n","protected":false},"author":1,"featured_media":0,"parent":0,"menu_order":0,"comment_status":"open","ping_status":"open","template":"","meta":{"footnotes":""},"class_list":["post-2586","page","type-page","status-publish","hentry"],"yoast_head":"<!-- This site is optimized with the Yoast SEO plugin v26.2 - https:\/\/yoast.com\/wordpress\/plugins\/seo\/ -->\n<title>Cidade Europeia do Desporto Loul\u00e9<\/title>\n<meta name=\"description\" content=\"Desporto, Cidade Europeia, Eventos Desportivos, Algarve, Portugal, Europa, Loul\u00e9, Conhecimento, Bem Estar, Sa\u00fade, Atividade F\u00edsica, Voluntario,\" \/>\n<meta name=\"robots\" content=\"index, follow, max-snippet:-1, max-image-preview:large, max-video-preview:-1\" \/>\n<link rel=\"canonical\" href=\"http:\/\/loule2015.com\/?page_id=2586\" \/>\n<meta property=\"og:locale\" content=\"en_US\" \/>\n<meta property=\"og:type\" content=\"article\" \/>\n<meta property=\"og:title\" content=\"Cidade Europeia do Desporto Loul\u00e9\" \/>\n<meta property=\"og:description\" content=\"Desporto, Cidade Europeia, Eventos Desportivos, Algarve, Portugal, Europa, Loul\u00e9, Conhecimento, Bem Estar, Sa\u00fade, Atividade F\u00edsica, Voluntario,\" \/>\n<meta property=\"og:url\" content=\"http:\/\/loule2015.com\/?page_id=2586\" \/>\n<meta property=\"og:site_name\" content=\"Loul\u00e9 2015\" \/>\n<meta property=\"article:publisher\" content=\"https:\/\/www.facebook.com\/louleced2015?ref=hl\" \/>\n<meta property=\"article:modified_time\" content=\"2015-09-07T15:16:59+00:00\" \/>\n<meta property=\"og:image\" content=\"http:\/\/loule2015.com\/wp-content\/uploads\/2015\/03\/Loul\u00e9_CED.png\" \/>\n\t<meta property=\"og:image:width\" content=\"400\" \/>\n\t<meta property=\"og:image:height\" content=\"400\" \/>\n\t<meta property=\"og:image:type\" content=\"image\/png\" \/>\n<meta name=\"twitter:card\" content=\"summary_large_image\" \/>\n<meta name=\"twitter:label1\" content=\"Est. reading time\" \/>\n\t<meta name=\"twitter:data1\" content=\"4 minutes\" \/>\n<script type=\"application\/ld+json\" class=\"yoast-schema-graph\">{\"@context\":\"https:\/\/schema.org\",\"@graph\":[{\"@type\":\"WebPage\",\"@id\":\"http:\/\/loule2015.com\/?page_id=2586\",\"url\":\"http:\/\/loule2015.com\/?page_id=2586\",\"name\":\"Cidade Europeia do Desporto Loul\u00e9\",\"isPartOf\":{\"@id\":\"http:\/\/loule2015.com\/#website\"},\"datePublished\":\"2015-07-22T09:17:45+00:00\",\"dateModified\":\"2015-09-07T15:16:59+00:00\",\"description\":\"Desporto, Cidade Europeia, Eventos Desportivos, Algarve, Portugal, Europa, Loul\u00e9, Conhecimento, Bem Estar, Sa\u00fade, Atividade F\u00edsica, Voluntario,\",\"breadcrumb\":{\"@id\":\"http:\/\/loule2015.com\/?page_id=2586#breadcrumb\"},\"inLanguage\":\"en-US\",\"potentialAction\":[{\"@type\":\"ReadAction\",\"target\":[\"http:\/\/loule2015.com\/?page_id=2586\"]}]},{\"@type\":\"BreadcrumbList\",\"@id\":\"http:\/\/loule2015.com\/?page_id=2586#breadcrumb\",\"itemListElement\":[{\"@type\":\"ListItem\",\"position\":1,\"name\":\"Home\",\"item\":\"http:\/\/loule2015.com\/\"},{\"@type\":\"ListItem\",\"position\":2,\"name\":\"Certifica\u00e7\u00e3o G-FUNCTIONAL\"}]},{\"@type\":\"WebSite\",\"@id\":\"http:\/\/loule2015.com\/#website\",\"url\":\"http:\/\/loule2015.com\/\",\"name\":\"Loul\u00e9 2015\",\"description\":\"Cidade Europeia do Desporto\",\"potentialAction\":[{\"@type\":\"SearchAction\",\"target\":{\"@type\":\"EntryPoint\",\"urlTemplate\":\"http:\/\/loule2015.com\/?s={search_term_string}\"},\"query-input\":{\"@type\":\"PropertyValueSpecification\",\"valueRequired\":true,\"valueName\":\"search_term_string\"}}],\"inLanguage\":\"en-US\"}]}<\/script>\n<!-- \/ Yoast SEO plugin. -->","yoast_head_json":{"title":"Cidade Europeia do Desporto Loul\u00e9","description":"Desporto, Cidade Europeia, Eventos Desportivos, Algarve, Portugal, Europa, Loul\u00e9, Conhecimento, Bem Estar, Sa\u00fade, Atividade F\u00edsica, Voluntario,","robots":{"index":"index","follow":"follow","max-snippet":"max-snippet:-1","max-image-preview":"max-image-preview:large","max-video-preview":"max-video-preview:-1"},"canonical":"http:\/\/loule2015.com\/?page_id=2586","og_locale":"en_US","og_type":"article","og_title":"Cidade Europeia do Desporto Loul\u00e9","og_description":"Desporto, Cidade Europeia, Eventos Desportivos, Algarve, Portugal, Europa, Loul\u00e9, Conhecimento, Bem Estar, Sa\u00fade, Atividade F\u00edsica, Voluntario,","og_url":"http:\/\/loule2015.com\/?page_id=2586","og_site_name":"Loul\u00e9 2015","article_publisher":"https:\/\/www.facebook.com\/louleced2015?ref=hl","article_modified_time":"2015-09-07T15:16:59+00:00","og_image":[{"width":400,"height":400,"url":"http:\/\/loule2015.com\/wp-content\/uploads\/2015\/03\/Loul\u00e9_CED.png","type":"image\/png"}],"twitter_card":"summary_large_image","twitter_misc":{"Est. reading time":"4 minutes"},"schema":{"@context":"https:\/\/schema.org","@graph":[{"@type":"WebPage","@id":"http:\/\/loule2015.com\/?page_id=2586","url":"http:\/\/loule2015.com\/?page_id=2586","name":"Cidade Europeia do Desporto Loul\u00e9","isPartOf":{"@id":"http:\/\/loule2015.com\/#website"},"datePublished":"2015-07-22T09:17:45+00:00","dateModified":"2015-09-07T15:16:59+00:00","description":"Desporto, Cidade Europeia, Eventos Desportivos, Algarve, Portugal, Europa, Loul\u00e9, Conhecimento, Bem Estar, Sa\u00fade, Atividade F\u00edsica, Voluntario,","breadcrumb":{"@id":"http:\/\/loule2015.com\/?page_id=2586#breadcrumb"},"inLanguage":"en-US","potentialAction":[{"@type":"ReadAction","target":["http:\/\/loule2015.com\/?page_id=2586"]}]},{"@type":"BreadcrumbList","@id":"http:\/\/loule2015.com\/?page_id=2586#breadcrumb","itemListElement":[{"@type":"ListItem","position":1,"name":"Home","item":"http:\/\/loule2015.com\/"},{"@type":"ListItem","position":2,"name":"Certifica\u00e7\u00e3o G-FUNCTIONAL"}]},{"@type":"WebSite","@id":"http:\/\/loule2015.com\/#website","url":"http:\/\/loule2015.com\/","name":"Loul\u00e9 2015","description":"Cidade Europeia do Desporto","potentialAction":[{"@type":"SearchAction","target":{"@type":"EntryPoint","urlTemplate":"http:\/\/loule2015.com\/?s={search_term_string}"},"query-input":{"@type":"PropertyValueSpecification","valueRequired":true,"valueName":"search_term_string"}}],"inLanguage":"en-US"}]}},"_links":{"self":[{"href":"http:\/\/loule2015.com\/index.php?rest_route=\/wp\/v2\/pages\/2586","targetHints":{"allow":["GET"]}}],"collection":[{"href":"http:\/\/loule2015.com\/index.php?rest_route=\/wp\/v2\/pages"}],"about":[{"href":"http:\/\/loule2015.com\/index.php?rest_route=\/wp\/v2\/types\/page"}],"author":[{"embeddable":true,"href":"http:\/\/loule2015.com\/index.php?rest_route=\/wp\/v2\/users\/1"}],"replies":[{"embeddable":true,"href":"http:\/\/loule2015.com\/index.php?rest_route=%2Fwp%2Fv2%2Fcomments&post=2586"}],"version-history":[{"count":3,"href":"http:\/\/loule2015.com\/index.php?rest_route=\/wp\/v2\/pages\/2586\/revisions"}],"predecessor-version":[{"id":2745,"href":"http:\/\/loule2015.com\/index.php?rest_route=\/wp\/v2\/pages\/2586\/revisions\/2745"}],"wp:attachment":[{"href":"http:\/\/loule2015.com\/index.php?rest_route=%2Fwp%2Fv2%2Fmedia&parent=2586"}],"curies":[{"name":"wp","href":"https:\/\/api.w.org\/{rel}","templated":true}]}}