{"id":2385,"date":"2015-06-16T17:04:01","date_gmt":"2015-06-16T17:04:01","guid":{"rendered":"http:\/\/loule2015.com\/?page_id=2385"},"modified":"2016-01-11T14:38:42","modified_gmt":"2016-01-11T14:38:42","slug":"festa-nacional-da-ginastica-2015","status":"publish","type":"page","link":"http:\/\/loule2015.com\/?page_id=2385","title":{"rendered":"Festa Nacional da Gin\u00e1stica 2015"},"content":{"rendered":"<div class=\"gtranslate_wrapper\" id=\"gt-wrapper-25804808\"><\/div>\n<p style=\"text-align: justify;\">\u00a0Inserido na programa\u00e7\u00e3o de Loul\u00e9 Cidade Europeia do Desporto 2015 A FESTA NACIONAL DA GIN\u00c1STICA \u00e9 uma iniciativa de grande dimens\u00e3o que levar\u00e1 a Loul\u00e9 a Gin\u00e1stica Nacional nos dias 19, 20 e 21 de junho pr\u00f3ximo. Realizar-se-\u00e3o competi\u00e7\u00f5es de alto n\u00edvel, competi\u00e7\u00f5es estas que apenas ginastas convidados disputar\u00e3o, para al\u00e9m da \u00e1rea da competi\u00e7\u00e3o a Festa Nacional da Gin\u00e1stica contar\u00e1 ainda no seu programa com o PORTUGALGYM (Gymnaestrada Nacional) como expoente m\u00e1ximo da vertente de representa\u00e7\u00e3o da Gin\u00e1stica para Todos.<\/p>\n<p>A edi\u00e7\u00e3o deste ano da FESTA NACIONAL DA GIN\u00c1STICA ultrapassa todas as expectativas de participa\u00e7\u00e3o e contabiliza mais de 3000 participantes, ju\u00edzes, treinadores e dirigentes, em representa\u00e7\u00e3o de cerca de 80 clubes nacionais.<br \/>\nNo dia 20 de junho pelas 20:45 realizar-se-\u00e1 a Gala Prof. Henrique Reis Pinto em que participar\u00e3o as melhores classes e os melhores ginastas, num espet\u00e1culo de elevado n\u00edvel t\u00e9cnico e que ningu\u00e9m querer\u00e1 perder.<\/p>\n<p style=\"text-align: justify;\"><strong>PROGRAMA GERAL<\/strong><\/p>\n<p>19 JUNHO<br \/>\n20:30 \u2013 22:30 \u2013 Apresenta\u00e7\u00f5es PORTUGALGYM<br \/>\n(Pav. Municipal de Loul\u00e9, Pra\u00e7a do Tribunal, Largo da Est\u00e1tua Duarte Pacheco)<\/p>\n<p>20 JUNHO<br \/>\n10:00 \u2013 Desfile PORTUGALGYM<br \/>\n11:00 \u2013 13:00 \u2013 Apresenta\u00e7\u00f5es PORTUGALGYM<br \/>\n(Pra\u00e7a do Tribunal)<br \/>\n11:30 \u2013 13:00 \u2013 Apresenta\u00e7\u00f5es PORTUGALGYM<br \/>\n(Largo da Est\u00e1tua Duarte Pacheco)<br \/>\n14:30 \u2013 15:30 \u2013 Batalha dos Campe\u00f5es<br \/>\n(Pav. Municipal de Loul\u00e9)<br \/>\n16:00 \u2013 19:30 \u2013 Apresenta\u00e7\u00f5es PORTUGALGYM<br \/>\n(Pav. Municipal de Loul\u00e9, Pra\u00e7a do Tribunal, Largo da Est\u00e1tua Duarte Pacheco)<br \/>\n21:45 \u2013 Gala prof. Reis Pinto<br \/>\n(Pav. Municipal de Loul\u00e9)<\/p>\n<p>21 JUNHO<br \/>\n9:00 \u2013 13:00 \u2013 Apresenta\u00e7\u00f5es PORTUGALGYM<br \/>\n(Pav. Municipal de Loul\u00e9, Pra\u00e7a do Tribunal, Largo da Est\u00e1tua Duarte Pacheco)<\/p>\n<p style=\"text-align: justify;\">Clique <a href=\"https:\/\/drive.google.com\/file\/d\/0Byd-jeq8rNr2ZGVONGZYZFdPdlk\/view?usp=sharing\" target=\"_blank\">aqui<\/a> para saber o programa geral\u00a0da Festa Nacional da Gin\u00e1stica 2015<\/p>\n<p style=\"text-align: left;\"><span style=\"color: #ffffff;\">_<\/span><\/p>\n<p style=\"text-align: center;\"><strong>resumo fotogr\u00e1fico<br \/>\n<\/strong><\/p>\n\n\t\t<style type=\"text\/css\">\n\t\t\t#gallery-1 {\n\t\t\t\tmargin: auto;\n\t\t\t}\n\t\t\t#gallery-1 .gallery-item {\n\t\t\t\tfloat: left;\n\t\t\t\tmargin-top: 10px;\n\t\t\t\ttext-align: center;\n\t\t\t\twidth: 33%;\n\t\t\t}\n\t\t\t#gallery-1 img {\n\t\t\t\tborder: 2px solid #cfcfcf;\n\t\t\t}\n\t\t\t#gallery-1 .gallery-caption {\n\t\t\t\tmargin-left: 0;\n\t\t\t}\n\t\t\t\/* see gallery_shortcode() in wp-includes\/media.php *\/\n\t\t<\/style>\n\t\t<div id='gallery-1' class='gallery galleryid-2385 gallery-columns-3 gallery-size-thumbnail'><dl class='gallery-item'>\n\t\t\t<dt class='gallery-icon landscape'>\n\t\t\t\t<a href='http:\/\/loule2015.com\/?attachment_id=2401#main'><img loading=\"lazy\" decoding=\"async\" width=\"480\" height=\"321\" src=\"http:\/\/loule2015.com\/wp-content\/uploads\/2015\/06\/DSC_6642-480x321.jpg\" class=\"attachment-thumbnail size-thumbnail\" alt=\"\" srcset=\"http:\/\/loule2015.com\/wp-content\/uploads\/2015\/06\/DSC_6642-480x321.jpg 480w, http:\/\/loule2015.com\/wp-content\/uploads\/2015\/06\/DSC_6642.jpg 800w\" sizes=\"auto, (max-width: 480px) 100vw, 480px\" \/><\/a>\n\t\t\t<\/dt><\/dl><dl class='gallery-item'>\n\t\t\t<dt class='gallery-icon landscape'>\n\t\t\t\t<a href='http:\/\/loule2015.com\/?attachment_id=2402#main'><img loading=\"lazy\" decoding=\"async\" width=\"480\" height=\"321\" src=\"http:\/\/loule2015.com\/wp-content\/uploads\/2015\/06\/DSC_4446-480x321.jpg\" class=\"attachment-thumbnail size-thumbnail\" alt=\"\" srcset=\"http:\/\/loule2015.com\/wp-content\/uploads\/2015\/06\/DSC_4446-480x321.jpg 480w, http:\/\/loule2015.com\/wp-content\/uploads\/2015\/06\/DSC_4446.jpg 800w\" sizes=\"auto, (max-width: 480px) 100vw, 480px\" \/><\/a>\n\t\t\t<\/dt><\/dl><dl class='gallery-item'>\n\t\t\t<dt class='gallery-icon landscape'>\n\t\t\t\t<a href='http:\/\/loule2015.com\/?attachment_id=2403#main'><img loading=\"lazy\" decoding=\"async\" width=\"480\" height=\"321\" src=\"http:\/\/loule2015.com\/wp-content\/uploads\/2015\/06\/DSC_4448-480x321.jpg\" class=\"attachment-thumbnail size-thumbnail\" alt=\"\" srcset=\"http:\/\/loule2015.com\/wp-content\/uploads\/2015\/06\/DSC_4448-480x321.jpg 480w, http:\/\/loule2015.com\/wp-content\/uploads\/2015\/06\/DSC_4448.jpg 800w\" sizes=\"auto, (max-width: 480px) 100vw, 480px\" \/><\/a>\n\t\t\t<\/dt><\/dl><br style=\"clear: both\" \/><dl class='gallery-item'>\n\t\t\t<dt class='gallery-icon landscape'>\n\t\t\t\t<a href='http:\/\/loule2015.com\/?attachment_id=2404#main'><img loading=\"lazy\" decoding=\"async\" width=\"480\" height=\"321\" src=\"http:\/\/loule2015.com\/wp-content\/uploads\/2015\/06\/DSC_4593-480x321.jpg\" class=\"attachment-thumbnail size-thumbnail\" alt=\"\" srcset=\"http:\/\/loule2015.com\/wp-content\/uploads\/2015\/06\/DSC_4593-480x321.jpg 480w, http:\/\/loule2015.com\/wp-content\/uploads\/2015\/06\/DSC_4593.jpg 800w\" sizes=\"auto, (max-width: 480px) 100vw, 480px\" \/><\/a>\n\t\t\t<\/dt><\/dl><dl class='gallery-item'>\n\t\t\t<dt class='gallery-icon landscape'>\n\t\t\t\t<a href='http:\/\/loule2015.com\/?attachment_id=2405#main'><img loading=\"lazy\" decoding=\"async\" width=\"480\" height=\"321\" src=\"http:\/\/loule2015.com\/wp-content\/uploads\/2015\/06\/DSC_4611-480x321.jpg\" class=\"attachment-thumbnail size-thumbnail\" alt=\"\" srcset=\"http:\/\/loule2015.com\/wp-content\/uploads\/2015\/06\/DSC_4611-480x321.jpg 480w, http:\/\/loule2015.com\/wp-content\/uploads\/2015\/06\/DSC_4611.jpg 800w\" sizes=\"auto, (max-width: 480px) 100vw, 480px\" \/><\/a>\n\t\t\t<\/dt><\/dl><dl class='gallery-item'>\n\t\t\t<dt class='gallery-icon landscape'>\n\t\t\t\t<a href='http:\/\/loule2015.com\/?attachment_id=2406#main'><img loading=\"lazy\" decoding=\"async\" width=\"480\" height=\"321\" src=\"http:\/\/loule2015.com\/wp-content\/uploads\/2015\/06\/DSC_4873-480x321.jpg\" class=\"attachment-thumbnail size-thumbnail\" alt=\"\" srcset=\"http:\/\/loule2015.com\/wp-content\/uploads\/2015\/06\/DSC_4873-480x321.jpg 480w, http:\/\/loule2015.com\/wp-content\/uploads\/2015\/06\/DSC_4873.jpg 800w\" sizes=\"auto, (max-width: 480px) 100vw, 480px\" \/><\/a>\n\t\t\t<\/dt><\/dl><br style=\"clear: both\" \/><dl class='gallery-item'>\n\t\t\t<dt class='gallery-icon landscape'>\n\t\t\t\t<a href='http:\/\/loule2015.com\/?attachment_id=2407#main'><img loading=\"lazy\" decoding=\"async\" width=\"480\" height=\"321\" src=\"http:\/\/loule2015.com\/wp-content\/uploads\/2015\/06\/DSC_4874-480x321.jpg\" class=\"attachment-thumbnail size-thumbnail\" alt=\"\" srcset=\"http:\/\/loule2015.com\/wp-content\/uploads\/2015\/06\/DSC_4874-480x321.jpg 480w, http:\/\/loule2015.com\/wp-content\/uploads\/2015\/06\/DSC_4874.jpg 800w\" sizes=\"auto, (max-width: 480px) 100vw, 480px\" \/><\/a>\n\t\t\t<\/dt><\/dl><dl class='gallery-item'>\n\t\t\t<dt class='gallery-icon landscape'>\n\t\t\t\t<a href='http:\/\/loule2015.com\/?attachment_id=2408#main'><img loading=\"lazy\" decoding=\"async\" width=\"480\" height=\"321\" src=\"http:\/\/loule2015.com\/wp-content\/uploads\/2015\/06\/DSC_4875-480x321.jpg\" class=\"attachment-thumbnail size-thumbnail\" alt=\"\" srcset=\"http:\/\/loule2015.com\/wp-content\/uploads\/2015\/06\/DSC_4875-480x321.jpg 480w, http:\/\/loule2015.com\/wp-content\/uploads\/2015\/06\/DSC_4875.jpg 800w\" sizes=\"auto, (max-width: 480px) 100vw, 480px\" \/><\/a>\n\t\t\t<\/dt><\/dl><dl class='gallery-item'>\n\t\t\t<dt class='gallery-icon landscape'>\n\t\t\t\t<a href='http:\/\/loule2015.com\/?attachment_id=2409#main'><img loading=\"lazy\" decoding=\"async\" width=\"480\" height=\"321\" src=\"http:\/\/loule2015.com\/wp-content\/uploads\/2015\/06\/DSC_4876-480x321.jpg\" class=\"attachment-thumbnail size-thumbnail\" alt=\"\" srcset=\"http:\/\/loule2015.com\/wp-content\/uploads\/2015\/06\/DSC_4876-480x321.jpg 480w, http:\/\/loule2015.com\/wp-content\/uploads\/2015\/06\/DSC_4876.jpg 800w\" sizes=\"auto, (max-width: 480px) 100vw, 480px\" \/><\/a>\n\t\t\t<\/dt><\/dl><br style=\"clear: both\" \/><dl class='gallery-item'>\n\t\t\t<dt class='gallery-icon landscape'>\n\t\t\t\t<a href='http:\/\/loule2015.com\/?attachment_id=2410#main'><img loading=\"lazy\" decoding=\"async\" width=\"480\" height=\"321\" src=\"http:\/\/loule2015.com\/wp-content\/uploads\/2015\/06\/DSC_4921-480x321.jpg\" class=\"attachment-thumbnail size-thumbnail\" alt=\"\" srcset=\"http:\/\/loule2015.com\/wp-content\/uploads\/2015\/06\/DSC_4921-480x321.jpg 480w, http:\/\/loule2015.com\/wp-content\/uploads\/2015\/06\/DSC_4921.jpg 800w\" sizes=\"auto, (max-width: 480px) 100vw, 480px\" \/><\/a>\n\t\t\t<\/dt><\/dl><dl class='gallery-item'>\n\t\t\t<dt class='gallery-icon landscape'>\n\t\t\t\t<a href='http:\/\/loule2015.com\/?attachment_id=2411#main'><img loading=\"lazy\" decoding=\"async\" width=\"480\" height=\"321\" src=\"http:\/\/loule2015.com\/wp-content\/uploads\/2015\/06\/DSC_4923-480x321.jpg\" class=\"attachment-thumbnail size-thumbnail\" alt=\"\" srcset=\"http:\/\/loule2015.com\/wp-content\/uploads\/2015\/06\/DSC_4923-480x321.jpg 480w, http:\/\/loule2015.com\/wp-content\/uploads\/2015\/06\/DSC_4923.jpg 800w\" sizes=\"auto, (max-width: 480px) 100vw, 480px\" \/><\/a>\n\t\t\t<\/dt><\/dl><dl class='gallery-item'>\n\t\t\t<dt class='gallery-icon landscape'>\n\t\t\t\t<a href='http:\/\/loule2015.com\/?attachment_id=2412#main'><img loading=\"lazy\" decoding=\"async\" width=\"480\" height=\"321\" src=\"http:\/\/loule2015.com\/wp-content\/uploads\/2015\/06\/DSC_4947-480x321.jpg\" class=\"attachment-thumbnail size-thumbnail\" alt=\"\" srcset=\"http:\/\/loule2015.com\/wp-content\/uploads\/2015\/06\/DSC_4947-480x321.jpg 480w, http:\/\/loule2015.com\/wp-content\/uploads\/2015\/06\/DSC_4947.jpg 800w\" sizes=\"auto, (max-width: 480px) 100vw, 480px\" \/><\/a>\n\t\t\t<\/dt><\/dl><br style=\"clear: both\" \/>\n\t\t<\/div>\n\n<p style=\"text-align: center;\"><a href=\"https:\/\/drive.google.com\/folderview?id=0ByIDz7wSLEyaejhZeDFpWkZDWkk&amp;usp=sharing\" target=\"_blank\"><img loading=\"lazy\" decoding=\"async\" class=\"aligncenter wp-image-1307 size-full\" src=\"http:\/\/loule2015.com\/wp-content\/uploads\/2014\/12\/ver_todas.jpg\" alt=\"ver_todas\" width=\"801\" height=\"201\" srcset=\"http:\/\/loule2015.com\/wp-content\/uploads\/2014\/12\/ver_todas.jpg 801w, http:\/\/loule2015.com\/wp-content\/uploads\/2014\/12\/ver_todas-480x120.jpg 480w, http:\/\/loule2015.com\/wp-content\/uploads\/2014\/12\/ver_todas-800x200.jpg 800w\" sizes=\"auto, (max-width: 801px) 100vw, 801px\" \/><\/a><\/p>\n<p style=\"text-align: center;\"><strong>reportagem<\/strong><\/p>\n<p style=\"text-align: center;\"><iframe loading=\"lazy\" src=\"\/\/player.vimeo.com\/video\/136825223\" width=\"980\" height=\"281\" frameborder=\"0\" allowfullscreen=\"allowfullscreen\"><\/iframe><\/p>\n","protected":false},"excerpt":{"rendered":"<p>\u00a0Inserido na programa\u00e7\u00e3o de Loul\u00e9 Cidade Europeia do Desporto 2015 A FESTA NACIONAL DA GIN\u00c1STICA \u00e9 uma iniciativa de grande dimens\u00e3o que levar\u00e1 a Loul\u00e9 a Gin\u00e1stica Nacional nos dias 19, 20 e 21 de junho pr\u00f3ximo. Realizar-se-\u00e3o competi\u00e7\u00f5es de alto n\u00edvel, competi\u00e7\u00f5es estas que apenas ginastas convidados disputar\u00e3o, para al\u00e9m da \u00e1rea da competi\u00e7\u00e3o [&hellip;]<\/p>\n","protected":false},"author":1,"featured_media":0,"parent":0,"menu_order":0,"comment_status":"open","ping_status":"open","template":"","meta":{"footnotes":""},"class_list":["post-2385","page","type-page","status-publish","hentry"],"yoast_head":"<!-- This site is optimized with the Yoast SEO plugin v27.5 - https:\/\/yoast.com\/product\/yoast-seo-wordpress\/ -->\n<title>Cidade Europeia do Desporto Loul\u00e9<\/title>\n<meta name=\"description\" content=\"Desporto, Cidade Europeia, Eventos Desportivos, Algarve, Portugal, Europa, Loul\u00e9, Conhecimento, Bem Estar, Sa\u00fade, Atividade F\u00edsica, Voluntario,\" \/>\n<meta name=\"robots\" content=\"index, follow, max-snippet:-1, max-image-preview:large, max-video-preview:-1\" \/>\n<link rel=\"canonical\" href=\"http:\/\/loule2015.com\/?page_id=2385\" \/>\n<meta property=\"og:locale\" content=\"en_US\" \/>\n<meta property=\"og:type\" content=\"article\" \/>\n<meta property=\"og:title\" content=\"Cidade Europeia do Desporto Loul\u00e9\" \/>\n<meta property=\"og:description\" content=\"Desporto, Cidade Europeia, Eventos Desportivos, Algarve, Portugal, Europa, Loul\u00e9, Conhecimento, Bem Estar, Sa\u00fade, Atividade F\u00edsica, Voluntario,\" \/>\n<meta property=\"og:url\" content=\"http:\/\/loule2015.com\/?page_id=2385\" \/>\n<meta property=\"og:site_name\" content=\"Loul\u00e9 2015\" \/>\n<meta property=\"article:publisher\" content=\"https:\/\/www.facebook.com\/louleced2015?ref=hl\" \/>\n<meta property=\"article:modified_time\" content=\"2016-01-11T14:38:42+00:00\" \/>\n<meta property=\"og:image\" content=\"http:\/\/loule2015.com\/wp-content\/uploads\/2015\/06\/DSC_6642-480x321.jpg\" \/>\n<meta name=\"twitter:card\" content=\"summary_large_image\" \/>\n<meta name=\"twitter:label1\" content=\"Est. reading time\" \/>\n\t<meta name=\"twitter:data1\" content=\"1 minute\" \/>\n<script type=\"application\/ld+json\" class=\"yoast-schema-graph\">{\"@context\":\"https:\\\/\\\/schema.org\",\"@graph\":[{\"@type\":\"WebPage\",\"@id\":\"http:\\\/\\\/loule2015.com\\\/?page_id=2385\",\"url\":\"http:\\\/\\\/loule2015.com\\\/?page_id=2385\",\"name\":\"Cidade Europeia do Desporto Loul\u00e9\",\"isPartOf\":{\"@id\":\"https:\\\/\\\/loule2015.com\\\/#website\"},\"primaryImageOfPage\":{\"@id\":\"http:\\\/\\\/loule2015.com\\\/?page_id=2385#primaryimage\"},\"image\":{\"@id\":\"http:\\\/\\\/loule2015.com\\\/?page_id=2385#primaryimage\"},\"thumbnailUrl\":\"http:\\\/\\\/loule2015.com\\\/wp-content\\\/uploads\\\/2014\\\/12\\\/ver_todas.jpg\",\"datePublished\":\"2015-06-16T17:04:01+00:00\",\"dateModified\":\"2016-01-11T14:38:42+00:00\",\"description\":\"Desporto, Cidade Europeia, Eventos Desportivos, Algarve, Portugal, Europa, Loul\u00e9, Conhecimento, Bem Estar, Sa\u00fade, Atividade F\u00edsica, Voluntario,\",\"breadcrumb\":{\"@id\":\"http:\\\/\\\/loule2015.com\\\/?page_id=2385#breadcrumb\"},\"inLanguage\":\"en-US\",\"potentialAction\":[{\"@type\":\"ReadAction\",\"target\":[\"http:\\\/\\\/loule2015.com\\\/?page_id=2385\"]}]},{\"@type\":\"ImageObject\",\"inLanguage\":\"en-US\",\"@id\":\"http:\\\/\\\/loule2015.com\\\/?page_id=2385#primaryimage\",\"url\":\"http:\\\/\\\/loule2015.com\\\/wp-content\\\/uploads\\\/2014\\\/12\\\/ver_todas.jpg\",\"contentUrl\":\"http:\\\/\\\/loule2015.com\\\/wp-content\\\/uploads\\\/2014\\\/12\\\/ver_todas.jpg\",\"width\":801,\"height\":201},{\"@type\":\"BreadcrumbList\",\"@id\":\"http:\\\/\\\/loule2015.com\\\/?page_id=2385#breadcrumb\",\"itemListElement\":[{\"@type\":\"ListItem\",\"position\":1,\"name\":\"Home\",\"item\":\"https:\\\/\\\/loule2015.com\\\/\"},{\"@type\":\"ListItem\",\"position\":2,\"name\":\"Festa Nacional da Gin\u00e1stica 2015\"}]},{\"@type\":\"WebSite\",\"@id\":\"https:\\\/\\\/loule2015.com\\\/#website\",\"url\":\"https:\\\/\\\/loule2015.com\\\/\",\"name\":\"Loul\u00e9 2015\",\"description\":\"Cidade Europeia do Desporto\",\"potentialAction\":[{\"@type\":\"SearchAction\",\"target\":{\"@type\":\"EntryPoint\",\"urlTemplate\":\"https:\\\/\\\/loule2015.com\\\/?s={search_term_string}\"},\"query-input\":{\"@type\":\"PropertyValueSpecification\",\"valueRequired\":true,\"valueName\":\"search_term_string\"}}],\"inLanguage\":\"en-US\"}]}<\/script>\n<!-- \/ Yoast SEO plugin. -->","yoast_head_json":{"title":"Cidade Europeia do Desporto Loul\u00e9","description":"Desporto, Cidade Europeia, Eventos Desportivos, Algarve, Portugal, Europa, Loul\u00e9, Conhecimento, Bem Estar, Sa\u00fade, Atividade F\u00edsica, Voluntario,","robots":{"index":"index","follow":"follow","max-snippet":"max-snippet:-1","max-image-preview":"max-image-preview:large","max-video-preview":"max-video-preview:-1"},"canonical":"http:\/\/loule2015.com\/?page_id=2385","og_locale":"en_US","og_type":"article","og_title":"Cidade Europeia do Desporto Loul\u00e9","og_description":"Desporto, Cidade Europeia, Eventos Desportivos, Algarve, Portugal, Europa, Loul\u00e9, Conhecimento, Bem Estar, Sa\u00fade, Atividade F\u00edsica, Voluntario,","og_url":"http:\/\/loule2015.com\/?page_id=2385","og_site_name":"Loul\u00e9 2015","article_publisher":"https:\/\/www.facebook.com\/louleced2015?ref=hl","article_modified_time":"2016-01-11T14:38:42+00:00","og_image":[{"url":"http:\/\/loule2015.com\/wp-content\/uploads\/2015\/06\/DSC_6642-480x321.jpg","type":"","width":"","height":""}],"twitter_card":"summary_large_image","twitter_misc":{"Est. reading time":"1 minute"},"schema":{"@context":"https:\/\/schema.org","@graph":[{"@type":"WebPage","@id":"http:\/\/loule2015.com\/?page_id=2385","url":"http:\/\/loule2015.com\/?page_id=2385","name":"Cidade Europeia do Desporto Loul\u00e9","isPartOf":{"@id":"https:\/\/loule2015.com\/#website"},"primaryImageOfPage":{"@id":"http:\/\/loule2015.com\/?page_id=2385#primaryimage"},"image":{"@id":"http:\/\/loule2015.com\/?page_id=2385#primaryimage"},"thumbnailUrl":"http:\/\/loule2015.com\/wp-content\/uploads\/2014\/12\/ver_todas.jpg","datePublished":"2015-06-16T17:04:01+00:00","dateModified":"2016-01-11T14:38:42+00:00","description":"Desporto, Cidade Europeia, Eventos Desportivos, Algarve, Portugal, Europa, Loul\u00e9, Conhecimento, Bem Estar, Sa\u00fade, Atividade F\u00edsica, Voluntario,","breadcrumb":{"@id":"http:\/\/loule2015.com\/?page_id=2385#breadcrumb"},"inLanguage":"en-US","potentialAction":[{"@type":"ReadAction","target":["http:\/\/loule2015.com\/?page_id=2385"]}]},{"@type":"ImageObject","inLanguage":"en-US","@id":"http:\/\/loule2015.com\/?page_id=2385#primaryimage","url":"http:\/\/loule2015.com\/wp-content\/uploads\/2014\/12\/ver_todas.jpg","contentUrl":"http:\/\/loule2015.com\/wp-content\/uploads\/2014\/12\/ver_todas.jpg","width":801,"height":201},{"@type":"BreadcrumbList","@id":"http:\/\/loule2015.com\/?page_id=2385#breadcrumb","itemListElement":[{"@type":"ListItem","position":1,"name":"Home","item":"https:\/\/loule2015.com\/"},{"@type":"ListItem","position":2,"name":"Festa Nacional da Gin\u00e1stica 2015"}]},{"@type":"WebSite","@id":"https:\/\/loule2015.com\/#website","url":"https:\/\/loule2015.com\/","name":"Loul\u00e9 2015","description":"Cidade Europeia do Desporto","potentialAction":[{"@type":"SearchAction","target":{"@type":"EntryPoint","urlTemplate":"https:\/\/loule2015.com\/?s={search_term_string}"},"query-input":{"@type":"PropertyValueSpecification","valueRequired":true,"valueName":"search_term_string"}}],"inLanguage":"en-US"}]}},"_links":{"self":[{"href":"http:\/\/loule2015.com\/index.php?rest_route=\/wp\/v2\/pages\/2385","targetHints":{"allow":["GET"]}}],"collection":[{"href":"http:\/\/loule2015.com\/index.php?rest_route=\/wp\/v2\/pages"}],"about":[{"href":"http:\/\/loule2015.com\/index.php?rest_route=\/wp\/v2\/types\/page"}],"author":[{"embeddable":true,"href":"http:\/\/loule2015.com\/index.php?rest_route=\/wp\/v2\/users\/1"}],"replies":[{"embeddable":true,"href":"http:\/\/loule2015.com\/index.php?rest_route=%2Fwp%2Fv2%2Fcomments&post=2385"}],"version-history":[{"count":12,"href":"http:\/\/loule2015.com\/index.php?rest_route=\/wp\/v2\/pages\/2385\/revisions"}],"predecessor-version":[{"id":3227,"href":"http:\/\/loule2015.com\/index.php?rest_route=\/wp\/v2\/pages\/2385\/revisions\/3227"}],"wp:attachment":[{"href":"http:\/\/loule2015.com\/index.php?rest_route=%2Fwp%2Fv2%2Fmedia&parent=2385"}],"curies":[{"name":"wp","href":"https:\/\/api.w.org\/{rel}","templated":true}]}}