{"id":2344,"date":"2015-06-08T15:19:03","date_gmt":"2015-06-08T15:19:03","guid":{"rendered":"http:\/\/loule2015.com\/?page_id=2344"},"modified":"2015-10-13T12:18:31","modified_gmt":"2015-10-13T12:18:31","slug":"2-015-minutos-na-piscina","status":"publish","type":"page","link":"http:\/\/loule2015.com\/?page_id=2344","title":{"rendered":"2.015 Minutos na Piscina"},"content":{"rendered":"<p><img loading=\"lazy\" decoding=\"async\" class=\"aligncenter size-full wp-image-2744\" src=\"http:\/\/loule2015.com\/wp-content\/uploads\/2015\/06\/cartaz_2015minutos_na_piscina_vrs4.png\" alt=\"cartaz_2015minutos_na_piscina_vrs4\" width=\"1000\" height=\"1423\" srcset=\"http:\/\/loule2015.com\/wp-content\/uploads\/2015\/06\/cartaz_2015minutos_na_piscina_vrs4.png 1000w, http:\/\/loule2015.com\/wp-content\/uploads\/2015\/06\/cartaz_2015minutos_na_piscina_vrs4-450x640.png 450w, http:\/\/loule2015.com\/wp-content\/uploads\/2015\/06\/cartaz_2015minutos_na_piscina_vrs4-800x1138.png 800w\" sizes=\"auto, (max-width: 1000px) 100vw, 1000px\" \/><\/p>\n<p><iframe loading=\"lazy\" src=\"\/\/player.vimeo.com\/video\/138019625\" width=\"980\" height=\"400\" frameborder=\"0\" allowfullscreen=\"allowfullscreen\">&nbsp;<\/p>\n<p><\/iframe><\/p>\n<div class=\"gtranslate_wrapper\" id=\"gt-wrapper-11103602\"><\/div>\n<div class=\"fcbkbttn_buttons_block\" id=\"fcbkbttn_left\"><div class=\"fcbkbttn_like fcbkbttn_large_button\"><fb:like href=\"http:\/\/loule2015.com\/?page_id=2344\" action=\"like\" colorscheme=\"light\" layout=\"button_count\"  size=\"large\"><\/fb:like><\/div><\/div>\n<p><span style=\"color: #ffffff;\">_<\/span><\/p>\n<p>A C\u00e2mara Municipal de Loul\u00e9 em parceira com v\u00e1rias entidades desportivas promovem uma inovadora iniciativa denominada \u2018\u20192.015 minutos na piscina\u2019\u2019, trata-se de um evento inserido no \u00e2mbito do programa Loul\u00e9 Cidade Europeia do Desporto onde a nata\u00e7\u00e3o assume o papel principal.<br \/>\nEspera-se um dia repleto de actividades ligadas \u00e0 nata\u00e7\u00e3o e as suas vertentes, onde a anima\u00e7\u00e3o e as actividades ao ar livre ser\u00e3o predominantes. Com o intuito de proporcionar um leque variado de actividades \u00e0 popula\u00e7\u00e3o ser\u00e3o promovidas durante 2015 minutos actividades tais como: prova de resist\u00eancia, nata\u00e7\u00e3o adaptada, masters, escola de nata\u00e7\u00e3o, torneios de mini-polo, triatlo, aquatlo, nata\u00e7\u00e3o sincronizada, batismo de mergulho, hidrogin\u00e1stica, aquazumba, aquarx, escalada, actividades ludicas, exposi\u00e7\u00f5es, tert\u00falias, entre outras.<br \/>\nA piscina exterior da C\u00e2mara Municipal de Loul\u00e9 ser\u00e1 palco de um evento desportivo, destinado a toda a popula\u00e7\u00e3o de todas as idades, tornando-o num momento imperd\u00edvel!<br \/>\nO evento ter\u00e1 in\u00edcio pelas 09h00 do dia 12 de Setembro e finalizar\u00e1 \u00e0s 18:59H do dia 13 de Setembro.<\/p>\n<p>oferta de touca + brindes CED no acto da inscri\u00e7\u00e3o.<br \/>\nA oferta de t-shirt do evento depende da realiza\u00e7\u00e3o de tr\u00eas (3) ou mais actividades.<\/p>\n<p style=\"text-align: center;\"><strong>Reportagem<\/strong><\/p>\n<p style=\"text-align: center;\"><iframe loading=\"lazy\" src=\"\/\/player.vimeo.com\/video\/142245514\" width=\"980\" height=\"281\" frameborder=\"0\" allowfullscreen=\"allowfullscreen\"><\/iframe><\/p>\n<p style=\"text-align: center;\"><strong>Resumo Fotogr\u00e1fico<\/strong><\/p>\n\n\t\t<style type=\"text\/css\">\n\t\t\t#gallery-1 {\n\t\t\t\tmargin: auto;\n\t\t\t}\n\t\t\t#gallery-1 .gallery-item {\n\t\t\t\tfloat: left;\n\t\t\t\tmargin-top: 10px;\n\t\t\t\ttext-align: center;\n\t\t\t\twidth: 33%;\n\t\t\t}\n\t\t\t#gallery-1 img {\n\t\t\t\tborder: 2px solid #cfcfcf;\n\t\t\t}\n\t\t\t#gallery-1 .gallery-caption {\n\t\t\t\tmargin-left: 0;\n\t\t\t}\n\t\t\t\/* see gallery_shortcode() in wp-includes\/media.php *\/\n\t\t<\/style>\n\t\t<div id='gallery-1' class='gallery galleryid-2344 gallery-columns-3 gallery-size-thumbnail'><dl class='gallery-item'>\n\t\t\t<dt class='gallery-icon landscape'>\n\t\t\t\t<a href='http:\/\/loule2015.com\/?attachment_id=2820#main'><img loading=\"lazy\" decoding=\"async\" width=\"480\" height=\"321\" src=\"http:\/\/loule2015.com\/wp-content\/uploads\/2015\/06\/DSC_0887-480x321.jpg\" class=\"attachment-thumbnail size-thumbnail\" alt=\"\" srcset=\"http:\/\/loule2015.com\/wp-content\/uploads\/2015\/06\/DSC_0887-480x321.jpg 480w, http:\/\/loule2015.com\/wp-content\/uploads\/2015\/06\/DSC_0887.jpg 800w\" sizes=\"auto, (max-width: 480px) 100vw, 480px\" \/><\/a>\n\t\t\t<\/dt><\/dl><dl class='gallery-item'>\n\t\t\t<dt class='gallery-icon landscape'>\n\t\t\t\t<a href='http:\/\/loule2015.com\/?attachment_id=2821#main'><img loading=\"lazy\" decoding=\"async\" width=\"480\" height=\"321\" src=\"http:\/\/loule2015.com\/wp-content\/uploads\/2015\/06\/DSC_0397-480x321.jpg\" class=\"attachment-thumbnail size-thumbnail\" alt=\"\" srcset=\"http:\/\/loule2015.com\/wp-content\/uploads\/2015\/06\/DSC_0397-480x321.jpg 480w, http:\/\/loule2015.com\/wp-content\/uploads\/2015\/06\/DSC_0397.jpg 800w\" sizes=\"auto, (max-width: 480px) 100vw, 480px\" \/><\/a>\n\t\t\t<\/dt><\/dl><dl class='gallery-item'>\n\t\t\t<dt class='gallery-icon landscape'>\n\t\t\t\t<a href='http:\/\/loule2015.com\/?attachment_id=2822#main'><img loading=\"lazy\" decoding=\"async\" width=\"480\" height=\"321\" src=\"http:\/\/loule2015.com\/wp-content\/uploads\/2015\/06\/DSC_0422-480x321.jpg\" class=\"attachment-thumbnail size-thumbnail\" alt=\"\" srcset=\"http:\/\/loule2015.com\/wp-content\/uploads\/2015\/06\/DSC_0422-480x321.jpg 480w, http:\/\/loule2015.com\/wp-content\/uploads\/2015\/06\/DSC_0422.jpg 800w\" sizes=\"auto, (max-width: 480px) 100vw, 480px\" \/><\/a>\n\t\t\t<\/dt><\/dl><br style=\"clear: both\" \/><dl class='gallery-item'>\n\t\t\t<dt class='gallery-icon landscape'>\n\t\t\t\t<a href='http:\/\/loule2015.com\/?attachment_id=2823#main'><img loading=\"lazy\" decoding=\"async\" width=\"480\" height=\"321\" src=\"http:\/\/loule2015.com\/wp-content\/uploads\/2015\/06\/DSC_0468-480x321.jpg\" class=\"attachment-thumbnail size-thumbnail\" alt=\"\" srcset=\"http:\/\/loule2015.com\/wp-content\/uploads\/2015\/06\/DSC_0468-480x321.jpg 480w, http:\/\/loule2015.com\/wp-content\/uploads\/2015\/06\/DSC_0468.jpg 800w\" sizes=\"auto, (max-width: 480px) 100vw, 480px\" \/><\/a>\n\t\t\t<\/dt><\/dl><dl class='gallery-item'>\n\t\t\t<dt class='gallery-icon landscape'>\n\t\t\t\t<a href='http:\/\/loule2015.com\/?attachment_id=2824#main'><img loading=\"lazy\" decoding=\"async\" width=\"480\" height=\"321\" src=\"http:\/\/loule2015.com\/wp-content\/uploads\/2015\/06\/DSC_0473-480x321.jpg\" class=\"attachment-thumbnail size-thumbnail\" alt=\"\" srcset=\"http:\/\/loule2015.com\/wp-content\/uploads\/2015\/06\/DSC_0473-480x321.jpg 480w, http:\/\/loule2015.com\/wp-content\/uploads\/2015\/06\/DSC_0473.jpg 800w\" sizes=\"auto, (max-width: 480px) 100vw, 480px\" \/><\/a>\n\t\t\t<\/dt><\/dl><dl class='gallery-item'>\n\t\t\t<dt class='gallery-icon landscape'>\n\t\t\t\t<a href='http:\/\/loule2015.com\/?attachment_id=2825#main'><img loading=\"lazy\" decoding=\"async\" width=\"480\" height=\"320\" src=\"http:\/\/loule2015.com\/wp-content\/uploads\/2015\/06\/DSC_0726_IMG_2350-480x320.jpg\" class=\"attachment-thumbnail size-thumbnail\" alt=\"\" srcset=\"http:\/\/loule2015.com\/wp-content\/uploads\/2015\/06\/DSC_0726_IMG_2350-480x320.jpg 480w, http:\/\/loule2015.com\/wp-content\/uploads\/2015\/06\/DSC_0726_IMG_2350.jpg 800w\" sizes=\"auto, (max-width: 480px) 100vw, 480px\" \/><\/a>\n\t\t\t<\/dt><\/dl><br style=\"clear: both\" \/><dl class='gallery-item'>\n\t\t\t<dt class='gallery-icon landscape'>\n\t\t\t\t<a href='http:\/\/loule2015.com\/?attachment_id=2826#main'><img loading=\"lazy\" decoding=\"async\" width=\"480\" height=\"320\" src=\"http:\/\/loule2015.com\/wp-content\/uploads\/2015\/06\/DSC_0726_IMG_2454-480x320.jpg\" class=\"attachment-thumbnail size-thumbnail\" alt=\"\" srcset=\"http:\/\/loule2015.com\/wp-content\/uploads\/2015\/06\/DSC_0726_IMG_2454-480x320.jpg 480w, http:\/\/loule2015.com\/wp-content\/uploads\/2015\/06\/DSC_0726_IMG_2454.jpg 800w\" sizes=\"auto, (max-width: 480px) 100vw, 480px\" \/><\/a>\n\t\t\t<\/dt><\/dl><dl class='gallery-item'>\n\t\t\t<dt class='gallery-icon landscape'>\n\t\t\t\t<a href='http:\/\/loule2015.com\/?attachment_id=2827#main'><img loading=\"lazy\" decoding=\"async\" width=\"480\" height=\"320\" src=\"http:\/\/loule2015.com\/wp-content\/uploads\/2015\/06\/DSC_0726_IMG_2464-480x320.jpg\" class=\"attachment-thumbnail size-thumbnail\" alt=\"\" srcset=\"http:\/\/loule2015.com\/wp-content\/uploads\/2015\/06\/DSC_0726_IMG_2464-480x320.jpg 480w, http:\/\/loule2015.com\/wp-content\/uploads\/2015\/06\/DSC_0726_IMG_2464.jpg 800w\" sizes=\"auto, (max-width: 480px) 100vw, 480px\" \/><\/a>\n\t\t\t<\/dt><\/dl><dl class='gallery-item'>\n\t\t\t<dt class='gallery-icon landscape'>\n\t\t\t\t<a href='http:\/\/loule2015.com\/?attachment_id=2828#main'><img loading=\"lazy\" decoding=\"async\" width=\"480\" height=\"320\" src=\"http:\/\/loule2015.com\/wp-content\/uploads\/2015\/06\/DSC_0726_IMG_2751-480x320.jpg\" class=\"attachment-thumbnail size-thumbnail\" alt=\"\" srcset=\"http:\/\/loule2015.com\/wp-content\/uploads\/2015\/06\/DSC_0726_IMG_2751-480x320.jpg 480w, http:\/\/loule2015.com\/wp-content\/uploads\/2015\/06\/DSC_0726_IMG_2751.jpg 800w\" sizes=\"auto, (max-width: 480px) 100vw, 480px\" \/><\/a>\n\t\t\t<\/dt><\/dl><br style=\"clear: both\" \/><dl class='gallery-item'>\n\t\t\t<dt class='gallery-icon landscape'>\n\t\t\t\t<a href='http:\/\/loule2015.com\/?attachment_id=2829#main'><img loading=\"lazy\" decoding=\"async\" width=\"480\" height=\"321\" src=\"http:\/\/loule2015.com\/wp-content\/uploads\/2015\/06\/DSC_0761-480x321.jpg\" class=\"attachment-thumbnail size-thumbnail\" alt=\"\" srcset=\"http:\/\/loule2015.com\/wp-content\/uploads\/2015\/06\/DSC_0761-480x321.jpg 480w, http:\/\/loule2015.com\/wp-content\/uploads\/2015\/06\/DSC_0761.jpg 800w\" sizes=\"auto, (max-width: 480px) 100vw, 480px\" \/><\/a>\n\t\t\t<\/dt><\/dl><dl class='gallery-item'>\n\t\t\t<dt class='gallery-icon landscape'>\n\t\t\t\t<a href='http:\/\/loule2015.com\/?attachment_id=2830#main'><img loading=\"lazy\" decoding=\"async\" width=\"480\" height=\"321\" src=\"http:\/\/loule2015.com\/wp-content\/uploads\/2015\/06\/DSC_0783-480x321.jpg\" class=\"attachment-thumbnail size-thumbnail\" alt=\"\" srcset=\"http:\/\/loule2015.com\/wp-content\/uploads\/2015\/06\/DSC_0783-480x321.jpg 480w, http:\/\/loule2015.com\/wp-content\/uploads\/2015\/06\/DSC_0783.jpg 800w\" sizes=\"auto, (max-width: 480px) 100vw, 480px\" \/><\/a>\n\t\t\t<\/dt><\/dl><dl class='gallery-item'>\n\t\t\t<dt class='gallery-icon landscape'>\n\t\t\t\t<a href='http:\/\/loule2015.com\/?attachment_id=2831#main'><img loading=\"lazy\" decoding=\"async\" width=\"480\" height=\"321\" src=\"http:\/\/loule2015.com\/wp-content\/uploads\/2015\/06\/DSC_0815-480x321.jpg\" class=\"attachment-thumbnail size-thumbnail\" alt=\"\" srcset=\"http:\/\/loule2015.com\/wp-content\/uploads\/2015\/06\/DSC_0815-480x321.jpg 480w, http:\/\/loule2015.com\/wp-content\/uploads\/2015\/06\/DSC_0815.jpg 800w\" sizes=\"auto, (max-width: 480px) 100vw, 480px\" \/><\/a>\n\t\t\t<\/dt><\/dl><br style=\"clear: both\" \/>\n\t\t<\/div>\n\n<p><a href=\"http:\/\/j.mp\/2015_minutos\" target=\"_blank\"><img loading=\"lazy\" decoding=\"async\" class=\"aligncenter wp-image-1307 size-full\" src=\"http:\/\/loule2015.com\/wp-content\/uploads\/2014\/12\/ver_todas.jpg\" alt=\"ver_todas\" width=\"801\" height=\"201\" srcset=\"http:\/\/loule2015.com\/wp-content\/uploads\/2014\/12\/ver_todas.jpg 801w, http:\/\/loule2015.com\/wp-content\/uploads\/2014\/12\/ver_todas-480x120.jpg 480w, http:\/\/loule2015.com\/wp-content\/uploads\/2014\/12\/ver_todas-800x200.jpg 800w\" sizes=\"auto, (max-width: 801px) 100vw, 801px\" \/><\/a><\/p>\n<p style=\"text-align: center;\"><strong>\u00a0PROGRAMA DO EVENTO<br \/>\n<\/strong><\/p>\n<p style=\"text-align: center;\"><strong>actualizado em 09\/09\/2015<br \/>\n<\/strong><\/p>\n<p style=\"text-align: center;\"><a href=\"http:\/\/loule2015.com\/wp-content\/uploads\/2015\/06\/programa-geral_web.pdf\" target=\"_blank\"><img loading=\"lazy\" decoding=\"async\" class=\"aligncenter wp-image-1108 size-full\" src=\"http:\/\/loule2015.com\/wp-content\/uploads\/2015\/02\/documento_.gif\" alt=\"documento_\" width=\"801\" height=\"201\" \/><\/a><\/p>\n<p style=\"text-align: center;\"><strong>MAPA DO EVENTO<br \/>\n<\/strong><\/p>\n<p style=\"text-align: center;\"><strong>actualizado em 09\/09\/2015<\/strong><\/p>\n<p><a href=\"http:\/\/loule2015.com\/wp-content\/uploads\/2015\/06\/mapa_piscinas_2015_minutos.pdf\" target=\"_blank\"><img loading=\"lazy\" decoding=\"async\" class=\"aligncenter wp-image-1108 size-full\" src=\"http:\/\/loule2015.com\/wp-content\/uploads\/2015\/02\/documento_.gif\" alt=\"documento_\" width=\"801\" height=\"201\" \/><\/a><\/p>\n<p style=\"text-align: center;\"><strong>\u00a0outros documentos para download<\/strong><\/p>\n<p style=\"text-align: center;\">24 Horas Non Stop Swimming<br \/>\n<a href=\"http:\/\/loule2015.com\/wp-content\/uploads\/2015\/06\/REGULAMENTO-PROVA-24-NON-STOP-SWIMMING.pdf\" target=\"_blank\">REGULAMENTO PROVA 24 NON STOP SWIMMING<\/a><\/p>\n<p style=\"text-align: center;\"><a href=\"http:\/\/loule2015.com\/wp-content\/uploads\/2015\/06\/FICHA-DE-INSCRI\u00c7\u00c3O_24H-NATA\u00c7\u00c3O.docx\" target=\"_blank\">FICHA DE INSCRI\u00c7\u00c3O_24H NATA\u00c7\u00c3O<\/a><\/p>\n<p style=\"text-align: center;\">Regulamento Geral<br \/>\n<a href=\"http:\/\/loule2015.com\/wp-content\/uploads\/2015\/06\/REGULAMENTO-GERAL-2015-NA-PISCINA1.pdf\" target=\"_blank\">REGULAMENTO GERAL 2015 NA PISCINA<\/a><\/p>\n<p style=\"text-align: center;\">Regulamento do Triatlo Jovem Louletano<\/p>\n<p style=\"text-align: center;\"><a href=\"http:\/\/loule2015.com\/wp-content\/uploads\/2015\/06\/REGULAMENTO-TRIATLO-final.pdf\" target=\"_blank\">REGULAMENTO TRIATLO &#8211; final<\/a><\/p>\n<p style=\"text-align: center;\">Regulamento Desportivo de Nata\u00e7\u00e3o Adaptada<\/p>\n<p style=\"text-align: center;\"><a href=\"http:\/\/loule2015.com\/wp-content\/uploads\/2015\/06\/REGULAMENTO-ENCONTRO-DESPORTIVONATA\u00c7\u00c3O-ADAPTADA.pdf\" target=\"_blank\">REGULAMENTO ENCONTRO DESPORTIVO NATA\u00c7\u00c3O ADAPTADA<\/a><\/p>\n<p style=\"text-align: center;\">Ficha de Inscri\u00e7\u00e3o<\/p>\n<p style=\"text-align: center;\"><a href=\"http:\/\/loule2015.com\/wp-content\/uploads\/2015\/06\/INSCRI\u00c7\u00d5ES-ENCONTRO-NATA\u00c7\u00c3O-ADAPTADA.docx\" target=\"_blank\">INSCRI\u00c7\u00d5ES ENCONTRO NATA\u00c7\u00c3O ADAPTADA<\/a><\/p>\n<p style=\"text-align: center;\">Mais informa\u00e7\u00f5es:<br \/>\njmsgomes@cm-loule.pt<\/p>\n","protected":false},"excerpt":{"rendered":"<p>&nbsp; _ A C\u00e2mara Municipal de Loul\u00e9 em parceira com v\u00e1rias entidades desportivas promovem uma inovadora iniciativa denominada \u2018\u20192.015 minutos na piscina\u2019\u2019, trata-se de um evento inserido no \u00e2mbito do programa Loul\u00e9 Cidade Europeia do Desporto onde a nata\u00e7\u00e3o assume o papel principal. Espera-se um dia repleto de actividades ligadas \u00e0 nata\u00e7\u00e3o e as suas [&hellip;]<\/p>\n","protected":false},"author":1,"featured_media":0,"parent":0,"menu_order":0,"comment_status":"open","ping_status":"open","template":"","meta":{"footnotes":""},"class_list":["post-2344","page","type-page","status-publish","hentry"],"yoast_head":"<!-- This site is optimized with the Yoast SEO plugin v27.5 - https:\/\/yoast.com\/product\/yoast-seo-wordpress\/ -->\n<title>Cidade Europeia do Desporto Loul\u00e9<\/title>\n<meta name=\"description\" content=\"Desporto, Cidade Europeia, Eventos Desportivos, Algarve, Portugal, Europa, Loul\u00e9, Conhecimento, Bem Estar, Sa\u00fade, Atividade F\u00edsica, Voluntario,\" \/>\n<meta name=\"robots\" content=\"index, follow, max-snippet:-1, max-image-preview:large, max-video-preview:-1\" \/>\n<link rel=\"canonical\" href=\"http:\/\/loule2015.com\/?page_id=2344\" \/>\n<meta property=\"og:locale\" content=\"en_US\" \/>\n<meta property=\"og:type\" content=\"article\" \/>\n<meta property=\"og:title\" content=\"Cidade Europeia do Desporto Loul\u00e9\" \/>\n<meta property=\"og:description\" content=\"Desporto, Cidade Europeia, Eventos Desportivos, Algarve, Portugal, Europa, Loul\u00e9, Conhecimento, Bem Estar, Sa\u00fade, Atividade F\u00edsica, Voluntario,\" \/>\n<meta property=\"og:url\" content=\"http:\/\/loule2015.com\/?page_id=2344\" \/>\n<meta property=\"og:site_name\" content=\"Loul\u00e9 2015\" \/>\n<meta property=\"article:publisher\" content=\"https:\/\/www.facebook.com\/louleced2015?ref=hl\" \/>\n<meta property=\"article:modified_time\" content=\"2015-10-13T12:18:31+00:00\" \/>\n<meta property=\"og:image\" content=\"http:\/\/loule2015.com\/wp-content\/uploads\/2015\/06\/DSC_0887-480x321.jpg\" \/>\n<meta name=\"twitter:card\" content=\"summary_large_image\" \/>\n<meta name=\"twitter:label1\" content=\"Est. reading time\" \/>\n\t<meta name=\"twitter:data1\" content=\"1 minute\" \/>\n<script type=\"application\/ld+json\" class=\"yoast-schema-graph\">{\"@context\":\"https:\\\/\\\/schema.org\",\"@graph\":[{\"@type\":\"WebPage\",\"@id\":\"http:\\\/\\\/loule2015.com\\\/?page_id=2344\",\"url\":\"http:\\\/\\\/loule2015.com\\\/?page_id=2344\",\"name\":\"Cidade Europeia do Desporto Loul\u00e9\",\"isPartOf\":{\"@id\":\"https:\\\/\\\/loule2015.com\\\/#website\"},\"primaryImageOfPage\":{\"@id\":\"http:\\\/\\\/loule2015.com\\\/?page_id=2344#primaryimage\"},\"image\":{\"@id\":\"http:\\\/\\\/loule2015.com\\\/?page_id=2344#primaryimage\"},\"thumbnailUrl\":\"http:\\\/\\\/loule2015.com\\\/wp-content\\\/uploads\\\/2015\\\/06\\\/cartaz_2015minutos_na_piscina_vrs4.png\",\"datePublished\":\"2015-06-08T15:19:03+00:00\",\"dateModified\":\"2015-10-13T12:18:31+00:00\",\"description\":\"Desporto, Cidade Europeia, Eventos Desportivos, Algarve, Portugal, Europa, Loul\u00e9, Conhecimento, Bem Estar, Sa\u00fade, Atividade F\u00edsica, Voluntario,\",\"breadcrumb\":{\"@id\":\"http:\\\/\\\/loule2015.com\\\/?page_id=2344#breadcrumb\"},\"inLanguage\":\"en-US\",\"potentialAction\":[{\"@type\":\"ReadAction\",\"target\":[\"http:\\\/\\\/loule2015.com\\\/?page_id=2344\"]}]},{\"@type\":\"ImageObject\",\"inLanguage\":\"en-US\",\"@id\":\"http:\\\/\\\/loule2015.com\\\/?page_id=2344#primaryimage\",\"url\":\"http:\\\/\\\/loule2015.com\\\/wp-content\\\/uploads\\\/2015\\\/06\\\/cartaz_2015minutos_na_piscina_vrs4.png\",\"contentUrl\":\"http:\\\/\\\/loule2015.com\\\/wp-content\\\/uploads\\\/2015\\\/06\\\/cartaz_2015minutos_na_piscina_vrs4.png\",\"width\":1000,\"height\":1423},{\"@type\":\"BreadcrumbList\",\"@id\":\"http:\\\/\\\/loule2015.com\\\/?page_id=2344#breadcrumb\",\"itemListElement\":[{\"@type\":\"ListItem\",\"position\":1,\"name\":\"Home\",\"item\":\"https:\\\/\\\/loule2015.com\\\/\"},{\"@type\":\"ListItem\",\"position\":2,\"name\":\"2.015 Minutos na Piscina\"}]},{\"@type\":\"WebSite\",\"@id\":\"https:\\\/\\\/loule2015.com\\\/#website\",\"url\":\"https:\\\/\\\/loule2015.com\\\/\",\"name\":\"Loul\u00e9 2015\",\"description\":\"Cidade Europeia do Desporto\",\"potentialAction\":[{\"@type\":\"SearchAction\",\"target\":{\"@type\":\"EntryPoint\",\"urlTemplate\":\"https:\\\/\\\/loule2015.com\\\/?s={search_term_string}\"},\"query-input\":{\"@type\":\"PropertyValueSpecification\",\"valueRequired\":true,\"valueName\":\"search_term_string\"}}],\"inLanguage\":\"en-US\"}]}<\/script>\n<!-- \/ Yoast SEO plugin. -->","yoast_head_json":{"title":"Cidade Europeia do Desporto Loul\u00e9","description":"Desporto, Cidade Europeia, Eventos Desportivos, Algarve, Portugal, Europa, Loul\u00e9, Conhecimento, Bem Estar, Sa\u00fade, Atividade F\u00edsica, Voluntario,","robots":{"index":"index","follow":"follow","max-snippet":"max-snippet:-1","max-image-preview":"max-image-preview:large","max-video-preview":"max-video-preview:-1"},"canonical":"http:\/\/loule2015.com\/?page_id=2344","og_locale":"en_US","og_type":"article","og_title":"Cidade Europeia do Desporto Loul\u00e9","og_description":"Desporto, Cidade Europeia, Eventos Desportivos, Algarve, Portugal, Europa, Loul\u00e9, Conhecimento, Bem Estar, Sa\u00fade, Atividade F\u00edsica, Voluntario,","og_url":"http:\/\/loule2015.com\/?page_id=2344","og_site_name":"Loul\u00e9 2015","article_publisher":"https:\/\/www.facebook.com\/louleced2015?ref=hl","article_modified_time":"2015-10-13T12:18:31+00:00","og_image":[{"url":"http:\/\/loule2015.com\/wp-content\/uploads\/2015\/06\/DSC_0887-480x321.jpg","type":"","width":"","height":""}],"twitter_card":"summary_large_image","twitter_misc":{"Est. reading time":"1 minute"},"schema":{"@context":"https:\/\/schema.org","@graph":[{"@type":"WebPage","@id":"http:\/\/loule2015.com\/?page_id=2344","url":"http:\/\/loule2015.com\/?page_id=2344","name":"Cidade Europeia do Desporto Loul\u00e9","isPartOf":{"@id":"https:\/\/loule2015.com\/#website"},"primaryImageOfPage":{"@id":"http:\/\/loule2015.com\/?page_id=2344#primaryimage"},"image":{"@id":"http:\/\/loule2015.com\/?page_id=2344#primaryimage"},"thumbnailUrl":"http:\/\/loule2015.com\/wp-content\/uploads\/2015\/06\/cartaz_2015minutos_na_piscina_vrs4.png","datePublished":"2015-06-08T15:19:03+00:00","dateModified":"2015-10-13T12:18:31+00:00","description":"Desporto, Cidade Europeia, Eventos Desportivos, Algarve, Portugal, Europa, Loul\u00e9, Conhecimento, Bem Estar, Sa\u00fade, Atividade F\u00edsica, Voluntario,","breadcrumb":{"@id":"http:\/\/loule2015.com\/?page_id=2344#breadcrumb"},"inLanguage":"en-US","potentialAction":[{"@type":"ReadAction","target":["http:\/\/loule2015.com\/?page_id=2344"]}]},{"@type":"ImageObject","inLanguage":"en-US","@id":"http:\/\/loule2015.com\/?page_id=2344#primaryimage","url":"http:\/\/loule2015.com\/wp-content\/uploads\/2015\/06\/cartaz_2015minutos_na_piscina_vrs4.png","contentUrl":"http:\/\/loule2015.com\/wp-content\/uploads\/2015\/06\/cartaz_2015minutos_na_piscina_vrs4.png","width":1000,"height":1423},{"@type":"BreadcrumbList","@id":"http:\/\/loule2015.com\/?page_id=2344#breadcrumb","itemListElement":[{"@type":"ListItem","position":1,"name":"Home","item":"https:\/\/loule2015.com\/"},{"@type":"ListItem","position":2,"name":"2.015 Minutos na Piscina"}]},{"@type":"WebSite","@id":"https:\/\/loule2015.com\/#website","url":"https:\/\/loule2015.com\/","name":"Loul\u00e9 2015","description":"Cidade Europeia do Desporto","potentialAction":[{"@type":"SearchAction","target":{"@type":"EntryPoint","urlTemplate":"https:\/\/loule2015.com\/?s={search_term_string}"},"query-input":{"@type":"PropertyValueSpecification","valueRequired":true,"valueName":"search_term_string"}}],"inLanguage":"en-US"}]}},"_links":{"self":[{"href":"http:\/\/loule2015.com\/index.php?rest_route=\/wp\/v2\/pages\/2344","targetHints":{"allow":["GET"]}}],"collection":[{"href":"http:\/\/loule2015.com\/index.php?rest_route=\/wp\/v2\/pages"}],"about":[{"href":"http:\/\/loule2015.com\/index.php?rest_route=\/wp\/v2\/types\/page"}],"author":[{"embeddable":true,"href":"http:\/\/loule2015.com\/index.php?rest_route=\/wp\/v2\/users\/1"}],"replies":[{"embeddable":true,"href":"http:\/\/loule2015.com\/index.php?rest_route=%2Fwp%2Fv2%2Fcomments&post=2344"}],"version-history":[{"count":32,"href":"http:\/\/loule2015.com\/index.php?rest_route=\/wp\/v2\/pages\/2344\/revisions"}],"predecessor-version":[{"id":2894,"href":"http:\/\/loule2015.com\/index.php?rest_route=\/wp\/v2\/pages\/2344\/revisions\/2894"}],"wp:attachment":[{"href":"http:\/\/loule2015.com\/index.php?rest_route=%2Fwp%2Fv2%2Fmedia&parent=2344"}],"curies":[{"name":"wp","href":"https:\/\/api.w.org\/{rel}","templated":true}]}}