{"id":2341,"date":"2015-06-08T09:50:43","date_gmt":"2015-06-08T09:50:43","guid":{"rendered":"http:\/\/loule2015.com\/?page_id=2341"},"modified":"2016-01-11T14:57:49","modified_gmt":"2016-01-11T14:57:49","slug":"passeio-cicloturismo-reis-eusebio","status":"publish","type":"page","link":"http:\/\/loule2015.com\/?page_id=2341","title":{"rendered":"Passeio Cicloturismo &#8220;Reis Eus\u00e9bio&#8221;"},"content":{"rendered":"<p style=\"text-align: justify;\"><div class=\"gtranslate_wrapper\" id=\"gt-wrapper-81787729\"><\/div><\/p>\n<h4 style=\"text-align: left;\"><div class=\"fcbkbttn_buttons_block\" id=\"fcbkbttn_left\"><div class=\"fcbkbttn_like fcbkbttn_large_button\"><fb:like href=\"http:\/\/loule2015.com\/?page_id=2341\" action=\"like\" colorscheme=\"light\" layout=\"button_count\"  size=\"large\"><\/fb:like><\/div><\/div><\/h4>\n<p><span style=\"color: #ffffff;\">_<\/span><\/p>\n<p style=\"text-align: justify;\">Inserido na programa\u00e7\u00e3o de Loul\u00e9 Cidade Europeia do Desporto no dia 14 de Junho de 2015, o Centro de Ciclismo de Loul\u00e9 ir\u00e1 organizar o 5\u00ba Passeio de Cicloturismo \u201c Reis Eus\u00e9bio\u201d, integrado nos eventos de \u201cLoul\u00e9, Cidade Europeia do Desporto 2015\u201d. Ser\u00e1 um passeio com um total de 63.95 km, destinado a todos os amantes de cicloturismo (idade m\u00ednima aconselhada 14 anos), com dificuldade m\u00e9dia\/baixa e que ir\u00e1 percorrer algumas das freguesias do concelho de Loul\u00e9 (S\u00e3o Clemente, S\u00e3o Sebasti\u00e3o, Almancil, Quarteira e Boliqueime). Ir\u00e1 contar com a j\u00e1 habitual homenagem a Joaquim Agostinho em Quarteira, no local da fat\u00eddica queda, com a presen\u00e7a de membros de Torres Vedras e para todos os aficionados de competi\u00e7\u00e3o, ir\u00e1 tamb\u00e9m haver cerca de 1,7 km de subida em \u201croda livre\u201d. A concentra\u00e7\u00e3o ser\u00e1 \u00e0s 8:00 horas na C\u00e2mara Municipal de Loul\u00e9 com a partida no mesmo local \u00e0s 9:00 horas e o local de chegada na Pista Bexiga Peres. As pr\u00e9-inscri\u00e7\u00f5es das equipas ou individuais poder\u00e3o ser feitas at\u00e9 dia 11 de Junho para os n\u00fameros 919\u00a0429 434 \/ 919\u00a0744\u00a0889, <a href=\"mailto:ccloule.rp@gmail.com\" target=\"_blank\">ccloule.rp@gmail.com<\/a> ou\/e s\u00f3 para os individuais no pr\u00f3prio dia entre as 08:00 e as 08:45 no secretariado do CCL instalado em frente a Camara Municipal de Loul\u00e9. S\u00f3 participa\u00e7\u00e3o 4,00 pedaladas, com abastecimento de s\u00f3lidos, l\u00edquidos e lembran\u00e7a, inscri\u00e7\u00e3o com almo\u00e7o conv\u00edvio 12,00 pedaladas com lembran\u00e7a para todas as equipas e participantes, 10,00 pedaladas para os acompanhantes e s\u00f3cios com quotas em dia.<\/p>\n","protected":false},"excerpt":{"rendered":"<p>_ Inserido na programa\u00e7\u00e3o de Loul\u00e9 Cidade Europeia do Desporto no dia 14 de Junho de 2015, o Centro de Ciclismo de Loul\u00e9 ir\u00e1 organizar o 5\u00ba Passeio de Cicloturismo \u201c Reis Eus\u00e9bio\u201d, integrado nos eventos de \u201cLoul\u00e9, Cidade Europeia do Desporto 2015\u201d. Ser\u00e1 um passeio com um total de 63.95 km, destinado a todos [&hellip;]<\/p>\n","protected":false},"author":1,"featured_media":0,"parent":0,"menu_order":0,"comment_status":"open","ping_status":"open","template":"","meta":{"footnotes":""},"class_list":["post-2341","page","type-page","status-publish","hentry"],"yoast_head":"<!-- This site is optimized with the Yoast SEO plugin v26.2 - https:\/\/yoast.com\/wordpress\/plugins\/seo\/ -->\n<title>Cidade Europeia do Desporto Loul\u00e9<\/title>\n<meta name=\"description\" content=\"Desporto, Cidade Europeia, Eventos Desportivos, Algarve, Portugal, Europa, Loul\u00e9, Conhecimento, Bem Estar, Sa\u00fade, Atividade F\u00edsica, Voluntario,\" \/>\n<meta name=\"robots\" content=\"index, follow, max-snippet:-1, max-image-preview:large, max-video-preview:-1\" \/>\n<link rel=\"canonical\" href=\"http:\/\/loule2015.com\/?page_id=2341\" \/>\n<meta property=\"og:locale\" content=\"en_US\" \/>\n<meta property=\"og:type\" content=\"article\" \/>\n<meta property=\"og:title\" content=\"Cidade Europeia do Desporto Loul\u00e9\" \/>\n<meta property=\"og:description\" content=\"Desporto, Cidade Europeia, Eventos Desportivos, Algarve, Portugal, Europa, Loul\u00e9, Conhecimento, Bem Estar, Sa\u00fade, Atividade F\u00edsica, Voluntario,\" \/>\n<meta property=\"og:url\" content=\"http:\/\/loule2015.com\/?page_id=2341\" \/>\n<meta property=\"og:site_name\" content=\"Loul\u00e9 2015\" \/>\n<meta property=\"article:publisher\" content=\"https:\/\/www.facebook.com\/louleced2015?ref=hl\" \/>\n<meta property=\"article:modified_time\" content=\"2016-01-11T14:57:49+00:00\" \/>\n<meta property=\"og:image\" content=\"http:\/\/loule2015.com\/wp-content\/uploads\/2015\/03\/Loul\u00e9_CED.png\" \/>\n\t<meta property=\"og:image:width\" content=\"400\" \/>\n\t<meta property=\"og:image:height\" content=\"400\" \/>\n\t<meta property=\"og:image:type\" content=\"image\/png\" \/>\n<meta name=\"twitter:card\" content=\"summary_large_image\" \/>\n<meta name=\"twitter:label1\" content=\"Est. reading time\" \/>\n\t<meta name=\"twitter:data1\" content=\"1 minute\" \/>\n<script type=\"application\/ld+json\" class=\"yoast-schema-graph\">{\"@context\":\"https:\/\/schema.org\",\"@graph\":[{\"@type\":\"WebPage\",\"@id\":\"http:\/\/loule2015.com\/?page_id=2341\",\"url\":\"http:\/\/loule2015.com\/?page_id=2341\",\"name\":\"Cidade Europeia do Desporto Loul\u00e9\",\"isPartOf\":{\"@id\":\"http:\/\/loule2015.com\/#website\"},\"datePublished\":\"2015-06-08T09:50:43+00:00\",\"dateModified\":\"2016-01-11T14:57:49+00:00\",\"description\":\"Desporto, Cidade Europeia, Eventos Desportivos, Algarve, Portugal, Europa, Loul\u00e9, Conhecimento, Bem Estar, Sa\u00fade, Atividade F\u00edsica, Voluntario,\",\"breadcrumb\":{\"@id\":\"http:\/\/loule2015.com\/?page_id=2341#breadcrumb\"},\"inLanguage\":\"en-US\",\"potentialAction\":[{\"@type\":\"ReadAction\",\"target\":[\"http:\/\/loule2015.com\/?page_id=2341\"]}]},{\"@type\":\"BreadcrumbList\",\"@id\":\"http:\/\/loule2015.com\/?page_id=2341#breadcrumb\",\"itemListElement\":[{\"@type\":\"ListItem\",\"position\":1,\"name\":\"Home\",\"item\":\"http:\/\/loule2015.com\/\"},{\"@type\":\"ListItem\",\"position\":2,\"name\":\"Passeio Cicloturismo &#8220;Reis Eus\u00e9bio&#8221;\"}]},{\"@type\":\"WebSite\",\"@id\":\"http:\/\/loule2015.com\/#website\",\"url\":\"http:\/\/loule2015.com\/\",\"name\":\"Loul\u00e9 2015\",\"description\":\"Cidade Europeia do Desporto\",\"potentialAction\":[{\"@type\":\"SearchAction\",\"target\":{\"@type\":\"EntryPoint\",\"urlTemplate\":\"http:\/\/loule2015.com\/?s={search_term_string}\"},\"query-input\":{\"@type\":\"PropertyValueSpecification\",\"valueRequired\":true,\"valueName\":\"search_term_string\"}}],\"inLanguage\":\"en-US\"}]}<\/script>\n<!-- \/ Yoast SEO plugin. -->","yoast_head_json":{"title":"Cidade Europeia do Desporto Loul\u00e9","description":"Desporto, Cidade Europeia, Eventos Desportivos, Algarve, Portugal, Europa, Loul\u00e9, Conhecimento, Bem Estar, Sa\u00fade, Atividade F\u00edsica, Voluntario,","robots":{"index":"index","follow":"follow","max-snippet":"max-snippet:-1","max-image-preview":"max-image-preview:large","max-video-preview":"max-video-preview:-1"},"canonical":"http:\/\/loule2015.com\/?page_id=2341","og_locale":"en_US","og_type":"article","og_title":"Cidade Europeia do Desporto Loul\u00e9","og_description":"Desporto, Cidade Europeia, Eventos Desportivos, Algarve, Portugal, Europa, Loul\u00e9, Conhecimento, Bem Estar, Sa\u00fade, Atividade F\u00edsica, Voluntario,","og_url":"http:\/\/loule2015.com\/?page_id=2341","og_site_name":"Loul\u00e9 2015","article_publisher":"https:\/\/www.facebook.com\/louleced2015?ref=hl","article_modified_time":"2016-01-11T14:57:49+00:00","og_image":[{"width":400,"height":400,"url":"http:\/\/loule2015.com\/wp-content\/uploads\/2015\/03\/Loul\u00e9_CED.png","type":"image\/png"}],"twitter_card":"summary_large_image","twitter_misc":{"Est. reading time":"1 minute"},"schema":{"@context":"https:\/\/schema.org","@graph":[{"@type":"WebPage","@id":"http:\/\/loule2015.com\/?page_id=2341","url":"http:\/\/loule2015.com\/?page_id=2341","name":"Cidade Europeia do Desporto Loul\u00e9","isPartOf":{"@id":"http:\/\/loule2015.com\/#website"},"datePublished":"2015-06-08T09:50:43+00:00","dateModified":"2016-01-11T14:57:49+00:00","description":"Desporto, Cidade Europeia, Eventos Desportivos, Algarve, Portugal, Europa, Loul\u00e9, Conhecimento, Bem Estar, Sa\u00fade, Atividade F\u00edsica, Voluntario,","breadcrumb":{"@id":"http:\/\/loule2015.com\/?page_id=2341#breadcrumb"},"inLanguage":"en-US","potentialAction":[{"@type":"ReadAction","target":["http:\/\/loule2015.com\/?page_id=2341"]}]},{"@type":"BreadcrumbList","@id":"http:\/\/loule2015.com\/?page_id=2341#breadcrumb","itemListElement":[{"@type":"ListItem","position":1,"name":"Home","item":"http:\/\/loule2015.com\/"},{"@type":"ListItem","position":2,"name":"Passeio Cicloturismo &#8220;Reis Eus\u00e9bio&#8221;"}]},{"@type":"WebSite","@id":"http:\/\/loule2015.com\/#website","url":"http:\/\/loule2015.com\/","name":"Loul\u00e9 2015","description":"Cidade Europeia do Desporto","potentialAction":[{"@type":"SearchAction","target":{"@type":"EntryPoint","urlTemplate":"http:\/\/loule2015.com\/?s={search_term_string}"},"query-input":{"@type":"PropertyValueSpecification","valueRequired":true,"valueName":"search_term_string"}}],"inLanguage":"en-US"}]}},"_links":{"self":[{"href":"http:\/\/loule2015.com\/index.php?rest_route=\/wp\/v2\/pages\/2341","targetHints":{"allow":["GET"]}}],"collection":[{"href":"http:\/\/loule2015.com\/index.php?rest_route=\/wp\/v2\/pages"}],"about":[{"href":"http:\/\/loule2015.com\/index.php?rest_route=\/wp\/v2\/types\/page"}],"author":[{"embeddable":true,"href":"http:\/\/loule2015.com\/index.php?rest_route=\/wp\/v2\/users\/1"}],"replies":[{"embeddable":true,"href":"http:\/\/loule2015.com\/index.php?rest_route=%2Fwp%2Fv2%2Fcomments&post=2341"}],"version-history":[{"count":2,"href":"http:\/\/loule2015.com\/index.php?rest_route=\/wp\/v2\/pages\/2341\/revisions"}],"predecessor-version":[{"id":3242,"href":"http:\/\/loule2015.com\/index.php?rest_route=\/wp\/v2\/pages\/2341\/revisions\/3242"}],"wp:attachment":[{"href":"http:\/\/loule2015.com\/index.php?rest_route=%2Fwp%2Fv2%2Fmedia&parent=2341"}],"curies":[{"name":"wp","href":"https:\/\/api.w.org\/{rel}","templated":true}]}}