{"id":2273,"date":"2015-06-01T09:40:26","date_gmt":"2015-06-01T09:40:26","guid":{"rendered":"http:\/\/loule2015.com\/?page_id=2273"},"modified":"2015-06-14T18:52:49","modified_gmt":"2015-06-14T18:52:49","slug":"marcha-corrida-final-loule","status":"publish","type":"page","link":"http:\/\/loule2015.com\/?page_id=2273","title":{"rendered":"Marcha Corrida Final Loul\u00e9"},"content":{"rendered":"<p style=\"text-align: justify;\"><div class=\"gtranslate_wrapper\" id=\"gt-wrapper-28872849\"><\/div><\/p>\n<p style=\"text-align: justify;\">No pr\u00f3ximo dia 14 de junho ter\u00e1 lugar a Marcha-Corrida Final em Loul\u00e9, inserida no Calend\u00e1rio Regional de Marchas do Algarve promovido pelo IPDJ e na programa\u00e7\u00e3o de Loul\u00e9, Cidade Europeia do Desporto 2015, com a finalidade de fomentar a pr\u00e1tica da atividade f\u00edsica regular e tornar o mun\u00edcipe \u201cmais ativo\u201d contribuindo, desta forma, para a melhoria da sua qualidade de vida.<br \/>\nComo actividade acolhedora da \u00faltima marcha-corrida do IPDJ pretende proporcionar o conv\u00edvio entre os marchantes de todo o Algarve num ambiente de festa.<\/p>\n<p style=\"text-align: justify;\">A actividade ir\u00e1 decorrer no Parque Municipal de Loul\u00e9, enquadramento de excel\u00eancia para a realiza\u00e7\u00e3o desta iniciativa dirigida a todos os escal\u00f5es et\u00e1rios. A sa\u00edda para os v\u00e1rios percursos da Marcha-Corrida est\u00e1 prevista para as 9h30, estando a concentra\u00e7\u00e3o dos participantes prevista uma hora antes, com o seguinte programa:<br \/>\n08:30 &#8211; Abertura do secretariado;<br \/>\n09:10 \u2013 Informa\u00e7\u00e3o sobre a actividade;<br \/>\n09:15 \u2013 Aquecimento;<br \/>\n09:30 \u2013 In\u00edcio da actividade;<br \/>\n10:30 \u2013 In\u00edcio da anima\u00e7\u00e3o (baile; almo\u00e7o e mercadinho);<br \/>\n14:00 \u2013 T\u00e9rmino da actividade.<\/p>\n<p style=\"text-align: justify;\">Os participantes poder\u00e3o escolher entre tr\u00eas percursos: 5 km; 7,5km ou 9,5km, conforme a sua condi\u00e7\u00e3o f\u00edsica.<\/p>\n<p style=\"text-align: justify;\">Todos os interessados dever\u00e3o inscrever-se, gratuitamente, at\u00e9 dia 11 de junho pelas 12h00, na Divis\u00e3o de Desporto e Sa\u00fade (Tel. 289 400 888) ou <a href=\"https:\/\/docs.google.com\/forms\/d\/1nvIYrIlDQK4j5aA3xB-7vL89X3JcktG--q-MA-V6ytY\/viewform\" target=\"_blank\">clique aqui<\/a> para se inscrever.<\/p>\n<p style=\"text-align: justify;\">Relembramos a import\u00e2ncia da inscri\u00e7\u00e3o pr\u00e9via na actividade por forma a garantir os brindes que temos dispon\u00edveis para si e a fim de colaborar com a organiza\u00e7\u00e3o no que concerne ao seguro e planeamento da atividade.<\/p>\n<p style=\"text-align: justify;\">Obrigat\u00f3ria a confirma\u00e7\u00e3o da inscri\u00e7\u00e3o junto dos servi\u00e7os de secretariado no dia do evento.<\/p>\n<p style=\"text-align: justify;\">Comprometa-se connosco, venha caminhar ou correr!<br \/>\nInscreva-se!<\/p>\n<p style=\"text-align: justify;\">Poder\u00e1 obter mais informa\u00e7\u00f5es sobre o evento clicando <a href=\"https:\/\/drive.google.com\/file\/d\/0Byd-jeq8rNr2X3c1elUyaDFnLXc\/view?usp=sharing\" target=\"_blank\">aqui<\/a>.<\/p>\n<p style=\"text-align: justify;\"><span style=\"color: #ffffff;\">_<\/span><\/p>\n<p style=\"text-align: center;\"><strong>Resumo fotogr\u00e1fico<\/strong><\/p>\n<p style=\"text-align: center;\"><div class=\"fcbkbttn_buttons_block\" id=\"fcbkbttn_left\"><div class=\"fcbkbttn_like fcbkbttn_large_button\"><fb:like href=\"http:\/\/loule2015.com\/?page_id=2273\" action=\"like\" colorscheme=\"light\" layout=\"button_count\"  size=\"large\"><\/fb:like><\/div><\/div><\/p>\n\n\t\t<style type=\"text\/css\">\n\t\t\t#gallery-1 {\n\t\t\t\tmargin: auto;\n\t\t\t}\n\t\t\t#gallery-1 .gallery-item {\n\t\t\t\tfloat: left;\n\t\t\t\tmargin-top: 10px;\n\t\t\t\ttext-align: center;\n\t\t\t\twidth: 33%;\n\t\t\t}\n\t\t\t#gallery-1 img {\n\t\t\t\tborder: 2px solid #cfcfcf;\n\t\t\t}\n\t\t\t#gallery-1 .gallery-caption {\n\t\t\t\tmargin-left: 0;\n\t\t\t}\n\t\t\t\/* see gallery_shortcode() in wp-includes\/media.php *\/\n\t\t<\/style>\n\t\t<div id='gallery-1' class='gallery galleryid-2273 gallery-columns-3 gallery-size-thumbnail'><dl class='gallery-item'>\n\t\t\t<dt class='gallery-icon landscape'>\n\t\t\t\t<a href='http:\/\/loule2015.com\/?attachment_id=2377#main'><img loading=\"lazy\" decoding=\"async\" width=\"480\" height=\"321\" src=\"http:\/\/loule2015.com\/wp-content\/uploads\/2015\/06\/DSC_4286-480x321.jpg\" class=\"attachment-thumbnail size-thumbnail\" alt=\"\" srcset=\"http:\/\/loule2015.com\/wp-content\/uploads\/2015\/06\/DSC_4286-480x321.jpg 480w, http:\/\/loule2015.com\/wp-content\/uploads\/2015\/06\/DSC_4286.jpg 800w\" sizes=\"auto, (max-width: 480px) 100vw, 480px\" \/><\/a>\n\t\t\t<\/dt><\/dl><dl class='gallery-item'>\n\t\t\t<dt class='gallery-icon landscape'>\n\t\t\t\t<a href='http:\/\/loule2015.com\/?attachment_id=2365#main'><img loading=\"lazy\" decoding=\"async\" width=\"480\" height=\"321\" src=\"http:\/\/loule2015.com\/wp-content\/uploads\/2015\/06\/DSC_4289-480x321.jpg\" class=\"attachment-thumbnail size-thumbnail\" alt=\"\" srcset=\"http:\/\/loule2015.com\/wp-content\/uploads\/2015\/06\/DSC_4289-480x321.jpg 480w, http:\/\/loule2015.com\/wp-content\/uploads\/2015\/06\/DSC_4289.jpg 800w\" sizes=\"auto, (max-width: 480px) 100vw, 480px\" \/><\/a>\n\t\t\t<\/dt><\/dl><dl class='gallery-item'>\n\t\t\t<dt class='gallery-icon landscape'>\n\t\t\t\t<a href='http:\/\/loule2015.com\/?attachment_id=2366#main'><img loading=\"lazy\" decoding=\"async\" width=\"480\" height=\"321\" src=\"http:\/\/loule2015.com\/wp-content\/uploads\/2015\/06\/DSC_4299-480x321.jpg\" class=\"attachment-thumbnail size-thumbnail\" alt=\"\" srcset=\"http:\/\/loule2015.com\/wp-content\/uploads\/2015\/06\/DSC_4299-480x321.jpg 480w, http:\/\/loule2015.com\/wp-content\/uploads\/2015\/06\/DSC_4299.jpg 800w\" sizes=\"auto, (max-width: 480px) 100vw, 480px\" \/><\/a>\n\t\t\t<\/dt><\/dl><br style=\"clear: both\" \/><dl class='gallery-item'>\n\t\t\t<dt class='gallery-icon landscape'>\n\t\t\t\t<a href='http:\/\/loule2015.com\/?attachment_id=2368#main'><img loading=\"lazy\" decoding=\"async\" width=\"480\" height=\"321\" src=\"http:\/\/loule2015.com\/wp-content\/uploads\/2015\/06\/DSC_4340-480x321.jpg\" class=\"attachment-thumbnail size-thumbnail\" alt=\"\" srcset=\"http:\/\/loule2015.com\/wp-content\/uploads\/2015\/06\/DSC_4340-480x321.jpg 480w, http:\/\/loule2015.com\/wp-content\/uploads\/2015\/06\/DSC_4340.jpg 800w\" sizes=\"auto, (max-width: 480px) 100vw, 480px\" \/><\/a>\n\t\t\t<\/dt><\/dl><dl class='gallery-item'>\n\t\t\t<dt class='gallery-icon landscape'>\n\t\t\t\t<a href='http:\/\/loule2015.com\/?attachment_id=2370#main'><img loading=\"lazy\" decoding=\"async\" width=\"480\" height=\"321\" src=\"http:\/\/loule2015.com\/wp-content\/uploads\/2015\/06\/DSC_4392-480x321.jpg\" class=\"attachment-thumbnail size-thumbnail\" alt=\"\" srcset=\"http:\/\/loule2015.com\/wp-content\/uploads\/2015\/06\/DSC_4392-480x321.jpg 480w, http:\/\/loule2015.com\/wp-content\/uploads\/2015\/06\/DSC_4392.jpg 800w\" sizes=\"auto, (max-width: 480px) 100vw, 480px\" \/><\/a>\n\t\t\t<\/dt><\/dl><dl class='gallery-item'>\n\t\t\t<dt class='gallery-icon landscape'>\n\t\t\t\t<a href='http:\/\/loule2015.com\/?attachment_id=2373#main'><img loading=\"lazy\" decoding=\"async\" width=\"480\" height=\"321\" src=\"http:\/\/loule2015.com\/wp-content\/uploads\/2015\/06\/DSC_4262-480x321.jpg\" class=\"attachment-thumbnail size-thumbnail\" alt=\"\" srcset=\"http:\/\/loule2015.com\/wp-content\/uploads\/2015\/06\/DSC_4262-480x321.jpg 480w, http:\/\/loule2015.com\/wp-content\/uploads\/2015\/06\/DSC_4262.jpg 800w\" sizes=\"auto, (max-width: 480px) 100vw, 480px\" \/><\/a>\n\t\t\t<\/dt><\/dl><br style=\"clear: both\" \/><dl class='gallery-item'>\n\t\t\t<dt class='gallery-icon landscape'>\n\t\t\t\t<a href='http:\/\/loule2015.com\/?attachment_id=2374#main'><img loading=\"lazy\" decoding=\"async\" width=\"480\" height=\"321\" src=\"http:\/\/loule2015.com\/wp-content\/uploads\/2015\/06\/DSC_4267-480x321.jpg\" class=\"attachment-thumbnail size-thumbnail\" alt=\"\" srcset=\"http:\/\/loule2015.com\/wp-content\/uploads\/2015\/06\/DSC_4267-480x321.jpg 480w, http:\/\/loule2015.com\/wp-content\/uploads\/2015\/06\/DSC_4267.jpg 800w\" sizes=\"auto, (max-width: 480px) 100vw, 480px\" \/><\/a>\n\t\t\t<\/dt><\/dl><dl class='gallery-item'>\n\t\t\t<dt class='gallery-icon landscape'>\n\t\t\t\t<a href='http:\/\/loule2015.com\/?attachment_id=2364#main'><img loading=\"lazy\" decoding=\"async\" width=\"480\" height=\"321\" src=\"http:\/\/loule2015.com\/wp-content\/uploads\/2015\/06\/DSC_4429-480x321.jpg\" class=\"attachment-thumbnail size-thumbnail\" alt=\"\" srcset=\"http:\/\/loule2015.com\/wp-content\/uploads\/2015\/06\/DSC_4429-480x321.jpg 480w, http:\/\/loule2015.com\/wp-content\/uploads\/2015\/06\/DSC_4429.jpg 800w\" sizes=\"auto, (max-width: 480px) 100vw, 480px\" \/><\/a>\n\t\t\t<\/dt><\/dl><dl class='gallery-item'>\n\t\t\t<dt class='gallery-icon landscape'>\n\t\t\t\t<a href='http:\/\/loule2015.com\/?attachment_id=2375#main'><img loading=\"lazy\" decoding=\"async\" width=\"480\" height=\"321\" src=\"http:\/\/loule2015.com\/wp-content\/uploads\/2015\/06\/DSC_4272-480x321.jpg\" class=\"attachment-thumbnail size-thumbnail\" alt=\"\" srcset=\"http:\/\/loule2015.com\/wp-content\/uploads\/2015\/06\/DSC_4272-480x321.jpg 480w, http:\/\/loule2015.com\/wp-content\/uploads\/2015\/06\/DSC_4272.jpg 800w\" sizes=\"auto, (max-width: 480px) 100vw, 480px\" \/><\/a>\n\t\t\t<\/dt><\/dl><br style=\"clear: both\" \/><dl class='gallery-item'>\n\t\t\t<dt class='gallery-icon landscape'>\n\t\t\t\t<a href='http:\/\/loule2015.com\/?attachment_id=2369#main'><img loading=\"lazy\" decoding=\"async\" width=\"480\" height=\"321\" src=\"http:\/\/loule2015.com\/wp-content\/uploads\/2015\/06\/DSC_4376-480x321.jpg\" class=\"attachment-thumbnail size-thumbnail\" alt=\"\" srcset=\"http:\/\/loule2015.com\/wp-content\/uploads\/2015\/06\/DSC_4376-480x321.jpg 480w, http:\/\/loule2015.com\/wp-content\/uploads\/2015\/06\/DSC_4376.jpg 800w\" sizes=\"auto, (max-width: 480px) 100vw, 480px\" \/><\/a>\n\t\t\t<\/dt><\/dl><dl class='gallery-item'>\n\t\t\t<dt class='gallery-icon landscape'>\n\t\t\t\t<a href='http:\/\/loule2015.com\/?attachment_id=2376#main'><img loading=\"lazy\" decoding=\"async\" width=\"480\" height=\"321\" src=\"http:\/\/loule2015.com\/wp-content\/uploads\/2015\/06\/DSC_4277-480x321.jpg\" class=\"attachment-thumbnail size-thumbnail\" alt=\"\" srcset=\"http:\/\/loule2015.com\/wp-content\/uploads\/2015\/06\/DSC_4277-480x321.jpg 480w, http:\/\/loule2015.com\/wp-content\/uploads\/2015\/06\/DSC_4277.jpg 800w\" sizes=\"auto, (max-width: 480px) 100vw, 480px\" \/><\/a>\n\t\t\t<\/dt><\/dl><dl class='gallery-item'>\n\t\t\t<dt class='gallery-icon landscape'>\n\t\t\t\t<a href='http:\/\/loule2015.com\/?attachment_id=2371#main'><img loading=\"lazy\" decoding=\"async\" width=\"480\" height=\"321\" src=\"http:\/\/loule2015.com\/wp-content\/uploads\/2015\/06\/DSC_4402-480x321.jpg\" class=\"attachment-thumbnail size-thumbnail\" alt=\"\" srcset=\"http:\/\/loule2015.com\/wp-content\/uploads\/2015\/06\/DSC_4402-480x321.jpg 480w, http:\/\/loule2015.com\/wp-content\/uploads\/2015\/06\/DSC_4402.jpg 800w\" sizes=\"auto, (max-width: 480px) 100vw, 480px\" \/><\/a>\n\t\t\t<\/dt><\/dl><br style=\"clear: both\" \/>\n\t\t<\/div>\n\n<p style=\"text-align: center;\"><\/a><\/p>\n","protected":false},"excerpt":{"rendered":"<p>No pr\u00f3ximo dia 14 de junho ter\u00e1 lugar a Marcha-Corrida Final em Loul\u00e9, inserida no Calend\u00e1rio Regional de Marchas do Algarve promovido pelo IPDJ e na programa\u00e7\u00e3o de Loul\u00e9, Cidade Europeia do Desporto 2015, com a finalidade de fomentar a pr\u00e1tica da atividade f\u00edsica regular e tornar o mun\u00edcipe \u201cmais ativo\u201d contribuindo, desta forma, para [&hellip;]<\/p>\n","protected":false},"author":1,"featured_media":0,"parent":0,"menu_order":0,"comment_status":"open","ping_status":"open","template":"","meta":{"footnotes":""},"class_list":["post-2273","page","type-page","status-publish","hentry"],"yoast_head":"<!-- This site is optimized with the Yoast SEO plugin v26.2 - https:\/\/yoast.com\/wordpress\/plugins\/seo\/ -->\n<title>Cidade Europeia do Desporto Loul\u00e9<\/title>\n<meta name=\"description\" content=\"Desporto, Cidade Europeia, Eventos Desportivos, Algarve, Portugal, Europa, Loul\u00e9, Conhecimento, Bem Estar, Sa\u00fade, Atividade F\u00edsica, Voluntario,\" \/>\n<meta name=\"robots\" content=\"index, follow, max-snippet:-1, max-image-preview:large, max-video-preview:-1\" \/>\n<link rel=\"canonical\" href=\"http:\/\/loule2015.com\/?page_id=2273\" \/>\n<meta property=\"og:locale\" content=\"en_US\" \/>\n<meta property=\"og:type\" content=\"article\" \/>\n<meta property=\"og:title\" content=\"Cidade Europeia do Desporto Loul\u00e9\" \/>\n<meta property=\"og:description\" content=\"Desporto, Cidade Europeia, Eventos Desportivos, Algarve, Portugal, Europa, Loul\u00e9, Conhecimento, Bem Estar, Sa\u00fade, Atividade F\u00edsica, Voluntario,\" \/>\n<meta property=\"og:url\" content=\"http:\/\/loule2015.com\/?page_id=2273\" \/>\n<meta property=\"og:site_name\" content=\"Loul\u00e9 2015\" \/>\n<meta property=\"article:publisher\" content=\"https:\/\/www.facebook.com\/louleced2015?ref=hl\" \/>\n<meta property=\"article:modified_time\" content=\"2015-06-14T18:52:49+00:00\" \/>\n<meta property=\"og:image\" content=\"http:\/\/loule2015.com\/wp-content\/uploads\/2015\/06\/DSC_4286-480x321.jpg\" \/>\n<meta name=\"twitter:card\" content=\"summary_large_image\" \/>\n<meta name=\"twitter:label1\" content=\"Est. reading time\" \/>\n\t<meta name=\"twitter:data1\" content=\"2 minutes\" \/>\n<script type=\"application\/ld+json\" class=\"yoast-schema-graph\">{\"@context\":\"https:\/\/schema.org\",\"@graph\":[{\"@type\":\"WebPage\",\"@id\":\"http:\/\/loule2015.com\/?page_id=2273\",\"url\":\"http:\/\/loule2015.com\/?page_id=2273\",\"name\":\"Cidade Europeia do Desporto Loul\u00e9\",\"isPartOf\":{\"@id\":\"http:\/\/loule2015.com\/#website\"},\"datePublished\":\"2015-06-01T09:40:26+00:00\",\"dateModified\":\"2015-06-14T18:52:49+00:00\",\"description\":\"Desporto, Cidade Europeia, Eventos Desportivos, Algarve, Portugal, Europa, Loul\u00e9, Conhecimento, Bem Estar, Sa\u00fade, Atividade F\u00edsica, Voluntario,\",\"breadcrumb\":{\"@id\":\"http:\/\/loule2015.com\/?page_id=2273#breadcrumb\"},\"inLanguage\":\"en-US\",\"potentialAction\":[{\"@type\":\"ReadAction\",\"target\":[\"http:\/\/loule2015.com\/?page_id=2273\"]}]},{\"@type\":\"BreadcrumbList\",\"@id\":\"http:\/\/loule2015.com\/?page_id=2273#breadcrumb\",\"itemListElement\":[{\"@type\":\"ListItem\",\"position\":1,\"name\":\"Home\",\"item\":\"http:\/\/loule2015.com\/\"},{\"@type\":\"ListItem\",\"position\":2,\"name\":\"Marcha Corrida Final Loul\u00e9\"}]},{\"@type\":\"WebSite\",\"@id\":\"http:\/\/loule2015.com\/#website\",\"url\":\"http:\/\/loule2015.com\/\",\"name\":\"Loul\u00e9 2015\",\"description\":\"Cidade Europeia do Desporto\",\"potentialAction\":[{\"@type\":\"SearchAction\",\"target\":{\"@type\":\"EntryPoint\",\"urlTemplate\":\"http:\/\/loule2015.com\/?s={search_term_string}\"},\"query-input\":{\"@type\":\"PropertyValueSpecification\",\"valueRequired\":true,\"valueName\":\"search_term_string\"}}],\"inLanguage\":\"en-US\"}]}<\/script>\n<!-- \/ Yoast SEO plugin. -->","yoast_head_json":{"title":"Cidade Europeia do Desporto Loul\u00e9","description":"Desporto, Cidade Europeia, Eventos Desportivos, Algarve, Portugal, Europa, Loul\u00e9, Conhecimento, Bem Estar, Sa\u00fade, Atividade F\u00edsica, Voluntario,","robots":{"index":"index","follow":"follow","max-snippet":"max-snippet:-1","max-image-preview":"max-image-preview:large","max-video-preview":"max-video-preview:-1"},"canonical":"http:\/\/loule2015.com\/?page_id=2273","og_locale":"en_US","og_type":"article","og_title":"Cidade Europeia do Desporto Loul\u00e9","og_description":"Desporto, Cidade Europeia, Eventos Desportivos, Algarve, Portugal, Europa, Loul\u00e9, Conhecimento, Bem Estar, Sa\u00fade, Atividade F\u00edsica, Voluntario,","og_url":"http:\/\/loule2015.com\/?page_id=2273","og_site_name":"Loul\u00e9 2015","article_publisher":"https:\/\/www.facebook.com\/louleced2015?ref=hl","article_modified_time":"2015-06-14T18:52:49+00:00","og_image":[{"url":"http:\/\/loule2015.com\/wp-content\/uploads\/2015\/06\/DSC_4286-480x321.jpg","type":"","width":"","height":""}],"twitter_card":"summary_large_image","twitter_misc":{"Est. reading time":"2 minutes"},"schema":{"@context":"https:\/\/schema.org","@graph":[{"@type":"WebPage","@id":"http:\/\/loule2015.com\/?page_id=2273","url":"http:\/\/loule2015.com\/?page_id=2273","name":"Cidade Europeia do Desporto Loul\u00e9","isPartOf":{"@id":"http:\/\/loule2015.com\/#website"},"datePublished":"2015-06-01T09:40:26+00:00","dateModified":"2015-06-14T18:52:49+00:00","description":"Desporto, Cidade Europeia, Eventos Desportivos, Algarve, Portugal, Europa, Loul\u00e9, Conhecimento, Bem Estar, Sa\u00fade, Atividade F\u00edsica, Voluntario,","breadcrumb":{"@id":"http:\/\/loule2015.com\/?page_id=2273#breadcrumb"},"inLanguage":"en-US","potentialAction":[{"@type":"ReadAction","target":["http:\/\/loule2015.com\/?page_id=2273"]}]},{"@type":"BreadcrumbList","@id":"http:\/\/loule2015.com\/?page_id=2273#breadcrumb","itemListElement":[{"@type":"ListItem","position":1,"name":"Home","item":"http:\/\/loule2015.com\/"},{"@type":"ListItem","position":2,"name":"Marcha Corrida Final Loul\u00e9"}]},{"@type":"WebSite","@id":"http:\/\/loule2015.com\/#website","url":"http:\/\/loule2015.com\/","name":"Loul\u00e9 2015","description":"Cidade Europeia do Desporto","potentialAction":[{"@type":"SearchAction","target":{"@type":"EntryPoint","urlTemplate":"http:\/\/loule2015.com\/?s={search_term_string}"},"query-input":{"@type":"PropertyValueSpecification","valueRequired":true,"valueName":"search_term_string"}}],"inLanguage":"en-US"}]}},"_links":{"self":[{"href":"http:\/\/loule2015.com\/index.php?rest_route=\/wp\/v2\/pages\/2273","targetHints":{"allow":["GET"]}}],"collection":[{"href":"http:\/\/loule2015.com\/index.php?rest_route=\/wp\/v2\/pages"}],"about":[{"href":"http:\/\/loule2015.com\/index.php?rest_route=\/wp\/v2\/types\/page"}],"author":[{"embeddable":true,"href":"http:\/\/loule2015.com\/index.php?rest_route=\/wp\/v2\/users\/1"}],"replies":[{"embeddable":true,"href":"http:\/\/loule2015.com\/index.php?rest_route=%2Fwp%2Fv2%2Fcomments&post=2273"}],"version-history":[{"count":19,"href":"http:\/\/loule2015.com\/index.php?rest_route=\/wp\/v2\/pages\/2273\/revisions"}],"predecessor-version":[{"id":2381,"href":"http:\/\/loule2015.com\/index.php?rest_route=\/wp\/v2\/pages\/2273\/revisions\/2381"}],"wp:attachment":[{"href":"http:\/\/loule2015.com\/index.php?rest_route=%2Fwp%2Fv2%2Fmedia&parent=2273"}],"curies":[{"name":"wp","href":"https:\/\/api.w.org\/{rel}","templated":true}]}}