{"id":2137,"date":"2015-05-20T09:15:57","date_gmt":"2015-05-20T09:15:57","guid":{"rendered":"http:\/\/loule2015.com\/?page_id=2137"},"modified":"2015-05-30T21:36:16","modified_gmt":"2015-05-30T21:36:16","slug":"baja-loule-cidade-europeia-do-desporto","status":"publish","type":"page","link":"http:\/\/loule2015.com\/?page_id=2137","title":{"rendered":"Baja Loul\u00e9 Cidade Europeia do Desporto"},"content":{"rendered":"<p style=\"text-align: justify;\"><div class=\"gtranslate_wrapper\" id=\"gt-wrapper-54226286\"><\/div><\/p>\n<p style=\"text-align: justify;\">A Baja Cidade Europeia do Desporto 2015 acolhe os principais Campeonatos Nacionais de Todo o Terreno contando com a presen\u00e7a de autom\u00f3veis, motos, quads e buggys, a 30 e 31 de maio. Loul\u00e9 \u00e9 o centro nevr\u00e1lgico da prova, que ir\u00e1 percorrer tamb\u00e9m os trilhos de Alcoutim e Almod\u00f4var.<\/p>\n<p style=\"text-align: justify;\">Quase 20 anos depois, o TT est\u00e1 de regresso \u00e0s origens. A edi\u00e7\u00e3o de 1996 foi a \u00faltima em que Loul\u00e9 serviu de sede do Transalgarve. Desde ent\u00e3o, a principal prova algarvia de TT passou por v\u00e1rias denomina\u00e7\u00f5es, diferentes formatos e localiza\u00e7\u00f5es. Este ano est\u00e1 de volta \u00e0 terra que a viu nascer com a denomina\u00e7\u00e3o de Baja Cidade Europeia do Desporto.<\/p>\n<p style=\"text-align: justify;\">A Baja Cidade Europeia do Desporto ser\u00e1 a terceira etapa dos campeonatos nacionais de TT. Para s\u00e1bado, dia 30 de Maio, est\u00e3o programadas as verifica\u00e7\u00f5es na Zona Industrial de Loul\u00e9, \u00e0 qual se segue o pr\u00f3logo com aproximadamente oito quil\u00f3metros. Neste primeiro dia, o Parque de Assist\u00eancia tem a particularidade de se situar em pleno cora\u00e7\u00e3o da cidade, permitindo que o p\u00fablico possa acompanhar de perto o trabalho das equipas.<br \/>\nPara domingo, a baja desenrola-se pelos trilhos do tri\u00e2ngulo Loul\u00e9, Alcoutim e Almod\u00f4var. O percurso seleccionado \u00e9 bastante rolante, com bom piso, caracter\u00edsticas muito similares a tro\u00e7os de rali. Est\u00e3o desenhados dois sectores selectivos, com 80 e 170 km\u2019s que se disputam em simult\u00e2neo para todos os participantes.<br \/>\nO evento encerra ao final da tarde de Domingo, em Loul\u00e9 com a entrega de Pr\u00e9mios na Pra\u00e7a da Rep\u00fablica.<br \/>\nOrganizada pelo Clube Autom\u00f3vel do Algarve, a Baja Cidade Europeia do Desporto 2015 conta com o apoio ativo das C\u00e2maras Municipais de Loul\u00e9, Alcoutim e Almod\u00f4var e o patroc\u00ednio de Solverde-Casinos do Algarve.<\/p>\n<p style=\"text-align: justify;\">Consulte mais informa\u00e7\u00e3o em <a href=\"http:\/\/www.clubeautomovelalgarve.pt\" target=\"_blank\">http:\/\/www.clubeautomovelalgarve.pt<\/a> ou nas redes sociais do CAAL Facebook <a href=\"http:\/\/www.facebook.com\/caalgarve\" target=\"_blank\">http:\/\/www.facebook.com\/caalgarve<\/a> ou Twitter <a href=\"https:\/\/twitter.com\/caalgarve\" target=\"_blank\">https:\/\/twitter.com\/caalgarve<\/a><\/p>\n<p style=\"text-align: justify;\"><strong>Autos<\/strong><\/p>\n<p style=\"text-align: justify;\">A prova come\u00e7a com dupla passagem pelo pr\u00f3logo com 7,8 quil\u00f3metros, localizada nas imedia\u00e7\u00f5es de Loul\u00e9, num misto zonas r\u00e1pidas e locais mais sinuosos e t\u00e9cnicos. Existe uma ZP de f\u00e1cil acesso, com boa visibilidade e prop\u00edcia para o espet\u00e1culo.<br \/>\nNo domingo, os autom\u00f3veis arrancam no Ameixial pelas 9:00, percorrendo o primeiro Setor Seletivo, com 72 quil\u00f3metros at\u00e9 \u00e0 Cortelha. Segue-se o maior percurso de 173km, que termina em Alm\u00f4dovar. Para acabar, nova passagem pelo SS do Ameixial, antecedido por um parque \u201cflexy-service\u201d. O percurso selecionado com 317 quil\u00f3metros \u00e9 bastante rolante, maioritariamente com bom piso e caracter\u00edsticas muito similares a tro\u00e7os de rali.<\/p>\n<p style=\"text-align: justify;\"><strong>Motos<\/strong><\/p>\n<p style=\"text-align: justify;\">A prova come\u00e7a com um pr\u00f3logo\/super especial com 7,8 quil\u00f3metros desenhada nas proximidades da Cidade de Loul\u00e9, num misto de estrad\u00e3o r\u00e1pido com bom piso e zonas mais sinuosas e t\u00e9cnicas. Foi criada uma zona de espet\u00e1culo para o p\u00fablico de f\u00e1cil acesso, com boa visibilidade, onde se incluem dois grandes saltos, que permitem aos participantes das duas rodas, e n\u00e3o s\u00f3, a exibirem-se.<\/p>\n<p style=\"text-align: justify;\">No domingo, a prova \u00e9 constitu\u00edda por dois tra\u00e7ados usando os trilhos do tri\u00e2ngulo Loul\u00e9, Alcoutim e Almod\u00f4var, com 173 e 72 quil\u00f3metros. O percurso seleccionado \u00e9 bastante rolante, maioritariamente com bom piso e caracter\u00edsticas muito similares a tro\u00e7os de rali. No maior setor, est\u00e3o previstas mais duas zonas de assist\u00eancia, no sitio da Barrada e em Martim Longo.<\/p>\n<p style=\"text-align: justify;\"><strong>Buggys<\/strong><br \/>\nRespondendo a uma pretens\u00e3o dos concorrentes dos UTV\/Buggys, este ano partem para a prova a seguir \u00e0s motos e quads. Ganhando o seu espa\u00e7o e respetivo protagonismo, os UTV\/ Buggy fazem dois Setores seletivos distintos ao longo de 245 quil\u00f3metros. Come\u00e7am a sua aventura na Cortelha para o SS maior, com t\u00e9rmino na vila alentejana de Almod\u00f4var. Segue-se uma curta liga\u00e7\u00e3o at\u00e9 ao Ameixial, local de partida para o \u00faltimo setor que ir\u00e1 terminar na pista de Motocross da Cortelha.<\/p>\n<p style=\"text-align: justify;\"><strong>Classe Hobby<\/strong><br \/>\nEste ano a Baja algarvia tamb\u00e9m acolhe a classe Hobby, que se destina a promover a modalidade TT. S\u00f3 podem participar pilotos sem licen\u00e7a desportiva motocicl\u00edstica nos ultimos tr\u00eas anos. Para al\u00e9m do pr\u00f3logo, os participantes desta classe apenas participam no maior percurso, entre Cortelha e Almod\u00f4var, e partem atr\u00e1s dos concorrentes do CNTT.<\/p>\n<p style=\"text-align: justify;\"><strong>Zonas\u00a0de P\u00fablico<\/strong><\/p>\n<p style=\"text-align: justify;\">Pensando no p\u00fablico, conciliando o espect\u00e1culo com boa visibilidade, a entidade organizadora da Baja Cidade Europeia do Desporto 2015, prop\u00f5e um conjunto de zonas de p\u00fablico de f\u00e1cil acesso para acompanhar da melhor forma a prova, colocando a seguran\u00e7a em primeiro lugar.<\/p>\n<p style=\"text-align: justify;\"><a href=\"https:\/\/drive.google.com\/file\/d\/0Byd-jeq8rNr2WVdoV01XZE1EcTQ\/view?usp=sharing\" target=\"_blank\">Acessos \u00e0s Zonas de P\u00fablico<\/a><\/p>\n<p style=\"text-align: justify;\"><a href=\"https:\/\/drive.google.com\/file\/d\/0Byd-jeq8rNr2Z2o4ak1JSDgyQ0E\/view?usp=sharing\" target=\"_blank\">Mapa de Acessos \u00e0s Zonas de P\u00fablico<\/a><\/p>\n<p style=\"text-align: center;\"><strong>Resumo Fotografico<\/strong><\/p>\n<p style=\"text-align: center;\">1\u00baDia<\/p>\n<p style=\"text-align: center;\"><div class=\"fcbkbttn_buttons_block\" id=\"fcbkbttn_left\"><div class=\"fcbkbttn_like fcbkbttn_large_button\"><fb:like href=\"http:\/\/loule2015.com\/?page_id=2137\" action=\"like\" colorscheme=\"light\" layout=\"button_count\"  size=\"large\"><\/fb:like><\/div><\/div><\/p>\n\n\t\t<style type=\"text\/css\">\n\t\t\t#gallery-1 {\n\t\t\t\tmargin: auto;\n\t\t\t}\n\t\t\t#gallery-1 .gallery-item {\n\t\t\t\tfloat: left;\n\t\t\t\tmargin-top: 10px;\n\t\t\t\ttext-align: center;\n\t\t\t\twidth: 33%;\n\t\t\t}\n\t\t\t#gallery-1 img {\n\t\t\t\tborder: 2px solid #cfcfcf;\n\t\t\t}\n\t\t\t#gallery-1 .gallery-caption {\n\t\t\t\tmargin-left: 0;\n\t\t\t}\n\t\t\t\/* see gallery_shortcode() in wp-includes\/media.php *\/\n\t\t<\/style>\n\t\t<div id='gallery-1' class='gallery galleryid-2137 gallery-columns-3 gallery-size-thumbnail'><dl class='gallery-item'>\n\t\t\t<dt class='gallery-icon landscape'>\n\t\t\t\t<a href='http:\/\/loule2015.com\/?attachment_id=2238#main'><img loading=\"lazy\" decoding=\"async\" width=\"480\" height=\"321\" src=\"http:\/\/loule2015.com\/wp-content\/uploads\/2015\/05\/DSC_2203-480x321.jpg\" class=\"attachment-thumbnail size-thumbnail\" alt=\"\" srcset=\"http:\/\/loule2015.com\/wp-content\/uploads\/2015\/05\/DSC_2203-480x321.jpg 480w, http:\/\/loule2015.com\/wp-content\/uploads\/2015\/05\/DSC_2203.jpg 800w\" sizes=\"auto, (max-width: 480px) 100vw, 480px\" \/><\/a>\n\t\t\t<\/dt><\/dl><dl class='gallery-item'>\n\t\t\t<dt class='gallery-icon landscape'>\n\t\t\t\t<a href='http:\/\/loule2015.com\/?attachment_id=2239#main'><img loading=\"lazy\" decoding=\"async\" width=\"480\" height=\"321\" src=\"http:\/\/loule2015.com\/wp-content\/uploads\/2015\/05\/DSC_2223-480x321.jpg\" class=\"attachment-thumbnail size-thumbnail\" alt=\"\" srcset=\"http:\/\/loule2015.com\/wp-content\/uploads\/2015\/05\/DSC_2223-480x321.jpg 480w, http:\/\/loule2015.com\/wp-content\/uploads\/2015\/05\/DSC_2223.jpg 800w\" sizes=\"auto, (max-width: 480px) 100vw, 480px\" \/><\/a>\n\t\t\t<\/dt><\/dl><dl class='gallery-item'>\n\t\t\t<dt class='gallery-icon landscape'>\n\t\t\t\t<a href='http:\/\/loule2015.com\/?attachment_id=2240#main'><img loading=\"lazy\" decoding=\"async\" width=\"480\" height=\"321\" src=\"http:\/\/loule2015.com\/wp-content\/uploads\/2015\/05\/DSC_2225-480x321.jpg\" class=\"attachment-thumbnail size-thumbnail\" alt=\"\" srcset=\"http:\/\/loule2015.com\/wp-content\/uploads\/2015\/05\/DSC_2225-480x321.jpg 480w, http:\/\/loule2015.com\/wp-content\/uploads\/2015\/05\/DSC_2225.jpg 800w\" sizes=\"auto, (max-width: 480px) 100vw, 480px\" \/><\/a>\n\t\t\t<\/dt><\/dl><br style=\"clear: both\" \/><dl class='gallery-item'>\n\t\t\t<dt class='gallery-icon landscape'>\n\t\t\t\t<a href='http:\/\/loule2015.com\/?attachment_id=2241#main'><img loading=\"lazy\" decoding=\"async\" width=\"480\" height=\"321\" src=\"http:\/\/loule2015.com\/wp-content\/uploads\/2015\/05\/DSC_2233-480x321.jpg\" class=\"attachment-thumbnail size-thumbnail\" alt=\"\" srcset=\"http:\/\/loule2015.com\/wp-content\/uploads\/2015\/05\/DSC_2233-480x321.jpg 480w, http:\/\/loule2015.com\/wp-content\/uploads\/2015\/05\/DSC_2233.jpg 800w\" sizes=\"auto, (max-width: 480px) 100vw, 480px\" \/><\/a>\n\t\t\t<\/dt><\/dl><dl class='gallery-item'>\n\t\t\t<dt class='gallery-icon landscape'>\n\t\t\t\t<a href='http:\/\/loule2015.com\/?attachment_id=2243#main'><img loading=\"lazy\" decoding=\"async\" width=\"480\" height=\"321\" src=\"http:\/\/loule2015.com\/wp-content\/uploads\/2015\/05\/DSC_2238-480x321.jpg\" class=\"attachment-thumbnail size-thumbnail\" alt=\"\" srcset=\"http:\/\/loule2015.com\/wp-content\/uploads\/2015\/05\/DSC_2238-480x321.jpg 480w, http:\/\/loule2015.com\/wp-content\/uploads\/2015\/05\/DSC_2238.jpg 800w\" sizes=\"auto, (max-width: 480px) 100vw, 480px\" \/><\/a>\n\t\t\t<\/dt><\/dl><dl class='gallery-item'>\n\t\t\t<dt class='gallery-icon landscape'>\n\t\t\t\t<a href='http:\/\/loule2015.com\/?attachment_id=2244#main'><img loading=\"lazy\" decoding=\"async\" width=\"480\" height=\"321\" src=\"http:\/\/loule2015.com\/wp-content\/uploads\/2015\/05\/DSC_2168-480x321.jpg\" class=\"attachment-thumbnail size-thumbnail\" alt=\"\" srcset=\"http:\/\/loule2015.com\/wp-content\/uploads\/2015\/05\/DSC_2168-480x321.jpg 480w, http:\/\/loule2015.com\/wp-content\/uploads\/2015\/05\/DSC_2168.jpg 800w\" sizes=\"auto, (max-width: 480px) 100vw, 480px\" \/><\/a>\n\t\t\t<\/dt><\/dl><br style=\"clear: both\" \/><dl class='gallery-item'>\n\t\t\t<dt class='gallery-icon landscape'>\n\t\t\t\t<a href='http:\/\/loule2015.com\/?attachment_id=2245#main'><img loading=\"lazy\" decoding=\"async\" width=\"480\" height=\"321\" src=\"http:\/\/loule2015.com\/wp-content\/uploads\/2015\/05\/DSC_2169-480x321.jpg\" class=\"attachment-thumbnail size-thumbnail\" alt=\"\" srcset=\"http:\/\/loule2015.com\/wp-content\/uploads\/2015\/05\/DSC_2169-480x321.jpg 480w, http:\/\/loule2015.com\/wp-content\/uploads\/2015\/05\/DSC_2169.jpg 800w\" sizes=\"auto, (max-width: 480px) 100vw, 480px\" \/><\/a>\n\t\t\t<\/dt><\/dl><dl class='gallery-item'>\n\t\t\t<dt class='gallery-icon landscape'>\n\t\t\t\t<a href='http:\/\/loule2015.com\/?attachment_id=2246#main'><img loading=\"lazy\" decoding=\"async\" width=\"480\" height=\"321\" src=\"http:\/\/loule2015.com\/wp-content\/uploads\/2015\/05\/DSC_2171-480x321.jpg\" class=\"attachment-thumbnail size-thumbnail\" alt=\"\" srcset=\"http:\/\/loule2015.com\/wp-content\/uploads\/2015\/05\/DSC_2171-480x321.jpg 480w, http:\/\/loule2015.com\/wp-content\/uploads\/2015\/05\/DSC_2171.jpg 800w\" sizes=\"auto, (max-width: 480px) 100vw, 480px\" \/><\/a>\n\t\t\t<\/dt><\/dl><dl class='gallery-item'>\n\t\t\t<dt class='gallery-icon landscape'>\n\t\t\t\t<a href='http:\/\/loule2015.com\/?attachment_id=2247#main'><img loading=\"lazy\" decoding=\"async\" width=\"480\" height=\"321\" src=\"http:\/\/loule2015.com\/wp-content\/uploads\/2015\/05\/DSC_2172-480x321.jpg\" class=\"attachment-thumbnail size-thumbnail\" alt=\"\" srcset=\"http:\/\/loule2015.com\/wp-content\/uploads\/2015\/05\/DSC_2172-480x321.jpg 480w, http:\/\/loule2015.com\/wp-content\/uploads\/2015\/05\/DSC_2172.jpg 800w\" sizes=\"auto, (max-width: 480px) 100vw, 480px\" \/><\/a>\n\t\t\t<\/dt><\/dl><br style=\"clear: both\" \/><dl class='gallery-item'>\n\t\t\t<dt class='gallery-icon landscape'>\n\t\t\t\t<a href='http:\/\/loule2015.com\/?attachment_id=2248#main'><img loading=\"lazy\" decoding=\"async\" width=\"480\" height=\"321\" src=\"http:\/\/loule2015.com\/wp-content\/uploads\/2015\/05\/DSC_2180-480x321.jpg\" class=\"attachment-thumbnail size-thumbnail\" alt=\"\" srcset=\"http:\/\/loule2015.com\/wp-content\/uploads\/2015\/05\/DSC_2180-480x321.jpg 480w, http:\/\/loule2015.com\/wp-content\/uploads\/2015\/05\/DSC_2180.jpg 800w\" sizes=\"auto, (max-width: 480px) 100vw, 480px\" \/><\/a>\n\t\t\t<\/dt><\/dl><dl class='gallery-item'>\n\t\t\t<dt class='gallery-icon landscape'>\n\t\t\t\t<a href='http:\/\/loule2015.com\/?attachment_id=2249#main'><img loading=\"lazy\" decoding=\"async\" width=\"480\" height=\"321\" src=\"http:\/\/loule2015.com\/wp-content\/uploads\/2015\/05\/DSC_2185-480x321.jpg\" class=\"attachment-thumbnail size-thumbnail\" alt=\"\" srcset=\"http:\/\/loule2015.com\/wp-content\/uploads\/2015\/05\/DSC_2185-480x321.jpg 480w, http:\/\/loule2015.com\/wp-content\/uploads\/2015\/05\/DSC_2185.jpg 800w\" sizes=\"auto, (max-width: 480px) 100vw, 480px\" \/><\/a>\n\t\t\t<\/dt><\/dl><dl class='gallery-item'>\n\t\t\t<dt class='gallery-icon landscape'>\n\t\t\t\t<a href='http:\/\/loule2015.com\/?attachment_id=2250#main'><img loading=\"lazy\" decoding=\"async\" width=\"480\" height=\"321\" src=\"http:\/\/loule2015.com\/wp-content\/uploads\/2015\/05\/DSC_2189-480x321.jpg\" class=\"attachment-thumbnail size-thumbnail\" alt=\"\" srcset=\"http:\/\/loule2015.com\/wp-content\/uploads\/2015\/05\/DSC_2189-480x321.jpg 480w, http:\/\/loule2015.com\/wp-content\/uploads\/2015\/05\/DSC_2189.jpg 800w\" sizes=\"auto, (max-width: 480px) 100vw, 480px\" \/><\/a>\n\t\t\t<\/dt><\/dl><br style=\"clear: both\" \/>\n\t\t<\/div>\n\n<p style=\"text-align: justify;\">\u00a0<a href=\"http:\/\/j.mp\/baja_CED\" target=\"_blank\"><img loading=\"lazy\" decoding=\"async\" class=\"aligncenter wp-image-1307 size-full\" src=\"http:\/\/loule2015.com\/wp-content\/uploads\/2014\/12\/ver_todas.jpg\" alt=\"ver_todas\" width=\"801\" height=\"201\" srcset=\"http:\/\/loule2015.com\/wp-content\/uploads\/2014\/12\/ver_todas.jpg 801w, http:\/\/loule2015.com\/wp-content\/uploads\/2014\/12\/ver_todas-480x120.jpg 480w, http:\/\/loule2015.com\/wp-content\/uploads\/2014\/12\/ver_todas-800x200.jpg 800w\" sizes=\"auto, (max-width: 801px) 100vw, 801px\" \/><\/a><\/p>\n","protected":false},"excerpt":{"rendered":"<p>A Baja Cidade Europeia do Desporto 2015 acolhe os principais Campeonatos Nacionais de Todo o Terreno contando com a presen\u00e7a de autom\u00f3veis, motos, quads e buggys, a 30 e 31 de maio. Loul\u00e9 \u00e9 o centro nevr\u00e1lgico da prova, que ir\u00e1 percorrer tamb\u00e9m os trilhos de Alcoutim e Almod\u00f4var. Quase 20 anos depois, o TT [&hellip;]<\/p>\n","protected":false},"author":1,"featured_media":0,"parent":0,"menu_order":0,"comment_status":"open","ping_status":"open","template":"","meta":{"footnotes":""},"class_list":["post-2137","page","type-page","status-publish","hentry"],"yoast_head":"<!-- This site is optimized with the Yoast SEO plugin v27.5 - https:\/\/yoast.com\/product\/yoast-seo-wordpress\/ -->\n<title>Cidade Europeia do Desporto Loul\u00e9<\/title>\n<meta name=\"description\" content=\"Desporto, Cidade Europeia, Eventos Desportivos, Algarve, Portugal, Europa, Loul\u00e9, Conhecimento, Bem Estar, Sa\u00fade, Atividade F\u00edsica, Voluntario,\" \/>\n<meta name=\"robots\" content=\"index, follow, max-snippet:-1, max-image-preview:large, max-video-preview:-1\" \/>\n<link rel=\"canonical\" href=\"http:\/\/loule2015.com\/?page_id=2137\" \/>\n<meta property=\"og:locale\" content=\"en_US\" \/>\n<meta property=\"og:type\" content=\"article\" \/>\n<meta property=\"og:title\" content=\"Cidade Europeia do Desporto Loul\u00e9\" \/>\n<meta property=\"og:description\" content=\"Desporto, Cidade Europeia, Eventos Desportivos, Algarve, Portugal, Europa, Loul\u00e9, Conhecimento, Bem Estar, Sa\u00fade, Atividade F\u00edsica, Voluntario,\" \/>\n<meta property=\"og:url\" content=\"http:\/\/loule2015.com\/?page_id=2137\" \/>\n<meta property=\"og:site_name\" content=\"Loul\u00e9 2015\" \/>\n<meta property=\"article:publisher\" content=\"https:\/\/www.facebook.com\/louleced2015?ref=hl\" \/>\n<meta property=\"article:modified_time\" content=\"2015-05-30T21:36:16+00:00\" \/>\n<meta property=\"og:image\" content=\"http:\/\/loule2015.com\/wp-content\/uploads\/2015\/05\/DSC_2203-480x321.jpg\" \/>\n<meta name=\"twitter:card\" content=\"summary_large_image\" \/>\n<meta name=\"twitter:label1\" content=\"Est. reading time\" \/>\n\t<meta name=\"twitter:data1\" content=\"4 minutes\" \/>\n<script type=\"application\/ld+json\" class=\"yoast-schema-graph\">{\"@context\":\"https:\\\/\\\/schema.org\",\"@graph\":[{\"@type\":\"WebPage\",\"@id\":\"http:\\\/\\\/loule2015.com\\\/?page_id=2137\",\"url\":\"http:\\\/\\\/loule2015.com\\\/?page_id=2137\",\"name\":\"Cidade Europeia do Desporto Loul\u00e9\",\"isPartOf\":{\"@id\":\"https:\\\/\\\/loule2015.com\\\/#website\"},\"primaryImageOfPage\":{\"@id\":\"http:\\\/\\\/loule2015.com\\\/?page_id=2137#primaryimage\"},\"image\":{\"@id\":\"http:\\\/\\\/loule2015.com\\\/?page_id=2137#primaryimage\"},\"thumbnailUrl\":\"http:\\\/\\\/loule2015.com\\\/wp-content\\\/uploads\\\/2014\\\/12\\\/ver_todas.jpg\",\"datePublished\":\"2015-05-20T09:15:57+00:00\",\"dateModified\":\"2015-05-30T21:36:16+00:00\",\"description\":\"Desporto, Cidade Europeia, Eventos Desportivos, Algarve, Portugal, Europa, Loul\u00e9, Conhecimento, Bem Estar, Sa\u00fade, Atividade F\u00edsica, Voluntario,\",\"breadcrumb\":{\"@id\":\"http:\\\/\\\/loule2015.com\\\/?page_id=2137#breadcrumb\"},\"inLanguage\":\"en-US\",\"potentialAction\":[{\"@type\":\"ReadAction\",\"target\":[\"http:\\\/\\\/loule2015.com\\\/?page_id=2137\"]}]},{\"@type\":\"ImageObject\",\"inLanguage\":\"en-US\",\"@id\":\"http:\\\/\\\/loule2015.com\\\/?page_id=2137#primaryimage\",\"url\":\"http:\\\/\\\/loule2015.com\\\/wp-content\\\/uploads\\\/2014\\\/12\\\/ver_todas.jpg\",\"contentUrl\":\"http:\\\/\\\/loule2015.com\\\/wp-content\\\/uploads\\\/2014\\\/12\\\/ver_todas.jpg\",\"width\":801,\"height\":201},{\"@type\":\"BreadcrumbList\",\"@id\":\"http:\\\/\\\/loule2015.com\\\/?page_id=2137#breadcrumb\",\"itemListElement\":[{\"@type\":\"ListItem\",\"position\":1,\"name\":\"Home\",\"item\":\"https:\\\/\\\/loule2015.com\\\/\"},{\"@type\":\"ListItem\",\"position\":2,\"name\":\"Baja Loul\u00e9 Cidade Europeia do Desporto\"}]},{\"@type\":\"WebSite\",\"@id\":\"https:\\\/\\\/loule2015.com\\\/#website\",\"url\":\"https:\\\/\\\/loule2015.com\\\/\",\"name\":\"Loul\u00e9 2015\",\"description\":\"Cidade Europeia do Desporto\",\"potentialAction\":[{\"@type\":\"SearchAction\",\"target\":{\"@type\":\"EntryPoint\",\"urlTemplate\":\"https:\\\/\\\/loule2015.com\\\/?s={search_term_string}\"},\"query-input\":{\"@type\":\"PropertyValueSpecification\",\"valueRequired\":true,\"valueName\":\"search_term_string\"}}],\"inLanguage\":\"en-US\"}]}<\/script>\n<!-- \/ Yoast SEO plugin. -->","yoast_head_json":{"title":"Cidade Europeia do Desporto Loul\u00e9","description":"Desporto, Cidade Europeia, Eventos Desportivos, Algarve, Portugal, Europa, Loul\u00e9, Conhecimento, Bem Estar, Sa\u00fade, Atividade F\u00edsica, Voluntario,","robots":{"index":"index","follow":"follow","max-snippet":"max-snippet:-1","max-image-preview":"max-image-preview:large","max-video-preview":"max-video-preview:-1"},"canonical":"http:\/\/loule2015.com\/?page_id=2137","og_locale":"en_US","og_type":"article","og_title":"Cidade Europeia do Desporto Loul\u00e9","og_description":"Desporto, Cidade Europeia, Eventos Desportivos, Algarve, Portugal, Europa, Loul\u00e9, Conhecimento, Bem Estar, Sa\u00fade, Atividade F\u00edsica, Voluntario,","og_url":"http:\/\/loule2015.com\/?page_id=2137","og_site_name":"Loul\u00e9 2015","article_publisher":"https:\/\/www.facebook.com\/louleced2015?ref=hl","article_modified_time":"2015-05-30T21:36:16+00:00","og_image":[{"url":"http:\/\/loule2015.com\/wp-content\/uploads\/2015\/05\/DSC_2203-480x321.jpg","type":"","width":"","height":""}],"twitter_card":"summary_large_image","twitter_misc":{"Est. reading time":"4 minutes"},"schema":{"@context":"https:\/\/schema.org","@graph":[{"@type":"WebPage","@id":"http:\/\/loule2015.com\/?page_id=2137","url":"http:\/\/loule2015.com\/?page_id=2137","name":"Cidade Europeia do Desporto Loul\u00e9","isPartOf":{"@id":"https:\/\/loule2015.com\/#website"},"primaryImageOfPage":{"@id":"http:\/\/loule2015.com\/?page_id=2137#primaryimage"},"image":{"@id":"http:\/\/loule2015.com\/?page_id=2137#primaryimage"},"thumbnailUrl":"http:\/\/loule2015.com\/wp-content\/uploads\/2014\/12\/ver_todas.jpg","datePublished":"2015-05-20T09:15:57+00:00","dateModified":"2015-05-30T21:36:16+00:00","description":"Desporto, Cidade Europeia, Eventos Desportivos, Algarve, Portugal, Europa, Loul\u00e9, Conhecimento, Bem Estar, Sa\u00fade, Atividade F\u00edsica, Voluntario,","breadcrumb":{"@id":"http:\/\/loule2015.com\/?page_id=2137#breadcrumb"},"inLanguage":"en-US","potentialAction":[{"@type":"ReadAction","target":["http:\/\/loule2015.com\/?page_id=2137"]}]},{"@type":"ImageObject","inLanguage":"en-US","@id":"http:\/\/loule2015.com\/?page_id=2137#primaryimage","url":"http:\/\/loule2015.com\/wp-content\/uploads\/2014\/12\/ver_todas.jpg","contentUrl":"http:\/\/loule2015.com\/wp-content\/uploads\/2014\/12\/ver_todas.jpg","width":801,"height":201},{"@type":"BreadcrumbList","@id":"http:\/\/loule2015.com\/?page_id=2137#breadcrumb","itemListElement":[{"@type":"ListItem","position":1,"name":"Home","item":"https:\/\/loule2015.com\/"},{"@type":"ListItem","position":2,"name":"Baja Loul\u00e9 Cidade Europeia do Desporto"}]},{"@type":"WebSite","@id":"https:\/\/loule2015.com\/#website","url":"https:\/\/loule2015.com\/","name":"Loul\u00e9 2015","description":"Cidade Europeia do Desporto","potentialAction":[{"@type":"SearchAction","target":{"@type":"EntryPoint","urlTemplate":"https:\/\/loule2015.com\/?s={search_term_string}"},"query-input":{"@type":"PropertyValueSpecification","valueRequired":true,"valueName":"search_term_string"}}],"inLanguage":"en-US"}]}},"_links":{"self":[{"href":"http:\/\/loule2015.com\/index.php?rest_route=\/wp\/v2\/pages\/2137","targetHints":{"allow":["GET"]}}],"collection":[{"href":"http:\/\/loule2015.com\/index.php?rest_route=\/wp\/v2\/pages"}],"about":[{"href":"http:\/\/loule2015.com\/index.php?rest_route=\/wp\/v2\/types\/page"}],"author":[{"embeddable":true,"href":"http:\/\/loule2015.com\/index.php?rest_route=\/wp\/v2\/users\/1"}],"replies":[{"embeddable":true,"href":"http:\/\/loule2015.com\/index.php?rest_route=%2Fwp%2Fv2%2Fcomments&post=2137"}],"version-history":[{"count":11,"href":"http:\/\/loule2015.com\/index.php?rest_route=\/wp\/v2\/pages\/2137\/revisions"}],"predecessor-version":[{"id":2256,"href":"http:\/\/loule2015.com\/index.php?rest_route=\/wp\/v2\/pages\/2137\/revisions\/2256"}],"wp:attachment":[{"href":"http:\/\/loule2015.com\/index.php?rest_route=%2Fwp%2Fv2%2Fmedia&parent=2137"}],"curies":[{"name":"wp","href":"https:\/\/api.w.org\/{rel}","templated":true}]}}