{"id":2053,"date":"2015-05-15T10:55:07","date_gmt":"2015-05-15T10:55:07","guid":{"rendered":"http:\/\/loule2015.com\/?page_id=2053"},"modified":"2016-01-11T14:40:50","modified_gmt":"2016-01-11T14:40:50","slug":"iii-ori-btt-de-loule","status":"publish","type":"page","link":"http:\/\/loule2015.com\/?page_id=2053","title":{"rendered":"III Ori-BTT de Loul\u00e9"},"content":{"rendered":"<p style=\"text-align: justify;\"><div class=\"gtranslate_wrapper\" id=\"gt-wrapper-13006538\"><\/div><\/p>\n<h4 style=\"text-align: left;\"><div class=\"fcbkbttn_buttons_block\" id=\"fcbkbttn_left\"><div class=\"fcbkbttn_like fcbkbttn_large_button\"><fb:like href=\"http:\/\/loule2015.com\/?page_id=2053\" action=\"like\" colorscheme=\"light\" layout=\"button_count\"  size=\"large\"><\/fb:like><\/div><\/div><\/h4>\n<p><span style=\"color: #ffffff;\">_<\/span><\/p>\n<p style=\"text-align: justify;\">Inserido no calend\u00e1rio de Loul\u00e9 Cidade Europeia do Desporto, o Club BTT Terra de Loul\u00e9 em parceria com a Federa\u00e7\u00e3o Portuguesa de Orienta\u00e7\u00e3o, a C\u00e2mara Municipal de Loul\u00e9 organizam nos pr\u00f3ximos dias 16 e 17 de Maio de 2015 o III Ori-BTT de Loul\u00e9 e simultaneamente os Campeonatos Nacionais de Orienta\u00e7\u00e3o em BTT em Loul\u00e9.<br \/>\nEsta \u00e9 uma prova aberta a participantes de todas as idades, que podem participar nos escal\u00f5es abertos ou de competi\u00e7\u00e3o, individualmente ou em grupo.<br \/>\nEste evento integrado nos calend\u00e1rios da Ta\u00e7a de Portugal \u00e9 constitu\u00eddo por tr\u00eas percursos pontu\u00e1veis para os rankings Individual FPO e de Clubes FPO, sendo que no s\u00e1bado decorrer\u00e3o os campeonatos de M\u00e9dia e Sprint e no Domingo o campeonato de Dist\u00e2ncia Longa.<br \/>\nO centro de evento \u00e9 junto ao Pavilh\u00e3o Municipal de Loul\u00e9. No S\u00e1bado, 16 de Maio, o campeonato de Dist\u00e2ncia M\u00e9dia tem inicio a partir das 11h00 junto ao Monumento Eng\u00ba Duarte Pacheco e chegadas no Pavilh\u00e3o Municipal de Loul\u00e9 e \u00e1s 17h30 tem inicio o campeonato de Sprint com partidas e chegadas na Pra\u00e7a da Republica, e cerim\u00f3nia de entrega de pr\u00e9mios das distancias m\u00e9dia e sprint<br \/>\nNo Domingo, 17 de Maio, o campeonato de Dist\u00e2ncia Longa tem inicio as 09h00 junto ao Pavilh\u00e3o Municipal de Loul\u00e9 e \u00e1s 12h30 realiza-se Cerim\u00f3nia de Encerramento e entrega de Pr\u00e9mios.<br \/>\nMais informa\u00e7\u00f5es em: <a href=\"http:\/\/www.bttloule.com\" target=\"_blank\">www.bttloule.com<\/a><\/p>\n<p style=\"text-align: center;\">-Resumo fotogr\u00e1fico &#8211;<\/p>\n\n\t\t<style type=\"text\/css\">\n\t\t\t#gallery-1 {\n\t\t\t\tmargin: auto;\n\t\t\t}\n\t\t\t#gallery-1 .gallery-item {\n\t\t\t\tfloat: left;\n\t\t\t\tmargin-top: 10px;\n\t\t\t\ttext-align: center;\n\t\t\t\twidth: 33%;\n\t\t\t}\n\t\t\t#gallery-1 img {\n\t\t\t\tborder: 2px solid #cfcfcf;\n\t\t\t}\n\t\t\t#gallery-1 .gallery-caption {\n\t\t\t\tmargin-left: 0;\n\t\t\t}\n\t\t\t\/* see gallery_shortcode() in wp-includes\/media.php *\/\n\t\t<\/style>\n\t\t<div id='gallery-1' class='gallery galleryid-2053 gallery-columns-3 gallery-size-thumbnail'><dl class='gallery-item'>\n\t\t\t<dt class='gallery-icon landscape'>\n\t\t\t\t<a href='http:\/\/loule2015.com\/?attachment_id=2072#main'><img loading=\"lazy\" decoding=\"async\" width=\"480\" height=\"321\" src=\"http:\/\/loule2015.com\/wp-content\/uploads\/2015\/05\/DSC_0763-480x321.jpg\" class=\"attachment-thumbnail size-thumbnail\" alt=\"\" srcset=\"http:\/\/loule2015.com\/wp-content\/uploads\/2015\/05\/DSC_0763-480x321.jpg 480w, http:\/\/loule2015.com\/wp-content\/uploads\/2015\/05\/DSC_0763.jpg 800w\" sizes=\"auto, (max-width: 480px) 100vw, 480px\" \/><\/a>\n\t\t\t<\/dt><\/dl><dl class='gallery-item'>\n\t\t\t<dt class='gallery-icon landscape'>\n\t\t\t\t<a href='http:\/\/loule2015.com\/?attachment_id=2075#main'><img loading=\"lazy\" decoding=\"async\" width=\"480\" height=\"321\" src=\"http:\/\/loule2015.com\/wp-content\/uploads\/2015\/05\/DSC_0790-480x321.jpg\" class=\"attachment-thumbnail size-thumbnail\" alt=\"\" srcset=\"http:\/\/loule2015.com\/wp-content\/uploads\/2015\/05\/DSC_0790-480x321.jpg 480w, http:\/\/loule2015.com\/wp-content\/uploads\/2015\/05\/DSC_0790.jpg 800w\" sizes=\"auto, (max-width: 480px) 100vw, 480px\" \/><\/a>\n\t\t\t<\/dt><\/dl><dl class='gallery-item'>\n\t\t\t<dt class='gallery-icon landscape'>\n\t\t\t\t<a href='http:\/\/loule2015.com\/?attachment_id=2069#main'><img loading=\"lazy\" decoding=\"async\" width=\"480\" height=\"321\" src=\"http:\/\/loule2015.com\/wp-content\/uploads\/2015\/05\/DSC_0803-480x321.jpg\" class=\"attachment-thumbnail size-thumbnail\" alt=\"\" srcset=\"http:\/\/loule2015.com\/wp-content\/uploads\/2015\/05\/DSC_0803-480x321.jpg 480w, http:\/\/loule2015.com\/wp-content\/uploads\/2015\/05\/DSC_0803.jpg 800w\" sizes=\"auto, (max-width: 480px) 100vw, 480px\" \/><\/a>\n\t\t\t<\/dt><\/dl><br style=\"clear: both\" \/><dl class='gallery-item'>\n\t\t\t<dt class='gallery-icon landscape'>\n\t\t\t\t<a href='http:\/\/loule2015.com\/?attachment_id=2070#main'><img loading=\"lazy\" decoding=\"async\" width=\"480\" height=\"321\" src=\"http:\/\/loule2015.com\/wp-content\/uploads\/2015\/05\/DSC_0747-480x321.jpg\" class=\"attachment-thumbnail size-thumbnail\" alt=\"\" srcset=\"http:\/\/loule2015.com\/wp-content\/uploads\/2015\/05\/DSC_0747-480x321.jpg 480w, http:\/\/loule2015.com\/wp-content\/uploads\/2015\/05\/DSC_0747.jpg 800w\" sizes=\"auto, (max-width: 480px) 100vw, 480px\" \/><\/a>\n\t\t\t<\/dt><\/dl><dl class='gallery-item'>\n\t\t\t<dt class='gallery-icon landscape'>\n\t\t\t\t<a href='http:\/\/loule2015.com\/?attachment_id=2071#main'><img loading=\"lazy\" decoding=\"async\" width=\"480\" height=\"321\" src=\"http:\/\/loule2015.com\/wp-content\/uploads\/2015\/05\/DSC_0752-480x321.jpg\" class=\"attachment-thumbnail size-thumbnail\" alt=\"\" srcset=\"http:\/\/loule2015.com\/wp-content\/uploads\/2015\/05\/DSC_0752-480x321.jpg 480w, http:\/\/loule2015.com\/wp-content\/uploads\/2015\/05\/DSC_0752.jpg 800w\" sizes=\"auto, (max-width: 480px) 100vw, 480px\" \/><\/a>\n\t\t\t<\/dt><\/dl><dl class='gallery-item'>\n\t\t\t<dt class='gallery-icon landscape'>\n\t\t\t\t<a href='http:\/\/loule2015.com\/?attachment_id=2074#main'><img loading=\"lazy\" decoding=\"async\" width=\"480\" height=\"321\" src=\"http:\/\/loule2015.com\/wp-content\/uploads\/2015\/05\/DSC_0775-480x321.jpg\" class=\"attachment-thumbnail size-thumbnail\" alt=\"\" srcset=\"http:\/\/loule2015.com\/wp-content\/uploads\/2015\/05\/DSC_0775-480x321.jpg 480w, http:\/\/loule2015.com\/wp-content\/uploads\/2015\/05\/DSC_0775.jpg 800w\" sizes=\"auto, (max-width: 480px) 100vw, 480px\" \/><\/a>\n\t\t\t<\/dt><\/dl><br style=\"clear: both\" \/><dl class='gallery-item'>\n\t\t\t<dt class='gallery-icon landscape'>\n\t\t\t\t<a href='http:\/\/loule2015.com\/?attachment_id=2076#main'><img loading=\"lazy\" decoding=\"async\" width=\"480\" height=\"321\" src=\"http:\/\/loule2015.com\/wp-content\/uploads\/2015\/05\/DSC_0840-480x321.jpg\" class=\"attachment-thumbnail size-thumbnail\" alt=\"\" srcset=\"http:\/\/loule2015.com\/wp-content\/uploads\/2015\/05\/DSC_0840-480x321.jpg 480w, http:\/\/loule2015.com\/wp-content\/uploads\/2015\/05\/DSC_0840.jpg 800w\" sizes=\"auto, (max-width: 480px) 100vw, 480px\" \/><\/a>\n\t\t\t<\/dt><\/dl><dl class='gallery-item'>\n\t\t\t<dt class='gallery-icon landscape'>\n\t\t\t\t<a href='http:\/\/loule2015.com\/?attachment_id=2077#main'><img loading=\"lazy\" decoding=\"async\" width=\"480\" height=\"321\" src=\"http:\/\/loule2015.com\/wp-content\/uploads\/2015\/05\/DSC_0810-480x321.jpg\" class=\"attachment-thumbnail size-thumbnail\" alt=\"\" srcset=\"http:\/\/loule2015.com\/wp-content\/uploads\/2015\/05\/DSC_0810-480x321.jpg 480w, http:\/\/loule2015.com\/wp-content\/uploads\/2015\/05\/DSC_0810.jpg 800w\" sizes=\"auto, (max-width: 480px) 100vw, 480px\" \/><\/a>\n\t\t\t<\/dt><\/dl><dl class='gallery-item'>\n\t\t\t<dt class='gallery-icon landscape'>\n\t\t\t\t<a href='http:\/\/loule2015.com\/?attachment_id=2078#main'><img loading=\"lazy\" decoding=\"async\" width=\"480\" height=\"321\" src=\"http:\/\/loule2015.com\/wp-content\/uploads\/2015\/05\/DSC_0839-480x321.jpg\" class=\"attachment-thumbnail size-thumbnail\" alt=\"\" srcset=\"http:\/\/loule2015.com\/wp-content\/uploads\/2015\/05\/DSC_0839-480x321.jpg 480w, http:\/\/loule2015.com\/wp-content\/uploads\/2015\/05\/DSC_0839.jpg 800w\" sizes=\"auto, (max-width: 480px) 100vw, 480px\" \/><\/a>\n\t\t\t<\/dt><\/dl><br style=\"clear: both\" \/>\n\t\t<\/div>\n\n<p><a href=\"http:\/\/j.mp\/BTTORI\" target=\"_blank\"><img loading=\"lazy\" decoding=\"async\" class=\"aligncenter wp-image-1307 size-full\" src=\"http:\/\/loule2015.com\/wp-content\/uploads\/2014\/12\/ver_todas.jpg\" alt=\"ver_todas\" width=\"801\" height=\"201\" srcset=\"http:\/\/loule2015.com\/wp-content\/uploads\/2014\/12\/ver_todas.jpg 801w, http:\/\/loule2015.com\/wp-content\/uploads\/2014\/12\/ver_todas-480x120.jpg 480w, http:\/\/loule2015.com\/wp-content\/uploads\/2014\/12\/ver_todas-800x200.jpg 800w\" sizes=\"auto, (max-width: 801px) 100vw, 801px\" \/><\/a><\/p>\n","protected":false},"excerpt":{"rendered":"<p>_ Inserido no calend\u00e1rio de Loul\u00e9 Cidade Europeia do Desporto, o Club BTT Terra de Loul\u00e9 em parceria com a Federa\u00e7\u00e3o Portuguesa de Orienta\u00e7\u00e3o, a C\u00e2mara Municipal de Loul\u00e9 organizam nos pr\u00f3ximos dias 16 e 17 de Maio de 2015 o III Ori-BTT de Loul\u00e9 e simultaneamente os Campeonatos Nacionais de Orienta\u00e7\u00e3o em BTT em [&hellip;]<\/p>\n","protected":false},"author":1,"featured_media":0,"parent":0,"menu_order":0,"comment_status":"open","ping_status":"open","template":"","meta":{"footnotes":""},"class_list":["post-2053","page","type-page","status-publish","hentry"],"yoast_head":"<!-- This site is optimized with the Yoast SEO plugin v27.5 - https:\/\/yoast.com\/product\/yoast-seo-wordpress\/ -->\n<title>Cidade Europeia do Desporto Loul\u00e9<\/title>\n<meta name=\"description\" content=\"Desporto, Cidade Europeia, Eventos Desportivos, Algarve, Portugal, Europa, Loul\u00e9, Conhecimento, Bem Estar, Sa\u00fade, Atividade F\u00edsica, Voluntario,\" \/>\n<meta name=\"robots\" content=\"index, follow, max-snippet:-1, max-image-preview:large, max-video-preview:-1\" \/>\n<link rel=\"canonical\" href=\"http:\/\/loule2015.com\/?page_id=2053\" \/>\n<meta property=\"og:locale\" content=\"en_US\" \/>\n<meta property=\"og:type\" content=\"article\" \/>\n<meta property=\"og:title\" content=\"Cidade Europeia do Desporto Loul\u00e9\" \/>\n<meta property=\"og:description\" content=\"Desporto, Cidade Europeia, Eventos Desportivos, Algarve, Portugal, Europa, Loul\u00e9, Conhecimento, Bem Estar, Sa\u00fade, Atividade F\u00edsica, Voluntario,\" \/>\n<meta property=\"og:url\" content=\"http:\/\/loule2015.com\/?page_id=2053\" \/>\n<meta property=\"og:site_name\" content=\"Loul\u00e9 2015\" \/>\n<meta property=\"article:publisher\" content=\"https:\/\/www.facebook.com\/louleced2015?ref=hl\" \/>\n<meta property=\"article:modified_time\" content=\"2016-01-11T14:40:50+00:00\" \/>\n<meta property=\"og:image\" content=\"http:\/\/loule2015.com\/wp-content\/uploads\/2015\/05\/DSC_0763-480x321.jpg\" \/>\n<meta name=\"twitter:card\" content=\"summary_large_image\" \/>\n<meta name=\"twitter:label1\" content=\"Est. reading time\" \/>\n\t<meta name=\"twitter:data1\" content=\"1 minute\" \/>\n<script type=\"application\/ld+json\" class=\"yoast-schema-graph\">{\"@context\":\"https:\\\/\\\/schema.org\",\"@graph\":[{\"@type\":\"WebPage\",\"@id\":\"http:\\\/\\\/loule2015.com\\\/?page_id=2053\",\"url\":\"http:\\\/\\\/loule2015.com\\\/?page_id=2053\",\"name\":\"Cidade Europeia do Desporto Loul\u00e9\",\"isPartOf\":{\"@id\":\"https:\\\/\\\/loule2015.com\\\/#website\"},\"primaryImageOfPage\":{\"@id\":\"http:\\\/\\\/loule2015.com\\\/?page_id=2053#primaryimage\"},\"image\":{\"@id\":\"http:\\\/\\\/loule2015.com\\\/?page_id=2053#primaryimage\"},\"thumbnailUrl\":\"http:\\\/\\\/loule2015.com\\\/wp-content\\\/uploads\\\/2014\\\/12\\\/ver_todas.jpg\",\"datePublished\":\"2015-05-15T10:55:07+00:00\",\"dateModified\":\"2016-01-11T14:40:50+00:00\",\"description\":\"Desporto, Cidade Europeia, Eventos Desportivos, Algarve, Portugal, Europa, Loul\u00e9, Conhecimento, Bem Estar, Sa\u00fade, Atividade F\u00edsica, Voluntario,\",\"breadcrumb\":{\"@id\":\"http:\\\/\\\/loule2015.com\\\/?page_id=2053#breadcrumb\"},\"inLanguage\":\"en-US\",\"potentialAction\":[{\"@type\":\"ReadAction\",\"target\":[\"http:\\\/\\\/loule2015.com\\\/?page_id=2053\"]}]},{\"@type\":\"ImageObject\",\"inLanguage\":\"en-US\",\"@id\":\"http:\\\/\\\/loule2015.com\\\/?page_id=2053#primaryimage\",\"url\":\"http:\\\/\\\/loule2015.com\\\/wp-content\\\/uploads\\\/2014\\\/12\\\/ver_todas.jpg\",\"contentUrl\":\"http:\\\/\\\/loule2015.com\\\/wp-content\\\/uploads\\\/2014\\\/12\\\/ver_todas.jpg\",\"width\":801,\"height\":201},{\"@type\":\"BreadcrumbList\",\"@id\":\"http:\\\/\\\/loule2015.com\\\/?page_id=2053#breadcrumb\",\"itemListElement\":[{\"@type\":\"ListItem\",\"position\":1,\"name\":\"Home\",\"item\":\"https:\\\/\\\/loule2015.com\\\/\"},{\"@type\":\"ListItem\",\"position\":2,\"name\":\"III Ori-BTT de Loul\u00e9\"}]},{\"@type\":\"WebSite\",\"@id\":\"https:\\\/\\\/loule2015.com\\\/#website\",\"url\":\"https:\\\/\\\/loule2015.com\\\/\",\"name\":\"Loul\u00e9 2015\",\"description\":\"Cidade Europeia do Desporto\",\"potentialAction\":[{\"@type\":\"SearchAction\",\"target\":{\"@type\":\"EntryPoint\",\"urlTemplate\":\"https:\\\/\\\/loule2015.com\\\/?s={search_term_string}\"},\"query-input\":{\"@type\":\"PropertyValueSpecification\",\"valueRequired\":true,\"valueName\":\"search_term_string\"}}],\"inLanguage\":\"en-US\"}]}<\/script>\n<!-- \/ Yoast SEO plugin. -->","yoast_head_json":{"title":"Cidade Europeia do Desporto Loul\u00e9","description":"Desporto, Cidade Europeia, Eventos Desportivos, Algarve, Portugal, Europa, Loul\u00e9, Conhecimento, Bem Estar, Sa\u00fade, Atividade F\u00edsica, Voluntario,","robots":{"index":"index","follow":"follow","max-snippet":"max-snippet:-1","max-image-preview":"max-image-preview:large","max-video-preview":"max-video-preview:-1"},"canonical":"http:\/\/loule2015.com\/?page_id=2053","og_locale":"en_US","og_type":"article","og_title":"Cidade Europeia do Desporto Loul\u00e9","og_description":"Desporto, Cidade Europeia, Eventos Desportivos, Algarve, Portugal, Europa, Loul\u00e9, Conhecimento, Bem Estar, Sa\u00fade, Atividade F\u00edsica, Voluntario,","og_url":"http:\/\/loule2015.com\/?page_id=2053","og_site_name":"Loul\u00e9 2015","article_publisher":"https:\/\/www.facebook.com\/louleced2015?ref=hl","article_modified_time":"2016-01-11T14:40:50+00:00","og_image":[{"url":"http:\/\/loule2015.com\/wp-content\/uploads\/2015\/05\/DSC_0763-480x321.jpg","type":"","width":"","height":""}],"twitter_card":"summary_large_image","twitter_misc":{"Est. reading time":"1 minute"},"schema":{"@context":"https:\/\/schema.org","@graph":[{"@type":"WebPage","@id":"http:\/\/loule2015.com\/?page_id=2053","url":"http:\/\/loule2015.com\/?page_id=2053","name":"Cidade Europeia do Desporto Loul\u00e9","isPartOf":{"@id":"https:\/\/loule2015.com\/#website"},"primaryImageOfPage":{"@id":"http:\/\/loule2015.com\/?page_id=2053#primaryimage"},"image":{"@id":"http:\/\/loule2015.com\/?page_id=2053#primaryimage"},"thumbnailUrl":"http:\/\/loule2015.com\/wp-content\/uploads\/2014\/12\/ver_todas.jpg","datePublished":"2015-05-15T10:55:07+00:00","dateModified":"2016-01-11T14:40:50+00:00","description":"Desporto, Cidade Europeia, Eventos Desportivos, Algarve, Portugal, Europa, Loul\u00e9, Conhecimento, Bem Estar, Sa\u00fade, Atividade F\u00edsica, Voluntario,","breadcrumb":{"@id":"http:\/\/loule2015.com\/?page_id=2053#breadcrumb"},"inLanguage":"en-US","potentialAction":[{"@type":"ReadAction","target":["http:\/\/loule2015.com\/?page_id=2053"]}]},{"@type":"ImageObject","inLanguage":"en-US","@id":"http:\/\/loule2015.com\/?page_id=2053#primaryimage","url":"http:\/\/loule2015.com\/wp-content\/uploads\/2014\/12\/ver_todas.jpg","contentUrl":"http:\/\/loule2015.com\/wp-content\/uploads\/2014\/12\/ver_todas.jpg","width":801,"height":201},{"@type":"BreadcrumbList","@id":"http:\/\/loule2015.com\/?page_id=2053#breadcrumb","itemListElement":[{"@type":"ListItem","position":1,"name":"Home","item":"https:\/\/loule2015.com\/"},{"@type":"ListItem","position":2,"name":"III Ori-BTT de Loul\u00e9"}]},{"@type":"WebSite","@id":"https:\/\/loule2015.com\/#website","url":"https:\/\/loule2015.com\/","name":"Loul\u00e9 2015","description":"Cidade Europeia do Desporto","potentialAction":[{"@type":"SearchAction","target":{"@type":"EntryPoint","urlTemplate":"https:\/\/loule2015.com\/?s={search_term_string}"},"query-input":{"@type":"PropertyValueSpecification","valueRequired":true,"valueName":"search_term_string"}}],"inLanguage":"en-US"}]}},"_links":{"self":[{"href":"http:\/\/loule2015.com\/index.php?rest_route=\/wp\/v2\/pages\/2053","targetHints":{"allow":["GET"]}}],"collection":[{"href":"http:\/\/loule2015.com\/index.php?rest_route=\/wp\/v2\/pages"}],"about":[{"href":"http:\/\/loule2015.com\/index.php?rest_route=\/wp\/v2\/types\/page"}],"author":[{"embeddable":true,"href":"http:\/\/loule2015.com\/index.php?rest_route=\/wp\/v2\/users\/1"}],"replies":[{"embeddable":true,"href":"http:\/\/loule2015.com\/index.php?rest_route=%2Fwp%2Fv2%2Fcomments&post=2053"}],"version-history":[{"count":6,"href":"http:\/\/loule2015.com\/index.php?rest_route=\/wp\/v2\/pages\/2053\/revisions"}],"predecessor-version":[{"id":3229,"href":"http:\/\/loule2015.com\/index.php?rest_route=\/wp\/v2\/pages\/2053\/revisions\/3229"}],"wp:attachment":[{"href":"http:\/\/loule2015.com\/index.php?rest_route=%2Fwp%2Fv2%2Fmedia&parent=2053"}],"curies":[{"name":"wp","href":"https:\/\/api.w.org\/{rel}","templated":true}]}}