{"id":1912,"date":"2015-05-07T13:08:37","date_gmt":"2015-05-07T13:08:37","guid":{"rendered":"http:\/\/loule2015.com\/?page_id=1912"},"modified":"2016-01-11T15:13:01","modified_gmt":"2016-01-11T15:13:01","slug":"desportos-radicais-na-escola","status":"publish","type":"page","link":"http:\/\/loule2015.com\/?page_id=1912","title":{"rendered":"Desportos Radicais na Escola"},"content":{"rendered":"<p style=\"text-align: justify;\"><img loading=\"lazy\" decoding=\"async\" class=\"aligncenter size-full wp-image-1918\" src=\"http:\/\/loule2015.com\/wp-content\/uploads\/2015\/05\/cartaz_desportos_radicais_na_escola_web.png\" alt=\"cartaz_desportos_radicais_na_escola_web\" width=\"1000\" height=\"1423\" srcset=\"http:\/\/loule2015.com\/wp-content\/uploads\/2015\/05\/cartaz_desportos_radicais_na_escola_web.png 1000w, http:\/\/loule2015.com\/wp-content\/uploads\/2015\/05\/cartaz_desportos_radicais_na_escola_web-449x640.png 449w, http:\/\/loule2015.com\/wp-content\/uploads\/2015\/05\/cartaz_desportos_radicais_na_escola_web-800x1138.png 800w\" sizes=\"auto, (max-width: 1000px) 100vw, 1000px\" \/><\/p>\n<h4 style=\"text-align: left;\"><div class=\"fcbkbttn_buttons_block\" id=\"fcbkbttn_left\"><div class=\"fcbkbttn_like fcbkbttn_large_button\"><fb:like href=\"http:\/\/loule2015.com\/?page_id=1912\" action=\"like\" colorscheme=\"light\" layout=\"button_count\"  size=\"large\"><\/fb:like><\/div><\/div><\/h4>\n<p><span style=\"color: #ffffff;\">_<\/span><\/p>\n<p style=\"text-align: justify;\">Descri\u00e7\u00e3o:<\/p>\n<p style=\"text-align: justify;\">O interesse pelos desportos radicais tem vindo a aumentar no concelho de Loul\u00e9. A consci\u00eancia de regras de pr\u00e1tica e seguran\u00e7a tornam-se imprescind\u00edveis serem assimiladas. Tendo em conta esta necessidade, \u201cLoul\u00e9 Cidade Europeia do Desporto\u20192015\u201d ir\u00e1 desenvolver ac\u00e7\u00f5es de sensibiliza\u00e7\u00e3o de v\u00e1rias modalidades radicais nas escolas do concelho.<\/p>\n<p>\u00a0<strong>Modalidade: Skate<\/strong><\/p>\n<p>Inserido na calendariza\u00e7\u00e3o de <strong>\u201cLoul\u00e9 Cidade Europeia do Desporto 2015\u201d<\/strong>, a Radical Skate Clube com o apoio da C\u00e2mara Municipal de Loul\u00e9 promovem o Projecto \u201cEscolas 2015\u201d.<\/p>\n<p>Este projecto ser\u00e1 um road show, pelas escolas do concelho, na semana que antecede o Skate Challenge 2015, onde a 1\u00aa Etapa ser\u00e1 em Loul\u00e9, nos dia 09 e 10 de Maio, no Skate Parque de Loul\u00e9.<\/p>\n<p>O objectivo \u00e9 levar o Skate \u00e0s escolas e divulgar a modalidade numa vertente de forma\u00e7\u00e3o, complementadas com demonstra\u00e7\u00f5es e interac\u00e7\u00e3o entre atletas profissionais e a comunidade escolar.<\/p>\n<p>&nbsp;<\/p>\n<p><strong>Calendariza\u00e7\u00e3o:<\/strong><\/p>\n<p><strong>5 de Maio<\/strong><\/p>\n<ul>\n<li><strong>Parte da Manh\u00e3:<\/strong> Escola B. 2,3 Dr. Ant\u00f3nio Sousa Agostinho &#8211; Almancil<\/li>\n<li><strong>Parte da Tarde:<\/strong> Escola B\u00e1sica 2,3 Padre Jo\u00e3o Coelho Cabanita &#8211; Loul\u00e9<\/li>\n<\/ul>\n<p>&nbsp;<\/p>\n<p><strong>6 de Maio<\/strong><\/p>\n<ul>\n<li><strong>Parte da Manh\u00e3:<\/strong> Escola B. 2,3 Dr. Ant\u00f3nio Sousa Agostinho &#8211; Almancil<\/li>\n<\/ul>\n<p>&nbsp;<\/p>\n<p><strong>7 de Maio<\/strong><\/p>\n<ul>\n<li><strong>Parte da Manh\u00e3:<\/strong> Escola E.B. 2,3 Eng.\u00ba Duarte Pacheco &#8211; Loul\u00e9<\/li>\n<li><strong>Parte da Tarde:<\/strong> Escola EB n\u00ba2 de Quarteira &#8211; Quarteira<\/li>\n<\/ul>\n<p>&nbsp;<\/p>\n<p><strong>8 de Maio<\/strong><\/p>\n<ul>\n<li><strong>Parte da Manh\u00e3:<\/strong> Escola B\u00e1sica Integrada Prof. Dr. An\u00edbal Cavaco Silva &#8211; Boliqueime<\/li>\n<\/ul>\n<p>&nbsp;<\/p>\n<p>&nbsp;<\/p>\n<p style=\"text-align: center;\"><strong>FOTOGALERIA<\/strong><\/p>\n<p style=\"text-align: center;\">no fim da ac\u00e7\u00e3o pode ter acesso a todas as fotas no bot\u00e3o em baixo<\/p>\n<p style=\"text-align: center;\"><img loading=\"lazy\" decoding=\"async\" class=\"aligncenter size-full wp-image-1307\" src=\"http:\/\/loule2015.com\/wp-content\/uploads\/2014\/12\/ver_todas.jpg\" alt=\"ver_todas\" width=\"801\" height=\"201\" srcset=\"http:\/\/loule2015.com\/wp-content\/uploads\/2014\/12\/ver_todas.jpg 801w, http:\/\/loule2015.com\/wp-content\/uploads\/2014\/12\/ver_todas-480x120.jpg 480w, http:\/\/loule2015.com\/wp-content\/uploads\/2014\/12\/ver_todas-800x200.jpg 800w\" sizes=\"auto, (max-width: 801px) 100vw, 801px\" \/><\/p>\n","protected":false},"excerpt":{"rendered":"<p>_ Descri\u00e7\u00e3o: O interesse pelos desportos radicais tem vindo a aumentar no concelho de Loul\u00e9. A consci\u00eancia de regras de pr\u00e1tica e seguran\u00e7a tornam-se imprescind\u00edveis serem assimiladas. Tendo em conta esta necessidade, \u201cLoul\u00e9 Cidade Europeia do Desporto\u20192015\u201d ir\u00e1 desenvolver ac\u00e7\u00f5es de sensibiliza\u00e7\u00e3o de v\u00e1rias modalidades radicais nas escolas do concelho. \u00a0Modalidade: Skate Inserido na calendariza\u00e7\u00e3o [&hellip;]<\/p>\n","protected":false},"author":1,"featured_media":0,"parent":0,"menu_order":0,"comment_status":"open","ping_status":"open","template":"","meta":{"footnotes":""},"class_list":["post-1912","page","type-page","status-publish","hentry"],"yoast_head":"<!-- This site is optimized with the Yoast SEO plugin v26.2 - https:\/\/yoast.com\/wordpress\/plugins\/seo\/ -->\n<title>Cidade Europeia do Desporto Loul\u00e9<\/title>\n<meta name=\"description\" content=\"Desporto, Cidade Europeia, Eventos Desportivos, Algarve, Portugal, Europa, Loul\u00e9, Conhecimento, Bem Estar, Sa\u00fade, Atividade F\u00edsica, Voluntario,\" \/>\n<meta name=\"robots\" content=\"index, follow, max-snippet:-1, max-image-preview:large, max-video-preview:-1\" \/>\n<link rel=\"canonical\" href=\"http:\/\/loule2015.com\/?page_id=1912\" \/>\n<meta property=\"og:locale\" content=\"en_US\" \/>\n<meta property=\"og:type\" content=\"article\" \/>\n<meta property=\"og:title\" content=\"Cidade Europeia do Desporto Loul\u00e9\" \/>\n<meta property=\"og:description\" content=\"Desporto, Cidade Europeia, Eventos Desportivos, Algarve, Portugal, Europa, Loul\u00e9, Conhecimento, Bem Estar, Sa\u00fade, Atividade F\u00edsica, Voluntario,\" \/>\n<meta property=\"og:url\" content=\"http:\/\/loule2015.com\/?page_id=1912\" \/>\n<meta property=\"og:site_name\" content=\"Loul\u00e9 2015\" \/>\n<meta property=\"article:publisher\" content=\"https:\/\/www.facebook.com\/louleced2015?ref=hl\" \/>\n<meta property=\"article:modified_time\" content=\"2016-01-11T15:13:01+00:00\" \/>\n<meta property=\"og:image\" content=\"http:\/\/loule2015.com\/wp-content\/uploads\/2015\/05\/cartaz_desportos_radicais_na_escola_web.png\" \/>\n<meta name=\"twitter:card\" content=\"summary_large_image\" \/>\n<meta name=\"twitter:label1\" content=\"Est. reading time\" \/>\n\t<meta name=\"twitter:data1\" content=\"1 minute\" \/>\n<script type=\"application\/ld+json\" class=\"yoast-schema-graph\">{\"@context\":\"https:\/\/schema.org\",\"@graph\":[{\"@type\":\"WebPage\",\"@id\":\"http:\/\/loule2015.com\/?page_id=1912\",\"url\":\"http:\/\/loule2015.com\/?page_id=1912\",\"name\":\"Cidade Europeia do Desporto Loul\u00e9\",\"isPartOf\":{\"@id\":\"http:\/\/loule2015.com\/#website\"},\"primaryImageOfPage\":{\"@id\":\"http:\/\/loule2015.com\/?page_id=1912#primaryimage\"},\"image\":{\"@id\":\"http:\/\/loule2015.com\/?page_id=1912#primaryimage\"},\"thumbnailUrl\":\"http:\/\/loule2015.com\/wp-content\/uploads\/2015\/05\/cartaz_desportos_radicais_na_escola_web.png\",\"datePublished\":\"2015-05-07T13:08:37+00:00\",\"dateModified\":\"2016-01-11T15:13:01+00:00\",\"description\":\"Desporto, Cidade Europeia, Eventos Desportivos, Algarve, Portugal, Europa, Loul\u00e9, Conhecimento, Bem Estar, Sa\u00fade, Atividade F\u00edsica, Voluntario,\",\"breadcrumb\":{\"@id\":\"http:\/\/loule2015.com\/?page_id=1912#breadcrumb\"},\"inLanguage\":\"en-US\",\"potentialAction\":[{\"@type\":\"ReadAction\",\"target\":[\"http:\/\/loule2015.com\/?page_id=1912\"]}]},{\"@type\":\"ImageObject\",\"inLanguage\":\"en-US\",\"@id\":\"http:\/\/loule2015.com\/?page_id=1912#primaryimage\",\"url\":\"http:\/\/loule2015.com\/wp-content\/uploads\/2015\/05\/cartaz_desportos_radicais_na_escola_web.png\",\"contentUrl\":\"http:\/\/loule2015.com\/wp-content\/uploads\/2015\/05\/cartaz_desportos_radicais_na_escola_web.png\",\"width\":1000,\"height\":1423},{\"@type\":\"BreadcrumbList\",\"@id\":\"http:\/\/loule2015.com\/?page_id=1912#breadcrumb\",\"itemListElement\":[{\"@type\":\"ListItem\",\"position\":1,\"name\":\"Home\",\"item\":\"http:\/\/loule2015.com\/\"},{\"@type\":\"ListItem\",\"position\":2,\"name\":\"Desportos Radicais na Escola\"}]},{\"@type\":\"WebSite\",\"@id\":\"http:\/\/loule2015.com\/#website\",\"url\":\"http:\/\/loule2015.com\/\",\"name\":\"Loul\u00e9 2015\",\"description\":\"Cidade Europeia do Desporto\",\"potentialAction\":[{\"@type\":\"SearchAction\",\"target\":{\"@type\":\"EntryPoint\",\"urlTemplate\":\"http:\/\/loule2015.com\/?s={search_term_string}\"},\"query-input\":{\"@type\":\"PropertyValueSpecification\",\"valueRequired\":true,\"valueName\":\"search_term_string\"}}],\"inLanguage\":\"en-US\"}]}<\/script>\n<!-- \/ Yoast SEO plugin. -->","yoast_head_json":{"title":"Cidade Europeia do Desporto Loul\u00e9","description":"Desporto, Cidade Europeia, Eventos Desportivos, Algarve, Portugal, Europa, Loul\u00e9, Conhecimento, Bem Estar, Sa\u00fade, Atividade F\u00edsica, Voluntario,","robots":{"index":"index","follow":"follow","max-snippet":"max-snippet:-1","max-image-preview":"max-image-preview:large","max-video-preview":"max-video-preview:-1"},"canonical":"http:\/\/loule2015.com\/?page_id=1912","og_locale":"en_US","og_type":"article","og_title":"Cidade Europeia do Desporto Loul\u00e9","og_description":"Desporto, Cidade Europeia, Eventos Desportivos, Algarve, Portugal, Europa, Loul\u00e9, Conhecimento, Bem Estar, Sa\u00fade, Atividade F\u00edsica, Voluntario,","og_url":"http:\/\/loule2015.com\/?page_id=1912","og_site_name":"Loul\u00e9 2015","article_publisher":"https:\/\/www.facebook.com\/louleced2015?ref=hl","article_modified_time":"2016-01-11T15:13:01+00:00","og_image":[{"url":"http:\/\/loule2015.com\/wp-content\/uploads\/2015\/05\/cartaz_desportos_radicais_na_escola_web.png","type":"","width":"","height":""}],"twitter_card":"summary_large_image","twitter_misc":{"Est. reading time":"1 minute"},"schema":{"@context":"https:\/\/schema.org","@graph":[{"@type":"WebPage","@id":"http:\/\/loule2015.com\/?page_id=1912","url":"http:\/\/loule2015.com\/?page_id=1912","name":"Cidade Europeia do Desporto Loul\u00e9","isPartOf":{"@id":"http:\/\/loule2015.com\/#website"},"primaryImageOfPage":{"@id":"http:\/\/loule2015.com\/?page_id=1912#primaryimage"},"image":{"@id":"http:\/\/loule2015.com\/?page_id=1912#primaryimage"},"thumbnailUrl":"http:\/\/loule2015.com\/wp-content\/uploads\/2015\/05\/cartaz_desportos_radicais_na_escola_web.png","datePublished":"2015-05-07T13:08:37+00:00","dateModified":"2016-01-11T15:13:01+00:00","description":"Desporto, Cidade Europeia, Eventos Desportivos, Algarve, Portugal, Europa, Loul\u00e9, Conhecimento, Bem Estar, Sa\u00fade, Atividade F\u00edsica, Voluntario,","breadcrumb":{"@id":"http:\/\/loule2015.com\/?page_id=1912#breadcrumb"},"inLanguage":"en-US","potentialAction":[{"@type":"ReadAction","target":["http:\/\/loule2015.com\/?page_id=1912"]}]},{"@type":"ImageObject","inLanguage":"en-US","@id":"http:\/\/loule2015.com\/?page_id=1912#primaryimage","url":"http:\/\/loule2015.com\/wp-content\/uploads\/2015\/05\/cartaz_desportos_radicais_na_escola_web.png","contentUrl":"http:\/\/loule2015.com\/wp-content\/uploads\/2015\/05\/cartaz_desportos_radicais_na_escola_web.png","width":1000,"height":1423},{"@type":"BreadcrumbList","@id":"http:\/\/loule2015.com\/?page_id=1912#breadcrumb","itemListElement":[{"@type":"ListItem","position":1,"name":"Home","item":"http:\/\/loule2015.com\/"},{"@type":"ListItem","position":2,"name":"Desportos Radicais na Escola"}]},{"@type":"WebSite","@id":"http:\/\/loule2015.com\/#website","url":"http:\/\/loule2015.com\/","name":"Loul\u00e9 2015","description":"Cidade Europeia do Desporto","potentialAction":[{"@type":"SearchAction","target":{"@type":"EntryPoint","urlTemplate":"http:\/\/loule2015.com\/?s={search_term_string}"},"query-input":{"@type":"PropertyValueSpecification","valueRequired":true,"valueName":"search_term_string"}}],"inLanguage":"en-US"}]}},"_links":{"self":[{"href":"http:\/\/loule2015.com\/index.php?rest_route=\/wp\/v2\/pages\/1912","targetHints":{"allow":["GET"]}}],"collection":[{"href":"http:\/\/loule2015.com\/index.php?rest_route=\/wp\/v2\/pages"}],"about":[{"href":"http:\/\/loule2015.com\/index.php?rest_route=\/wp\/v2\/types\/page"}],"author":[{"embeddable":true,"href":"http:\/\/loule2015.com\/index.php?rest_route=\/wp\/v2\/users\/1"}],"replies":[{"embeddable":true,"href":"http:\/\/loule2015.com\/index.php?rest_route=%2Fwp%2Fv2%2Fcomments&post=1912"}],"version-history":[{"count":9,"href":"http:\/\/loule2015.com\/index.php?rest_route=\/wp\/v2\/pages\/1912\/revisions"}],"predecessor-version":[{"id":3250,"href":"http:\/\/loule2015.com\/index.php?rest_route=\/wp\/v2\/pages\/1912\/revisions\/3250"}],"wp:attachment":[{"href":"http:\/\/loule2015.com\/index.php?rest_route=%2Fwp%2Fv2%2Fmedia&parent=1912"}],"curies":[{"name":"wp","href":"https:\/\/api.w.org\/{rel}","templated":true}]}}