{"id":1866,"date":"2015-04-30T14:47:13","date_gmt":"2015-04-30T14:47:13","guid":{"rendered":"http:\/\/loule2015.com\/?page_id=1866"},"modified":"2016-01-11T14:59:36","modified_gmt":"2016-01-11T14:59:36","slug":"1o-loule-tenis-classic","status":"publish","type":"page","link":"http:\/\/loule2015.com\/?page_id=1866","title":{"rendered":"1\u00ba LOUL\u00c9 t\u00e9nis classic"},"content":{"rendered":"<div class=\"gtranslate_wrapper\" id=\"gt-wrapper-51803498\"><\/div>\n<h4 style=\"text-align: left;\"><div class=\"fcbkbttn_buttons_block\" id=\"fcbkbttn_left\"><div class=\"fcbkbttn_like fcbkbttn_large_button\"><fb:like href=\"http:\/\/loule2015.com\/?page_id=1866\" action=\"like\" colorscheme=\"light\" layout=\"button_count\"  size=\"large\"><\/fb:like><\/div><\/div><\/h4>\n<p><span style=\"color: #ffffff;\">_<\/span><\/p>\n<p>Inserido no programa de LOUL\u00c9 Cidade Europeia do Desporto 2015, o \u201cLOUL\u00c9 t\u00e9nis classic\u201d a realizar no dia 23 de Maio, a partir das 9h30 nos campos municipais de Loul\u00e9 pretende reunir, envolver e debater a modalidade com alguns dos primeiros intervenientes deste desporto na Cidade de Loul\u00e9.<\/p>\n<p>Ser\u00e3o realizados encontros de t\u00e9nis entre os convidados como meio de envolver antigos colegas e amigos revivendo outros tempos.<\/p>\n<p>O relato de decis\u00f5es relevantes na hist\u00f3ria do in\u00edcio do t\u00e9nis na Cidade, assim como a experi\u00eancia de antigos t\u00e9cnicos e atletas pretendem ser mote para preparar o futuro da modalidade, aquando da realiza\u00e7\u00e3o de uma tert\u00falia agendada para o fim do dia, pelas 21h00 na sede do Clube, com a presen\u00e7a de s\u00f3cios fundadores, presidentes, t\u00e9cnicos, atletas e amigos do Clube T\u00e9nis de Loul\u00e9.<\/p>\n<p style=\"text-align: center;\"><span style=\"color: #ffffff;\">_<\/span><\/p>\n<p style=\"text-align: center;\">resumo fotogr\u00e1fico<\/p>\n<p style=\"text-align: center;\">pode ver aqui \u00bb <a href=\"http:\/\/loule2015.com\/?page_id=2097\" target=\"_blank\">LINK<\/a><\/p>\n<p style=\"text-align: center;\">\n","protected":false},"excerpt":{"rendered":"<p>_ Inserido no programa de LOUL\u00c9 Cidade Europeia do Desporto 2015, o \u201cLOUL\u00c9 t\u00e9nis classic\u201d a realizar no dia 23 de Maio, a partir das 9h30 nos campos municipais de Loul\u00e9 pretende reunir, envolver e debater a modalidade com alguns dos primeiros intervenientes deste desporto na Cidade de Loul\u00e9. Ser\u00e3o realizados encontros de t\u00e9nis entre [&hellip;]<\/p>\n","protected":false},"author":1,"featured_media":0,"parent":0,"menu_order":0,"comment_status":"open","ping_status":"open","template":"","meta":{"footnotes":""},"class_list":["post-1866","page","type-page","status-publish","hentry"],"yoast_head":"<!-- This site is optimized with the Yoast SEO plugin v26.2 - https:\/\/yoast.com\/wordpress\/plugins\/seo\/ -->\n<title>Cidade Europeia do Desporto Loul\u00e9<\/title>\n<meta name=\"description\" content=\"Desporto, Cidade Europeia, Eventos Desportivos, Algarve, Portugal, Europa, Loul\u00e9, Conhecimento, Bem Estar, Sa\u00fade, Atividade F\u00edsica, Voluntario,\" \/>\n<meta name=\"robots\" content=\"index, follow, max-snippet:-1, max-image-preview:large, max-video-preview:-1\" \/>\n<link rel=\"canonical\" href=\"http:\/\/loule2015.com\/?page_id=1866\" \/>\n<meta property=\"og:locale\" content=\"en_US\" \/>\n<meta property=\"og:type\" content=\"article\" \/>\n<meta property=\"og:title\" content=\"Cidade Europeia do Desporto Loul\u00e9\" \/>\n<meta property=\"og:description\" content=\"Desporto, Cidade Europeia, Eventos Desportivos, Algarve, Portugal, Europa, Loul\u00e9, Conhecimento, Bem Estar, Sa\u00fade, Atividade F\u00edsica, Voluntario,\" \/>\n<meta property=\"og:url\" content=\"http:\/\/loule2015.com\/?page_id=1866\" \/>\n<meta property=\"og:site_name\" content=\"Loul\u00e9 2015\" \/>\n<meta property=\"article:publisher\" content=\"https:\/\/www.facebook.com\/louleced2015?ref=hl\" \/>\n<meta property=\"article:modified_time\" content=\"2016-01-11T14:59:36+00:00\" \/>\n<meta property=\"og:image\" content=\"http:\/\/loule2015.com\/wp-content\/uploads\/2015\/03\/Loul\u00e9_CED.png\" \/>\n\t<meta property=\"og:image:width\" content=\"400\" \/>\n\t<meta property=\"og:image:height\" content=\"400\" \/>\n\t<meta property=\"og:image:type\" content=\"image\/png\" \/>\n<meta name=\"twitter:card\" content=\"summary_large_image\" \/>\n<meta name=\"twitter:label1\" content=\"Est. reading time\" \/>\n\t<meta name=\"twitter:data1\" content=\"1 minute\" \/>\n<script type=\"application\/ld+json\" class=\"yoast-schema-graph\">{\"@context\":\"https:\/\/schema.org\",\"@graph\":[{\"@type\":\"WebPage\",\"@id\":\"http:\/\/loule2015.com\/?page_id=1866\",\"url\":\"http:\/\/loule2015.com\/?page_id=1866\",\"name\":\"Cidade Europeia do Desporto Loul\u00e9\",\"isPartOf\":{\"@id\":\"http:\/\/loule2015.com\/#website\"},\"datePublished\":\"2015-04-30T14:47:13+00:00\",\"dateModified\":\"2016-01-11T14:59:36+00:00\",\"description\":\"Desporto, Cidade Europeia, Eventos Desportivos, Algarve, Portugal, Europa, Loul\u00e9, Conhecimento, Bem Estar, Sa\u00fade, Atividade F\u00edsica, Voluntario,\",\"breadcrumb\":{\"@id\":\"http:\/\/loule2015.com\/?page_id=1866#breadcrumb\"},\"inLanguage\":\"en-US\",\"potentialAction\":[{\"@type\":\"ReadAction\",\"target\":[\"http:\/\/loule2015.com\/?page_id=1866\"]}]},{\"@type\":\"BreadcrumbList\",\"@id\":\"http:\/\/loule2015.com\/?page_id=1866#breadcrumb\",\"itemListElement\":[{\"@type\":\"ListItem\",\"position\":1,\"name\":\"Home\",\"item\":\"http:\/\/loule2015.com\/\"},{\"@type\":\"ListItem\",\"position\":2,\"name\":\"1\u00ba LOUL\u00c9 t\u00e9nis classic\"}]},{\"@type\":\"WebSite\",\"@id\":\"http:\/\/loule2015.com\/#website\",\"url\":\"http:\/\/loule2015.com\/\",\"name\":\"Loul\u00e9 2015\",\"description\":\"Cidade Europeia do Desporto\",\"potentialAction\":[{\"@type\":\"SearchAction\",\"target\":{\"@type\":\"EntryPoint\",\"urlTemplate\":\"http:\/\/loule2015.com\/?s={search_term_string}\"},\"query-input\":{\"@type\":\"PropertyValueSpecification\",\"valueRequired\":true,\"valueName\":\"search_term_string\"}}],\"inLanguage\":\"en-US\"}]}<\/script>\n<!-- \/ Yoast SEO plugin. -->","yoast_head_json":{"title":"Cidade Europeia do Desporto Loul\u00e9","description":"Desporto, Cidade Europeia, Eventos Desportivos, Algarve, Portugal, Europa, Loul\u00e9, Conhecimento, Bem Estar, Sa\u00fade, Atividade F\u00edsica, Voluntario,","robots":{"index":"index","follow":"follow","max-snippet":"max-snippet:-1","max-image-preview":"max-image-preview:large","max-video-preview":"max-video-preview:-1"},"canonical":"http:\/\/loule2015.com\/?page_id=1866","og_locale":"en_US","og_type":"article","og_title":"Cidade Europeia do Desporto Loul\u00e9","og_description":"Desporto, Cidade Europeia, Eventos Desportivos, Algarve, Portugal, Europa, Loul\u00e9, Conhecimento, Bem Estar, Sa\u00fade, Atividade F\u00edsica, Voluntario,","og_url":"http:\/\/loule2015.com\/?page_id=1866","og_site_name":"Loul\u00e9 2015","article_publisher":"https:\/\/www.facebook.com\/louleced2015?ref=hl","article_modified_time":"2016-01-11T14:59:36+00:00","og_image":[{"width":400,"height":400,"url":"http:\/\/loule2015.com\/wp-content\/uploads\/2015\/03\/Loul\u00e9_CED.png","type":"image\/png"}],"twitter_card":"summary_large_image","twitter_misc":{"Est. reading time":"1 minute"},"schema":{"@context":"https:\/\/schema.org","@graph":[{"@type":"WebPage","@id":"http:\/\/loule2015.com\/?page_id=1866","url":"http:\/\/loule2015.com\/?page_id=1866","name":"Cidade Europeia do Desporto Loul\u00e9","isPartOf":{"@id":"http:\/\/loule2015.com\/#website"},"datePublished":"2015-04-30T14:47:13+00:00","dateModified":"2016-01-11T14:59:36+00:00","description":"Desporto, Cidade Europeia, Eventos Desportivos, Algarve, Portugal, Europa, Loul\u00e9, Conhecimento, Bem Estar, Sa\u00fade, Atividade F\u00edsica, Voluntario,","breadcrumb":{"@id":"http:\/\/loule2015.com\/?page_id=1866#breadcrumb"},"inLanguage":"en-US","potentialAction":[{"@type":"ReadAction","target":["http:\/\/loule2015.com\/?page_id=1866"]}]},{"@type":"BreadcrumbList","@id":"http:\/\/loule2015.com\/?page_id=1866#breadcrumb","itemListElement":[{"@type":"ListItem","position":1,"name":"Home","item":"http:\/\/loule2015.com\/"},{"@type":"ListItem","position":2,"name":"1\u00ba LOUL\u00c9 t\u00e9nis classic"}]},{"@type":"WebSite","@id":"http:\/\/loule2015.com\/#website","url":"http:\/\/loule2015.com\/","name":"Loul\u00e9 2015","description":"Cidade Europeia do Desporto","potentialAction":[{"@type":"SearchAction","target":{"@type":"EntryPoint","urlTemplate":"http:\/\/loule2015.com\/?s={search_term_string}"},"query-input":{"@type":"PropertyValueSpecification","valueRequired":true,"valueName":"search_term_string"}}],"inLanguage":"en-US"}]}},"_links":{"self":[{"href":"http:\/\/loule2015.com\/index.php?rest_route=\/wp\/v2\/pages\/1866","targetHints":{"allow":["GET"]}}],"collection":[{"href":"http:\/\/loule2015.com\/index.php?rest_route=\/wp\/v2\/pages"}],"about":[{"href":"http:\/\/loule2015.com\/index.php?rest_route=\/wp\/v2\/types\/page"}],"author":[{"embeddable":true,"href":"http:\/\/loule2015.com\/index.php?rest_route=\/wp\/v2\/users\/1"}],"replies":[{"embeddable":true,"href":"http:\/\/loule2015.com\/index.php?rest_route=%2Fwp%2Fv2%2Fcomments&post=1866"}],"version-history":[{"count":16,"href":"http:\/\/loule2015.com\/index.php?rest_route=\/wp\/v2\/pages\/1866\/revisions"}],"predecessor-version":[{"id":3243,"href":"http:\/\/loule2015.com\/index.php?rest_route=\/wp\/v2\/pages\/1866\/revisions\/3243"}],"wp:attachment":[{"href":"http:\/\/loule2015.com\/index.php?rest_route=%2Fwp%2Fv2%2Fmedia&parent=1866"}],"curies":[{"name":"wp","href":"https:\/\/api.w.org\/{rel}","templated":true}]}}