{"id":1811,"date":"2015-04-27T10:02:57","date_gmt":"2015-04-27T10:02:57","guid":{"rendered":"http:\/\/loule2015.com\/?page_id=1811"},"modified":"2016-01-11T14:42:08","modified_gmt":"2016-01-11T14:42:08","slug":"1o-grande-premio-cidade-de-quarteira","status":"publish","type":"page","link":"http:\/\/loule2015.com\/?page_id=1811","title":{"rendered":"1\u00ba Grande Pr\u00e9mio Cidade de Quarteira"},"content":{"rendered":"<p style=\"text-align: justify;\"><div class=\"gtranslate_wrapper\" id=\"gt-wrapper-73757481\"><\/div><\/p>\n<h4 style=\"text-align: left;\"><div class=\"fcbkbttn_buttons_block\" id=\"fcbkbttn_left\"><div class=\"fcbkbttn_like fcbkbttn_large_button\"><fb:like href=\"http:\/\/loule2015.com\/?page_id=1811\" action=\"like\" colorscheme=\"light\" layout=\"button_count\"  size=\"large\"><\/fb:like><\/div><\/div><\/h4>\n<p><span style=\"color: #ffffff;\">_<\/span><\/p>\n<p style=\"text-align: justify;\">1.o Grande Pr\u00e9mio Cidade de Quarteira &#8211; 10km &#8211; Um evento com cor, sol, mar e calor!<\/p>\n<p style=\"text-align: justify;\">Um evento inserido na Programa\u00e7\u00e3o de Loul\u00e9 Cidade Europeia do Desporto e organiza\u00e7\u00e3o da Junta de Freguesia de Quarteira, com o apoio da C\u00e2mara Municipal de Loul\u00e9, dos Quarteira Night Runners e apoio t\u00e9cnico da Associa\u00e7\u00e3o de Atletismo do Algarve e Centro Desportivo de\u00a0Quarteira, realiza\u00acse no pr\u00f3xmo dia 17 de Maio de 2015, o 1.o Grande Pr\u00e9mio Cidade de Quarteira, uma\u00a0corrida de cariz competitivo com in\u00edcio agendado para as 11horas na Pra\u00e7a do Mar em Quarteira, numa\u00a0dist\u00e2ncia total de 10km. Este evento est\u00e1 aberto a todos os corredores a partir dos 18 anos. Nesta 1.a\u00a0edi\u00e7\u00e3o realiza\u00acse uma corrida na vertente \u201cGuerra dos sexos\u201d em que a partida entre homens e mulheres\u00a0ser\u00e1 separada com a diferen\u00e7a de 2min30seg. O padrinho oficial deste evento ser\u00e1 o grande atleta\u00a0ol\u00edmpico Carlos Lopes, a marcar presen\u00e7a num evento que espera centenas de corredores a disputar os v\u00e1rios pr\u00e9mios monet\u00e1rios. Al\u00e9m de uma corrida, um desafio para todos com um pano de fundo azul do mar. Certamente um evento a n\u00e3o perder!<\/p>\n<p style=\"text-align: justify;\">No mesmo dia pelas 10h da manh\u00e3 realiza\u00acse mais um evento de &#8220;Brincar ao Atletismo&#8221;, com o apoio t\u00e9cnico da Associa\u00e7\u00e3o de Atletismo do Algarve e Centro Desportivo de Quarteira, aberto a todas as crian\u00e7as entre os 6 e os 12 anos de idade. No dia anterior, dia 16 de Maio, pelas 17h realiza\u00acse tamb\u00e9m a caminhada de 8km &#8220;Caminhar Quarteira&#8221;, aberta a toda a popula\u00e7\u00e3o, inscreva-se\u00a0<a href=\"http:\/\/goo.gl\/forms\/uad0LnhOV9\" target=\"_blank\">aqui<\/a>.<\/p>\n<p style=\"text-align: justify;\">Para a corrida de 10km, 1.o Grande Pr\u00e9mio Cidade de Quarteira, inscreva\u00acse <a href=\"http:\/\/www.aaalgarve.org\/\" target=\"_blank\">aqui<\/a> e venha animar esta grande festa do atletismo, recheada de muitas supresas e pr\u00e9mios. Valor de inscri\u00e7\u00e3o de 7,5\u20ac com kit de atleta inclu\u00eddo (t\u00acshirt, brindes, fruta e \u00e1gua).<\/p>\n","protected":false},"excerpt":{"rendered":"<p>_ 1.o Grande Pr\u00e9mio Cidade de Quarteira &#8211; 10km &#8211; Um evento com cor, sol, mar e calor! Um evento inserido na Programa\u00e7\u00e3o de Loul\u00e9 Cidade Europeia do Desporto e organiza\u00e7\u00e3o da Junta de Freguesia de Quarteira, com o apoio da C\u00e2mara Municipal de Loul\u00e9, dos Quarteira Night Runners e apoio t\u00e9cnico da Associa\u00e7\u00e3o de [&hellip;]<\/p>\n","protected":false},"author":1,"featured_media":0,"parent":0,"menu_order":0,"comment_status":"open","ping_status":"open","template":"","meta":{"footnotes":""},"class_list":["post-1811","page","type-page","status-publish","hentry"],"yoast_head":"<!-- This site is optimized with the Yoast SEO plugin v26.2 - https:\/\/yoast.com\/wordpress\/plugins\/seo\/ -->\n<title>Cidade Europeia do Desporto Loul\u00e9<\/title>\n<meta name=\"description\" content=\"Desporto, Cidade Europeia, Eventos Desportivos, Algarve, Portugal, Europa, Loul\u00e9, Conhecimento, Bem Estar, Sa\u00fade, Atividade F\u00edsica, Voluntario,\" \/>\n<meta name=\"robots\" content=\"index, follow, max-snippet:-1, max-image-preview:large, max-video-preview:-1\" \/>\n<link rel=\"canonical\" href=\"http:\/\/loule2015.com\/?page_id=1811\" \/>\n<meta property=\"og:locale\" content=\"en_US\" \/>\n<meta property=\"og:type\" content=\"article\" \/>\n<meta property=\"og:title\" content=\"Cidade Europeia do Desporto Loul\u00e9\" \/>\n<meta property=\"og:description\" content=\"Desporto, Cidade Europeia, Eventos Desportivos, Algarve, Portugal, Europa, Loul\u00e9, Conhecimento, Bem Estar, Sa\u00fade, Atividade F\u00edsica, Voluntario,\" \/>\n<meta property=\"og:url\" content=\"http:\/\/loule2015.com\/?page_id=1811\" \/>\n<meta property=\"og:site_name\" content=\"Loul\u00e9 2015\" \/>\n<meta property=\"article:publisher\" content=\"https:\/\/www.facebook.com\/louleced2015?ref=hl\" \/>\n<meta property=\"article:modified_time\" content=\"2016-01-11T14:42:08+00:00\" \/>\n<meta property=\"og:image\" content=\"http:\/\/loule2015.com\/wp-content\/uploads\/2015\/03\/Loul\u00e9_CED.png\" \/>\n\t<meta property=\"og:image:width\" content=\"400\" \/>\n\t<meta property=\"og:image:height\" content=\"400\" \/>\n\t<meta property=\"og:image:type\" content=\"image\/png\" \/>\n<meta name=\"twitter:card\" content=\"summary_large_image\" \/>\n<meta name=\"twitter:label1\" content=\"Est. reading time\" \/>\n\t<meta name=\"twitter:data1\" content=\"2 minutes\" \/>\n<script type=\"application\/ld+json\" class=\"yoast-schema-graph\">{\"@context\":\"https:\/\/schema.org\",\"@graph\":[{\"@type\":\"WebPage\",\"@id\":\"http:\/\/loule2015.com\/?page_id=1811\",\"url\":\"http:\/\/loule2015.com\/?page_id=1811\",\"name\":\"Cidade Europeia do Desporto Loul\u00e9\",\"isPartOf\":{\"@id\":\"http:\/\/loule2015.com\/#website\"},\"datePublished\":\"2015-04-27T10:02:57+00:00\",\"dateModified\":\"2016-01-11T14:42:08+00:00\",\"description\":\"Desporto, Cidade Europeia, Eventos Desportivos, Algarve, Portugal, Europa, Loul\u00e9, Conhecimento, Bem Estar, Sa\u00fade, Atividade F\u00edsica, Voluntario,\",\"breadcrumb\":{\"@id\":\"http:\/\/loule2015.com\/?page_id=1811#breadcrumb\"},\"inLanguage\":\"en-US\",\"potentialAction\":[{\"@type\":\"ReadAction\",\"target\":[\"http:\/\/loule2015.com\/?page_id=1811\"]}]},{\"@type\":\"BreadcrumbList\",\"@id\":\"http:\/\/loule2015.com\/?page_id=1811#breadcrumb\",\"itemListElement\":[{\"@type\":\"ListItem\",\"position\":1,\"name\":\"Home\",\"item\":\"http:\/\/loule2015.com\/\"},{\"@type\":\"ListItem\",\"position\":2,\"name\":\"1\u00ba Grande Pr\u00e9mio Cidade de Quarteira\"}]},{\"@type\":\"WebSite\",\"@id\":\"http:\/\/loule2015.com\/#website\",\"url\":\"http:\/\/loule2015.com\/\",\"name\":\"Loul\u00e9 2015\",\"description\":\"Cidade Europeia do Desporto\",\"potentialAction\":[{\"@type\":\"SearchAction\",\"target\":{\"@type\":\"EntryPoint\",\"urlTemplate\":\"http:\/\/loule2015.com\/?s={search_term_string}\"},\"query-input\":{\"@type\":\"PropertyValueSpecification\",\"valueRequired\":true,\"valueName\":\"search_term_string\"}}],\"inLanguage\":\"en-US\"}]}<\/script>\n<!-- \/ Yoast SEO plugin. -->","yoast_head_json":{"title":"Cidade Europeia do Desporto Loul\u00e9","description":"Desporto, Cidade Europeia, Eventos Desportivos, Algarve, Portugal, Europa, Loul\u00e9, Conhecimento, Bem Estar, Sa\u00fade, Atividade F\u00edsica, Voluntario,","robots":{"index":"index","follow":"follow","max-snippet":"max-snippet:-1","max-image-preview":"max-image-preview:large","max-video-preview":"max-video-preview:-1"},"canonical":"http:\/\/loule2015.com\/?page_id=1811","og_locale":"en_US","og_type":"article","og_title":"Cidade Europeia do Desporto Loul\u00e9","og_description":"Desporto, Cidade Europeia, Eventos Desportivos, Algarve, Portugal, Europa, Loul\u00e9, Conhecimento, Bem Estar, Sa\u00fade, Atividade F\u00edsica, Voluntario,","og_url":"http:\/\/loule2015.com\/?page_id=1811","og_site_name":"Loul\u00e9 2015","article_publisher":"https:\/\/www.facebook.com\/louleced2015?ref=hl","article_modified_time":"2016-01-11T14:42:08+00:00","og_image":[{"width":400,"height":400,"url":"http:\/\/loule2015.com\/wp-content\/uploads\/2015\/03\/Loul\u00e9_CED.png","type":"image\/png"}],"twitter_card":"summary_large_image","twitter_misc":{"Est. reading time":"2 minutes"},"schema":{"@context":"https:\/\/schema.org","@graph":[{"@type":"WebPage","@id":"http:\/\/loule2015.com\/?page_id=1811","url":"http:\/\/loule2015.com\/?page_id=1811","name":"Cidade Europeia do Desporto Loul\u00e9","isPartOf":{"@id":"http:\/\/loule2015.com\/#website"},"datePublished":"2015-04-27T10:02:57+00:00","dateModified":"2016-01-11T14:42:08+00:00","description":"Desporto, Cidade Europeia, Eventos Desportivos, Algarve, Portugal, Europa, Loul\u00e9, Conhecimento, Bem Estar, Sa\u00fade, Atividade F\u00edsica, Voluntario,","breadcrumb":{"@id":"http:\/\/loule2015.com\/?page_id=1811#breadcrumb"},"inLanguage":"en-US","potentialAction":[{"@type":"ReadAction","target":["http:\/\/loule2015.com\/?page_id=1811"]}]},{"@type":"BreadcrumbList","@id":"http:\/\/loule2015.com\/?page_id=1811#breadcrumb","itemListElement":[{"@type":"ListItem","position":1,"name":"Home","item":"http:\/\/loule2015.com\/"},{"@type":"ListItem","position":2,"name":"1\u00ba Grande Pr\u00e9mio Cidade de Quarteira"}]},{"@type":"WebSite","@id":"http:\/\/loule2015.com\/#website","url":"http:\/\/loule2015.com\/","name":"Loul\u00e9 2015","description":"Cidade Europeia do Desporto","potentialAction":[{"@type":"SearchAction","target":{"@type":"EntryPoint","urlTemplate":"http:\/\/loule2015.com\/?s={search_term_string}"},"query-input":{"@type":"PropertyValueSpecification","valueRequired":true,"valueName":"search_term_string"}}],"inLanguage":"en-US"}]}},"_links":{"self":[{"href":"http:\/\/loule2015.com\/index.php?rest_route=\/wp\/v2\/pages\/1811","targetHints":{"allow":["GET"]}}],"collection":[{"href":"http:\/\/loule2015.com\/index.php?rest_route=\/wp\/v2\/pages"}],"about":[{"href":"http:\/\/loule2015.com\/index.php?rest_route=\/wp\/v2\/types\/page"}],"author":[{"embeddable":true,"href":"http:\/\/loule2015.com\/index.php?rest_route=\/wp\/v2\/users\/1"}],"replies":[{"embeddable":true,"href":"http:\/\/loule2015.com\/index.php?rest_route=%2Fwp%2Fv2%2Fcomments&post=1811"}],"version-history":[{"count":4,"href":"http:\/\/loule2015.com\/index.php?rest_route=\/wp\/v2\/pages\/1811\/revisions"}],"predecessor-version":[{"id":3230,"href":"http:\/\/loule2015.com\/index.php?rest_route=\/wp\/v2\/pages\/1811\/revisions\/3230"}],"wp:attachment":[{"href":"http:\/\/loule2015.com\/index.php?rest_route=%2Fwp%2Fv2%2Fmedia&parent=1811"}],"curies":[{"name":"wp","href":"https:\/\/api.w.org\/{rel}","templated":true}]}}