{"id":1668,"date":"2015-04-17T08:54:01","date_gmt":"2015-04-17T08:54:01","guid":{"rendered":"http:\/\/loule2015.com\/?page_id=1668"},"modified":"2016-01-11T15:02:11","modified_gmt":"2016-01-11T15:02:11","slug":"walking-festival-ameixial","status":"publish","type":"page","link":"http:\/\/loule2015.com\/?page_id=1668","title":{"rendered":"Walking Festival Ameixial"},"content":{"rendered":"<p style=\"text-align: justify;\"><div class=\"gtranslate_wrapper\" id=\"gt-wrapper-46257035\"><\/div><\/p>\n<h4 style=\"text-align: left;\"><div class=\"fcbkbttn_buttons_block\" id=\"fcbkbttn_left\"><div class=\"fcbkbttn_like fcbkbttn_large_button\"><fb:like href=\"http:\/\/loule2015.com\/?page_id=1668\" action=\"like\" colorscheme=\"light\" layout=\"button_count\"  size=\"large\"><\/fb:like><\/div><\/div><\/h4>\n<p><span style=\"color: #ffffff;\">_<\/span><\/p>\n<p style=\"text-align: justify;\">Nos dias 24, 25 e 26 de Abril, Ameixial recebe a 3\u00aa edi\u00e7\u00e3o do Festival de Caminhadas (Ameixial&#8217;s Walking Festival&#8221;), que se encontra inserido na programa\u00e7\u00e3o oficial de Loul\u00e9 Cidade Europeia do Desporto, promovido pelo Munic\u00edpio de Loul\u00e9 e organizado pela Proactivetur e o Projecto Estela. A iniciativa visa dar a conhecer o interior do concelho de Loul\u00e9 e o seu rico patrim\u00f3nio atrav\u00e9s da pr\u00e1tica de caminhadas, procurando dessa forma estimular o crescimento do Turismo e Desporto de Natureza nesta regi\u00e3o. Durante tr\u00eas dias realizar-se-\u00e3o numerosas caminhadas em torno de Ameixial, bem como workshops t\u00e9cnicos, palestras, percursos tem\u00e1ticos e muitos momentos de conv\u00edvio. A iniciativa re\u00fane um largo conjunto de parcerias que colaboram voluntariamente na prossecu\u00e7\u00e3o dos objectivos indicados: Direc\u00e7\u00e3o-Geral do Patrim\u00f3nio Cultural, Projecto Queren\u00e7a, Projecto TASA, Urban Sketchers Algarve, grupo &#8220;Corridas \u00e0 6\u00aa&#8221;, Associa\u00e7\u00e3o Trail Running Algarve, Grupo Desportivo Ameixalente, Associa\u00e7\u00e3o Almargem e Faro MalibuLoja. Para mais informa\u00e7\u00f5es e inscri\u00e7\u00f5es, consultar <a href=\"https:\/\/www.facebook.com\/WFAmeixial\" target=\"_blank\">aqui<\/a>.<\/p>\n","protected":false},"excerpt":{"rendered":"<p>_ Nos dias 24, 25 e 26 de Abril, Ameixial recebe a 3\u00aa edi\u00e7\u00e3o do Festival de Caminhadas (Ameixial&#8217;s Walking Festival&#8221;), que se encontra inserido na programa\u00e7\u00e3o oficial de Loul\u00e9 Cidade Europeia do Desporto, promovido pelo Munic\u00edpio de Loul\u00e9 e organizado pela Proactivetur e o Projecto Estela. A iniciativa visa dar a conhecer o interior [&hellip;]<\/p>\n","protected":false},"author":1,"featured_media":0,"parent":0,"menu_order":0,"comment_status":"open","ping_status":"open","template":"","meta":{"footnotes":""},"class_list":["post-1668","page","type-page","status-publish","hentry"],"yoast_head":"<!-- This site is optimized with the Yoast SEO plugin v26.2 - https:\/\/yoast.com\/wordpress\/plugins\/seo\/ -->\n<title>Cidade Europeia do Desporto Loul\u00e9<\/title>\n<meta name=\"description\" content=\"Desporto, Cidade Europeia, Eventos Desportivos, Algarve, Portugal, Europa, Loul\u00e9, Conhecimento, Bem Estar, Sa\u00fade, Atividade F\u00edsica, Voluntario,\" \/>\n<meta name=\"robots\" content=\"index, follow, max-snippet:-1, max-image-preview:large, max-video-preview:-1\" \/>\n<link rel=\"canonical\" href=\"http:\/\/loule2015.com\/?page_id=1668\" \/>\n<meta property=\"og:locale\" content=\"en_US\" \/>\n<meta property=\"og:type\" content=\"article\" \/>\n<meta property=\"og:title\" content=\"Cidade Europeia do Desporto Loul\u00e9\" \/>\n<meta property=\"og:description\" content=\"Desporto, Cidade Europeia, Eventos Desportivos, Algarve, Portugal, Europa, Loul\u00e9, Conhecimento, Bem Estar, Sa\u00fade, Atividade F\u00edsica, Voluntario,\" \/>\n<meta property=\"og:url\" content=\"http:\/\/loule2015.com\/?page_id=1668\" \/>\n<meta property=\"og:site_name\" content=\"Loul\u00e9 2015\" \/>\n<meta property=\"article:publisher\" content=\"https:\/\/www.facebook.com\/louleced2015?ref=hl\" \/>\n<meta property=\"article:modified_time\" content=\"2016-01-11T15:02:11+00:00\" \/>\n<meta property=\"og:image\" content=\"http:\/\/loule2015.com\/wp-content\/uploads\/2015\/03\/Loul\u00e9_CED.png\" \/>\n\t<meta property=\"og:image:width\" content=\"400\" \/>\n\t<meta property=\"og:image:height\" content=\"400\" \/>\n\t<meta property=\"og:image:type\" content=\"image\/png\" \/>\n<meta name=\"twitter:card\" content=\"summary_large_image\" \/>\n<meta name=\"twitter:label1\" content=\"Est. reading time\" \/>\n\t<meta name=\"twitter:data1\" content=\"1 minute\" \/>\n<script type=\"application\/ld+json\" class=\"yoast-schema-graph\">{\"@context\":\"https:\/\/schema.org\",\"@graph\":[{\"@type\":\"WebPage\",\"@id\":\"http:\/\/loule2015.com\/?page_id=1668\",\"url\":\"http:\/\/loule2015.com\/?page_id=1668\",\"name\":\"Cidade Europeia do Desporto Loul\u00e9\",\"isPartOf\":{\"@id\":\"http:\/\/loule2015.com\/#website\"},\"datePublished\":\"2015-04-17T08:54:01+00:00\",\"dateModified\":\"2016-01-11T15:02:11+00:00\",\"description\":\"Desporto, Cidade Europeia, Eventos Desportivos, Algarve, Portugal, Europa, Loul\u00e9, Conhecimento, Bem Estar, Sa\u00fade, Atividade F\u00edsica, Voluntario,\",\"breadcrumb\":{\"@id\":\"http:\/\/loule2015.com\/?page_id=1668#breadcrumb\"},\"inLanguage\":\"en-US\",\"potentialAction\":[{\"@type\":\"ReadAction\",\"target\":[\"http:\/\/loule2015.com\/?page_id=1668\"]}]},{\"@type\":\"BreadcrumbList\",\"@id\":\"http:\/\/loule2015.com\/?page_id=1668#breadcrumb\",\"itemListElement\":[{\"@type\":\"ListItem\",\"position\":1,\"name\":\"Home\",\"item\":\"http:\/\/loule2015.com\/\"},{\"@type\":\"ListItem\",\"position\":2,\"name\":\"Walking Festival Ameixial\"}]},{\"@type\":\"WebSite\",\"@id\":\"http:\/\/loule2015.com\/#website\",\"url\":\"http:\/\/loule2015.com\/\",\"name\":\"Loul\u00e9 2015\",\"description\":\"Cidade Europeia do Desporto\",\"potentialAction\":[{\"@type\":\"SearchAction\",\"target\":{\"@type\":\"EntryPoint\",\"urlTemplate\":\"http:\/\/loule2015.com\/?s={search_term_string}\"},\"query-input\":{\"@type\":\"PropertyValueSpecification\",\"valueRequired\":true,\"valueName\":\"search_term_string\"}}],\"inLanguage\":\"en-US\"}]}<\/script>\n<!-- \/ Yoast SEO plugin. -->","yoast_head_json":{"title":"Cidade Europeia do Desporto Loul\u00e9","description":"Desporto, Cidade Europeia, Eventos Desportivos, Algarve, Portugal, Europa, Loul\u00e9, Conhecimento, Bem Estar, Sa\u00fade, Atividade F\u00edsica, Voluntario,","robots":{"index":"index","follow":"follow","max-snippet":"max-snippet:-1","max-image-preview":"max-image-preview:large","max-video-preview":"max-video-preview:-1"},"canonical":"http:\/\/loule2015.com\/?page_id=1668","og_locale":"en_US","og_type":"article","og_title":"Cidade Europeia do Desporto Loul\u00e9","og_description":"Desporto, Cidade Europeia, Eventos Desportivos, Algarve, Portugal, Europa, Loul\u00e9, Conhecimento, Bem Estar, Sa\u00fade, Atividade F\u00edsica, Voluntario,","og_url":"http:\/\/loule2015.com\/?page_id=1668","og_site_name":"Loul\u00e9 2015","article_publisher":"https:\/\/www.facebook.com\/louleced2015?ref=hl","article_modified_time":"2016-01-11T15:02:11+00:00","og_image":[{"width":400,"height":400,"url":"http:\/\/loule2015.com\/wp-content\/uploads\/2015\/03\/Loul\u00e9_CED.png","type":"image\/png"}],"twitter_card":"summary_large_image","twitter_misc":{"Est. reading time":"1 minute"},"schema":{"@context":"https:\/\/schema.org","@graph":[{"@type":"WebPage","@id":"http:\/\/loule2015.com\/?page_id=1668","url":"http:\/\/loule2015.com\/?page_id=1668","name":"Cidade Europeia do Desporto Loul\u00e9","isPartOf":{"@id":"http:\/\/loule2015.com\/#website"},"datePublished":"2015-04-17T08:54:01+00:00","dateModified":"2016-01-11T15:02:11+00:00","description":"Desporto, Cidade Europeia, Eventos Desportivos, Algarve, Portugal, Europa, Loul\u00e9, Conhecimento, Bem Estar, Sa\u00fade, Atividade F\u00edsica, Voluntario,","breadcrumb":{"@id":"http:\/\/loule2015.com\/?page_id=1668#breadcrumb"},"inLanguage":"en-US","potentialAction":[{"@type":"ReadAction","target":["http:\/\/loule2015.com\/?page_id=1668"]}]},{"@type":"BreadcrumbList","@id":"http:\/\/loule2015.com\/?page_id=1668#breadcrumb","itemListElement":[{"@type":"ListItem","position":1,"name":"Home","item":"http:\/\/loule2015.com\/"},{"@type":"ListItem","position":2,"name":"Walking Festival Ameixial"}]},{"@type":"WebSite","@id":"http:\/\/loule2015.com\/#website","url":"http:\/\/loule2015.com\/","name":"Loul\u00e9 2015","description":"Cidade Europeia do Desporto","potentialAction":[{"@type":"SearchAction","target":{"@type":"EntryPoint","urlTemplate":"http:\/\/loule2015.com\/?s={search_term_string}"},"query-input":{"@type":"PropertyValueSpecification","valueRequired":true,"valueName":"search_term_string"}}],"inLanguage":"en-US"}]}},"_links":{"self":[{"href":"http:\/\/loule2015.com\/index.php?rest_route=\/wp\/v2\/pages\/1668","targetHints":{"allow":["GET"]}}],"collection":[{"href":"http:\/\/loule2015.com\/index.php?rest_route=\/wp\/v2\/pages"}],"about":[{"href":"http:\/\/loule2015.com\/index.php?rest_route=\/wp\/v2\/types\/page"}],"author":[{"embeddable":true,"href":"http:\/\/loule2015.com\/index.php?rest_route=\/wp\/v2\/users\/1"}],"replies":[{"embeddable":true,"href":"http:\/\/loule2015.com\/index.php?rest_route=%2Fwp%2Fv2%2Fcomments&post=1668"}],"version-history":[{"count":4,"href":"http:\/\/loule2015.com\/index.php?rest_route=\/wp\/v2\/pages\/1668\/revisions"}],"predecessor-version":[{"id":3245,"href":"http:\/\/loule2015.com\/index.php?rest_route=\/wp\/v2\/pages\/1668\/revisions\/3245"}],"wp:attachment":[{"href":"http:\/\/loule2015.com\/index.php?rest_route=%2Fwp%2Fv2%2Fmedia&parent=1668"}],"curies":[{"name":"wp","href":"https:\/\/api.w.org\/{rel}","templated":true}]}}