{"id":1552,"date":"2015-04-09T10:46:22","date_gmt":"2015-04-09T10:46:22","guid":{"rendered":"http:\/\/loule2015.com\/?page_id=1552"},"modified":"2016-01-11T14:37:34","modified_gmt":"2016-01-11T14:37:34","slug":"algarve-rugby-festival-2015","status":"publish","type":"page","link":"http:\/\/loule2015.com\/?page_id=1552","title":{"rendered":"Algarve Rugby Festival 2015"},"content":{"rendered":"<p class=\"a-c-x-Ha\" style=\"text-align: justify;\"><div class=\"gtranslate_wrapper\" id=\"gt-wrapper-28693833\"><\/div><\/p>\n<h4 style=\"text-align: left;\"><div class=\"fcbkbttn_buttons_block\" id=\"fcbkbttn_left\"><div class=\"fcbkbttn_like fcbkbttn_large_button\"><fb:like href=\"http:\/\/loule2015.com\/?page_id=1552\" action=\"like\" colorscheme=\"light\" layout=\"button_count\"  size=\"large\"><\/fb:like><\/div><\/div><\/h4>\n<p><span style=\"color: #ffffff;\">_<\/span><\/p>\n<p class=\"a-c-x-Ha\" style=\"text-align: justify;\">O Browns Sports &amp; Leisure Club &#8211; Vilamoura ir\u00e1 promover no pr\u00f3ximo m\u00eas de Abril o \u201cAlgarve Rugby Festival 2015\u201d, que contar\u00e1 com a presen\u00e7a de equipas de topo mundial, nomeadamente British Army (campe\u00e3o do mundo de equipas das for\u00e7as armadas), Worcester Warriors XV e uma equipa do Campeonato Nacional Portugu\u00eas (Divis\u00e3o de Honra). Os jogos ter\u00e3o lugar no campo oficial do Browns, localizado em caminho dos golfes \u2013 Vilamoura. Com entrada gratuita, este evento insere-se numa pol\u00edtica de promo\u00e7\u00e3o e divulga\u00e7\u00e3o da modalidade na regi\u00e3o Algarvia, proporcionando a todos os adeptos da modalidade um contacto pr\u00f3ximo com jogadores de elite.<\/p>\n<p class=\"a-c-x-Ha\" style=\"text-align: justify;\">O programa prev\u00ea a realiza\u00e7\u00e3o de jogos internacionais de alto n\u00edvel e muita anima\u00e7\u00e3o ap\u00f3s os jogos com m\u00fasica ao vivo:<\/p>\n<p class=\"a-c-x-Ha\" style=\"text-align: justify;\"><strong>S\u00e1bado, 18 Abril 2015 \u2013 16:00h <\/strong><\/p>\n<p class=\"a-c-x-Ha\" style=\"text-align: justify;\">British Army Vs. Equipa Campeonato Nacional Portugu\u00eas (a anunciar)<\/p>\n<p class=\"a-c-x-Ha\" style=\"text-align: justify;\"><strong>3\u00aa Feira, 21 Abril 2015 \u2013 16:00h<\/strong><\/p>\n<p class=\"a-c-x-Ha\" style=\"text-align: justify;\">Worcester Warriors XV Vs. British Army<\/p>\n<p class=\"a-c-x-Ha\" style=\"text-align: justify;\">\n","protected":false},"excerpt":{"rendered":"<p>_ O Browns Sports &amp; Leisure Club &#8211; Vilamoura ir\u00e1 promover no pr\u00f3ximo m\u00eas de Abril o \u201cAlgarve Rugby Festival 2015\u201d, que contar\u00e1 com a presen\u00e7a de equipas de topo mundial, nomeadamente British Army (campe\u00e3o do mundo de equipas das for\u00e7as armadas), Worcester Warriors XV e uma equipa do Campeonato Nacional Portugu\u00eas (Divis\u00e3o de Honra). [&hellip;]<\/p>\n","protected":false},"author":1,"featured_media":0,"parent":0,"menu_order":0,"comment_status":"open","ping_status":"open","template":"","meta":{"footnotes":""},"class_list":["post-1552","page","type-page","status-publish","hentry"],"yoast_head":"<!-- This site is optimized with the Yoast SEO plugin v27.5 - https:\/\/yoast.com\/product\/yoast-seo-wordpress\/ -->\n<title>Cidade Europeia do Desporto Loul\u00e9<\/title>\n<meta name=\"description\" content=\"Desporto, Cidade Europeia, Eventos Desportivos, Algarve, Portugal, Europa, Loul\u00e9, Conhecimento, Bem Estar, Sa\u00fade, Atividade F\u00edsica, Voluntario,\" \/>\n<meta name=\"robots\" content=\"index, follow, max-snippet:-1, max-image-preview:large, max-video-preview:-1\" \/>\n<link rel=\"canonical\" href=\"http:\/\/loule2015.com\/?page_id=1552\" \/>\n<meta property=\"og:locale\" content=\"en_US\" \/>\n<meta property=\"og:type\" content=\"article\" \/>\n<meta property=\"og:title\" content=\"Cidade Europeia do Desporto Loul\u00e9\" \/>\n<meta property=\"og:description\" content=\"Desporto, Cidade Europeia, Eventos Desportivos, Algarve, Portugal, Europa, Loul\u00e9, Conhecimento, Bem Estar, Sa\u00fade, Atividade F\u00edsica, Voluntario,\" \/>\n<meta property=\"og:url\" content=\"http:\/\/loule2015.com\/?page_id=1552\" \/>\n<meta property=\"og:site_name\" content=\"Loul\u00e9 2015\" \/>\n<meta property=\"article:publisher\" content=\"https:\/\/www.facebook.com\/louleced2015?ref=hl\" \/>\n<meta property=\"article:modified_time\" content=\"2016-01-11T14:37:34+00:00\" \/>\n<meta property=\"og:image\" content=\"http:\/\/loule2015.com\/wp-content\/uploads\/2015\/03\/Loul\u00e9_CED.png\" \/>\n\t<meta property=\"og:image:width\" content=\"400\" \/>\n\t<meta property=\"og:image:height\" content=\"400\" \/>\n\t<meta property=\"og:image:type\" content=\"image\/png\" \/>\n<meta name=\"twitter:card\" content=\"summary_large_image\" \/>\n<meta name=\"twitter:label1\" content=\"Est. reading time\" \/>\n\t<meta name=\"twitter:data1\" content=\"1 minute\" \/>\n<script type=\"application\/ld+json\" class=\"yoast-schema-graph\">{\"@context\":\"https:\\\/\\\/schema.org\",\"@graph\":[{\"@type\":\"WebPage\",\"@id\":\"http:\\\/\\\/loule2015.com\\\/?page_id=1552\",\"url\":\"http:\\\/\\\/loule2015.com\\\/?page_id=1552\",\"name\":\"Cidade Europeia do Desporto Loul\u00e9\",\"isPartOf\":{\"@id\":\"https:\\\/\\\/loule2015.com\\\/#website\"},\"datePublished\":\"2015-04-09T10:46:22+00:00\",\"dateModified\":\"2016-01-11T14:37:34+00:00\",\"description\":\"Desporto, Cidade Europeia, Eventos Desportivos, Algarve, Portugal, Europa, Loul\u00e9, Conhecimento, Bem Estar, Sa\u00fade, Atividade F\u00edsica, Voluntario,\",\"breadcrumb\":{\"@id\":\"http:\\\/\\\/loule2015.com\\\/?page_id=1552#breadcrumb\"},\"inLanguage\":\"en-US\",\"potentialAction\":[{\"@type\":\"ReadAction\",\"target\":[\"http:\\\/\\\/loule2015.com\\\/?page_id=1552\"]}]},{\"@type\":\"BreadcrumbList\",\"@id\":\"http:\\\/\\\/loule2015.com\\\/?page_id=1552#breadcrumb\",\"itemListElement\":[{\"@type\":\"ListItem\",\"position\":1,\"name\":\"Home\",\"item\":\"https:\\\/\\\/loule2015.com\\\/\"},{\"@type\":\"ListItem\",\"position\":2,\"name\":\"Algarve Rugby Festival 2015\"}]},{\"@type\":\"WebSite\",\"@id\":\"https:\\\/\\\/loule2015.com\\\/#website\",\"url\":\"https:\\\/\\\/loule2015.com\\\/\",\"name\":\"Loul\u00e9 2015\",\"description\":\"Cidade Europeia do Desporto\",\"potentialAction\":[{\"@type\":\"SearchAction\",\"target\":{\"@type\":\"EntryPoint\",\"urlTemplate\":\"https:\\\/\\\/loule2015.com\\\/?s={search_term_string}\"},\"query-input\":{\"@type\":\"PropertyValueSpecification\",\"valueRequired\":true,\"valueName\":\"search_term_string\"}}],\"inLanguage\":\"en-US\"}]}<\/script>\n<!-- \/ Yoast SEO plugin. -->","yoast_head_json":{"title":"Cidade Europeia do Desporto Loul\u00e9","description":"Desporto, Cidade Europeia, Eventos Desportivos, Algarve, Portugal, Europa, Loul\u00e9, Conhecimento, Bem Estar, Sa\u00fade, Atividade F\u00edsica, Voluntario,","robots":{"index":"index","follow":"follow","max-snippet":"max-snippet:-1","max-image-preview":"max-image-preview:large","max-video-preview":"max-video-preview:-1"},"canonical":"http:\/\/loule2015.com\/?page_id=1552","og_locale":"en_US","og_type":"article","og_title":"Cidade Europeia do Desporto Loul\u00e9","og_description":"Desporto, Cidade Europeia, Eventos Desportivos, Algarve, Portugal, Europa, Loul\u00e9, Conhecimento, Bem Estar, Sa\u00fade, Atividade F\u00edsica, Voluntario,","og_url":"http:\/\/loule2015.com\/?page_id=1552","og_site_name":"Loul\u00e9 2015","article_publisher":"https:\/\/www.facebook.com\/louleced2015?ref=hl","article_modified_time":"2016-01-11T14:37:34+00:00","og_image":[{"width":400,"height":400,"url":"http:\/\/loule2015.com\/wp-content\/uploads\/2015\/03\/Loul\u00e9_CED.png","type":"image\/png"}],"twitter_card":"summary_large_image","twitter_misc":{"Est. reading time":"1 minute"},"schema":{"@context":"https:\/\/schema.org","@graph":[{"@type":"WebPage","@id":"http:\/\/loule2015.com\/?page_id=1552","url":"http:\/\/loule2015.com\/?page_id=1552","name":"Cidade Europeia do Desporto Loul\u00e9","isPartOf":{"@id":"https:\/\/loule2015.com\/#website"},"datePublished":"2015-04-09T10:46:22+00:00","dateModified":"2016-01-11T14:37:34+00:00","description":"Desporto, Cidade Europeia, Eventos Desportivos, Algarve, Portugal, Europa, Loul\u00e9, Conhecimento, Bem Estar, Sa\u00fade, Atividade F\u00edsica, Voluntario,","breadcrumb":{"@id":"http:\/\/loule2015.com\/?page_id=1552#breadcrumb"},"inLanguage":"en-US","potentialAction":[{"@type":"ReadAction","target":["http:\/\/loule2015.com\/?page_id=1552"]}]},{"@type":"BreadcrumbList","@id":"http:\/\/loule2015.com\/?page_id=1552#breadcrumb","itemListElement":[{"@type":"ListItem","position":1,"name":"Home","item":"https:\/\/loule2015.com\/"},{"@type":"ListItem","position":2,"name":"Algarve Rugby Festival 2015"}]},{"@type":"WebSite","@id":"https:\/\/loule2015.com\/#website","url":"https:\/\/loule2015.com\/","name":"Loul\u00e9 2015","description":"Cidade Europeia do Desporto","potentialAction":[{"@type":"SearchAction","target":{"@type":"EntryPoint","urlTemplate":"https:\/\/loule2015.com\/?s={search_term_string}"},"query-input":{"@type":"PropertyValueSpecification","valueRequired":true,"valueName":"search_term_string"}}],"inLanguage":"en-US"}]}},"_links":{"self":[{"href":"http:\/\/loule2015.com\/index.php?rest_route=\/wp\/v2\/pages\/1552","targetHints":{"allow":["GET"]}}],"collection":[{"href":"http:\/\/loule2015.com\/index.php?rest_route=\/wp\/v2\/pages"}],"about":[{"href":"http:\/\/loule2015.com\/index.php?rest_route=\/wp\/v2\/types\/page"}],"author":[{"embeddable":true,"href":"http:\/\/loule2015.com\/index.php?rest_route=\/wp\/v2\/users\/1"}],"replies":[{"embeddable":true,"href":"http:\/\/loule2015.com\/index.php?rest_route=%2Fwp%2Fv2%2Fcomments&post=1552"}],"version-history":[{"count":7,"href":"http:\/\/loule2015.com\/index.php?rest_route=\/wp\/v2\/pages\/1552\/revisions"}],"predecessor-version":[{"id":3225,"href":"http:\/\/loule2015.com\/index.php?rest_route=\/wp\/v2\/pages\/1552\/revisions\/3225"}],"wp:attachment":[{"href":"http:\/\/loule2015.com\/index.php?rest_route=%2Fwp%2Fv2%2Fmedia&parent=1552"}],"curies":[{"name":"wp","href":"https:\/\/api.w.org\/{rel}","templated":true}]}}