{"id":1508,"date":"2015-04-01T21:42:14","date_gmt":"2015-04-01T21:42:14","guid":{"rendered":"http:\/\/loule2015.com\/?page_id=1508"},"modified":"2016-01-11T14:44:45","modified_gmt":"2016-01-11T14:44:45","slug":"btt-alte","status":"publish","type":"page","link":"http:\/\/loule2015.com\/?page_id=1508","title":{"rendered":"BTT Alte"},"content":{"rendered":"<div class=\"gtranslate_wrapper\" id=\"gt-wrapper-86607739\"><\/div>\n<h4 style=\"text-align: left;\"><div class=\"fcbkbttn_buttons_block\" id=\"fcbkbttn_left\"><div class=\"fcbkbttn_like fcbkbttn_large_button\"><fb:like href=\"http:\/\/loule2015.com\/?page_id=1508\" action=\"like\" colorscheme=\"light\" layout=\"button_count\"  size=\"large\"><\/fb:like><\/div><\/div><\/h4>\n<p><span style=\"color: #ffffff;\">_<\/span><\/p>\n<p style=\"text-align: justify;\">A m\u00edtica Maratona Passeio BTT ALTE j\u00e1 tem as inscri\u00e7\u00f5es abertas.<\/p>\n<p>O evento, que j\u00e1 vai na sua 17.\u00aa edi\u00e7\u00e3o, mant\u00e9m a data que o celebrizou: 25 de abril.<\/p>\n<p>Ao n\u00edvel dos percursos vai haver muitas novidades, com diversos trilhos totalmente novos. A Maratona desenrola-se mais para Norte, chegando ao alto do Malh\u00e3o. Mantendo-se os espetaculares singles tracks na Rocha da Pena e na Rocha dos So\u00eddos.<\/p>\n<p style=\"text-align: justify;\">Haver\u00e1 como sempre diversos n\u00edveis e dist\u00e2ncias para que todos possam celebrar o BTT, os belos trilhos e as fant\u00e1sticas paisagens que esta zona da serra e do barrocal algarvio oferecem, numa \u00e9poca primaveril, em que os campos e a natureza est\u00e3o no seu esplendor.<\/p>\n<p style=\"text-align: justify;\">A Maratona | Passeio \u00e9 constitu\u00edda por 4 n\u00edveis:<br \/>\n&#8211; N\u00edvel 1 &#8211; Passeio Fam\u00edlia &#8211; 15 Km;<br \/>\n&#8211; N\u00edvel 2 &#8211; Cl\u00e1ssico Passeio &#8211; 30 km;<br \/>\n&#8211; N\u00edvel 3 &#8211; Meia Maratona Lazer &#8211; 45 Km;<br \/>\n&#8211; N\u00edvel 4 &#8211; Maratona Lazer e Ta\u00e7a do Algarve de Maratonas XCM &#8211; 75 Km;<\/p>\n<p style=\"text-align: justify;\">Complementarmente ao BTT ser\u00e1 promovido um Passeio Pedestre pela aldeia de Alte e zona circundante e realizar-se-\u00e1 um Mercadinho Regional no espa\u00e7o de lazer da Fonte Pequena.<\/p>\n<p style=\"text-align: justify;\">O extraordin\u00e1rio ambiente de festa que caracteriza o evento est\u00e1 assim mais uma vez garantido em Alte, numa aldeia que j\u00e1 foi considerada uma das mais t\u00edpicas de Portugal.<\/p>\n<p style=\"text-align: justify;\">Um evento com a chancela: Loul\u00e9 Cidade Europeia do Desporto 2015.<\/p>\n<p style=\"text-align: justify;\">Este ano a estrutura organizativa foi refor\u00e7ada com uma parceria entre a Escola Profissional de Alte, o Grupo Desportivo Serrano e o Centro de Anima\u00e7\u00e3o e Apoio Comunit\u00e1rio da Freguesia de Alte.<br \/>\nInscri\u00e7\u00f5es a 9,80\u20ac para BTT e 2,80\u20ac para Passeio Pedestre. Como forma de incentivar a pr\u00e1tica do exerc\u00edcio f\u00edsico nos jovens, a inscri\u00e7\u00e3o para os menores tem o valor simb\u00f3lico de 2,80\u20ac.<\/p>\n<p style=\"text-align: justify;\">Aceite o desafio. Escolha o seu n\u00edvel.<\/p>\n<p>Inscri\u00e7\u00f5es e mais informa\u00e7\u00e3o em btt.epalte.pt ou apedalar.com.<\/p>\n<p style=\"text-align: justify;\">Inscri\u00e7\u00f5es at\u00e9 dia 21 de abril e limitadas a 2000 participantes BTT e 150 Passeio Pedestre.<\/p>\n<p style=\"text-align: justify;\">Alte Inspira. Vive o BTT<\/p>\n<p style=\"text-align: justify;\"><strong>Programa para dia 25 de abril<\/strong><\/p>\n<p style=\"text-align: justify;\">08:30h &#8211; Abertura do Controlo de Partida (controlo 0) &#8211; Av. Manuel Teixeira Gomes<\/p>\n<p>09:00h &#8211; Reuni\u00e3o com Directores Desportivos &#8211; Ta\u00e7a do Algarve de Maratonas &#8211; Escola Profissional de Alte &#8211; E.N. 124<\/p>\n<p>09:30h &#8211; Chamada dos atletas para a linha de partida &#8211; Ta\u00e7a Regional do Algarve<\/p>\n<p style=\"text-align: justify;\">09:50h &#8211; Briefing<\/p>\n<p style=\"text-align: justify;\">10:00h &#8211; Partida<\/p>\n<p>10:15h &#8211; Partida Passeio Pedestre<\/p>\n<p style=\"text-align: justify;\">12:00h &#8211; Chegada do 1.\u00ba atleta da Meia Maratona<\/p>\n<p style=\"text-align: justify;\">13:15h &#8211; Chegada do 1.\u00ba atleta da Ta\u00e7a do Algarve<\/p>\n<p style=\"text-align: justify;\">As cerim\u00f3nias protocolares de entrega de pr\u00e9mios para a Meia Maratona Lazer e Maratona Lazer realizam-se 1 hora e 30 minutos ap\u00f3s a chegada dos atletas premiados.<\/p>\n<p style=\"text-align: justify;\">&#8211; Almo\u00e7o Conv\u00edvio &#8211; servido a partir das 12:00h no refeit\u00f3rio do Centro de Anima\u00e7\u00e3o e Apoio Comunit\u00e1rio de Alte (Junto da Escola Prim\u00e1ria).<\/p>\n<p style=\"text-align: justify;\">&#8211; Expo Bike &#8211; todo o dia junto da chegada &#8211; Fonte Grande<\/p>\n<p style=\"text-align: center;\"><strong>&#8211; Resumo fotogr\u00e1fico &#8211;<\/strong><\/p>\n\n\t\t<style type=\"text\/css\">\n\t\t\t#gallery-1 {\n\t\t\t\tmargin: auto;\n\t\t\t}\n\t\t\t#gallery-1 .gallery-item {\n\t\t\t\tfloat: left;\n\t\t\t\tmargin-top: 10px;\n\t\t\t\ttext-align: center;\n\t\t\t\twidth: 33%;\n\t\t\t}\n\t\t\t#gallery-1 img {\n\t\t\t\tborder: 2px solid #cfcfcf;\n\t\t\t}\n\t\t\t#gallery-1 .gallery-caption {\n\t\t\t\tmargin-left: 0;\n\t\t\t}\n\t\t\t\/* see gallery_shortcode() in wp-includes\/media.php *\/\n\t\t<\/style>\n\t\t<div id='gallery-1' class='gallery galleryid-1508 gallery-columns-3 gallery-size-thumbnail'><dl class='gallery-item'>\n\t\t\t<dt class='gallery-icon landscape'>\n\t\t\t\t<a href='http:\/\/loule2015.com\/?attachment_id=1792#main'><img loading=\"lazy\" decoding=\"async\" width=\"480\" height=\"321\" src=\"http:\/\/loule2015.com\/wp-content\/uploads\/2015\/04\/DSC_8448-480x321.jpg\" class=\"attachment-thumbnail size-thumbnail\" alt=\"\" srcset=\"http:\/\/loule2015.com\/wp-content\/uploads\/2015\/04\/DSC_8448-480x321.jpg 480w, http:\/\/loule2015.com\/wp-content\/uploads\/2015\/04\/DSC_8448.jpg 800w\" sizes=\"auto, (max-width: 480px) 100vw, 480px\" \/><\/a>\n\t\t\t<\/dt><\/dl><dl class='gallery-item'>\n\t\t\t<dt class='gallery-icon landscape'>\n\t\t\t\t<a href='http:\/\/loule2015.com\/?attachment_id=1793#main'><img loading=\"lazy\" decoding=\"async\" width=\"480\" height=\"321\" src=\"http:\/\/loule2015.com\/wp-content\/uploads\/2015\/04\/DSC_8458-480x321.jpg\" class=\"attachment-thumbnail size-thumbnail\" alt=\"\" srcset=\"http:\/\/loule2015.com\/wp-content\/uploads\/2015\/04\/DSC_8458-480x321.jpg 480w, http:\/\/loule2015.com\/wp-content\/uploads\/2015\/04\/DSC_8458.jpg 800w\" sizes=\"auto, (max-width: 480px) 100vw, 480px\" \/><\/a>\n\t\t\t<\/dt><\/dl><dl class='gallery-item'>\n\t\t\t<dt class='gallery-icon landscape'>\n\t\t\t\t<a href='http:\/\/loule2015.com\/?attachment_id=1795#main'><img loading=\"lazy\" decoding=\"async\" width=\"480\" height=\"321\" src=\"http:\/\/loule2015.com\/wp-content\/uploads\/2015\/04\/DSC_8479-480x321.jpg\" class=\"attachment-thumbnail size-thumbnail\" alt=\"\" srcset=\"http:\/\/loule2015.com\/wp-content\/uploads\/2015\/04\/DSC_8479-480x321.jpg 480w, http:\/\/loule2015.com\/wp-content\/uploads\/2015\/04\/DSC_8479.jpg 800w\" sizes=\"auto, (max-width: 480px) 100vw, 480px\" \/><\/a>\n\t\t\t<\/dt><\/dl><br style=\"clear: both\" \/><dl class='gallery-item'>\n\t\t\t<dt class='gallery-icon landscape'>\n\t\t\t\t<a href='http:\/\/loule2015.com\/?attachment_id=1796#main'><img loading=\"lazy\" decoding=\"async\" width=\"480\" height=\"321\" src=\"http:\/\/loule2015.com\/wp-content\/uploads\/2015\/04\/DSC_8515-480x321.jpg\" class=\"attachment-thumbnail size-thumbnail\" alt=\"\" srcset=\"http:\/\/loule2015.com\/wp-content\/uploads\/2015\/04\/DSC_8515-480x321.jpg 480w, http:\/\/loule2015.com\/wp-content\/uploads\/2015\/04\/DSC_8515.jpg 800w\" sizes=\"auto, (max-width: 480px) 100vw, 480px\" \/><\/a>\n\t\t\t<\/dt><\/dl><dl class='gallery-item'>\n\t\t\t<dt class='gallery-icon landscape'>\n\t\t\t\t<a href='http:\/\/loule2015.com\/?attachment_id=1797#main'><img loading=\"lazy\" decoding=\"async\" width=\"480\" height=\"321\" src=\"http:\/\/loule2015.com\/wp-content\/uploads\/2015\/04\/DSC_8521-480x321.jpg\" class=\"attachment-thumbnail size-thumbnail\" alt=\"\" srcset=\"http:\/\/loule2015.com\/wp-content\/uploads\/2015\/04\/DSC_8521-480x321.jpg 480w, http:\/\/loule2015.com\/wp-content\/uploads\/2015\/04\/DSC_8521.jpg 800w\" sizes=\"auto, (max-width: 480px) 100vw, 480px\" \/><\/a>\n\t\t\t<\/dt><\/dl><dl class='gallery-item'>\n\t\t\t<dt class='gallery-icon landscape'>\n\t\t\t\t<a href='http:\/\/loule2015.com\/?attachment_id=1798#main'><img loading=\"lazy\" decoding=\"async\" width=\"480\" height=\"321\" src=\"http:\/\/loule2015.com\/wp-content\/uploads\/2015\/04\/DSC_8538-480x321.jpg\" class=\"attachment-thumbnail size-thumbnail\" alt=\"\" srcset=\"http:\/\/loule2015.com\/wp-content\/uploads\/2015\/04\/DSC_8538-480x321.jpg 480w, http:\/\/loule2015.com\/wp-content\/uploads\/2015\/04\/DSC_8538.jpg 800w\" sizes=\"auto, (max-width: 480px) 100vw, 480px\" \/><\/a>\n\t\t\t<\/dt><\/dl><br style=\"clear: both\" \/><dl class='gallery-item'>\n\t\t\t<dt class='gallery-icon landscape'>\n\t\t\t\t<a href='http:\/\/loule2015.com\/?attachment_id=1799#main'><img loading=\"lazy\" decoding=\"async\" width=\"480\" height=\"321\" src=\"http:\/\/loule2015.com\/wp-content\/uploads\/2015\/04\/DSC_8598-480x321.jpg\" class=\"attachment-thumbnail size-thumbnail\" alt=\"\" srcset=\"http:\/\/loule2015.com\/wp-content\/uploads\/2015\/04\/DSC_8598-480x321.jpg 480w, http:\/\/loule2015.com\/wp-content\/uploads\/2015\/04\/DSC_8598.jpg 800w\" sizes=\"auto, (max-width: 480px) 100vw, 480px\" \/><\/a>\n\t\t\t<\/dt><\/dl><dl class='gallery-item'>\n\t\t\t<dt class='gallery-icon landscape'>\n\t\t\t\t<a href='http:\/\/loule2015.com\/?attachment_id=1800#main'><img loading=\"lazy\" decoding=\"async\" width=\"480\" height=\"321\" src=\"http:\/\/loule2015.com\/wp-content\/uploads\/2015\/04\/DSC_8631-480x321.jpg\" class=\"attachment-thumbnail size-thumbnail\" alt=\"\" srcset=\"http:\/\/loule2015.com\/wp-content\/uploads\/2015\/04\/DSC_8631-480x321.jpg 480w, http:\/\/loule2015.com\/wp-content\/uploads\/2015\/04\/DSC_8631.jpg 800w\" sizes=\"auto, (max-width: 480px) 100vw, 480px\" \/><\/a>\n\t\t\t<\/dt><\/dl><dl class='gallery-item'>\n\t\t\t<dt class='gallery-icon landscape'>\n\t\t\t\t<a href='http:\/\/loule2015.com\/?attachment_id=1801#main'><img loading=\"lazy\" decoding=\"async\" width=\"480\" height=\"321\" src=\"http:\/\/loule2015.com\/wp-content\/uploads\/2015\/04\/DSC_8662-480x321.jpg\" class=\"attachment-thumbnail size-thumbnail\" alt=\"\" srcset=\"http:\/\/loule2015.com\/wp-content\/uploads\/2015\/04\/DSC_8662-480x321.jpg 480w, http:\/\/loule2015.com\/wp-content\/uploads\/2015\/04\/DSC_8662.jpg 800w\" sizes=\"auto, (max-width: 480px) 100vw, 480px\" \/><\/a>\n\t\t\t<\/dt><\/dl><br style=\"clear: both\" \/><dl class='gallery-item'>\n\t\t\t<dt class='gallery-icon landscape'>\n\t\t\t\t<a href='http:\/\/loule2015.com\/?attachment_id=1802#main'><img loading=\"lazy\" decoding=\"async\" width=\"480\" height=\"321\" src=\"http:\/\/loule2015.com\/wp-content\/uploads\/2015\/04\/DSC_8726-480x321.jpg\" class=\"attachment-thumbnail size-thumbnail\" alt=\"\" srcset=\"http:\/\/loule2015.com\/wp-content\/uploads\/2015\/04\/DSC_8726-480x321.jpg 480w, http:\/\/loule2015.com\/wp-content\/uploads\/2015\/04\/DSC_8726.jpg 800w\" sizes=\"auto, (max-width: 480px) 100vw, 480px\" \/><\/a>\n\t\t\t<\/dt><\/dl><dl class='gallery-item'>\n\t\t\t<dt class='gallery-icon landscape'>\n\t\t\t\t<a href='http:\/\/loule2015.com\/?attachment_id=1803#main'><img loading=\"lazy\" decoding=\"async\" width=\"480\" height=\"321\" src=\"http:\/\/loule2015.com\/wp-content\/uploads\/2015\/04\/DSC_8752-480x321.jpg\" class=\"attachment-thumbnail size-thumbnail\" alt=\"\" srcset=\"http:\/\/loule2015.com\/wp-content\/uploads\/2015\/04\/DSC_8752-480x321.jpg 480w, http:\/\/loule2015.com\/wp-content\/uploads\/2015\/04\/DSC_8752.jpg 800w\" sizes=\"auto, (max-width: 480px) 100vw, 480px\" \/><\/a>\n\t\t\t<\/dt><\/dl><dl class='gallery-item'>\n\t\t\t<dt class='gallery-icon landscape'>\n\t\t\t\t<a href='http:\/\/loule2015.com\/?attachment_id=1804#main'><img loading=\"lazy\" decoding=\"async\" width=\"480\" height=\"321\" src=\"http:\/\/loule2015.com\/wp-content\/uploads\/2015\/04\/DSC_8783-480x321.jpg\" class=\"attachment-thumbnail size-thumbnail\" alt=\"\" srcset=\"http:\/\/loule2015.com\/wp-content\/uploads\/2015\/04\/DSC_8783-480x321.jpg 480w, http:\/\/loule2015.com\/wp-content\/uploads\/2015\/04\/DSC_8783.jpg 800w\" sizes=\"auto, (max-width: 480px) 100vw, 480px\" \/><\/a>\n\t\t\t<\/dt><\/dl><br style=\"clear: both\" \/>\n\t\t<\/div>\n\n<p style=\"text-align: center;\"><strong>&#8211; Reportagem &#8211;<\/strong><\/p>\n<p><iframe loading=\"lazy\" src=\"\/\/player.vimeo.com\/video\/127601431\" width=\"980\" height=\"281\" frameborder=\"0\" allowfullscreen=\"allowfullscreen\"><\/iframe><\/p>\n","protected":false},"excerpt":{"rendered":"<p>_ A m\u00edtica Maratona Passeio BTT ALTE j\u00e1 tem as inscri\u00e7\u00f5es abertas. O evento, que j\u00e1 vai na sua 17.\u00aa edi\u00e7\u00e3o, mant\u00e9m a data que o celebrizou: 25 de abril. Ao n\u00edvel dos percursos vai haver muitas novidades, com diversos trilhos totalmente novos. A Maratona desenrola-se mais para Norte, chegando ao alto do Malh\u00e3o. Mantendo-se [&hellip;]<\/p>\n","protected":false},"author":1,"featured_media":0,"parent":0,"menu_order":0,"comment_status":"open","ping_status":"open","template":"","meta":{"footnotes":""},"class_list":["post-1508","page","type-page","status-publish","hentry"],"yoast_head":"<!-- This site is optimized with the Yoast SEO plugin v26.2 - https:\/\/yoast.com\/wordpress\/plugins\/seo\/ -->\n<title>Cidade Europeia do Desporto Loul\u00e9<\/title>\n<meta name=\"description\" content=\"Desporto, Cidade Europeia, Eventos Desportivos, Algarve, Portugal, Europa, Loul\u00e9, Conhecimento, Bem Estar, Sa\u00fade, Atividade F\u00edsica, Voluntario,\" \/>\n<meta name=\"robots\" content=\"index, follow, max-snippet:-1, max-image-preview:large, max-video-preview:-1\" \/>\n<link rel=\"canonical\" href=\"http:\/\/loule2015.com\/?page_id=1508\" \/>\n<meta property=\"og:locale\" content=\"en_US\" \/>\n<meta property=\"og:type\" content=\"article\" \/>\n<meta property=\"og:title\" content=\"Cidade Europeia do Desporto Loul\u00e9\" \/>\n<meta property=\"og:description\" content=\"Desporto, Cidade Europeia, Eventos Desportivos, Algarve, Portugal, Europa, Loul\u00e9, Conhecimento, Bem Estar, Sa\u00fade, Atividade F\u00edsica, Voluntario,\" \/>\n<meta property=\"og:url\" content=\"http:\/\/loule2015.com\/?page_id=1508\" \/>\n<meta property=\"og:site_name\" content=\"Loul\u00e9 2015\" \/>\n<meta property=\"article:publisher\" content=\"https:\/\/www.facebook.com\/louleced2015?ref=hl\" \/>\n<meta property=\"article:modified_time\" content=\"2016-01-11T14:44:45+00:00\" \/>\n<meta property=\"og:image\" content=\"http:\/\/loule2015.com\/wp-content\/uploads\/2015\/04\/DSC_8448-480x321.jpg\" \/>\n<meta name=\"twitter:card\" content=\"summary_large_image\" \/>\n<meta name=\"twitter:label1\" content=\"Est. reading time\" \/>\n\t<meta name=\"twitter:data1\" content=\"3 minutes\" \/>\n<script type=\"application\/ld+json\" class=\"yoast-schema-graph\">{\"@context\":\"https:\/\/schema.org\",\"@graph\":[{\"@type\":\"WebPage\",\"@id\":\"http:\/\/loule2015.com\/?page_id=1508\",\"url\":\"http:\/\/loule2015.com\/?page_id=1508\",\"name\":\"Cidade Europeia do Desporto Loul\u00e9\",\"isPartOf\":{\"@id\":\"http:\/\/loule2015.com\/#website\"},\"datePublished\":\"2015-04-01T21:42:14+00:00\",\"dateModified\":\"2016-01-11T14:44:45+00:00\",\"description\":\"Desporto, Cidade Europeia, Eventos Desportivos, Algarve, Portugal, Europa, Loul\u00e9, Conhecimento, Bem Estar, Sa\u00fade, Atividade F\u00edsica, Voluntario,\",\"breadcrumb\":{\"@id\":\"http:\/\/loule2015.com\/?page_id=1508#breadcrumb\"},\"inLanguage\":\"en-US\",\"potentialAction\":[{\"@type\":\"ReadAction\",\"target\":[\"http:\/\/loule2015.com\/?page_id=1508\"]}]},{\"@type\":\"BreadcrumbList\",\"@id\":\"http:\/\/loule2015.com\/?page_id=1508#breadcrumb\",\"itemListElement\":[{\"@type\":\"ListItem\",\"position\":1,\"name\":\"Home\",\"item\":\"http:\/\/loule2015.com\/\"},{\"@type\":\"ListItem\",\"position\":2,\"name\":\"BTT Alte\"}]},{\"@type\":\"WebSite\",\"@id\":\"http:\/\/loule2015.com\/#website\",\"url\":\"http:\/\/loule2015.com\/\",\"name\":\"Loul\u00e9 2015\",\"description\":\"Cidade Europeia do Desporto\",\"potentialAction\":[{\"@type\":\"SearchAction\",\"target\":{\"@type\":\"EntryPoint\",\"urlTemplate\":\"http:\/\/loule2015.com\/?s={search_term_string}\"},\"query-input\":{\"@type\":\"PropertyValueSpecification\",\"valueRequired\":true,\"valueName\":\"search_term_string\"}}],\"inLanguage\":\"en-US\"}]}<\/script>\n<!-- \/ Yoast SEO plugin. -->","yoast_head_json":{"title":"Cidade Europeia do Desporto Loul\u00e9","description":"Desporto, Cidade Europeia, Eventos Desportivos, Algarve, Portugal, Europa, Loul\u00e9, Conhecimento, Bem Estar, Sa\u00fade, Atividade F\u00edsica, Voluntario,","robots":{"index":"index","follow":"follow","max-snippet":"max-snippet:-1","max-image-preview":"max-image-preview:large","max-video-preview":"max-video-preview:-1"},"canonical":"http:\/\/loule2015.com\/?page_id=1508","og_locale":"en_US","og_type":"article","og_title":"Cidade Europeia do Desporto Loul\u00e9","og_description":"Desporto, Cidade Europeia, Eventos Desportivos, Algarve, Portugal, Europa, Loul\u00e9, Conhecimento, Bem Estar, Sa\u00fade, Atividade F\u00edsica, Voluntario,","og_url":"http:\/\/loule2015.com\/?page_id=1508","og_site_name":"Loul\u00e9 2015","article_publisher":"https:\/\/www.facebook.com\/louleced2015?ref=hl","article_modified_time":"2016-01-11T14:44:45+00:00","og_image":[{"url":"http:\/\/loule2015.com\/wp-content\/uploads\/2015\/04\/DSC_8448-480x321.jpg","type":"","width":"","height":""}],"twitter_card":"summary_large_image","twitter_misc":{"Est. reading time":"3 minutes"},"schema":{"@context":"https:\/\/schema.org","@graph":[{"@type":"WebPage","@id":"http:\/\/loule2015.com\/?page_id=1508","url":"http:\/\/loule2015.com\/?page_id=1508","name":"Cidade Europeia do Desporto Loul\u00e9","isPartOf":{"@id":"http:\/\/loule2015.com\/#website"},"datePublished":"2015-04-01T21:42:14+00:00","dateModified":"2016-01-11T14:44:45+00:00","description":"Desporto, Cidade Europeia, Eventos Desportivos, Algarve, Portugal, Europa, Loul\u00e9, Conhecimento, Bem Estar, Sa\u00fade, Atividade F\u00edsica, Voluntario,","breadcrumb":{"@id":"http:\/\/loule2015.com\/?page_id=1508#breadcrumb"},"inLanguage":"en-US","potentialAction":[{"@type":"ReadAction","target":["http:\/\/loule2015.com\/?page_id=1508"]}]},{"@type":"BreadcrumbList","@id":"http:\/\/loule2015.com\/?page_id=1508#breadcrumb","itemListElement":[{"@type":"ListItem","position":1,"name":"Home","item":"http:\/\/loule2015.com\/"},{"@type":"ListItem","position":2,"name":"BTT Alte"}]},{"@type":"WebSite","@id":"http:\/\/loule2015.com\/#website","url":"http:\/\/loule2015.com\/","name":"Loul\u00e9 2015","description":"Cidade Europeia do Desporto","potentialAction":[{"@type":"SearchAction","target":{"@type":"EntryPoint","urlTemplate":"http:\/\/loule2015.com\/?s={search_term_string}"},"query-input":{"@type":"PropertyValueSpecification","valueRequired":true,"valueName":"search_term_string"}}],"inLanguage":"en-US"}]}},"_links":{"self":[{"href":"http:\/\/loule2015.com\/index.php?rest_route=\/wp\/v2\/pages\/1508","targetHints":{"allow":["GET"]}}],"collection":[{"href":"http:\/\/loule2015.com\/index.php?rest_route=\/wp\/v2\/pages"}],"about":[{"href":"http:\/\/loule2015.com\/index.php?rest_route=\/wp\/v2\/types\/page"}],"author":[{"embeddable":true,"href":"http:\/\/loule2015.com\/index.php?rest_route=\/wp\/v2\/users\/1"}],"replies":[{"embeddable":true,"href":"http:\/\/loule2015.com\/index.php?rest_route=%2Fwp%2Fv2%2Fcomments&post=1508"}],"version-history":[{"count":9,"href":"http:\/\/loule2015.com\/index.php?rest_route=\/wp\/v2\/pages\/1508\/revisions"}],"predecessor-version":[{"id":3232,"href":"http:\/\/loule2015.com\/index.php?rest_route=\/wp\/v2\/pages\/1508\/revisions\/3232"}],"wp:attachment":[{"href":"http:\/\/loule2015.com\/index.php?rest_route=%2Fwp%2Fv2%2Fmedia&parent=1508"}],"curies":[{"name":"wp","href":"https:\/\/api.w.org\/{rel}","templated":true}]}}