{"id":1294,"date":"2015-03-23T17:11:09","date_gmt":"2015-03-23T17:11:09","guid":{"rendered":"http:\/\/loule2015.com\/?page_id=1294"},"modified":"2020-09-09T11:06:33","modified_gmt":"2020-09-09T11:06:33","slug":"final-four","status":"publish","type":"page","link":"http:\/\/loule2015.com\/?page_id=1294","title":{"rendered":"Final Four"},"content":{"rendered":"<h4 style=\"text-align: center;\"><div class=\"gtranslate_wrapper\" id=\"gt-wrapper-57935251\"><\/div><\/h4>\n<h4 style=\"text-align: center;\">Calend\u00e1rio de jogos &#8211; Ta\u00e7a de Portugal Loul\u00e9 2015<\/h4>\n<p>Final Four da Ta\u00e7a de Portugal Multicare Seniores Femininos &#8211; Meias-finais &#8211; s\u00e1bado, 28.03.15<\/p>\n<p>12h00 &#8211; vencedor Col\u00e9gio Jo\u00e3o de Barros\/Madeira Sad : Maiastars &#8211; Andebol|TV<\/p>\n<p>14h30 &#8211; vencedor Jac-Alcanena\/Alavarium Love Tiles : vencedor Passos Manuel\/Santa Joana &#8211;<\/p>\n<p>Final Four da Ta\u00e7a de Portugal Fidelidade Seniores Masculinos &#8211; Meias-finais &#8211; s\u00e1bado, 28.03.15<\/p>\n<p>17h00 &#8211; Liberty Seguros-ABC\/UMInho : Sporting CP<\/p>\n<p>19h15 &#8211; SL Benfica : FC Porto<\/p>\n<p>Final Four da Ta\u00e7a de Portugal Multicare Seniores Femininos &#8211; Final &#8211; domingo, 29.03.15<\/p>\n<p>14h30 &#8211; Vencedores das meias-finais<\/p>\n<p>Final Four da Ta\u00e7a de Portugal Fidelidade Seniores Masculinos &#8211; Final &#8211; domingo, 29.03.15<\/p>\n<p>17h00 &#8211; Vencedores das meias-finais<\/p>\n<h4 style=\"text-align: center;\">Bilhetes \u00e0 Venda<\/h4>\n<p>Os bilhetes ter\u00e3o um valor de 2 euros por dia (o bilhete di\u00e1rio inclui todos os jogos do dia) e as receitas geradas com a venda dos bilhetes reverter\u00e3o para duas institui\u00e7\u00f5es de solidariedade social do Concelho de Loul\u00e9: Associa\u00e7\u00e3o Existir e a Casa da Primeira Inf\u00e2ncia de Loul\u00e9.<\/p>\n<p>Os bilhetes estar\u00e3o \u00e0 venda nos seguintes locais e hor\u00e1rios: Pavilh\u00e3o Desportivo Municipal de Loul\u00e9, Piscinas Municipais de Loul\u00e9 e Piscinas Municipais de Quarteira, de segunda a sexta-feira, das 08h00 \u00e0s 20h00.<\/p>\n<p>Nos dias 28 e 29 de mar\u00e7o, os bilhetes apenas estar\u00e3o dispon\u00edveis no Pavilh\u00e3o Desportivo Municipal de Loul\u00e9, com o seguinte hor\u00e1rio: 28 de mar\u00e7o &#8211; das 08h00 \u00e0s 23h00; dia 29 de mar\u00e7o &#8211; a partir das 10h00.<\/p>\n<h3 style=\"text-align: center;\">Resumo fotogr\u00e1fico<\/h3>\n\n\t\t<style type=\"text\/css\">\n\t\t\t#gallery-1 {\n\t\t\t\tmargin: auto;\n\t\t\t}\n\t\t\t#gallery-1 .gallery-item {\n\t\t\t\tfloat: left;\n\t\t\t\tmargin-top: 10px;\n\t\t\t\ttext-align: center;\n\t\t\t\twidth: 33%;\n\t\t\t}\n\t\t\t#gallery-1 img {\n\t\t\t\tborder: 2px solid #cfcfcf;\n\t\t\t}\n\t\t\t#gallery-1 .gallery-caption {\n\t\t\t\tmargin-left: 0;\n\t\t\t}\n\t\t\t\/* see gallery_shortcode() in wp-includes\/media.php *\/\n\t\t<\/style>\n\t\t<div id='gallery-1' class='gallery galleryid-1294 gallery-columns-3 gallery-size-thumbnail'><dl class='gallery-item'>\n\t\t\t<dt class='gallery-icon landscape'>\n\t\t\t\t<a href='http:\/\/loule2015.com\/wp-content\/uploads\/2015\/03\/DSC_6276.jpg'><img loading=\"lazy\" decoding=\"async\" width=\"480\" height=\"321\" src=\"http:\/\/loule2015.com\/wp-content\/uploads\/2015\/03\/DSC_6276-480x321.jpg\" class=\"attachment-thumbnail size-thumbnail\" alt=\"\" srcset=\"http:\/\/loule2015.com\/wp-content\/uploads\/2015\/03\/DSC_6276-480x321.jpg 480w, http:\/\/loule2015.com\/wp-content\/uploads\/2015\/03\/DSC_6276.jpg 800w\" sizes=\"auto, (max-width: 480px) 100vw, 480px\" \/><\/a>\n\t\t\t<\/dt><\/dl><dl class='gallery-item'>\n\t\t\t<dt class='gallery-icon landscape'>\n\t\t\t\t<a href='http:\/\/loule2015.com\/wp-content\/uploads\/2015\/03\/DSC_6480.jpg'><img loading=\"lazy\" decoding=\"async\" width=\"480\" height=\"321\" src=\"http:\/\/loule2015.com\/wp-content\/uploads\/2015\/03\/DSC_6480-480x321.jpg\" class=\"attachment-thumbnail size-thumbnail\" alt=\"\" srcset=\"http:\/\/loule2015.com\/wp-content\/uploads\/2015\/03\/DSC_6480-480x321.jpg 480w, http:\/\/loule2015.com\/wp-content\/uploads\/2015\/03\/DSC_6480.jpg 800w\" sizes=\"auto, (max-width: 480px) 100vw, 480px\" \/><\/a>\n\t\t\t<\/dt><\/dl><dl class='gallery-item'>\n\t\t\t<dt class='gallery-icon landscape'>\n\t\t\t\t<a href='http:\/\/loule2015.com\/wp-content\/uploads\/2015\/03\/DSC_6531.jpg'><img loading=\"lazy\" decoding=\"async\" width=\"480\" height=\"321\" src=\"http:\/\/loule2015.com\/wp-content\/uploads\/2015\/03\/DSC_6531-480x321.jpg\" class=\"attachment-thumbnail size-thumbnail\" alt=\"\" srcset=\"http:\/\/loule2015.com\/wp-content\/uploads\/2015\/03\/DSC_6531-480x321.jpg 480w, http:\/\/loule2015.com\/wp-content\/uploads\/2015\/03\/DSC_6531.jpg 800w\" sizes=\"auto, (max-width: 480px) 100vw, 480px\" \/><\/a>\n\t\t\t<\/dt><\/dl><br style=\"clear: both\" \/><dl class='gallery-item'>\n\t\t\t<dt class='gallery-icon landscape'>\n\t\t\t\t<a href='http:\/\/loule2015.com\/wp-content\/uploads\/2015\/03\/DSC_6583.jpg'><img loading=\"lazy\" decoding=\"async\" width=\"480\" height=\"321\" src=\"http:\/\/loule2015.com\/wp-content\/uploads\/2015\/03\/DSC_6583-480x321.jpg\" class=\"attachment-thumbnail size-thumbnail\" alt=\"\" srcset=\"http:\/\/loule2015.com\/wp-content\/uploads\/2015\/03\/DSC_6583-480x321.jpg 480w, http:\/\/loule2015.com\/wp-content\/uploads\/2015\/03\/DSC_6583.jpg 800w\" sizes=\"auto, (max-width: 480px) 100vw, 480px\" \/><\/a>\n\t\t\t<\/dt><\/dl><dl class='gallery-item'>\n\t\t\t<dt class='gallery-icon landscape'>\n\t\t\t\t<a href='http:\/\/loule2015.com\/wp-content\/uploads\/2015\/03\/DSC_6642.jpg'><img loading=\"lazy\" decoding=\"async\" width=\"480\" height=\"321\" src=\"http:\/\/loule2015.com\/wp-content\/uploads\/2015\/03\/DSC_6642-480x321.jpg\" class=\"attachment-thumbnail size-thumbnail\" alt=\"\" srcset=\"http:\/\/loule2015.com\/wp-content\/uploads\/2015\/03\/DSC_6642-480x321.jpg 480w, http:\/\/loule2015.com\/wp-content\/uploads\/2015\/03\/DSC_6642.jpg 800w\" sizes=\"auto, (max-width: 480px) 100vw, 480px\" \/><\/a>\n\t\t\t<\/dt><\/dl><dl class='gallery-item'>\n\t\t\t<dt class='gallery-icon landscape'>\n\t\t\t\t<a href='http:\/\/loule2015.com\/wp-content\/uploads\/2015\/03\/DSC_6656.jpg'><img loading=\"lazy\" decoding=\"async\" width=\"480\" height=\"321\" src=\"http:\/\/loule2015.com\/wp-content\/uploads\/2015\/03\/DSC_6656-480x321.jpg\" class=\"attachment-thumbnail size-thumbnail\" alt=\"\" srcset=\"http:\/\/loule2015.com\/wp-content\/uploads\/2015\/03\/DSC_6656-480x321.jpg 480w, http:\/\/loule2015.com\/wp-content\/uploads\/2015\/03\/DSC_6656.jpg 800w\" sizes=\"auto, (max-width: 480px) 100vw, 480px\" \/><\/a>\n\t\t\t<\/dt><\/dl><br style=\"clear: both\" \/><dl class='gallery-item'>\n\t\t\t<dt class='gallery-icon landscape'>\n\t\t\t\t<a href='http:\/\/loule2015.com\/wp-content\/uploads\/2015\/03\/DSC_6729.jpg'><img loading=\"lazy\" decoding=\"async\" width=\"480\" height=\"321\" src=\"http:\/\/loule2015.com\/wp-content\/uploads\/2015\/03\/DSC_6729-480x321.jpg\" class=\"attachment-thumbnail size-thumbnail\" alt=\"\" srcset=\"http:\/\/loule2015.com\/wp-content\/uploads\/2015\/03\/DSC_6729-480x321.jpg 480w, http:\/\/loule2015.com\/wp-content\/uploads\/2015\/03\/DSC_6729.jpg 800w\" sizes=\"auto, (max-width: 480px) 100vw, 480px\" \/><\/a>\n\t\t\t<\/dt><\/dl><dl class='gallery-item'>\n\t\t\t<dt class='gallery-icon landscape'>\n\t\t\t\t<a href='http:\/\/loule2015.com\/wp-content\/uploads\/2015\/03\/DSC_6782.jpg'><img loading=\"lazy\" decoding=\"async\" width=\"480\" height=\"321\" src=\"http:\/\/loule2015.com\/wp-content\/uploads\/2015\/03\/DSC_6782-480x321.jpg\" class=\"attachment-thumbnail size-thumbnail\" alt=\"\" srcset=\"http:\/\/loule2015.com\/wp-content\/uploads\/2015\/03\/DSC_6782-480x321.jpg 480w, http:\/\/loule2015.com\/wp-content\/uploads\/2015\/03\/DSC_6782.jpg 800w\" sizes=\"auto, (max-width: 480px) 100vw, 480px\" \/><\/a>\n\t\t\t<\/dt><\/dl><dl class='gallery-item'>\n\t\t\t<dt class='gallery-icon landscape'>\n\t\t\t\t<a href='http:\/\/loule2015.com\/wp-content\/uploads\/2015\/03\/DSC_6996.jpg'><img loading=\"lazy\" decoding=\"async\" width=\"480\" height=\"321\" src=\"http:\/\/loule2015.com\/wp-content\/uploads\/2015\/03\/DSC_6996-480x321.jpg\" class=\"attachment-thumbnail size-thumbnail\" alt=\"\" srcset=\"http:\/\/loule2015.com\/wp-content\/uploads\/2015\/03\/DSC_6996-480x321.jpg 480w, http:\/\/loule2015.com\/wp-content\/uploads\/2015\/03\/DSC_6996.jpg 800w\" sizes=\"auto, (max-width: 480px) 100vw, 480px\" \/><\/a>\n\t\t\t<\/dt><\/dl><br style=\"clear: both\" \/><dl class='gallery-item'>\n\t\t\t<dt class='gallery-icon landscape'>\n\t\t\t\t<a href='http:\/\/loule2015.com\/wp-content\/uploads\/2015\/03\/DSC_7051.jpg'><img loading=\"lazy\" decoding=\"async\" width=\"480\" height=\"321\" src=\"http:\/\/loule2015.com\/wp-content\/uploads\/2015\/03\/DSC_7051-480x321.jpg\" class=\"attachment-thumbnail size-thumbnail\" alt=\"\" srcset=\"http:\/\/loule2015.com\/wp-content\/uploads\/2015\/03\/DSC_7051-480x321.jpg 480w, http:\/\/loule2015.com\/wp-content\/uploads\/2015\/03\/DSC_7051.jpg 800w\" sizes=\"auto, (max-width: 480px) 100vw, 480px\" \/><\/a>\n\t\t\t<\/dt><\/dl><dl class='gallery-item'>\n\t\t\t<dt class='gallery-icon landscape'>\n\t\t\t\t<a href='http:\/\/loule2015.com\/wp-content\/uploads\/2015\/03\/DSC_7102.jpg'><img loading=\"lazy\" decoding=\"async\" width=\"480\" height=\"321\" src=\"http:\/\/loule2015.com\/wp-content\/uploads\/2015\/03\/DSC_7102-480x321.jpg\" class=\"attachment-thumbnail size-thumbnail\" alt=\"\" srcset=\"http:\/\/loule2015.com\/wp-content\/uploads\/2015\/03\/DSC_7102-480x321.jpg 480w, http:\/\/loule2015.com\/wp-content\/uploads\/2015\/03\/DSC_7102.jpg 800w\" sizes=\"auto, (max-width: 480px) 100vw, 480px\" \/><\/a>\n\t\t\t<\/dt><\/dl><dl class='gallery-item'>\n\t\t\t<dt class='gallery-icon landscape'>\n\t\t\t\t<a href='http:\/\/loule2015.com\/wp-content\/uploads\/2015\/03\/DSC_7114.jpg'><img loading=\"lazy\" decoding=\"async\" width=\"480\" height=\"321\" src=\"http:\/\/loule2015.com\/wp-content\/uploads\/2015\/03\/DSC_7114-480x321.jpg\" class=\"attachment-thumbnail size-thumbnail\" alt=\"\" srcset=\"http:\/\/loule2015.com\/wp-content\/uploads\/2015\/03\/DSC_7114-480x321.jpg 480w, http:\/\/loule2015.com\/wp-content\/uploads\/2015\/03\/DSC_7114.jpg 800w\" sizes=\"auto, (max-width: 480px) 100vw, 480px\" \/><\/a>\n\t\t\t<\/dt><\/dl><br style=\"clear: both\" \/>\n\t\t<\/div>\n\n","protected":false},"excerpt":{"rendered":"<p>Calend\u00e1rio de jogos &#8211; Ta\u00e7a de Portugal Loul\u00e9 2015 Final Four da Ta\u00e7a de Portugal Multicare Seniores Femininos &#8211; Meias-finais &#8211; s\u00e1bado, 28.03.15 12h00 &#8211; vencedor Col\u00e9gio Jo\u00e3o de Barros\/Madeira Sad : Maiastars &#8211; Andebol|TV 14h30 &#8211; vencedor Jac-Alcanena\/Alavarium Love Tiles : vencedor Passos Manuel\/Santa Joana &#8211; Final Four da Ta\u00e7a de Portugal Fidelidade Seniores [&hellip;]<\/p>\n","protected":false},"author":1,"featured_media":0,"parent":0,"menu_order":0,"comment_status":"open","ping_status":"open","template":"","meta":{"footnotes":""},"class_list":["post-1294","page","type-page","status-publish","hentry"],"yoast_head":"<!-- This site is optimized with the Yoast SEO plugin v26.2 - https:\/\/yoast.com\/wordpress\/plugins\/seo\/ -->\n<title>Cidade Europeia do Desporto Loul\u00e9<\/title>\n<meta name=\"description\" content=\"Desporto, Cidade Europeia, Eventos Desportivos, Algarve, Portugal, Europa, Loul\u00e9, Conhecimento, Bem Estar, Sa\u00fade, Atividade F\u00edsica, Voluntario,\" \/>\n<meta name=\"robots\" content=\"index, follow, max-snippet:-1, max-image-preview:large, max-video-preview:-1\" \/>\n<link rel=\"canonical\" href=\"http:\/\/loule2015.com\/?page_id=1294\" \/>\n<meta property=\"og:locale\" content=\"en_US\" \/>\n<meta property=\"og:type\" content=\"article\" \/>\n<meta property=\"og:title\" content=\"Cidade Europeia do Desporto Loul\u00e9\" \/>\n<meta property=\"og:description\" content=\"Desporto, Cidade Europeia, Eventos Desportivos, Algarve, Portugal, Europa, Loul\u00e9, Conhecimento, Bem Estar, Sa\u00fade, Atividade F\u00edsica, Voluntario,\" \/>\n<meta property=\"og:url\" content=\"http:\/\/loule2015.com\/?page_id=1294\" \/>\n<meta property=\"og:site_name\" content=\"Loul\u00e9 2015\" \/>\n<meta property=\"article:publisher\" content=\"https:\/\/www.facebook.com\/louleced2015?ref=hl\" \/>\n<meta property=\"article:modified_time\" content=\"2020-09-09T11:06:33+00:00\" \/>\n<meta property=\"og:image\" content=\"http:\/\/loule2015.com\/wp-content\/uploads\/2015\/03\/DSC_6276-480x321.jpg\" \/>\n<meta name=\"twitter:card\" content=\"summary_large_image\" \/>\n<meta name=\"twitter:label1\" content=\"Est. reading time\" \/>\n\t<meta name=\"twitter:data1\" content=\"1 minute\" \/>\n<script type=\"application\/ld+json\" class=\"yoast-schema-graph\">{\"@context\":\"https:\/\/schema.org\",\"@graph\":[{\"@type\":\"WebPage\",\"@id\":\"http:\/\/loule2015.com\/?page_id=1294\",\"url\":\"http:\/\/loule2015.com\/?page_id=1294\",\"name\":\"Cidade Europeia do Desporto Loul\u00e9\",\"isPartOf\":{\"@id\":\"http:\/\/loule2015.com\/#website\"},\"datePublished\":\"2015-03-23T17:11:09+00:00\",\"dateModified\":\"2020-09-09T11:06:33+00:00\",\"description\":\"Desporto, Cidade Europeia, Eventos Desportivos, Algarve, Portugal, Europa, Loul\u00e9, Conhecimento, Bem Estar, Sa\u00fade, Atividade F\u00edsica, Voluntario,\",\"breadcrumb\":{\"@id\":\"http:\/\/loule2015.com\/?page_id=1294#breadcrumb\"},\"inLanguage\":\"en-US\",\"potentialAction\":[{\"@type\":\"ReadAction\",\"target\":[\"http:\/\/loule2015.com\/?page_id=1294\"]}]},{\"@type\":\"BreadcrumbList\",\"@id\":\"http:\/\/loule2015.com\/?page_id=1294#breadcrumb\",\"itemListElement\":[{\"@type\":\"ListItem\",\"position\":1,\"name\":\"Home\",\"item\":\"http:\/\/loule2015.com\/\"},{\"@type\":\"ListItem\",\"position\":2,\"name\":\"Final Four\"}]},{\"@type\":\"WebSite\",\"@id\":\"http:\/\/loule2015.com\/#website\",\"url\":\"http:\/\/loule2015.com\/\",\"name\":\"Loul\u00e9 2015\",\"description\":\"Cidade Europeia do Desporto\",\"potentialAction\":[{\"@type\":\"SearchAction\",\"target\":{\"@type\":\"EntryPoint\",\"urlTemplate\":\"http:\/\/loule2015.com\/?s={search_term_string}\"},\"query-input\":{\"@type\":\"PropertyValueSpecification\",\"valueRequired\":true,\"valueName\":\"search_term_string\"}}],\"inLanguage\":\"en-US\"}]}<\/script>\n<!-- \/ Yoast SEO plugin. -->","yoast_head_json":{"title":"Cidade Europeia do Desporto Loul\u00e9","description":"Desporto, Cidade Europeia, Eventos Desportivos, Algarve, Portugal, Europa, Loul\u00e9, Conhecimento, Bem Estar, Sa\u00fade, Atividade F\u00edsica, Voluntario,","robots":{"index":"index","follow":"follow","max-snippet":"max-snippet:-1","max-image-preview":"max-image-preview:large","max-video-preview":"max-video-preview:-1"},"canonical":"http:\/\/loule2015.com\/?page_id=1294","og_locale":"en_US","og_type":"article","og_title":"Cidade Europeia do Desporto Loul\u00e9","og_description":"Desporto, Cidade Europeia, Eventos Desportivos, Algarve, Portugal, Europa, Loul\u00e9, Conhecimento, Bem Estar, Sa\u00fade, Atividade F\u00edsica, Voluntario,","og_url":"http:\/\/loule2015.com\/?page_id=1294","og_site_name":"Loul\u00e9 2015","article_publisher":"https:\/\/www.facebook.com\/louleced2015?ref=hl","article_modified_time":"2020-09-09T11:06:33+00:00","og_image":[{"url":"http:\/\/loule2015.com\/wp-content\/uploads\/2015\/03\/DSC_6276-480x321.jpg","type":"","width":"","height":""}],"twitter_card":"summary_large_image","twitter_misc":{"Est. reading time":"1 minute"},"schema":{"@context":"https:\/\/schema.org","@graph":[{"@type":"WebPage","@id":"http:\/\/loule2015.com\/?page_id=1294","url":"http:\/\/loule2015.com\/?page_id=1294","name":"Cidade Europeia do Desporto Loul\u00e9","isPartOf":{"@id":"http:\/\/loule2015.com\/#website"},"datePublished":"2015-03-23T17:11:09+00:00","dateModified":"2020-09-09T11:06:33+00:00","description":"Desporto, Cidade Europeia, Eventos Desportivos, Algarve, Portugal, Europa, Loul\u00e9, Conhecimento, Bem Estar, Sa\u00fade, Atividade F\u00edsica, Voluntario,","breadcrumb":{"@id":"http:\/\/loule2015.com\/?page_id=1294#breadcrumb"},"inLanguage":"en-US","potentialAction":[{"@type":"ReadAction","target":["http:\/\/loule2015.com\/?page_id=1294"]}]},{"@type":"BreadcrumbList","@id":"http:\/\/loule2015.com\/?page_id=1294#breadcrumb","itemListElement":[{"@type":"ListItem","position":1,"name":"Home","item":"http:\/\/loule2015.com\/"},{"@type":"ListItem","position":2,"name":"Final Four"}]},{"@type":"WebSite","@id":"http:\/\/loule2015.com\/#website","url":"http:\/\/loule2015.com\/","name":"Loul\u00e9 2015","description":"Cidade Europeia do Desporto","potentialAction":[{"@type":"SearchAction","target":{"@type":"EntryPoint","urlTemplate":"http:\/\/loule2015.com\/?s={search_term_string}"},"query-input":{"@type":"PropertyValueSpecification","valueRequired":true,"valueName":"search_term_string"}}],"inLanguage":"en-US"}]}},"_links":{"self":[{"href":"http:\/\/loule2015.com\/index.php?rest_route=\/wp\/v2\/pages\/1294","targetHints":{"allow":["GET"]}}],"collection":[{"href":"http:\/\/loule2015.com\/index.php?rest_route=\/wp\/v2\/pages"}],"about":[{"href":"http:\/\/loule2015.com\/index.php?rest_route=\/wp\/v2\/types\/page"}],"author":[{"embeddable":true,"href":"http:\/\/loule2015.com\/index.php?rest_route=\/wp\/v2\/users\/1"}],"replies":[{"embeddable":true,"href":"http:\/\/loule2015.com\/index.php?rest_route=%2Fwp%2Fv2%2Fcomments&post=1294"}],"version-history":[{"count":15,"href":"http:\/\/loule2015.com\/index.php?rest_route=\/wp\/v2\/pages\/1294\/revisions"}],"predecessor-version":[{"id":3323,"href":"http:\/\/loule2015.com\/index.php?rest_route=\/wp\/v2\/pages\/1294\/revisions\/3323"}],"wp:attachment":[{"href":"http:\/\/loule2015.com\/index.php?rest_route=%2Fwp%2Fv2%2Fmedia&parent=1294"}],"curies":[{"name":"wp","href":"https:\/\/api.w.org\/{rel}","templated":true}]}}